{"id":1012,"date":"2024-04-03T08:30:03","date_gmt":"2024-04-03T05:30:03","guid":{"rendered":"https:\/\/concurs.festivalenescu.ro\/?page_id=1012"},"modified":"2024-04-03T09:48:43","modified_gmt":"2024-04-03T06:48:43","slug":"gerard-mcburney","status":"publish","type":"page","link":"https:\/\/2024.festivalenescu.ro\/ro\/juriile\/juriu-compozitie\/gerard-mcburney\/","title":{"rendered":"Gerard McBurney"},"content":{"rendered":"<section class=\"l-section wpb_row height_medium\"><div class=\"l-section-h i-cf\"><div class=\"g-cols vc_row via_flex valign_top type_default stacking_default\"><div class=\"vc_col-sm-6 wpb_column vc_column_container\"><div class=\"vc_column-inner\"><div class=\"wpb_wrapper\"><div class=\"wpb_text_column\"><div class=\"wpb_wrapper\"><p>Gerard McBurney este compozitor \u0219i orchestrator, scriitor, lector, prezentator \u0219i realizator de emisiuni, cunoscut \u00een special pentru complet\u0103rile \u0219i reconstituirile unor lucr\u0103ri pierdute \u0219i uitate ale lui \u0218ostakovici.<br \/>\nDup\u0103 studiile postuniversitare absolvite la Conservatorul din Moscova \u00een anii \u201980, \u0219i-a desf\u0103\u0219urat activitatea la Londra, unde a predat la Academia Regal\u0103 de Muzic\u0103, a realizat programe de radio \u0219i televiziune \u0219i a lucrat cu orchestre simfonice \u0219i de teatru.<br \/>\n\u00cen 2006 s-a mutat \u00een SUA, unde a activat ca director de crea\u021bie al programului <em>Beyond the Score<\/em> al Orchestrei Simfonice din Chicago, fiind un pionier \u00een dezvoltarea unor noi abord\u0103ri \u00een ceea ce prive\u0219te formarea publicului. A colaborat cu numeroase orchestre americane de prim rang \u0219i \u00een prezent este consultant de crea\u021bie la Orchestra Simfonic\u0103 din San Diego.<br \/>\nColaboreaz\u0103 frecvent cu fratele s\u0103u, actorul, scriitorul \u0219i regizorul Simon McBurney, cel mai recent proiect fiind o nou\u0103 produc\u021bie a operei <em>Wozzeck<\/em> de Berg la Festivalul de la Aix-en-Provence, cu Orchestra Simfonic\u0103 din Londra \u0219i Sir Simon Rattle. Urm\u0103torul proiect comun const\u0103 \u00eentr-o nou\u0103 versiune a operei <em>Khovanshchina<\/em> de Mussorgski, cu Esa-Pekka Salonen, \u00een cadrul Festivalului de Pa\u0219ti de la Salzburg din 2025.<br \/>\nCrea\u021bia sa cuprinde muzic\u0103 simfonic\u0103, vocal\u0103 \u0219i de camer\u0103, dar \u0219i mai multe opere de camer\u0103 \u0219i un balet orchestral bazat pe nuvela lui Dostoievski, <em>Nop\u021bi albe<\/em>. Printre compozi\u021biile recente se num\u0103r\u0103 un ciclu pentru violoncel solo dedicat violoncelistei americane Alisa Weilerstein, ca parte a seriei <em>Fragments<\/em>, \u0219i o pies\u0103 orchestral\u0103 de mari dimensiuni, inspirat\u0103 de peisajele dragi din Highlands (Sco\u021bia) \u0219i de muzica veche a cimpoiului sco\u021bian, scris\u0103 \u00een memoria a doi prieteni apropia\u021bi, ambii compozitori, pe care i-a pierdut \u00een recenta pandemie.<\/p>\n<\/div><\/div><\/div><\/div><\/div><div class=\"vc_col-sm-6 wpb_column vc_column_container\"><div class=\"vc_column-inner\"><div class=\"wpb_wrapper\"><div class=\"w-ibanner animation_phorcys ratio_1x1 easing_easeInOutCirc\"><div class=\"w-ibanner-h\"><div class=\"w-ibanner-image\" style=\"background-image: url(https:\/\/2024.festivalenescu.ro\/wp-content\/uploads\/2024\/03\/GERARD-McBURNEY-scaled.jpeg)\"><\/div><div class=\"w-ibanner-content\"><div class=\"w-ibanner-content-h\"><h2 class=\"w-ibanner-title\"><\/h2><div class=\"w-ibanner-desc\"><\/div><\/div><\/div><\/div><\/div><\/div><\/div><\/div><\/div><\/div><\/section><section class=\"l-section wpb_row height_medium\"><div class=\"l-section-h i-cf\"><div class=\"g-cols vc_row via_flex valign_top type_default stacking_default\"><div class=\"vc_col-sm-12 wpb_column vc_column_container\"><div class=\"vc_column-inner\"><div class=\"wpb_wrapper\"><div class=\"wpb_text_column\"><div class=\"wpb_wrapper\"><p>Share:<\/p>\n<\/div><\/div><div class=\"w-sharing type_simple align_none color_default\"><div class=\"w-sharing-list\"><a class=\"w-sharing-item email\" href=\"mailto:?subject=Gerard McBurney&amp;body=https:\/\/2024.festivalenescu.ro\/ro\/wp-json\/wp\/v2\/pages\/1012\" title=\"Email this\" aria-label=\"Email this\"><i class=\"fas fa-envelope\"><\/i><\/a><a class=\"w-sharing-item facebook\" href=\"https:\/\/www.facebook.com\/sharer\/sharer.php?u=https:\/\/2024.festivalenescu.ro\/ro\/wp-json\/wp\/v2\/pages\/1012&amp;quote=Gerard McBurney\" title=\"Share this\" aria-label=\"Share this\" onclick=\"window.open(this.href, &quot;facebook&quot;, &quot;toolbar=0,width=900,height=500&quot;); return false;\"><i class=\"fab fa-facebook\"><\/i><\/a><a class=\"w-sharing-item twitter\" href=\"https:\/\/twitter.com\/intent\/tweet?text=Gerard McBurney&amp;url=https:\/\/2024.festivalenescu.ro\/ro\/wp-json\/wp\/v2\/pages\/1012\" title=\"Tweet this\" aria-label=\"Tweet this\" onclick=\"window.open(this.href, &quot;twitter&quot;, &quot;toolbar=0,width=650,height=360&quot;); return false;\"><i class=\"fab fa-x-twitter\"><svg style=\"width:1em; margin-bottom:-.1em;\" xmlns=\"http:\/\/www.w3.org\/2000\/svg\" viewBox=\"0 0 512 512\"><path fill=\"currentColor\" d=\"M389.2 48h70.6L305.6 224.2 487 464H345L233.7 318.6 106.5 464H35.8L200.7 275.5 26.8 48H172.4L272.9 180.9 389.2 48zM364.4 421.8h39.1L151.1 88h-42L364.4 421.8z\"\/><\/svg><\/i><\/a><a class=\"w-sharing-item linkedin\" href=\"https:\/\/www.linkedin.com\/shareArticle?mini=true&amp;url=https:\/\/2024.festivalenescu.ro\/ro\/wp-json\/wp\/v2\/pages\/1012\" title=\"Share this\" aria-label=\"Share this\" onclick=\"window.open(this.href, &quot;linkedin&quot;, &quot;toolbar=no,width=550,height=550&quot;); return false;\"><i class=\"fab fa-linkedin\"><\/i><\/a><a class=\"w-sharing-item whatsapp\" href=\"https:\/\/web.whatsapp.com\/send?text=Gerard McBurney https:\/\/2024.festivalenescu.ro\/ro\/wp-json\/wp\/v2\/pages\/1012\" title=\"Share this\" aria-label=\"Share this\" onclick=\"window.open(this.href, &quot;whatsapp&quot;, &quot;toolbar=0,width=900,height=500&quot;); return false;\"><i class=\"fab fa-whatsapp\"><\/i><\/a><a class=\"w-sharing-item reddit\" href=\"https:\/\/www.reddit.com\/submit?url=https:\/\/2024.festivalenescu.ro\/ro\/wp-json\/wp\/v2\/pages\/1012&amp;title=Gerard McBurney\" title=\"Share this\" aria-label=\"Share this\" onclick=\"window.open(this.href, &quot;reddit&quot;, &quot;toolbar=no,width=900,height=500&quot;); return false;\"><i class=\"fab fa-reddit\"><\/i><\/a><a class=\"w-sharing-item telegram\" href=\"https:\/\/t.me\/share\/url?url=https:\/\/2024.festivalenescu.ro\/ro\/wp-json\/wp\/v2\/pages\/1012&amp;text=Gerard McBurney\" title=\"Share this\" aria-label=\"Share this\" onclick=\"window.open(this.href, &quot;telegram&quot;, &quot;toolbar=no,width=600,height=450&quot;); return false;\"><i class=\"fab fa-telegram\"><\/i><\/a><\/div><\/div><div class=\"w-post-elm post_navigation layout_sided inv_false\"><a class=\"post_navigation-item order_first to_prev\" href=\"https:\/\/2024.festivalenescu.ro\/ro\/juriile\/juriu-vioara\/boris-garlitsky\/\" title=\"Boris Garlitsky\"><div class=\"post_navigation-item-img\"><img decoding=\"async\" src=\"https:\/\/2024.festivalenescu.ro\/wp-content\/uploads\/2024\/03\/BG-Photo2jpg-620x900.jpg\" loading=\"lazy\" alt=\"\" width=\"150\" height=\"150\"><\/div><div class=\"post_navigation-item-arrow\"><\/div><div class=\"post_navigation-item-title\"><span>Boris Garlitsky<\/span><\/div><\/a><a class=\"post_navigation-item order_second to_next\" href=\"https:\/\/2024.festivalenescu.ro\/ro\/juriile\/juriu-violoncel\/valentin-radutiu\/\" title=\"Valentin R\u0103du\u021biu\"><div class=\"post_navigation-item-img\"><img decoding=\"async\" src=\"https:\/\/2024.festivalenescu.ro\/wp-content\/uploads\/2024\/03\/DSC4948-900x600.jpeg\" loading=\"lazy\" alt=\"\" width=\"150\" height=\"150\"><\/div><div class=\"post_navigation-item-arrow\"><\/div><div class=\"post_navigation-item-title\"><span>Valentin R\u0103du\u021biu<\/span><\/div><\/a><\/div><\/div><\/div><\/div><\/div><\/div><\/section>\n","protected":false},"excerpt":{"rendered":"Gerard McBurney este compozitor \u0219i orchestrator, scriitor, lector, prezentator \u0219i realizator de emisiuni, cunoscut \u00een special pentru complet\u0103rile \u0219i reconstituirile unor lucr\u0103ri pierdute \u0219i uitate ale lui \u0218ostakovici. Dup\u0103 studiile postuniversitare absolvite la Conservatorul din Moscova \u00een anii \u201980, \u0219i-a desf\u0103\u0219urat activitatea la Londra, unde a predat la Academia Regal\u0103 de Muzic\u0103, a realizat programe...","protected":false},"author":4,"featured_media":1007,"parent":2253,"menu_order":0,"comment_status":"closed","ping_status":"closed","template":"","meta":{"footnotes":""},"class_list":["post-1012","page","type-page","status-publish","has-post-thumbnail","hentry"],"_links":{"self":[{"href":"https:\/\/2024.festivalenescu.ro\/ro\/wp-json\/wp\/v2\/pages\/1012","targetHints":{"allow":["GET"]}}],"collection":[{"href":"https:\/\/2024.festivalenescu.ro\/ro\/wp-json\/wp\/v2\/pages"}],"about":[{"href":"https:\/\/2024.festivalenescu.ro\/ro\/wp-json\/wp\/v2\/types\/page"}],"author":[{"embeddable":true,"href":"https:\/\/2024.festivalenescu.ro\/ro\/wp-json\/wp\/v2\/users\/4"}],"replies":[{"embeddable":true,"href":"https:\/\/2024.festivalenescu.ro\/ro\/wp-json\/wp\/v2\/comments?post=1012"}],"version-history":[{"count":1,"href":"https:\/\/2024.festivalenescu.ro\/ro\/wp-json\/wp\/v2\/pages\/1012\/revisions"}],"predecessor-version":[{"id":1013,"href":"https:\/\/2024.festivalenescu.ro\/ro\/wp-json\/wp\/v2\/pages\/1012\/revisions\/1013"}],"up":[{"embeddable":true,"href":"https:\/\/2024.festivalenescu.ro\/ro\/wp-json\/wp\/v2\/pages\/2253"}],"wp:featuredmedia":[{"embeddable":true,"href":"https:\/\/2024.festivalenescu.ro\/ro\/wp-json\/wp\/v2\/media\/1007"}],"wp:attachment":[{"href":"https:\/\/2024.festivalenescu.ro\/ro\/wp-json\/wp\/v2\/media?parent=1012"}],"curies":[{"name":"wp","href":"https:\/\/api.w.org\/{rel}","templated":true}]}}