{"id":1019,"date":"2024-04-03T08:30:15","date_gmt":"2024-04-03T05:30:15","guid":{"rendered":"https:\/\/concurs.festivalenescu.ro\/?page_id=1019"},"modified":"2024-04-03T09:48:48","modified_gmt":"2024-04-03T06:48:48","slug":"jennifer-higdon","status":"publish","type":"page","link":"https:\/\/2024.festivalenescu.ro\/ro\/juriile\/juriu-compozitie\/jennifer-higdon\/","title":{"rendered":"Jennifer Higdon"},"content":{"rendered":"<section class=\"l-section wpb_row height_medium\"><div class=\"l-section-h i-cf\"><div class=\"g-cols vc_row via_flex valign_top type_default stacking_default\"><div class=\"vc_col-sm-6 wpb_column vc_column_container\"><div class=\"vc_column-inner\"><div class=\"wpb_wrapper\"><div class=\"wpb_text_column\"><div class=\"wpb_wrapper\"><p>Jennifer Higdon prime\u0219te constant comenzi \u0219i \u00eenregistreaz\u0103, pe an, aproximativ 250 de interpret\u0103ri ale lucr\u0103rilor sale. C\u00e2\u0219tig\u0103toare a Premiului Pulitzer \u0219i de trei ori c\u00e2\u0219tig\u0103toare a Premiului Grammy, Higdon abordeaz\u0103 diverse genuri ale muzicii clasice: de la oper\u0103 la muzic\u0103 de camer\u0103, de la muzic\u0103 simfonic\u0103 la band, de la lucr\u0103ri solistice la concerte (18).<br \/>\nMuzica ei a fost apreciat\u0103 de <em>Fanfare Magazine<\/em> pentru \u201edistinc\u021bia de a fi \u00een acela\u0219i timp complex\u0103, sofisticat\u0103, dar accesibil\u0103 din punct de vedere emo\u021bional\u201d, iar <em>The Times<\/em> din Londra a descris-o ca fiind \u201ecu r\u0103d\u0103cini tradi\u021bionale, dar p\u0103truns\u0103 de integritate \u0219i prospe\u021bime\u201d. <em>Chicago Sun Times<\/em> a apreciat muzica ei \u201edeopotriv\u0103 modern\u0103 \u0219i atemporal\u0103, complex\u0103 \u0219i sofisticat\u0103 dar \u0219i extrem de atr\u0103g\u0103toare, \u00eentr-un mod care farmec\u0103 \u0219i stimuleaz\u0103 un public care t\u00e2nje\u0219te dup\u0103 ceva nou \u0219i care, de\u0219i gr\u0103bit, nu se distan\u021beaz\u0103\u201d, iar John von Rhein, de la <em>Chicago Tribune<\/em>, i-a descris stilul drept \u201efrumos, accesibil, inventiv \u0219i impecabil conceput\u201d.<br \/>\nPrintre numeroasele ansambluri care i-au solicitat lucr\u0103ri lui Higdon se num\u0103r\u0103 Orchestra din Philadelphia, Orchestra Simfonic\u0103 din Chicago, Orchestra din Cleveland, Filarmonica din M\u00fcnchen, dar \u0219i forma\u021bii camerale precum Tokyo String Quartet, Eighth Blackbird \u0219i President\u2019s Own United States Marine Band. De asemenea, a compus pentru arti\u0219ti renumi\u021bi precum mandolinistul Avi Avital, baritonul Thomas Hampson \u0219i mezzosoprana Sasha Cooke, piani\u0219tii Yuja Wang \u0219i Gary Graffman, dar \u0219i violoni\u0219tii Joshua Bell \u0219i Hilary Hahn.<br \/>\nPiesa sa, <em>Blue Cathedral<\/em>, a fost interpretat\u0103 \u00een \u00eentreaga lume \u0219i a avut peste 800 de reprezenta\u021bii. Piesa <em>Secret &amp; Glass Gardens<\/em> a fost o lucrare impus\u0103 pentru semifinali\u0219tii concursului de pian Van Cliburn din 2005. Prima ei oper\u0103, <em>Cold Mountain<\/em>, a fost prezentat\u0103 cu casa \u00eenchis\u0103 la toate cele patru mont\u0103ri \u0219i a c\u00e2\u0219tigat, \u00een 2016, prestigiosul premiu International Opera Award pentru cea mai bun\u0103 premier\u0103 mondial\u0103. Cea de-a doua oper\u0103 a sa, <em>Woman With Eyes Closed<\/em>, va fi pus\u0103 \u00een scen\u0103 \u00een premier\u0103 de Opera din Pittsburgh, \u00een mai 2025.<br \/>\nLucr\u0103rile lui Higdon au fost \u00eenregistrate pe mai mult de 90 de CD-uri.<\/p>\n<\/div><\/div><\/div><\/div><\/div><div class=\"vc_col-sm-6 wpb_column vc_column_container\"><div class=\"vc_column-inner\"><div class=\"wpb_wrapper\"><div class=\"w-ibanner animation_phorcys ratio_1x1 easing_easeInOutCirc\"><div class=\"w-ibanner-h\"><div class=\"w-ibanner-image\" style=\"background-image: url(https:\/\/2024.festivalenescu.ro\/wp-content\/uploads\/2024\/03\/Jennifer-Higdon-A.Bogard.credit-scaled.jpg)\"><\/div><div class=\"w-ibanner-content\"><div class=\"w-ibanner-content-h\"><h2 class=\"w-ibanner-title\"><\/h2><div class=\"w-ibanner-desc\"><p>\u00a9 A. Bogard<\/p>\n<\/div><\/div><\/div><\/div><\/div><\/div><\/div><\/div><\/div><\/div><\/section><section class=\"l-section wpb_row height_medium\"><div class=\"l-section-h i-cf\"><div class=\"g-cols vc_row via_flex valign_top type_default stacking_default\"><div class=\"vc_col-sm-12 wpb_column vc_column_container\"><div class=\"vc_column-inner\"><div class=\"wpb_wrapper\"><div class=\"wpb_text_column\"><div class=\"wpb_wrapper\"><p>Share:<\/p>\n<\/div><\/div><div class=\"w-sharing type_simple align_none color_default\"><div class=\"w-sharing-list\"><a class=\"w-sharing-item email\" href=\"mailto:?subject=Jennifer Higdon&amp;body=https:\/\/2024.festivalenescu.ro\/ro\/wp-json\/wp\/v2\/pages\/1019\" title=\"Email this\" aria-label=\"Email this\"><i class=\"fas fa-envelope\"><\/i><\/a><a class=\"w-sharing-item facebook\" href=\"https:\/\/www.facebook.com\/sharer\/sharer.php?u=https:\/\/2024.festivalenescu.ro\/ro\/wp-json\/wp\/v2\/pages\/1019&amp;quote=Jennifer Higdon\" title=\"Share this\" aria-label=\"Share this\" onclick=\"window.open(this.href, &quot;facebook&quot;, &quot;toolbar=0,width=900,height=500&quot;); return false;\"><i class=\"fab fa-facebook\"><\/i><\/a><a class=\"w-sharing-item twitter\" href=\"https:\/\/twitter.com\/intent\/tweet?text=Jennifer Higdon&amp;url=https:\/\/2024.festivalenescu.ro\/ro\/wp-json\/wp\/v2\/pages\/1019\" title=\"Tweet this\" aria-label=\"Tweet this\" onclick=\"window.open(this.href, &quot;twitter&quot;, &quot;toolbar=0,width=650,height=360&quot;); return false;\"><i class=\"fab fa-x-twitter\"><svg style=\"width:1em; margin-bottom:-.1em;\" xmlns=\"http:\/\/www.w3.org\/2000\/svg\" viewBox=\"0 0 512 512\"><path fill=\"currentColor\" d=\"M389.2 48h70.6L305.6 224.2 487 464H345L233.7 318.6 106.5 464H35.8L200.7 275.5 26.8 48H172.4L272.9 180.9 389.2 48zM364.4 421.8h39.1L151.1 88h-42L364.4 421.8z\"\/><\/svg><\/i><\/a><a class=\"w-sharing-item linkedin\" href=\"https:\/\/www.linkedin.com\/shareArticle?mini=true&amp;url=https:\/\/2024.festivalenescu.ro\/ro\/wp-json\/wp\/v2\/pages\/1019\" title=\"Share this\" aria-label=\"Share this\" onclick=\"window.open(this.href, &quot;linkedin&quot;, &quot;toolbar=no,width=550,height=550&quot;); return false;\"><i class=\"fab fa-linkedin\"><\/i><\/a><a class=\"w-sharing-item whatsapp\" href=\"https:\/\/web.whatsapp.com\/send?text=Jennifer Higdon https:\/\/2024.festivalenescu.ro\/ro\/wp-json\/wp\/v2\/pages\/1019\" title=\"Share this\" aria-label=\"Share this\" onclick=\"window.open(this.href, &quot;whatsapp&quot;, &quot;toolbar=0,width=900,height=500&quot;); return false;\"><i class=\"fab fa-whatsapp\"><\/i><\/a><a class=\"w-sharing-item reddit\" href=\"https:\/\/www.reddit.com\/submit?url=https:\/\/2024.festivalenescu.ro\/ro\/wp-json\/wp\/v2\/pages\/1019&amp;title=Jennifer Higdon\" title=\"Share this\" aria-label=\"Share this\" onclick=\"window.open(this.href, &quot;reddit&quot;, &quot;toolbar=no,width=900,height=500&quot;); return false;\"><i class=\"fab fa-reddit\"><\/i><\/a><a class=\"w-sharing-item telegram\" href=\"https:\/\/t.me\/share\/url?url=https:\/\/2024.festivalenescu.ro\/ro\/wp-json\/wp\/v2\/pages\/1019&amp;text=Jennifer Higdon\" title=\"Share this\" aria-label=\"Share this\" onclick=\"window.open(this.href, &quot;telegram&quot;, &quot;toolbar=no,width=600,height=450&quot;); return false;\"><i class=\"fab fa-telegram\"><\/i><\/a><\/div><\/div><div class=\"w-post-elm post_navigation layout_sided inv_false\"><a class=\"post_navigation-item order_first to_prev\" href=\"https:\/\/2024.festivalenescu.ro\/ro\/juriile\/juriu-vioara\/doug-sheldon\/\" title=\"Doug Sheldon\"><div class=\"post_navigation-item-img\"><img decoding=\"async\" src=\"https:\/\/2024.festivalenescu.ro\/wp-content\/uploads\/2024\/03\/IMG_1305-808x900.jpg\" loading=\"lazy\" alt=\"\" width=\"150\" height=\"150\"><\/div><div class=\"post_navigation-item-arrow\"><\/div><div class=\"post_navigation-item-title\"><span>Doug Sheldon<\/span><\/div><\/a><a class=\"post_navigation-item order_second to_next\" href=\"https:\/\/2024.festivalenescu.ro\/ro\/juriile\/juriu-compozitie\/adrian-iorgulescu\/\" title=\"Adrian Iorgulescu\"><div class=\"post_navigation-item-img\"><img decoding=\"async\" src=\"https:\/\/2024.festivalenescu.ro\/wp-content\/uploads\/2024\/03\/adrian-iorgulescu-foto-1.jpg\" loading=\"lazy\" alt=\"\" width=\"150\" height=\"150\"><\/div><div class=\"post_navigation-item-arrow\"><\/div><div class=\"post_navigation-item-title\"><span>Adrian Iorgulescu<\/span><\/div><\/a><\/div><\/div><\/div><\/div><\/div><\/div><\/section>\n","protected":false},"excerpt":{"rendered":"Jennifer Higdon prime\u0219te constant comenzi \u0219i \u00eenregistreaz\u0103, pe an, aproximativ 250 de interpret\u0103ri ale lucr\u0103rilor sale. C\u00e2\u0219tig\u0103toare a Premiului Pulitzer \u0219i de trei ori c\u00e2\u0219tig\u0103toare a Premiului Grammy, Higdon abordeaz\u0103 diverse genuri ale muzicii clasice: de la oper\u0103 la muzic\u0103 de camer\u0103, de la muzic\u0103 simfonic\u0103 la band, de la lucr\u0103ri solistice la concerte (18)....","protected":false},"author":4,"featured_media":1016,"parent":2253,"menu_order":0,"comment_status":"closed","ping_status":"closed","template":"","meta":{"footnotes":""},"class_list":["post-1019","page","type-page","status-publish","has-post-thumbnail","hentry"],"_links":{"self":[{"href":"https:\/\/2024.festivalenescu.ro\/ro\/wp-json\/wp\/v2\/pages\/1019","targetHints":{"allow":["GET"]}}],"collection":[{"href":"https:\/\/2024.festivalenescu.ro\/ro\/wp-json\/wp\/v2\/pages"}],"about":[{"href":"https:\/\/2024.festivalenescu.ro\/ro\/wp-json\/wp\/v2\/types\/page"}],"author":[{"embeddable":true,"href":"https:\/\/2024.festivalenescu.ro\/ro\/wp-json\/wp\/v2\/users\/4"}],"replies":[{"embeddable":true,"href":"https:\/\/2024.festivalenescu.ro\/ro\/wp-json\/wp\/v2\/comments?post=1019"}],"version-history":[{"count":1,"href":"https:\/\/2024.festivalenescu.ro\/ro\/wp-json\/wp\/v2\/pages\/1019\/revisions"}],"predecessor-version":[{"id":1020,"href":"https:\/\/2024.festivalenescu.ro\/ro\/wp-json\/wp\/v2\/pages\/1019\/revisions\/1020"}],"up":[{"embeddable":true,"href":"https:\/\/2024.festivalenescu.ro\/ro\/wp-json\/wp\/v2\/pages\/2253"}],"wp:featuredmedia":[{"embeddable":true,"href":"https:\/\/2024.festivalenescu.ro\/ro\/wp-json\/wp\/v2\/media\/1016"}],"wp:attachment":[{"href":"https:\/\/2024.festivalenescu.ro\/ro\/wp-json\/wp\/v2\/media?parent=1019"}],"curies":[{"name":"wp","href":"https:\/\/api.w.org\/{rel}","templated":true}]}}