{"id":1027,"date":"2024-04-03T08:30:56","date_gmt":"2024-04-03T05:30:56","guid":{"rendered":"https:\/\/concurs.festivalenescu.ro\/?page_id=1027"},"modified":"2024-04-03T09:48:53","modified_gmt":"2024-04-03T06:48:53","slug":"magnus-lindberg","status":"publish","type":"page","link":"https:\/\/2024.festivalenescu.ro\/ro\/juriile\/juriu-compozitie\/magnus-lindberg\/","title":{"rendered":"Magnus Lindberg"},"content":{"rendered":"<section class=\"l-section wpb_row height_medium\"><div class=\"l-section-h i-cf\"><div class=\"g-cols vc_row via_flex valign_top type_default stacking_default\"><div class=\"vc_col-sm-6 wpb_column vc_column_container\"><div class=\"vc_column-inner\"><div class=\"wpb_wrapper\"><div class=\"wpb_text_column\"><div class=\"wpb_wrapper\"><p>Magnus Lindberg s-a n\u0103scut la Helsinki \u00een 1958. Dup\u0103 ce a studiat pianul, a intrat la Academia Sibelius, unde i-a avut ca profesori de compozi\u021bie pe Einojuhani Rautavaara \u0219i Paavo Heininen. Acesta din urm\u0103 i-a \u00eencurajat pe elevii s\u0103i s\u0103 priveasc\u0103 dincolo de estetica conservatoare \u0219i na\u021bionalist\u0103 finlandez\u0103 predominant\u0103 \u0219i s\u0103 exploreze lucr\u0103rile avangardei europene. Acest lucru a dus, prin anii \u201980, la formarea unei grup\u0103ri cunoscute sub numele de Ears Open Society, din care f\u0103ceau parte Lindberg \u0219i contemporanii s\u0103i, Eero H\u00e4meeniemi, Jouni Kaipainen, Kaija Saariaho \u0219i Esa-Pekka Salonen, care urm\u0103reau s\u0103 \u00eencurajeze con\u0219tientizarea curentului modernist.<br \/>\nDebutul s\u0103u \u00een compozi\u021bie a venit cu dou\u0103 lucr\u0103ri de anvergur\u0103, <em>Action-Situation-Signification<\/em> (1982) \u0219i <em>Kraft<\/em> (1983-1985), care au fost indisolubil legate de fondarea ansamblului experimental Toimii, al\u0103turi de Salonen. Lucr\u0103rile din aceast\u0103 perioad\u0103 au combinat experimentalismul, complexitatea \u0219i primitivismul, prin prelucrarea extremelor materialului muzical. La sf\u00e2r\u0219itul anilor \u201980, stilul s\u0103u a luat direc\u021bia unui nou clasicism modernist, \u00een care multe dintre elementele de comunicare ale unui limbaj muzical vibrant (armonie, ritm, contrapunct, melodie) au fost reinterpretate conform epocii post-seriale.<br \/>\nLindberg s-a situat \u00een fruntea genului orchestral, cu concertul de deschidere <em>Feria<\/em> (1997), lucr\u0103ri de anvergur\u0103 precum <em>Fresco<\/em> (1997), <em>Cantigas<\/em> (1999), Concertul pentru orchestr\u0103 (2002-2003) \u0219i <em>Sculpture<\/em> (2005), dar \u0219i Concertul pentru clarinet (2002), dou\u0103 concerte pentru vioar\u0103 (2006 \u0219i 2015) \u0219i dou\u0103 pentru violoncel (1999 \u0219i 2013).<br \/>\nMagnus Lindberg a fost compozitor \u00een reziden\u021b\u0103 al Filarmonicii din New York, \u00eentre 2009 \u0219i 2012, prilej cu care a realizat noi lucr\u0103ri precum <em>Al Largo<\/em> pentru orchestr\u0103 \u0219i Concertul nr. 2 pentru pian, interpretat \u00een prim\u0103 audi\u021bie de Yefim Bronfman. Printre lucr\u0103rile recente se num\u0103r\u0103 <em>Tempus fugit<\/em>, comandat\u0103 de Orchestra Simfonic\u0103 Radio din Finlanda pentru a s\u0103rb\u0103tori Centenarul Independen\u021bei Finlandei \u00een 2017, <em>Serenades<\/em> pentru Orchestra Simfonic\u0103 din Chicago \u0219i Concertul nr. 3 pentru pian, interpretat \u00een prim\u0103 audi\u021bie de Yuja Wang \u0219i Orchestra Simfonic\u0103 din San Francisco, sub bagheta lui Esa-Pekka Salonen, \u00een octombrie 2022.<\/p>\n<\/div><\/div><\/div><\/div><\/div><div class=\"vc_col-sm-6 wpb_column vc_column_container\"><div class=\"vc_column-inner\"><div class=\"wpb_wrapper\"><div class=\"w-ibanner animation_phorcys ratio_1x1 easing_easeInOutCirc\"><div class=\"w-ibanner-h\"><div class=\"w-ibanner-image\" style=\"background-image: url(https:\/\/2024.festivalenescu.ro\/wp-content\/uploads\/2024\/03\/Magnus-Lindberg-Philip-Gatward-01-scaled.jpg)\"><\/div><div class=\"w-ibanner-content\"><div class=\"w-ibanner-content-h\"><h2 class=\"w-ibanner-title\"><\/h2><div class=\"w-ibanner-desc\"><p>\u00a9 Philip Gatward<\/p>\n<\/div><\/div><\/div><\/div><\/div><\/div><\/div><\/div><\/div><\/div><\/section><section class=\"l-section wpb_row height_medium\"><div class=\"l-section-h i-cf\"><div class=\"g-cols vc_row via_flex valign_top type_default stacking_default\"><div class=\"vc_col-sm-12 wpb_column vc_column_container\"><div class=\"vc_column-inner\"><div class=\"wpb_wrapper\"><div class=\"wpb_text_column\"><div class=\"wpb_wrapper\"><p>Share:<\/p>\n<\/div><\/div><div class=\"w-sharing type_simple align_none color_default\"><div class=\"w-sharing-list\"><a class=\"w-sharing-item email\" href=\"mailto:?subject=Magnus Lindberg&amp;body=https:\/\/2024.festivalenescu.ro\/ro\/wp-json\/wp\/v2\/pages\/1027\" title=\"Email this\" aria-label=\"Email this\"><i class=\"fas fa-envelope\"><\/i><\/a><a class=\"w-sharing-item facebook\" href=\"https:\/\/www.facebook.com\/sharer\/sharer.php?u=https:\/\/2024.festivalenescu.ro\/ro\/wp-json\/wp\/v2\/pages\/1027&amp;quote=Magnus Lindberg\" title=\"Share this\" aria-label=\"Share this\" onclick=\"window.open(this.href, &quot;facebook&quot;, &quot;toolbar=0,width=900,height=500&quot;); return false;\"><i class=\"fab fa-facebook\"><\/i><\/a><a class=\"w-sharing-item twitter\" href=\"https:\/\/twitter.com\/intent\/tweet?text=Magnus Lindberg&amp;url=https:\/\/2024.festivalenescu.ro\/ro\/wp-json\/wp\/v2\/pages\/1027\" title=\"Tweet this\" aria-label=\"Tweet this\" onclick=\"window.open(this.href, &quot;twitter&quot;, &quot;toolbar=0,width=650,height=360&quot;); return false;\"><i class=\"fab fa-x-twitter\"><svg style=\"width:1em; margin-bottom:-.1em;\" xmlns=\"http:\/\/www.w3.org\/2000\/svg\" viewBox=\"0 0 512 512\"><path fill=\"currentColor\" d=\"M389.2 48h70.6L305.6 224.2 487 464H345L233.7 318.6 106.5 464H35.8L200.7 275.5 26.8 48H172.4L272.9 180.9 389.2 48zM364.4 421.8h39.1L151.1 88h-42L364.4 421.8z\"\/><\/svg><\/i><\/a><a class=\"w-sharing-item linkedin\" href=\"https:\/\/www.linkedin.com\/shareArticle?mini=true&amp;url=https:\/\/2024.festivalenescu.ro\/ro\/wp-json\/wp\/v2\/pages\/1027\" title=\"Share this\" aria-label=\"Share this\" onclick=\"window.open(this.href, &quot;linkedin&quot;, &quot;toolbar=no,width=550,height=550&quot;); return false;\"><i class=\"fab fa-linkedin\"><\/i><\/a><a class=\"w-sharing-item whatsapp\" href=\"https:\/\/web.whatsapp.com\/send?text=Magnus Lindberg https:\/\/2024.festivalenescu.ro\/ro\/wp-json\/wp\/v2\/pages\/1027\" title=\"Share this\" aria-label=\"Share this\" onclick=\"window.open(this.href, &quot;whatsapp&quot;, &quot;toolbar=0,width=900,height=500&quot;); return false;\"><i class=\"fab fa-whatsapp\"><\/i><\/a><a class=\"w-sharing-item reddit\" href=\"https:\/\/www.reddit.com\/submit?url=https:\/\/2024.festivalenescu.ro\/ro\/wp-json\/wp\/v2\/pages\/1027&amp;title=Magnus Lindberg\" title=\"Share this\" aria-label=\"Share this\" onclick=\"window.open(this.href, &quot;reddit&quot;, &quot;toolbar=no,width=900,height=500&quot;); return false;\"><i class=\"fab fa-reddit\"><\/i><\/a><a class=\"w-sharing-item telegram\" href=\"https:\/\/t.me\/share\/url?url=https:\/\/2024.festivalenescu.ro\/ro\/wp-json\/wp\/v2\/pages\/1027&amp;text=Magnus Lindberg\" title=\"Share this\" aria-label=\"Share this\" onclick=\"window.open(this.href, &quot;telegram&quot;, &quot;toolbar=no,width=600,height=450&quot;); return false;\"><i class=\"fab fa-telegram\"><\/i><\/a><\/div><\/div><div class=\"w-post-elm post_navigation layout_sided inv_false\"><a class=\"post_navigation-item order_first to_prev\" href=\"https:\/\/2024.festivalenescu.ro\/ro\/juriile\/juriu-vioara\/silvia-marcovici\/\" title=\"Silvia Marcovici\"><div class=\"post_navigation-item-img\"><img decoding=\"async\" src=\"https:\/\/2024.festivalenescu.ro\/wp-content\/uploads\/2024\/03\/Silvia-BnW-4-portrait-1-1-702x900.png\" loading=\"lazy\" alt=\"\" width=\"150\" height=\"150\"><\/div><div class=\"post_navigation-item-arrow\"><\/div><div class=\"post_navigation-item-title\"><span>Silvia Marcovici<\/span><\/div><\/a><a class=\"post_navigation-item order_second to_next\" href=\"https:\/\/2024.festivalenescu.ro\/ro\/juriile\/juriu-pian\/vovka-ashkenazy\/\" title=\"Vovka Ashkenazy\"><div class=\"post_navigation-item-img\"><img decoding=\"async\" src=\"https:\/\/2024.festivalenescu.ro\/wp-content\/uploads\/2024\/03\/IMG_1748-900x900.jpg\" loading=\"lazy\" alt=\"\" width=\"150\" height=\"150\"><\/div><div class=\"post_navigation-item-arrow\"><\/div><div class=\"post_navigation-item-title\"><span>Vovka Ashkenazy<\/span><\/div><\/a><\/div><\/div><\/div><\/div><\/div><\/div><\/section>\n","protected":false},"excerpt":{"rendered":"Magnus Lindberg s-a n\u0103scut la Helsinki \u00een 1958. Dup\u0103 ce a studiat pianul, a intrat la Academia Sibelius, unde i-a avut ca profesori de compozi\u021bie pe Einojuhani Rautavaara \u0219i Paavo Heininen. Acesta din urm\u0103 i-a \u00eencurajat pe elevii s\u0103i s\u0103 priveasc\u0103 dincolo de estetica conservatoare \u0219i na\u021bionalist\u0103 finlandez\u0103 predominant\u0103 \u0219i s\u0103 exploreze lucr\u0103rile avangardei europene....","protected":false},"author":4,"featured_media":1022,"parent":2253,"menu_order":0,"comment_status":"closed","ping_status":"closed","template":"","meta":{"footnotes":""},"class_list":["post-1027","page","type-page","status-publish","has-post-thumbnail","hentry"],"_links":{"self":[{"href":"https:\/\/2024.festivalenescu.ro\/ro\/wp-json\/wp\/v2\/pages\/1027","targetHints":{"allow":["GET"]}}],"collection":[{"href":"https:\/\/2024.festivalenescu.ro\/ro\/wp-json\/wp\/v2\/pages"}],"about":[{"href":"https:\/\/2024.festivalenescu.ro\/ro\/wp-json\/wp\/v2\/types\/page"}],"author":[{"embeddable":true,"href":"https:\/\/2024.festivalenescu.ro\/ro\/wp-json\/wp\/v2\/users\/4"}],"replies":[{"embeddable":true,"href":"https:\/\/2024.festivalenescu.ro\/ro\/wp-json\/wp\/v2\/comments?post=1027"}],"version-history":[{"count":1,"href":"https:\/\/2024.festivalenescu.ro\/ro\/wp-json\/wp\/v2\/pages\/1027\/revisions"}],"predecessor-version":[{"id":1028,"href":"https:\/\/2024.festivalenescu.ro\/ro\/wp-json\/wp\/v2\/pages\/1027\/revisions\/1028"}],"up":[{"embeddable":true,"href":"https:\/\/2024.festivalenescu.ro\/ro\/wp-json\/wp\/v2\/pages\/2253"}],"wp:featuredmedia":[{"embeddable":true,"href":"https:\/\/2024.festivalenescu.ro\/ro\/wp-json\/wp\/v2\/media\/1022"}],"wp:attachment":[{"href":"https:\/\/2024.festivalenescu.ro\/ro\/wp-json\/wp\/v2\/media?parent=1027"}],"curies":[{"name":"wp","href":"https:\/\/api.w.org\/{rel}","templated":true}]}}