{"id":1034,"date":"2024-04-03T08:30:10","date_gmt":"2024-04-03T05:30:10","guid":{"rendered":"https:\/\/concurs.festivalenescu.ro\/?page_id=1034"},"modified":"2024-04-03T10:13:10","modified_gmt":"2024-04-03T07:13:10","slug":"outi-tarkiainen","status":"publish","type":"page","link":"https:\/\/2024.festivalenescu.ro\/ro\/juriile\/juriu-compozitie\/outi-tarkiainen\/","title":{"rendered":"Outi Tarkiainen"},"content":{"rendered":"<section class=\"l-section wpb_row height_medium\"><div class=\"l-section-h i-cf\"><div class=\"g-cols vc_row via_flex valign_top type_default stacking_default\"><div class=\"vc_col-sm-6 wpb_column vc_column_container\"><div class=\"vc_column-inner\"><div class=\"wpb_wrapper\"><div class=\"wpb_text_column\"><div class=\"wpb_wrapper\"><p>Outi Tarkiainen s-a n\u0103scut \u00een Rovaniemi, \u00een Laponia finlandez\u0103, un loc care s-a dovedit a fi o surs\u0103 constant\u0103 de inspira\u021bie pentru compozitoare. Se simte de mult timp atras\u0103 de puterea expresiv\u0103 a vocii umane, de\u0219i a scris at\u00e2t lucr\u0103ri vocale, camerale \u0219i instrumentale (solo), c\u00e2t \u0219i lucr\u0103ri pentru orchestr\u0103 \u0219i solist. \u201eV\u0103d muzica precum o for\u021b\u0103 a naturii care poate inunda o persoan\u0103 \u0219i care poate schimba complet destine\u201d, spunea ea c\u00e2ndva.<br \/>\nA primit comenzi de la orchestre precum Filarmonica din Berlin, Orchestra Simfonic\u0103 din San Francisco, Orchestra Simfonic\u0103 BBC, Filarmonica BBC, Orchestra Simfonic\u0103 Sco\u021bian\u0103 BBC, Filarmonica Regal\u0103 din Stockholm, Orchestra Simfonic\u0103 din G\u00f6teborg \u0219i Orchestra Simfonic\u0103 a Radiodifuziunii Finlandeze, iar muzica ei a fost abordat\u0103, printre altele, \u0219i de orchestrele simfonice din Boston, Minnesota, St. Louis \u0219i Houston. \u00cenceputurile sale de colaborare cu orchestre de jazz au culminat cu <em>Into the Woodland Silence<\/em> (2013), lucrare care a combinat intui\u021bia mistic\u0103 natural\u0103 a compozitoarei cu structurile caracteristice ale tradi\u021biei orchestrelor de jazz. Printre lucr\u0103rile majore de atunci se num\u0103r\u0103 un ciclu de c\u00e2ntece orchestrale, pe texte ale unor poe\u021bi S\u00e1mi, <em>The Earth, Spring\u2019s Daughter<\/em> (2015), concertul pentru saxofon <em>Saivo<\/em> (2016, nominalizat la premiul acordat de Consiliul Nordic la categoria muzic\u0103) \u0219i lucrarea <em>Midnight Sun Variations<\/em>, care a avut premiera la BBC Proms \u00een 2019 (nominalizat\u0103 la premiul de compozi\u021bie muzical\u0103 al Funda\u021biei Prince Pierre de Monaco). Prima sa oper\u0103 de lung metraj, <em>A Room of One\u2019s Own<\/em> (2021), a fost comandat\u0103 \u0219i prezentat\u0103 \u00een premier\u0103 de Teatrul Hagen din Germania.<br \/>\nOuti Tarkiainen a studiat compozi\u021bia la Academia Sibelius din Helsinki, la Guildhall School din Londra \u0219i la Universitatea din Miami. A fost compozitoare \u00een reziden\u021b\u0103 la Festivalul de muzic\u0103 clasic\u0103 din Uzerche (Fran\u021ba) \u0219i a fost timp de patru ani co-director artistic al Festivalului Silence din Laponia.<br \/>\nBiografie realizat\u0103 \u00een limba englez\u0103 de Andrew Mellor<\/p>\n<\/div><\/div><\/div><\/div><\/div><div class=\"vc_col-sm-6 wpb_column vc_column_container\"><div class=\"vc_column-inner\"><div class=\"wpb_wrapper\"><div class=\"w-ibanner animation_phorcys ratio_1x1 easing_easeInOutCirc\"><div class=\"w-ibanner-h\"><div class=\"w-ibanner-image\" style=\"background-image: url(https:\/\/2024.festivalenescu.ro\/wp-content\/uploads\/2024\/03\/Outi-Tarkiainen-foto-credit-Sigel-Eschkol-scaled.jpg)\"><\/div><div class=\"w-ibanner-content\"><div class=\"w-ibanner-content-h\"><h2 class=\"w-ibanner-title\"><\/h2><div class=\"w-ibanner-desc\"><p>\u00a9 Sigel Eschkol<\/p>\n<\/div><\/div><\/div><\/div><\/div><\/div><\/div><\/div><\/div><\/div><\/section><section class=\"l-section wpb_row height_medium\"><div class=\"l-section-h i-cf\"><div class=\"g-cols vc_row via_flex valign_top type_default stacking_default\"><div class=\"vc_col-sm-12 wpb_column vc_column_container\"><div class=\"vc_column-inner\"><div class=\"wpb_wrapper\"><div class=\"wpb_text_column\"><div class=\"wpb_wrapper\"><p>Share:<\/p>\n<\/div><\/div><div class=\"w-sharing type_simple align_none color_default\"><div class=\"w-sharing-list\"><a class=\"w-sharing-item email\" href=\"mailto:?subject=Outi Tarkiainen&amp;body=https:\/\/2024.festivalenescu.ro\/ro\/wp-json\/wp\/v2\/pages\/1034\" title=\"Email this\" aria-label=\"Email this\"><i class=\"fas fa-envelope\"><\/i><\/a><a class=\"w-sharing-item facebook\" href=\"https:\/\/www.facebook.com\/sharer\/sharer.php?u=https:\/\/2024.festivalenescu.ro\/ro\/wp-json\/wp\/v2\/pages\/1034&amp;quote=Outi Tarkiainen\" title=\"Share this\" aria-label=\"Share this\" onclick=\"window.open(this.href, &quot;facebook&quot;, &quot;toolbar=0,width=900,height=500&quot;); return false;\"><i class=\"fab fa-facebook\"><\/i><\/a><a class=\"w-sharing-item twitter\" href=\"https:\/\/twitter.com\/intent\/tweet?text=Outi Tarkiainen&amp;url=https:\/\/2024.festivalenescu.ro\/ro\/wp-json\/wp\/v2\/pages\/1034\" title=\"Tweet this\" aria-label=\"Tweet this\" onclick=\"window.open(this.href, &quot;twitter&quot;, &quot;toolbar=0,width=650,height=360&quot;); return false;\"><i class=\"fab fa-x-twitter\"><svg style=\"width:1em; margin-bottom:-.1em;\" xmlns=\"http:\/\/www.w3.org\/2000\/svg\" viewBox=\"0 0 512 512\"><path fill=\"currentColor\" d=\"M389.2 48h70.6L305.6 224.2 487 464H345L233.7 318.6 106.5 464H35.8L200.7 275.5 26.8 48H172.4L272.9 180.9 389.2 48zM364.4 421.8h39.1L151.1 88h-42L364.4 421.8z\"\/><\/svg><\/i><\/a><a class=\"w-sharing-item linkedin\" href=\"https:\/\/www.linkedin.com\/shareArticle?mini=true&amp;url=https:\/\/2024.festivalenescu.ro\/ro\/wp-json\/wp\/v2\/pages\/1034\" title=\"Share this\" aria-label=\"Share this\" onclick=\"window.open(this.href, &quot;linkedin&quot;, &quot;toolbar=no,width=550,height=550&quot;); return false;\"><i class=\"fab fa-linkedin\"><\/i><\/a><a class=\"w-sharing-item whatsapp\" href=\"https:\/\/web.whatsapp.com\/send?text=Outi Tarkiainen https:\/\/2024.festivalenescu.ro\/ro\/wp-json\/wp\/v2\/pages\/1034\" title=\"Share this\" aria-label=\"Share this\" onclick=\"window.open(this.href, &quot;whatsapp&quot;, &quot;toolbar=0,width=900,height=500&quot;); return false;\"><i class=\"fab fa-whatsapp\"><\/i><\/a><a class=\"w-sharing-item reddit\" href=\"https:\/\/www.reddit.com\/submit?url=https:\/\/2024.festivalenescu.ro\/ro\/wp-json\/wp\/v2\/pages\/1034&amp;title=Outi Tarkiainen\" title=\"Share this\" aria-label=\"Share this\" onclick=\"window.open(this.href, &quot;reddit&quot;, &quot;toolbar=no,width=900,height=500&quot;); return false;\"><i class=\"fab fa-reddit\"><\/i><\/a><a class=\"w-sharing-item telegram\" href=\"https:\/\/t.me\/share\/url?url=https:\/\/2024.festivalenescu.ro\/ro\/wp-json\/wp\/v2\/pages\/1034&amp;text=Outi Tarkiainen\" title=\"Share this\" aria-label=\"Share this\" onclick=\"window.open(this.href, &quot;telegram&quot;, &quot;toolbar=no,width=600,height=450&quot;); return false;\"><i class=\"fab fa-telegram\"><\/i><\/a><\/div><\/div><div class=\"w-post-elm post_navigation layout_sided inv_false\"><a class=\"post_navigation-item order_first to_prev\" href=\"https:\/\/2024.festivalenescu.ro\/ro\/juriile\/juriu-violoncel\/marin-cazacu\/\" title=\"Marin Cazacu\"><div class=\"post_navigation-item-img\"><img decoding=\"async\" src=\"https:\/\/2024.festivalenescu.ro\/wp-content\/uploads\/2024\/04\/Foto-Marin-Cazacu-OK-min-660x900.jpg\" loading=\"lazy\" alt=\"\" width=\"150\" height=\"150\"><\/div><div class=\"post_navigation-item-arrow\"><\/div><div class=\"post_navigation-item-title\"><span>Marin Cazacu<\/span><\/div><\/a><a class=\"post_navigation-item order_second to_next\" href=\"https:\/\/2024.festivalenescu.ro\/ro\/juriile\/juriu-vioara\/mihaela-martin\/\" title=\"Mihaela Martin\"><div class=\"post_navigation-item-img\"><img decoding=\"async\" src=\"https:\/\/2024.festivalenescu.ro\/wp-content\/uploads\/2024\/03\/IMG_0294.jpg\" loading=\"lazy\" alt=\"\" width=\"150\" height=\"150\"><\/div><div class=\"post_navigation-item-arrow\"><\/div><div class=\"post_navigation-item-title\"><span>Mihaela Martin<\/span><\/div><\/a><\/div><\/div><\/div><\/div><\/div><\/div><\/section>\n","protected":false},"excerpt":{"rendered":"Outi Tarkiainen s-a n\u0103scut \u00een Rovaniemi, \u00een Laponia finlandez\u0103, un loc care s-a dovedit a fi o surs\u0103 constant\u0103 de inspira\u021bie pentru compozitoare. Se simte de mult timp atras\u0103 de puterea expresiv\u0103 a vocii umane, de\u0219i a scris at\u00e2t lucr\u0103ri vocale, camerale \u0219i instrumentale (solo), c\u00e2t \u0219i lucr\u0103ri pentru orchestr\u0103 \u0219i solist. \u201eV\u0103d muzica precum...","protected":false},"author":4,"featured_media":1031,"parent":2253,"menu_order":0,"comment_status":"closed","ping_status":"closed","template":"","meta":{"footnotes":""},"class_list":["post-1034","page","type-page","status-publish","has-post-thumbnail","hentry"],"_links":{"self":[{"href":"https:\/\/2024.festivalenescu.ro\/ro\/wp-json\/wp\/v2\/pages\/1034","targetHints":{"allow":["GET"]}}],"collection":[{"href":"https:\/\/2024.festivalenescu.ro\/ro\/wp-json\/wp\/v2\/pages"}],"about":[{"href":"https:\/\/2024.festivalenescu.ro\/ro\/wp-json\/wp\/v2\/types\/page"}],"author":[{"embeddable":true,"href":"https:\/\/2024.festivalenescu.ro\/ro\/wp-json\/wp\/v2\/users\/4"}],"replies":[{"embeddable":true,"href":"https:\/\/2024.festivalenescu.ro\/ro\/wp-json\/wp\/v2\/comments?post=1034"}],"version-history":[{"count":1,"href":"https:\/\/2024.festivalenescu.ro\/ro\/wp-json\/wp\/v2\/pages\/1034\/revisions"}],"predecessor-version":[{"id":1035,"href":"https:\/\/2024.festivalenescu.ro\/ro\/wp-json\/wp\/v2\/pages\/1034\/revisions\/1035"}],"up":[{"embeddable":true,"href":"https:\/\/2024.festivalenescu.ro\/ro\/wp-json\/wp\/v2\/pages\/2253"}],"wp:featuredmedia":[{"embeddable":true,"href":"https:\/\/2024.festivalenescu.ro\/ro\/wp-json\/wp\/v2\/media\/1031"}],"wp:attachment":[{"href":"https:\/\/2024.festivalenescu.ro\/ro\/wp-json\/wp\/v2\/media?parent=1034"}],"curies":[{"name":"wp","href":"https:\/\/api.w.org\/{rel}","templated":true}]}}