{"id":1054,"date":"2024-04-03T08:30:31","date_gmt":"2024-04-03T05:30:31","guid":{"rendered":"https:\/\/concurs.festivalenescu.ro\/?page_id=1054"},"modified":"2024-04-03T09:49:05","modified_gmt":"2024-04-03T06:49:05","slug":"tim-benjamin","status":"publish","type":"page","link":"https:\/\/2024.festivalenescu.ro\/ro\/juriile\/juriu-compozitie\/tim-benjamin\/","title":{"rendered":"Tim Benjamin"},"content":{"rendered":"<section class=\"l-section wpb_row height_medium\"><div class=\"l-section-h i-cf\"><div class=\"g-cols vc_row via_flex valign_top type_default stacking_default\"><div class=\"vc_col-sm-6 wpb_column vc_column_container\"><div class=\"vc_column-inner\"><div class=\"wpb_wrapper\"><div class=\"wpb_text_column\"><div class=\"wpb_wrapper\"><p>Tim Benjamin este un compozitor renumit pentru activitatea sa \u00een lumea operei (\u0219i \u00een calitate de regizor), cea mai recent\u0103 fiind <em>The Fire of Olympus; or, On Sticking It to the Man<\/em>, oper\u0103 care a fost \u0219i ecranizat\u0103 ulterior. Este regizor de teatru \u0219i film, iar ca scriitor a semnat o serie de librete, scenarii, adapt\u0103ri, povestiri \u0219i alte texte.<br \/>\nDincolo de scena de teatru, printre lucr\u0103rile sale orchestrale recente se num\u0103r\u0103 o simfonie compus\u0103 pentru Festivalul Enescu, dirijat\u0103 de Rumon Gamba, care a fost foarte bine primit\u0103 de publicul festivalului \u0219i difuzat\u0103 \u00een \u00eentreaga Europ\u0103, precum \u0219i un concert pentru pian compus pentru Peter Jablonski. Printre lucr\u0103rile sale de amploare se mai num\u0103r\u0103 \u0219i oratoriul <em>Herakles<\/em>. De asemenea, este un compozitor prolific de muzic\u0103 de camer\u0103.<br \/>\nA ob\u021binut Premiul BBC Young Musician of the Year pentru compozitori \u00een 1993, la v\u00e2rsta de 17 ani, cu lucrarea <em>Antagony<\/em>, scris\u0103 pentru dou\u0103 mari orchestre de sufl\u0103tori, corzi amplificate \u0219i \u0219ase percu\u021bioni\u0219ti, interpretat\u0103 de Sinfonietta din Londra sub conducerea lui Martyn Brabbins \u0219i difuzat\u0103 pe posturile na\u021bionale de radio \u0219i televiziune. A c\u00e2\u0219tigat \u0219i Premiul Stephen Oliver Trust pentru oper\u0103 contemporan\u0103 \u00een 1996, cu prima sa oper\u0103, <em>The Bridge<\/em>, care a fost pus\u0103 \u00een scen\u0103 de dou\u0103 ori, la Manchester, \u00een cadrul Zilelor Muzicii Mondiale ISCM, \u0219i la Londra, \u00een Festivalul Covent Garden.<br \/>\nScrie \u0219i sus\u021bine cu regularitate conferin\u021be despre muzic\u0103 \u0219i subiecte conexe, av\u00e2nd \u0219i o apari\u021bie la TEDx \u00een 2015. Face parte din juriul Concursului Interna\u021bional George Enescu \u0219i este director artistic la Radius Opera. De asemenea, c\u00e2nt\u0103 la trombon, pian, org\u0103, vioar\u0103 \u0219i viol\u0103.<br \/>\nTim Benjamin a studiat compozi\u021bia cu Anthony Gilbert la Colegiul Regal de Muzic\u0103 din Nord, \u00een particular cu Steve Martland (\u00een memoria c\u0103ruia a creat \u0219i finan\u021bat Bursa Steve Martland) \u0219i cu Robert Saxton la Universitatea Oxford, unde a ob\u021binut un doctorat cu teza intitulat\u0103 <em>Economics of New Music<\/em>.<\/p>\n<\/div><\/div><\/div><\/div><\/div><div class=\"vc_col-sm-6 wpb_column vc_column_container\"><div class=\"vc_column-inner\"><div class=\"wpb_wrapper\"><div class=\"w-ibanner animation_phorcys ratio_1x1 easing_easeInOutCirc\"><div class=\"w-ibanner-h\"><div class=\"w-ibanner-image\" style=\"background-image: url(https:\/\/2024.festivalenescu.ro\/wp-content\/uploads\/2024\/03\/IMG_5097-A-1-scaled.jpg)\"><\/div><div class=\"w-ibanner-content\"><div class=\"w-ibanner-content-h\"><h2 class=\"w-ibanner-title\"><\/h2><div class=\"w-ibanner-desc\"><p>\u00a9 Nic Chapman, 2024<\/p>\n<\/div><\/div><\/div><\/div><\/div><\/div><\/div><\/div><\/div><\/div><\/section><section class=\"l-section wpb_row height_medium\"><div class=\"l-section-h i-cf\"><div class=\"g-cols vc_row via_flex valign_top type_default stacking_default\"><div class=\"vc_col-sm-12 wpb_column vc_column_container\"><div class=\"vc_column-inner\"><div class=\"wpb_wrapper\"><div class=\"wpb_text_column\"><div class=\"wpb_wrapper\"><p>Share:<\/p>\n<\/div><\/div><div class=\"w-sharing type_simple align_none color_default\"><div class=\"w-sharing-list\"><a class=\"w-sharing-item email\" href=\"mailto:?subject=Tim Benjamin&amp;body=https:\/\/2024.festivalenescu.ro\/ro\/wp-json\/wp\/v2\/pages\/1054\" title=\"Email this\" aria-label=\"Email this\"><i class=\"fas fa-envelope\"><\/i><\/a><a class=\"w-sharing-item facebook\" href=\"https:\/\/www.facebook.com\/sharer\/sharer.php?u=https:\/\/2024.festivalenescu.ro\/ro\/wp-json\/wp\/v2\/pages\/1054&amp;quote=Tim Benjamin\" title=\"Share this\" aria-label=\"Share this\" onclick=\"window.open(this.href, &quot;facebook&quot;, &quot;toolbar=0,width=900,height=500&quot;); return false;\"><i class=\"fab fa-facebook\"><\/i><\/a><a class=\"w-sharing-item twitter\" href=\"https:\/\/twitter.com\/intent\/tweet?text=Tim Benjamin&amp;url=https:\/\/2024.festivalenescu.ro\/ro\/wp-json\/wp\/v2\/pages\/1054\" title=\"Tweet this\" aria-label=\"Tweet this\" onclick=\"window.open(this.href, &quot;twitter&quot;, &quot;toolbar=0,width=650,height=360&quot;); return false;\"><i class=\"fab fa-x-twitter\"><svg style=\"width:1em; margin-bottom:-.1em;\" xmlns=\"http:\/\/www.w3.org\/2000\/svg\" viewBox=\"0 0 512 512\"><path fill=\"currentColor\" d=\"M389.2 48h70.6L305.6 224.2 487 464H345L233.7 318.6 106.5 464H35.8L200.7 275.5 26.8 48H172.4L272.9 180.9 389.2 48zM364.4 421.8h39.1L151.1 88h-42L364.4 421.8z\"\/><\/svg><\/i><\/a><a class=\"w-sharing-item linkedin\" href=\"https:\/\/www.linkedin.com\/shareArticle?mini=true&amp;url=https:\/\/2024.festivalenescu.ro\/ro\/wp-json\/wp\/v2\/pages\/1054\" title=\"Share this\" aria-label=\"Share this\" onclick=\"window.open(this.href, &quot;linkedin&quot;, &quot;toolbar=no,width=550,height=550&quot;); return false;\"><i class=\"fab fa-linkedin\"><\/i><\/a><a class=\"w-sharing-item whatsapp\" href=\"https:\/\/web.whatsapp.com\/send?text=Tim Benjamin https:\/\/2024.festivalenescu.ro\/ro\/wp-json\/wp\/v2\/pages\/1054\" title=\"Share this\" aria-label=\"Share this\" onclick=\"window.open(this.href, &quot;whatsapp&quot;, &quot;toolbar=0,width=900,height=500&quot;); return false;\"><i class=\"fab fa-whatsapp\"><\/i><\/a><a class=\"w-sharing-item reddit\" href=\"https:\/\/www.reddit.com\/submit?url=https:\/\/2024.festivalenescu.ro\/ro\/wp-json\/wp\/v2\/pages\/1054&amp;title=Tim Benjamin\" title=\"Share this\" aria-label=\"Share this\" onclick=\"window.open(this.href, &quot;reddit&quot;, &quot;toolbar=no,width=900,height=500&quot;); return false;\"><i class=\"fab fa-reddit\"><\/i><\/a><a class=\"w-sharing-item telegram\" href=\"https:\/\/t.me\/share\/url?url=https:\/\/2024.festivalenescu.ro\/ro\/wp-json\/wp\/v2\/pages\/1054&amp;text=Tim Benjamin\" title=\"Share this\" aria-label=\"Share this\" onclick=\"window.open(this.href, &quot;telegram&quot;, &quot;toolbar=no,width=600,height=450&quot;); return false;\"><i class=\"fab fa-telegram\"><\/i><\/a><\/div><\/div><div class=\"w-post-elm post_navigation layout_sided inv_false\"><a class=\"post_navigation-item order_first to_prev\" href=\"https:\/\/2024.festivalenescu.ro\/ro\/juriile\/juriu-compozitie\/elsa-vautrain\/\" title=\"Elsa Vautrain\"><div class=\"post_navigation-item-img\"><img decoding=\"async\" src=\"https:\/\/2024.festivalenescu.ro\/wp-content\/uploads\/2024\/03\/Elsa-Vautrain-foto-procesata-900x675.jpeg\" loading=\"lazy\" alt=\"\" width=\"150\" height=\"150\"><\/div><div class=\"post_navigation-item-arrow\"><\/div><div class=\"post_navigation-item-title\"><span>Elsa Vautrain<\/span><\/div><\/a><a class=\"post_navigation-item order_second to_next\" href=\"https:\/\/2024.festivalenescu.ro\/ro\/juriile\/juriu-violoncel\/raimund-trenkler\/\" title=\"Raimund Trenkler\"><div class=\"post_navigation-item-img\"><img decoding=\"async\" src=\"https:\/\/2024.festivalenescu.ro\/wp-content\/uploads\/2024\/03\/Raimund-Trenkler-Wonge-Borgmann-600x900.jpg\" loading=\"lazy\" alt=\"\" width=\"150\" height=\"150\"><\/div><div class=\"post_navigation-item-arrow\"><\/div><div class=\"post_navigation-item-title\"><span>Raimund Trenkler<\/span><\/div><\/a><\/div><\/div><\/div><\/div><\/div><\/div><\/section>\n","protected":false},"excerpt":{"rendered":"Tim Benjamin este un compozitor renumit pentru activitatea sa \u00een lumea operei (\u0219i \u00een calitate de regizor), cea mai recent\u0103 fiind The Fire of Olympus; or, On Sticking It to the Man, oper\u0103 care a fost \u0219i ecranizat\u0103 ulterior. Este regizor de teatru \u0219i film, iar ca scriitor a semnat o serie de librete, scenarii,...","protected":false},"author":4,"featured_media":1050,"parent":2253,"menu_order":0,"comment_status":"closed","ping_status":"closed","template":"","meta":{"footnotes":""},"class_list":["post-1054","page","type-page","status-publish","has-post-thumbnail","hentry"],"_links":{"self":[{"href":"https:\/\/2024.festivalenescu.ro\/ro\/wp-json\/wp\/v2\/pages\/1054","targetHints":{"allow":["GET"]}}],"collection":[{"href":"https:\/\/2024.festivalenescu.ro\/ro\/wp-json\/wp\/v2\/pages"}],"about":[{"href":"https:\/\/2024.festivalenescu.ro\/ro\/wp-json\/wp\/v2\/types\/page"}],"author":[{"embeddable":true,"href":"https:\/\/2024.festivalenescu.ro\/ro\/wp-json\/wp\/v2\/users\/4"}],"replies":[{"embeddable":true,"href":"https:\/\/2024.festivalenescu.ro\/ro\/wp-json\/wp\/v2\/comments?post=1054"}],"version-history":[{"count":1,"href":"https:\/\/2024.festivalenescu.ro\/ro\/wp-json\/wp\/v2\/pages\/1054\/revisions"}],"predecessor-version":[{"id":1055,"href":"https:\/\/2024.festivalenescu.ro\/ro\/wp-json\/wp\/v2\/pages\/1054\/revisions\/1055"}],"up":[{"embeddable":true,"href":"https:\/\/2024.festivalenescu.ro\/ro\/wp-json\/wp\/v2\/pages\/2253"}],"wp:featuredmedia":[{"embeddable":true,"href":"https:\/\/2024.festivalenescu.ro\/ro\/wp-json\/wp\/v2\/media\/1050"}],"wp:attachment":[{"href":"https:\/\/2024.festivalenescu.ro\/ro\/wp-json\/wp\/v2\/media?parent=1054"}],"curies":[{"name":"wp","href":"https:\/\/api.w.org\/{rel}","templated":true}]}}