{"id":1061,"date":"2024-04-03T08:30:13","date_gmt":"2024-04-03T05:30:13","guid":{"rendered":"https:\/\/concurs.festivalenescu.ro\/?page_id=1061"},"modified":"2024-04-03T09:49:19","modified_gmt":"2024-04-03T06:49:19","slug":"zygmunt-krauze","status":"publish","type":"page","link":"https:\/\/2024.festivalenescu.ro\/ro\/juriile\/juriu-compozitie\/zygmunt-krauze\/","title":{"rendered":"Zygmunt Krauze &#8211; Pre\u0219edinte juriu compozi\u021bie"},"content":{"rendered":"<section class=\"l-section wpb_row height_medium\"><div class=\"l-section-h i-cf\"><div class=\"g-cols vc_row via_flex valign_top type_default stacking_default\"><div class=\"vc_col-sm-6 wpb_column vc_column_container\"><div class=\"vc_column-inner\"><div class=\"wpb_wrapper\"><div class=\"wpb_text_column\"><div class=\"wpb_wrapper\"><p>Zygmunt Krauze (n. 1938) este compozitor \u0219i pianist. \u0218i-a \u00eemp\u0103r\u021bit crea\u021bia \u00een patru categorii: prima cuprinde muzic\u0103 unist\u0103 (unitar\u0103) inspirat\u0103 de picturile lui W\u0142adys\u0142aw Strzemi\u0144ski; a doua \u2013 compozi\u021bii spa\u021bialiste interpretate \u00een interioare special construite; a treia \u2013 \u201emuzic\u0103 despre muzic\u0103\u201d, caracterizat\u0103 prin prezen\u021ba aluziilor \u0219i a citatelor; a patra este \u201emuzica revenirii la r\u0103d\u0103cini\u201d, subiectiv\u0103 \u0219i profund expresiv\u0103. A scris opt opere \u0219i peste 100 de compozi\u021bii orchestrale, camerale \u0219i solistice.<br \/>\nCa pianist concertist, interpreteaz\u0103 pe cele mai importante scene din Europa, America \u0219i Asia. \u00cen 1967 a fondat forma\u021bia Warsztat Muzyczny, pe care a condus-o timp de 25 de ani \u0219i pentru care au fost scrise peste 120 de lucr\u0103ri de c\u0103tre compozitori de renume din \u00eentreaga lume.<br \/>\nSus\u021bine cursuri de m\u0103iestrie \u0219i prelegeri la universit\u0103\u021bi din Japonia, Coreea de Sud, China, SUA \u0219i din alte \u021b\u0103ri europene. A f\u0103cut parte din juriul a peste 50 de concursuri interna\u021bionale de compozi\u021bie. La invita\u021bia lui Pierre Boulez, a devenit consilier artistic la IRCAM. \u00cen anii 1987-1990 a fost pre\u0219edinte al Societ\u0103\u021bii Interna\u021bionale de Muzic\u0103 Contemporan\u0103, iar timp de dou\u0103 decenii a fost pre\u0219edintele sec\u021biunii poloneze a acestei organiza\u021bii.<br \/>\nA primit titlul de Doctor Honoris Causa al Universit\u0103\u021bii Na\u021bionale de Muzic\u0103 din Bucure\u0219ti (2013) \u0219i al Academiei de Muzic\u0103 din \u0141\u00f3d\u017a (2015). A fost distins, printre altele, cu Ordinul Na\u021bional Francez al Legiunii de Onoare (2007) \u0219i cu titlul de Cavaler \u00een Ordinul Artelor \u0219i Literelor (1984), iar \u00een Polonia cu Crucea de Cavaler \u2013 Ordinul Polonia Restituta (2014) \u0219i cu Medalia de Aur pentru Merit pentru Cultur\u0103 \u2013 Gloria Artis (2010). Este membru de onoare al Uniunii Compozitorilor Polonezi, al Societ\u0103\u021bii Witold Lutos\u0142awski, al Societ\u0103\u021bii Poloneze de Muzic\u0103 Contemporan\u0103 \u0219i al Societ\u0103\u021bii Interna\u021bionale de Muzic\u0103 Contemporan\u0103.<\/p>\n<\/div><\/div><\/div><\/div><\/div><div class=\"vc_col-sm-6 wpb_column vc_column_container\"><div class=\"vc_column-inner\"><div class=\"wpb_wrapper\"><div class=\"w-ibanner animation_phorcys ratio_1x1 easing_easeInOutCirc\"><div class=\"w-ibanner-h\"><div class=\"w-ibanner-image\" style=\"background-image: url(https:\/\/2024.festivalenescu.ro\/wp-content\/uploads\/2024\/03\/Krauze-03-fot.-Adam-STEPIEN-_-Agencja-Gazeta-scaled.jpg)\"><\/div><div class=\"w-ibanner-content\"><div class=\"w-ibanner-content-h\"><h2 class=\"w-ibanner-title\"><\/h2><div class=\"w-ibanner-desc\"><p>\u00a9 Adam St\u0119pie\u0144<\/p>\n<\/div><\/div><\/div><\/div><\/div><\/div><\/div><\/div><\/div><\/div><\/section><section class=\"l-section wpb_row height_medium\"><div class=\"l-section-h i-cf\"><div class=\"g-cols vc_row via_flex valign_top type_default stacking_default\"><div class=\"vc_col-sm-12 wpb_column vc_column_container\"><div class=\"vc_column-inner\"><div class=\"wpb_wrapper\"><div class=\"wpb_text_column\"><div class=\"wpb_wrapper\"><p>Share:<\/p>\n<\/div><\/div><div class=\"w-sharing type_simple align_none color_default\"><div class=\"w-sharing-list\"><a class=\"w-sharing-item email\" href=\"mailto:?subject=Zygmunt Krauze &#8211; Pre\u0219edinte juriu compozi\u021bie&amp;body=https:\/\/2024.festivalenescu.ro\/ro\/wp-json\/wp\/v2\/pages\/1061\" title=\"Email this\" aria-label=\"Email this\"><i class=\"fas fa-envelope\"><\/i><\/a><a class=\"w-sharing-item facebook\" href=\"https:\/\/www.facebook.com\/sharer\/sharer.php?u=https:\/\/2024.festivalenescu.ro\/ro\/wp-json\/wp\/v2\/pages\/1061&amp;quote=Zygmunt Krauze &#8211; Pre\u0219edinte juriu compozi\u021bie\" title=\"Share this\" aria-label=\"Share this\" onclick=\"window.open(this.href, &quot;facebook&quot;, &quot;toolbar=0,width=900,height=500&quot;); return false;\"><i class=\"fab fa-facebook\"><\/i><\/a><a class=\"w-sharing-item twitter\" href=\"https:\/\/twitter.com\/intent\/tweet?text=Zygmunt Krauze &#8211; Pre\u0219edinte juriu compozi\u021bie&amp;url=https:\/\/2024.festivalenescu.ro\/ro\/wp-json\/wp\/v2\/pages\/1061\" title=\"Tweet this\" aria-label=\"Tweet this\" onclick=\"window.open(this.href, &quot;twitter&quot;, &quot;toolbar=0,width=650,height=360&quot;); return false;\"><i class=\"fab fa-x-twitter\"><svg style=\"width:1em; margin-bottom:-.1em;\" xmlns=\"http:\/\/www.w3.org\/2000\/svg\" viewBox=\"0 0 512 512\"><path fill=\"currentColor\" d=\"M389.2 48h70.6L305.6 224.2 487 464H345L233.7 318.6 106.5 464H35.8L200.7 275.5 26.8 48H172.4L272.9 180.9 389.2 48zM364.4 421.8h39.1L151.1 88h-42L364.4 421.8z\"\/><\/svg><\/i><\/a><a class=\"w-sharing-item linkedin\" href=\"https:\/\/www.linkedin.com\/shareArticle?mini=true&amp;url=https:\/\/2024.festivalenescu.ro\/ro\/wp-json\/wp\/v2\/pages\/1061\" title=\"Share this\" aria-label=\"Share this\" onclick=\"window.open(this.href, &quot;linkedin&quot;, &quot;toolbar=no,width=550,height=550&quot;); return false;\"><i class=\"fab fa-linkedin\"><\/i><\/a><a class=\"w-sharing-item whatsapp\" href=\"https:\/\/web.whatsapp.com\/send?text=Zygmunt Krauze &#8211; Pre\u0219edinte juriu compozi\u021bie https:\/\/2024.festivalenescu.ro\/ro\/wp-json\/wp\/v2\/pages\/1061\" title=\"Share this\" aria-label=\"Share this\" onclick=\"window.open(this.href, &quot;whatsapp&quot;, &quot;toolbar=0,width=900,height=500&quot;); return false;\"><i class=\"fab fa-whatsapp\"><\/i><\/a><a class=\"w-sharing-item reddit\" href=\"https:\/\/www.reddit.com\/submit?url=https:\/\/2024.festivalenescu.ro\/ro\/wp-json\/wp\/v2\/pages\/1061&amp;title=Zygmunt Krauze &#8211; Pre\u0219edinte juriu compozi\u021bie\" title=\"Share this\" aria-label=\"Share this\" onclick=\"window.open(this.href, &quot;reddit&quot;, &quot;toolbar=no,width=900,height=500&quot;); return false;\"><i class=\"fab fa-reddit\"><\/i><\/a><a class=\"w-sharing-item telegram\" href=\"https:\/\/t.me\/share\/url?url=https:\/\/2024.festivalenescu.ro\/ro\/wp-json\/wp\/v2\/pages\/1061&amp;text=Zygmunt Krauze &#8211; Pre\u0219edinte juriu compozi\u021bie\" title=\"Share this\" aria-label=\"Share this\" onclick=\"window.open(this.href, &quot;telegram&quot;, &quot;toolbar=no,width=600,height=450&quot;); return false;\"><i class=\"fab fa-telegram\"><\/i><\/a><\/div><\/div><div class=\"w-post-elm post_navigation layout_sided inv_false\"><a class=\"post_navigation-item order_first to_prev\" href=\"https:\/\/2024.festivalenescu.ro\/ro\/juriile\/juriu-vioara\/david-halen\/\" title=\"David Halen\"><div class=\"post_navigation-item-img\"><img decoding=\"async\" src=\"https:\/\/2024.festivalenescu.ro\/wp-content\/uploads\/2024\/03\/image0-1-681x900.jpeg\" loading=\"lazy\" alt=\"\" width=\"150\" height=\"150\"><\/div><div class=\"post_navigation-item-arrow\"><\/div><div class=\"post_navigation-item-title\"><span>David Halen<\/span><\/div><\/a><a class=\"post_navigation-item order_second to_next\" href=\"https:\/\/2024.festivalenescu.ro\/ro\/juriile\/juriu-vioara\/doug-sheldon\/\" title=\"Doug Sheldon\"><div class=\"post_navigation-item-img\"><img decoding=\"async\" src=\"https:\/\/2024.festivalenescu.ro\/wp-content\/uploads\/2024\/03\/IMG_1305-808x900.jpg\" loading=\"lazy\" alt=\"\" width=\"150\" height=\"150\"><\/div><div class=\"post_navigation-item-arrow\"><\/div><div class=\"post_navigation-item-title\"><span>Doug Sheldon<\/span><\/div><\/a><\/div><\/div><\/div><\/div><\/div><\/div><\/section>\n","protected":false},"excerpt":{"rendered":"Zygmunt Krauze (n. 1938) este compozitor \u0219i pianist. \u0218i-a \u00eemp\u0103r\u021bit crea\u021bia \u00een patru categorii: prima cuprinde muzic\u0103 unist\u0103 (unitar\u0103) inspirat\u0103 de picturile lui W\u0142adys\u0142aw Strzemi\u0144ski; a doua \u2013 compozi\u021bii spa\u021bialiste interpretate \u00een interioare special construite; a treia \u2013 \u201emuzic\u0103 despre muzic\u0103\u201d, caracterizat\u0103 prin prezen\u021ba aluziilor \u0219i a citatelor; a patra este \u201emuzica revenirii la r\u0103d\u0103cini\u201d,...","protected":false},"author":4,"featured_media":1058,"parent":2253,"menu_order":1,"comment_status":"closed","ping_status":"closed","template":"","meta":{"footnotes":""},"class_list":["post-1061","page","type-page","status-publish","has-post-thumbnail","hentry"],"_links":{"self":[{"href":"https:\/\/2024.festivalenescu.ro\/ro\/wp-json\/wp\/v2\/pages\/1061","targetHints":{"allow":["GET"]}}],"collection":[{"href":"https:\/\/2024.festivalenescu.ro\/ro\/wp-json\/wp\/v2\/pages"}],"about":[{"href":"https:\/\/2024.festivalenescu.ro\/ro\/wp-json\/wp\/v2\/types\/page"}],"author":[{"embeddable":true,"href":"https:\/\/2024.festivalenescu.ro\/ro\/wp-json\/wp\/v2\/users\/4"}],"replies":[{"embeddable":true,"href":"https:\/\/2024.festivalenescu.ro\/ro\/wp-json\/wp\/v2\/comments?post=1061"}],"version-history":[{"count":4,"href":"https:\/\/2024.festivalenescu.ro\/ro\/wp-json\/wp\/v2\/pages\/1061\/revisions"}],"predecessor-version":[{"id":1385,"href":"https:\/\/2024.festivalenescu.ro\/ro\/wp-json\/wp\/v2\/pages\/1061\/revisions\/1385"}],"up":[{"embeddable":true,"href":"https:\/\/2024.festivalenescu.ro\/ro\/wp-json\/wp\/v2\/pages\/2253"}],"wp:featuredmedia":[{"embeddable":true,"href":"https:\/\/2024.festivalenescu.ro\/ro\/wp-json\/wp\/v2\/media\/1058"}],"wp:attachment":[{"href":"https:\/\/2024.festivalenescu.ro\/ro\/wp-json\/wp\/v2\/media?parent=1061"}],"curies":[{"name":"wp","href":"https:\/\/api.w.org\/{rel}","templated":true}]}}