{"id":1069,"date":"2024-04-03T08:30:49","date_gmt":"2024-04-03T05:30:49","guid":{"rendered":"https:\/\/concurs.festivalenescu.ro\/?page_id=1069"},"modified":"2024-09-01T16:26:08","modified_gmt":"2024-09-01T13:26:08","slug":"arto-noras","status":"publish","type":"page","link":"https:\/\/2024.festivalenescu.ro\/ro\/juriile\/juriu-violoncel\/arto-noras\/","title":{"rendered":"Arto Noras &#8211; Pre\u0219edinte Juriu Violoncel"},"content":{"rendered":"<section class=\"l-section wpb_row height_medium\"><div class=\"l-section-h i-cf\"><div class=\"g-cols vc_row via_flex valign_top type_default stacking_default\"><div class=\"vc_col-sm-6 wpb_column vc_column_container\"><div class=\"vc_column-inner\"><div class=\"wpb_wrapper\"><div class=\"wpb_text_column\"><div class=\"wpb_wrapper\"><\/div><\/div><div class=\"wpb_text_column\"><div class=\"wpb_wrapper\"><p>Arto Noras (n. 1942, Turku, Finlanda) este un adev\u0103rat maestru al instrumentului s\u0103u, fiind considerat unul dintre cei mai remarcabili violonceli\u0219ti recunoscu\u021bi la nivel interna\u021bional din genera\u021bia sa.<br \/>\nLa v\u00e2rsta de \u0219ase ani, Arto Noras a \u00eenceput s\u0103 studieze cu profesorul Yrj\u00f6 Selin la prestigioasa Academie Sibelius din Helsinki. Dup\u0103 finalizarea studiilor, a lucrat cu profesorul Paul Tortelier la Conservatorul din Paris, unde \u0219i-a \u00eencheiat studiile \u00een 1964, cu diploma Premier Prix. Doi ani mai t\u00e2rziu, a ob\u021binut Premiul II la Concursul Interna\u021bional Ceaikovski din 1966, ceea ce i-a deschis rapid calea c\u0103tre scenele celor mai importante s\u0103li de concert din Europa, America de Nord \u0219i de Sud \u0219i, mai t\u00e2rziu, din Asia.<br \/>\nDin 1970, Arto Noras a fost profesor de violoncel la Academia Sibelius din Helsinki, unde a activat timp de 40 de ani, ulterior fiind invitat s\u0103 predea la Conservatorul de Muzic\u0103 \u0219i Teatru din Hamburg. De asemenea, a sus\u021binut cursuri de m\u0103iestrie \u00een \u00eentreaga lume \u0219i a fost membru \u00een juriile celor mai prestigioase concursuri interna\u021bionale de violoncel.<br \/>\nA \u00eenfiin\u021bat Festivalul de Muzic\u0103 Naantali \u00een 1980, pe care l-a coordonat timp de peste 40 de ani, iar \u00een 1991 a fondat Concursul Interna\u021bional de Violoncel Paulo, al c\u0103rui director artistic este. De asemenea, a fost membru fondator al Cvartetului Academiei Sibelius.<br \/>\nRepertoriul lui Arto Noras acoper\u0103 toate lucr\u0103rile importante scrise pentru violoncel, precum \u0219i cele ale compozitorilor contemporani. A concertat ca solist al\u0103turi de cele mai importante orchestre \u0219i dirijori din \u00eentreaga lume, iar ca membru \u00een forma\u021bii camerale a avut al\u0103turi muzicieni de seam\u0103 ai vremurilor noastre. Arto Noras a colaborat \u00eendeaproape cu numero\u0219i compozitori printre care se num\u0103r\u0103 Krzysztof Penderecki, Aulis Sallinen \u0219i Jeajoon Ryu, interpret\u00e2nd lucr\u0103ri ale lui Penderecki chiar sub bagheta sa, pe patru continente diferite. De asemenea, a realizat numeroase \u00eenregistr\u0103ri, inclusiv ale mai multor lucr\u0103ri care i-au fost dedicate.<\/p>\n<\/div><\/div><\/div><\/div><\/div><div class=\"vc_col-sm-6 wpb_column vc_column_container\"><div class=\"vc_column-inner\"><div class=\"wpb_wrapper\"><div class=\"w-ibanner animation_phorcys ratio_1x1 easing_easeInOutCirc\"><div class=\"w-ibanner-h\"><div class=\"w-ibanner-image\" style=\"background-image: url(https:\/\/2024.festivalenescu.ro\/wp-content\/uploads\/2024\/03\/Noras_kirkko-2.jpeg)\"><\/div><div class=\"w-ibanner-content\"><div class=\"w-ibanner-content-h\"><h2 class=\"w-ibanner-title\"><\/h2><div class=\"w-ibanner-desc\"><\/div><\/div><\/div><\/div><\/div><\/div><\/div><\/div><\/div><\/div><\/section><section class=\"l-section wpb_row height_medium\"><div class=\"l-section-h i-cf\"><div class=\"g-cols vc_row via_flex valign_top type_default stacking_default\"><div class=\"vc_col-sm-12 wpb_column vc_column_container\"><div class=\"vc_column-inner\"><div class=\"wpb_wrapper\"><div class=\"wpb_text_column\"><div class=\"wpb_wrapper\"><p>Share:<\/p>\n<\/div><\/div><div class=\"w-sharing type_simple align_none color_default\"><div class=\"w-sharing-list\"><a class=\"w-sharing-item email\" href=\"mailto:?subject=Arto Noras &#8211; Pre\u0219edinte Juriu Violoncel&amp;body=https:\/\/2024.festivalenescu.ro\/ro\/wp-json\/wp\/v2\/pages\/1069\" title=\"Email this\" aria-label=\"Email this\"><i class=\"fas fa-envelope\"><\/i><\/a><a class=\"w-sharing-item facebook\" href=\"https:\/\/www.facebook.com\/sharer\/sharer.php?u=https:\/\/2024.festivalenescu.ro\/ro\/wp-json\/wp\/v2\/pages\/1069&amp;quote=Arto Noras &#8211; Pre\u0219edinte Juriu Violoncel\" title=\"Share this\" aria-label=\"Share this\" onclick=\"window.open(this.href, &quot;facebook&quot;, &quot;toolbar=0,width=900,height=500&quot;); return false;\"><i class=\"fab fa-facebook\"><\/i><\/a><a class=\"w-sharing-item twitter\" href=\"https:\/\/twitter.com\/intent\/tweet?text=Arto Noras &#8211; Pre\u0219edinte Juriu Violoncel&amp;url=https:\/\/2024.festivalenescu.ro\/ro\/wp-json\/wp\/v2\/pages\/1069\" title=\"Tweet this\" aria-label=\"Tweet this\" onclick=\"window.open(this.href, &quot;twitter&quot;, &quot;toolbar=0,width=650,height=360&quot;); return false;\"><i class=\"fab fa-x-twitter\"><svg style=\"width:1em; margin-bottom:-.1em;\" xmlns=\"http:\/\/www.w3.org\/2000\/svg\" viewBox=\"0 0 512 512\"><path fill=\"currentColor\" d=\"M389.2 48h70.6L305.6 224.2 487 464H345L233.7 318.6 106.5 464H35.8L200.7 275.5 26.8 48H172.4L272.9 180.9 389.2 48zM364.4 421.8h39.1L151.1 88h-42L364.4 421.8z\"\/><\/svg><\/i><\/a><a class=\"w-sharing-item linkedin\" href=\"https:\/\/www.linkedin.com\/shareArticle?mini=true&amp;url=https:\/\/2024.festivalenescu.ro\/ro\/wp-json\/wp\/v2\/pages\/1069\" title=\"Share this\" aria-label=\"Share this\" onclick=\"window.open(this.href, &quot;linkedin&quot;, &quot;toolbar=no,width=550,height=550&quot;); return false;\"><i class=\"fab fa-linkedin\"><\/i><\/a><a class=\"w-sharing-item whatsapp\" href=\"https:\/\/web.whatsapp.com\/send?text=Arto Noras &#8211; Pre\u0219edinte Juriu Violoncel https:\/\/2024.festivalenescu.ro\/ro\/wp-json\/wp\/v2\/pages\/1069\" title=\"Share this\" aria-label=\"Share this\" onclick=\"window.open(this.href, &quot;whatsapp&quot;, &quot;toolbar=0,width=900,height=500&quot;); return false;\"><i class=\"fab fa-whatsapp\"><\/i><\/a><a class=\"w-sharing-item reddit\" href=\"https:\/\/www.reddit.com\/submit?url=https:\/\/2024.festivalenescu.ro\/ro\/wp-json\/wp\/v2\/pages\/1069&amp;title=Arto Noras &#8211; Pre\u0219edinte Juriu Violoncel\" title=\"Share this\" aria-label=\"Share this\" onclick=\"window.open(this.href, &quot;reddit&quot;, &quot;toolbar=no,width=900,height=500&quot;); return false;\"><i class=\"fab fa-reddit\"><\/i><\/a><a class=\"w-sharing-item telegram\" href=\"https:\/\/t.me\/share\/url?url=https:\/\/2024.festivalenescu.ro\/ro\/wp-json\/wp\/v2\/pages\/1069&amp;text=Arto Noras &#8211; Pre\u0219edinte Juriu Violoncel\" title=\"Share this\" aria-label=\"Share this\" onclick=\"window.open(this.href, &quot;telegram&quot;, &quot;toolbar=no,width=600,height=450&quot;); return false;\"><i class=\"fab fa-telegram\"><\/i><\/a><\/div><\/div><div class=\"w-post-elm post_navigation layout_sided inv_false\"><a class=\"post_navigation-item order_first to_prev\" href=\"https:\/\/2024.festivalenescu.ro\/ro\/juriile\/juriu-pian\/dana-borsan\/\" title=\"Dana Bor\u0219an\"><div class=\"post_navigation-item-img\"><img decoding=\"async\" src=\"https:\/\/2024.festivalenescu.ro\/wp-content\/uploads\/2024\/03\/Dana-Borsan-06-900x675.jpeg\" loading=\"lazy\" alt=\"\" width=\"150\" height=\"150\"><\/div><div class=\"post_navigation-item-arrow\"><\/div><div class=\"post_navigation-item-title\"><span>Dana Bor\u0219an<\/span><\/div><\/a><a class=\"post_navigation-item order_second to_next\" href=\"https:\/\/2024.festivalenescu.ro\/ro\/juriile\/juriu-vioara\/silvia-marcovici\/\" title=\"Silvia Marcovici\"><div class=\"post_navigation-item-img\"><img decoding=\"async\" src=\"https:\/\/2024.festivalenescu.ro\/wp-content\/uploads\/2024\/03\/Silvia-BnW-4-portrait-1-1-702x900.png\" loading=\"lazy\" alt=\"\" width=\"150\" height=\"150\"><\/div><div class=\"post_navigation-item-arrow\"><\/div><div class=\"post_navigation-item-title\"><span>Silvia Marcovici<\/span><\/div><\/a><\/div><\/div><\/div><\/div><\/div><\/div><\/section>\n","protected":false},"excerpt":{"rendered":"Arto Noras (n. 1942, Turku, Finlanda) este un adev\u0103rat maestru al instrumentului s\u0103u, fiind considerat unul dintre cei mai remarcabili violonceli\u0219ti recunoscu\u021bi la nivel interna\u021bional din genera\u021bia sa. La v\u00e2rsta de \u0219ase ani, Arto Noras a \u00eenceput s\u0103 studieze cu profesorul Yrj\u00f6 Selin la prestigioasa Academie Sibelius din Helsinki. Dup\u0103 finalizarea studiilor, a lucrat cu...","protected":false},"author":4,"featured_media":1065,"parent":2249,"menu_order":0,"comment_status":"closed","ping_status":"closed","template":"","meta":{"footnotes":""},"class_list":["post-1069","page","type-page","status-publish","has-post-thumbnail","hentry"],"_links":{"self":[{"href":"https:\/\/2024.festivalenescu.ro\/ro\/wp-json\/wp\/v2\/pages\/1069","targetHints":{"allow":["GET"]}}],"collection":[{"href":"https:\/\/2024.festivalenescu.ro\/ro\/wp-json\/wp\/v2\/pages"}],"about":[{"href":"https:\/\/2024.festivalenescu.ro\/ro\/wp-json\/wp\/v2\/types\/page"}],"author":[{"embeddable":true,"href":"https:\/\/2024.festivalenescu.ro\/ro\/wp-json\/wp\/v2\/users\/4"}],"replies":[{"embeddable":true,"href":"https:\/\/2024.festivalenescu.ro\/ro\/wp-json\/wp\/v2\/comments?post=1069"}],"version-history":[{"count":4,"href":"https:\/\/2024.festivalenescu.ro\/ro\/wp-json\/wp\/v2\/pages\/1069\/revisions"}],"predecessor-version":[{"id":5467,"href":"https:\/\/2024.festivalenescu.ro\/ro\/wp-json\/wp\/v2\/pages\/1069\/revisions\/5467"}],"up":[{"embeddable":true,"href":"https:\/\/2024.festivalenescu.ro\/ro\/wp-json\/wp\/v2\/pages\/2249"}],"wp:featuredmedia":[{"embeddable":true,"href":"https:\/\/2024.festivalenescu.ro\/ro\/wp-json\/wp\/v2\/media\/1065"}],"wp:attachment":[{"href":"https:\/\/2024.festivalenescu.ro\/ro\/wp-json\/wp\/v2\/media?parent=1069"}],"curies":[{"name":"wp","href":"https:\/\/api.w.org\/{rel}","templated":true}]}}