{"id":1079,"date":"2024-04-03T08:30:46","date_gmt":"2024-04-03T05:30:46","guid":{"rendered":"https:\/\/concurs.festivalenescu.ro\/?page_id=1079"},"modified":"2024-04-03T09:53:00","modified_gmt":"2024-04-03T06:53:00","slug":"charlotte-lee","status":"publish","type":"page","link":"https:\/\/2024.festivalenescu.ro\/ro\/juriile\/juriu-violoncel\/charlotte-lee\/","title":{"rendered":"Charlotte Lee"},"content":{"rendered":"<section class=\"l-section wpb_row height_medium\"><div class=\"l-section-h i-cf\"><div class=\"g-cols vc_row via_flex valign_top type_default stacking_default\"><div class=\"vc_col-sm-6 wpb_column vc_column_container\"><div class=\"vc_column-inner\"><div class=\"wpb_wrapper\"><div class=\"wpb_text_column\"><div class=\"wpb_wrapper\"><p>Charlotte Lee este pre\u0219edint\u0103 \u0219i fondatoarea Primo Artists, una dintre cele mai importante agen\u021bii interna\u021bionale de management artistic din lume. Cu sediul \u00een New York, Primo Artists are o gam\u0103 select\u0103 de impresariat care cuprinde violoni\u0219tii Itzhak Perlman, Joshua Bell, Nicola Benedetti \u0219i Randall Goosby; piani\u0219tii Beatrice Rana \u0219i Seong-Jin Cho; dirijorii Cristian M\u0103celaru, James Gaffigan, Christian Reif \u0219i Gemma New; \u0219i compozitorii Valerie Coleman \u0219i Wynton Marsalis.<br \/>\nA c\u00e2ntat la vioar\u0103 \u00eenc\u0103 din copil\u0103rie, fiind concertmaestru al Orchestrei Simfonice de Tineret din New Jersey \u00eenainte de a-\u0219i \u00eencepe cariera \u00een industria muzical\u0103 la Universal Classics, \u00een urm\u0103 cu 25 de ani. Charlotte Lee s-a al\u0103turat companiei IMG Artists \u00een 1998 \u0219i a lucrat acolo timp de 17 ani, unde a fost director al programului de orchestr\u0103 \u0219i prim-vicepre\u0219edinte, gestion\u00e2nd activitatea unor arti\u0219ti precum Itzhak Perlman \u0219i Nicola Benedetti.<br \/>\n\u00cen 2015, a fondat Primo Artists, care s-a distins drept una dintre cele mai moderne agen\u021bii din domeniu \u0219i singura agen\u021bie care ofer\u0103 arti\u0219tilor \u0219i institu\u021biilor din \u00eentreaga lume servicii de management artistic, promovare \u00een social media \u0219i rela\u021bii publice. Dincolo de prestigioasa list\u0103 de arti\u0219ti, Primo Artists se ocup\u0103 de reprezentarea \u00een materie de rela\u021bii publice pentru Centrul Lincoln, Organiza\u021bia Sphinx, Orchestra Compozitorilor Americani \u0219i mul\u021bi al\u021bi compozitori, instrumenti\u0219ti, vocali\u0219ti \u0219i ansambluri.<br \/>\nO militant\u0103 activ\u0103, Charlotte Lee este fondatoarea \u0219i liderul Coali\u021biei Managerilor \u0219i agen\u021bilor din domeniul artelor spectacolului \u0219i a fost unul dintre principalii promotori ai campaniei americane de sus\u021binere a programului Shuttered Venue Operators Grants, care a oferit 16,5 miliarde de dolari \u2013 cea mai mare salvare public\u0103 a industriei artelor \u0219i divertismentului din istoria SUA.<br \/>\nA fost distins\u0103 cu Premiul Western Arts Alliance Service 2022 pentru coordonarea programului Shuttered Venues Operators Grant, iar <em>Musical America<\/em> a numit-o de dou\u0103 ori \u00een Top 30 Profesioni\u0219ti ai Anului (2015, 2021).<\/p>\n<\/div><\/div><\/div><\/div><\/div><div class=\"vc_col-sm-6 wpb_column vc_column_container\"><div class=\"vc_column-inner\"><div class=\"wpb_wrapper\"><div class=\"w-ibanner animation_phorcys ratio_1x1 easing_easeInOutCirc\"><div class=\"w-ibanner-h\"><div class=\"w-ibanner-image\" style=\"background-image: url(https:\/\/2024.festivalenescu.ro\/wp-content\/uploads\/2024\/03\/Charlotte-Lee-IV-\u00a9-Grittani-Creative-scaled.jpg)\"><\/div><div class=\"w-ibanner-content\"><div class=\"w-ibanner-content-h\"><h2 class=\"w-ibanner-title\"><\/h2><div class=\"w-ibanner-desc\"><p>\u00a9 Grittani Creative<\/p>\n<\/div><\/div><\/div><\/div><\/div><\/div><\/div><\/div><\/div><\/div><\/section><section class=\"l-section wpb_row height_medium\"><div class=\"l-section-h i-cf\"><div class=\"g-cols vc_row via_flex valign_top type_default stacking_default\"><div class=\"vc_col-sm-12 wpb_column vc_column_container\"><div class=\"vc_column-inner\"><div class=\"wpb_wrapper\"><div class=\"wpb_text_column\"><div class=\"wpb_wrapper\"><p>Share:<\/p>\n<\/div><\/div><div class=\"w-sharing type_simple align_none color_default\"><div class=\"w-sharing-list\"><a class=\"w-sharing-item email\" href=\"mailto:?subject=Charlotte Lee&amp;body=https:\/\/2024.festivalenescu.ro\/ro\/wp-json\/wp\/v2\/pages\/1079\" title=\"Email this\" aria-label=\"Email this\"><i class=\"fas fa-envelope\"><\/i><\/a><a class=\"w-sharing-item facebook\" href=\"https:\/\/www.facebook.com\/sharer\/sharer.php?u=https:\/\/2024.festivalenescu.ro\/ro\/wp-json\/wp\/v2\/pages\/1079&amp;quote=Charlotte Lee\" title=\"Share this\" aria-label=\"Share this\" onclick=\"window.open(this.href, &quot;facebook&quot;, &quot;toolbar=0,width=900,height=500&quot;); return false;\"><i class=\"fab fa-facebook\"><\/i><\/a><a class=\"w-sharing-item twitter\" href=\"https:\/\/twitter.com\/intent\/tweet?text=Charlotte Lee&amp;url=https:\/\/2024.festivalenescu.ro\/ro\/wp-json\/wp\/v2\/pages\/1079\" title=\"Tweet this\" aria-label=\"Tweet this\" onclick=\"window.open(this.href, &quot;twitter&quot;, &quot;toolbar=0,width=650,height=360&quot;); return false;\"><i class=\"fab fa-x-twitter\"><svg style=\"width:1em; margin-bottom:-.1em;\" xmlns=\"http:\/\/www.w3.org\/2000\/svg\" viewBox=\"0 0 512 512\"><path fill=\"currentColor\" d=\"M389.2 48h70.6L305.6 224.2 487 464H345L233.7 318.6 106.5 464H35.8L200.7 275.5 26.8 48H172.4L272.9 180.9 389.2 48zM364.4 421.8h39.1L151.1 88h-42L364.4 421.8z\"\/><\/svg><\/i><\/a><a class=\"w-sharing-item linkedin\" href=\"https:\/\/www.linkedin.com\/shareArticle?mini=true&amp;url=https:\/\/2024.festivalenescu.ro\/ro\/wp-json\/wp\/v2\/pages\/1079\" title=\"Share this\" aria-label=\"Share this\" onclick=\"window.open(this.href, &quot;linkedin&quot;, &quot;toolbar=no,width=550,height=550&quot;); return false;\"><i class=\"fab fa-linkedin\"><\/i><\/a><a class=\"w-sharing-item whatsapp\" href=\"https:\/\/web.whatsapp.com\/send?text=Charlotte Lee https:\/\/2024.festivalenescu.ro\/ro\/wp-json\/wp\/v2\/pages\/1079\" title=\"Share this\" aria-label=\"Share this\" onclick=\"window.open(this.href, &quot;whatsapp&quot;, &quot;toolbar=0,width=900,height=500&quot;); return false;\"><i class=\"fab fa-whatsapp\"><\/i><\/a><a class=\"w-sharing-item reddit\" href=\"https:\/\/www.reddit.com\/submit?url=https:\/\/2024.festivalenescu.ro\/ro\/wp-json\/wp\/v2\/pages\/1079&amp;title=Charlotte Lee\" title=\"Share this\" aria-label=\"Share this\" onclick=\"window.open(this.href, &quot;reddit&quot;, &quot;toolbar=no,width=900,height=500&quot;); return false;\"><i class=\"fab fa-reddit\"><\/i><\/a><a class=\"w-sharing-item telegram\" href=\"https:\/\/t.me\/share\/url?url=https:\/\/2024.festivalenescu.ro\/ro\/wp-json\/wp\/v2\/pages\/1079&amp;text=Charlotte Lee\" title=\"Share this\" aria-label=\"Share this\" onclick=\"window.open(this.href, &quot;telegram&quot;, &quot;toolbar=no,width=600,height=450&quot;); return false;\"><i class=\"fab fa-telegram\"><\/i><\/a><\/div><\/div><div class=\"w-post-elm post_navigation layout_sided inv_false\"><a class=\"post_navigation-item order_first to_prev\" href=\"https:\/\/2024.festivalenescu.ro\/ro\/juriile\/juriu-pian\/simon-trpceski\/\" title=\"Simon Trp\u010deski\"><div class=\"post_navigation-item-img\"><img decoding=\"async\" src=\"https:\/\/2024.festivalenescu.ro\/wp-content\/uploads\/2024\/03\/Simon-Trpceski-photo-c-B.-Ealovega-S.Spirovski_KulturOp_1-900x600.jpg\" loading=\"lazy\" alt=\"\" width=\"150\" height=\"150\"><\/div><div class=\"post_navigation-item-arrow\"><\/div><div class=\"post_navigation-item-title\"><span>Simon Trp\u010deski<\/span><\/div><\/a><a class=\"post_navigation-item order_second to_next\" href=\"https:\/\/2024.festivalenescu.ro\/ro\/juriile\/juriu-violoncel\/meehae-ryo\/\" title=\"Meehae Ryo\"><div class=\"post_navigation-item-img\"><img decoding=\"async\" src=\"https:\/\/2024.festivalenescu.ro\/wp-content\/uploads\/2024\/03\/Ryo-Meehae-3-600x900.jpeg\" loading=\"lazy\" alt=\"\" width=\"150\" height=\"150\"><\/div><div class=\"post_navigation-item-arrow\"><\/div><div class=\"post_navigation-item-title\"><span>Meehae Ryo<\/span><\/div><\/a><\/div><\/div><\/div><\/div><\/div><\/div><\/section>\n","protected":false},"excerpt":{"rendered":"Charlotte Lee este pre\u0219edint\u0103 \u0219i fondatoarea Primo Artists, una dintre cele mai importante agen\u021bii interna\u021bionale de management artistic din lume. Cu sediul \u00een New York, Primo Artists are o gam\u0103 select\u0103 de impresariat care cuprinde violoni\u0219tii Itzhak Perlman, Joshua Bell, Nicola Benedetti \u0219i Randall Goosby; piani\u0219tii Beatrice Rana \u0219i Seong-Jin Cho; dirijorii Cristian M\u0103celaru, James...","protected":false},"author":4,"featured_media":1073,"parent":2249,"menu_order":0,"comment_status":"closed","ping_status":"closed","template":"","meta":{"footnotes":""},"class_list":["post-1079","page","type-page","status-publish","has-post-thumbnail","hentry"],"_links":{"self":[{"href":"https:\/\/2024.festivalenescu.ro\/ro\/wp-json\/wp\/v2\/pages\/1079","targetHints":{"allow":["GET"]}}],"collection":[{"href":"https:\/\/2024.festivalenescu.ro\/ro\/wp-json\/wp\/v2\/pages"}],"about":[{"href":"https:\/\/2024.festivalenescu.ro\/ro\/wp-json\/wp\/v2\/types\/page"}],"author":[{"embeddable":true,"href":"https:\/\/2024.festivalenescu.ro\/ro\/wp-json\/wp\/v2\/users\/4"}],"replies":[{"embeddable":true,"href":"https:\/\/2024.festivalenescu.ro\/ro\/wp-json\/wp\/v2\/comments?post=1079"}],"version-history":[{"count":2,"href":"https:\/\/2024.festivalenescu.ro\/ro\/wp-json\/wp\/v2\/pages\/1079\/revisions"}],"predecessor-version":[{"id":1304,"href":"https:\/\/2024.festivalenescu.ro\/ro\/wp-json\/wp\/v2\/pages\/1079\/revisions\/1304"}],"up":[{"embeddable":true,"href":"https:\/\/2024.festivalenescu.ro\/ro\/wp-json\/wp\/v2\/pages\/2249"}],"wp:featuredmedia":[{"embeddable":true,"href":"https:\/\/2024.festivalenescu.ro\/ro\/wp-json\/wp\/v2\/media\/1073"}],"wp:attachment":[{"href":"https:\/\/2024.festivalenescu.ro\/ro\/wp-json\/wp\/v2\/media?parent=1079"}],"curies":[{"name":"wp","href":"https:\/\/api.w.org\/{rel}","templated":true}]}}