{"id":1088,"date":"2024-04-03T08:30:01","date_gmt":"2024-04-03T05:30:01","guid":{"rendered":"https:\/\/concurs.festivalenescu.ro\/?page_id=1088"},"modified":"2024-08-05T13:56:19","modified_gmt":"2024-08-05T10:56:19","slug":"david-geringas-presedinte-juriu-violoncel","status":"publish","type":"page","link":"https:\/\/2024.festivalenescu.ro\/ro\/juriile\/juriu-violoncel\/david-geringas-presedinte-juriu-violoncel\/","title":{"rendered":"David Geringas &#8211; pre\u0219edinte juriu violoncel"},"content":{"rendered":"<section class=\"l-section wpb_row height_medium\"><div class=\"l-section-h i-cf\"><div class=\"g-cols vc_row via_flex valign_top type_default stacking_default\"><div class=\"vc_col-sm-6 wpb_column vc_column_container\"><div class=\"vc_column-inner\"><div class=\"wpb_wrapper\"><div class=\"wpb_text_column\"><div class=\"wpb_wrapper\"><p>David Geringas (n. 1946, Vilnius, Lituania), violoncelist, dirijor \u0219i fondator al unui ansamblu pentru tineri arti\u0219ti, Orchestra de Camer\u0103 Geringas, este unul dintre cei mai influen\u021bi muzicieni ai prezentului, fiind considerat o adev\u0103rat\u0103 punte \u00eentre tradi\u021biile violoncelistice est-europene \u0219i occidentale. Elev al lui Mstislav Rostropovich la Conservatorul din Moscova \u0219i c\u00e2\u0219tig\u0103tor al Medaliei de aur la Concursul Ceaikovski din 1970, de-a lungul carierei sale a ob\u021binut premii prestigioase, inclusiv de dou\u0103 ori Echo Klassik \u0219i Grand Prix du Disque pentru \u00eenregistr\u0103rile sale cu cele 12 Concerte pentru violoncel \u0219i orchestr\u0103 de Boccherini, dirijate de Bruno Giuranna. Compozitori contemporani celebri i-au dedicat mai multe lucr\u0103ri, iar discografia sa include peste 120 de discuri. Timp de mai mul\u021bi ani s-a dedicat pred\u0103rii, iar printre elevii legendarei sale clase de violoncel se num\u0103r\u0103 Gustav Rivinius, Jens Peter Maintz, Wolfgang Emanuel Schmidt, Monica Leskovar, Tatjana Vassiljeva, Jing Zhao, Johannes Moser, Maximilian Hornung, Valentin R\u0103du\u021biu \u0219i Sol Gabetta. Din 2005 pred\u0103 la Academia de Muzic\u0103 Chigiana din Siena. \u00cen 2023 a c\u00e2\u0219tigat Premiul pentru \u00eentreaga carier\u0103 oferit de International Classical Music Awards, fiind descris drept \u201eun muzician pasionat, cu o minte str\u0103lucitoare, un exemplu de ceea ce are nevoie lumea muzicii \u00een vremurile dificile pe care le tr\u0103im\u201d.<br \/>\n\u00cen 2023, David Geringas a publicat un volum \u00een limba german\u0103, <em>Sag das niemandem<\/em>, tradus \u0219i \u00een limba italian\u0103 sub titlul <em>Non dirlo a nessuno<\/em>.<\/p>\n<\/div><\/div><\/div><\/div><\/div><div class=\"vc_col-sm-6 wpb_column vc_column_container\"><div class=\"vc_column-inner\"><div class=\"wpb_wrapper\"><div class=\"w-ibanner animation_phorcys ratio_1x1 easing_easeInOutCirc\"><div class=\"w-ibanner-h\"><div class=\"w-ibanner-image\" style=\"background-image: url(https:\/\/2024.festivalenescu.ro\/wp-content\/uploads\/2024\/03\/dl_dg_1.jpg)\"><\/div><div class=\"w-ibanner-content\"><div class=\"w-ibanner-content-h\"><h2 class=\"w-ibanner-title\"><\/h2><div class=\"w-ibanner-desc\"><\/div><\/div><\/div><\/div><\/div><div class=\"w-separator size_medium\"><\/div><div class=\"w-grid type_grid layout_1657\" id=\"us_grid_1\" style=\"--gap:1.5rem;\"><style>.layout_1657 .w-grid-item-h{box-shadow:0 0rem 0rem rgba(0,0,0,0.1),0 0rem 0rem rgba(0,0,0,0.1);transition-duration:0.3s}.no-touch .layout_1657 .w-grid-item-h:hover{box-shadow:0 0.1rem 0.2rem rgba(0,0,0,0.1),0 0.33rem 1rem rgba(0,0,0,0.15);z-index:4}.layout_1657 .usg_hwrapper_1{border-color:var(--color-content-border)!important;padding:1.5rem!important;border-style:solid!important;border-width:0 1px 1px 1px!important}.layout_1657 .usg_vwrapper_1{width:55%!important;padding-left:3%!important;padding-right:3%!important}.layout_1657 .usg_post_title_1{font-size:1.5rem!important;line-height:1.2!important}@media (min-width:1025px) and (max-width:1380px){.layout_1657 .usg_vwrapper_1{width:55%!important;padding-left:3%!important;padding-right:3%!important}}@media (min-width:601px) and (max-width:1024px){.layout_1657 .usg_vwrapper_1{width:55%!important;padding-left:3%!important;padding-right:3%!important}}@media (max-width:600px){.layout_1657 .usg_vwrapper_1{width:100%!important;padding:1rem 0 1rem 0!important}}<\/style><div class=\"w-grid-list\">\t<article class=\"w-grid-item size_1x1 post-1923 page type-page status-publish hentry\" data-id=\"1923\">\r\n\t\t<div class=\"w-grid-item-h\">\r\n\t\t\t\t\t\t<div class=\"w-hwrapper usg_hwrapper_1 align_none valign_top wrap\" style=\"--hwrapper-gap:0rem\"><div class=\"w-vwrapper usg_vwrapper_1 align_none valign_top\"><h1 class=\"w-post-elm post_title usg_post_title_1 entry-title color_link_inherit\"><a href=\"https:\/\/2024.festivalenescu.ro\/ro\/evenimente\/4-09-recital-david-geringas-si-mikhail-mordvinov\/\">4.09 &#8211; Recital ENRICO DINDO \u0219i MIKHAIL MORDVINOV<\/a><\/h1><div class=\"w-post-elm post_content usg_post_content_1\">ENRICO DINDO violoncel (membru \u00een juriul Concursului Interna\u021bional George Enescu 2024) MIKHAIL MORDVINOV pian Robert Schumann\u00a0Fantasiest\u00fccke op. 73 Serghei Prokofiev Sonata \u00een do major pentru violoncel \u0219i pian op. 119&hellip;<\/div><\/div><a class=\"w-btn us-btn-style_1 usg_btn_1\" href=\"https:\/\/www.cts.eventim.ro\/eventseries\/concurs-international-george-enescu-2024-3627790\/\"><span class=\"w-btn-label\">Cump\u0103r\u0103 bilete<\/span><\/a><\/div>\t\t<\/div>\r\n\t<\/article>\r\n<\/div><div class=\"w-grid-preloader\">\t<div class=\"g-preloader type_1\">\r\n\t\t<div><\/div>\r\n\t<\/div>\r\n\t<\/div>\t<div class=\"w-grid-json hidden\" onclick='return {&quot;action&quot;:&quot;us_ajax_grid&quot;,&quot;ajax_url&quot;:&quot;https:\\\/\\\/2024.festivalenescu.ro\\\/wp-admin\\\/admin-ajax.php&quot;,&quot;infinite_scroll&quot;:0,&quot;max_num_pages&quot;:1,&quot;pagination&quot;:&quot;ajax&quot;,&quot;template_vars&quot;:{&quot;columns&quot;:&quot;1&quot;,&quot;exclude_items&quot;:&quot;none&quot;,&quot;img_size&quot;:&quot;default&quot;,&quot;ignore_items_size&quot;:0,&quot;items_layout&quot;:&quot;1657&quot;,&quot;items_offset&quot;:&quot;1&quot;,&quot;load_animation&quot;:&quot;none&quot;,&quot;overriding_link&quot;:&quot;%7B%22url%22%3A%22%22%7D&quot;,&quot;post_id&quot;:0,&quot;query_args&quot;:{&quot;ignore_sticky_posts&quot;:1,&quot;post_type&quot;:&quot;any&quot;,&quot;post__in&quot;:[&quot;1923&quot;],&quot;posts_per_page&quot;:&quot;10&quot;},&quot;orderby_query_args&quot;:{&quot;orderby&quot;:{&quot;date&quot;:&quot;DESC&quot;}},&quot;type&quot;:&quot;grid&quot;,&quot;us_grid_ajax_index&quot;:1,&quot;us_grid_filter_params&quot;:[],&quot;us_grid_index&quot;:1,&quot;_us_grid_post_type&quot;:&quot;ids&quot;,&quot;page_args&quot;:[],&quot;lang&quot;:&quot;ro&quot;}}'><\/div>\r\n\t<\/div><\/div><\/div><\/div><\/div><\/div><\/section><section class=\"l-section wpb_row height_medium\"><div class=\"l-section-h i-cf\"><div class=\"g-cols vc_row via_flex valign_top type_default stacking_default\"><div class=\"vc_col-sm-12 wpb_column vc_column_container\"><div class=\"vc_column-inner\"><div class=\"wpb_wrapper\"><div class=\"wpb_text_column\"><div class=\"wpb_wrapper\"><p>Share:<\/p>\n<\/div><\/div><div class=\"w-sharing type_simple align_none color_default\"><div class=\"w-sharing-list\" data-content-image=\"true\"><a class=\"w-sharing-item email\" href=\"mailto:?subject=4.09 &#8211; Recital ENRICO DINDO \u0219i MIKHAIL MORDVINOV&amp;body=https:\/\/2024.festivalenescu.ro\/ro\/wp-json\/wp\/v2\/pages\/1088\" title=\"Email this\" aria-label=\"Email this\"><i class=\"fas fa-envelope\"><\/i><\/a><a class=\"w-sharing-item facebook\" href=\"https:\/\/www.facebook.com\/sharer\/sharer.php?u=https:\/\/2024.festivalenescu.ro\/ro\/wp-json\/wp\/v2\/pages\/1088&amp;quote=4.09 &#8211; Recital ENRICO DINDO \u0219i MIKHAIL MORDVINOV\" title=\"Share this\" aria-label=\"Share this\" onclick=\"window.open(this.href, &quot;facebook&quot;, &quot;toolbar=0,width=900,height=500&quot;); return false;\"><i class=\"fab fa-facebook\"><\/i><\/a><a class=\"w-sharing-item twitter\" href=\"https:\/\/twitter.com\/intent\/tweet?text=4.09 &#8211; Recital ENRICO DINDO \u0219i MIKHAIL MORDVINOV&amp;url=https:\/\/2024.festivalenescu.ro\/ro\/wp-json\/wp\/v2\/pages\/1088\" title=\"Tweet this\" aria-label=\"Tweet this\" onclick=\"window.open(this.href, &quot;twitter&quot;, &quot;toolbar=0,width=650,height=360&quot;); return false;\"><i class=\"fab fa-x-twitter\"><svg style=\"width:1em; margin-bottom:-.1em;\" xmlns=\"http:\/\/www.w3.org\/2000\/svg\" viewBox=\"0 0 512 512\"><path fill=\"currentColor\" d=\"M389.2 48h70.6L305.6 224.2 487 464H345L233.7 318.6 106.5 464H35.8L200.7 275.5 26.8 48H172.4L272.9 180.9 389.2 48zM364.4 421.8h39.1L151.1 88h-42L364.4 421.8z\"\/><\/svg><\/i><\/a><a class=\"w-sharing-item linkedin\" href=\"https:\/\/www.linkedin.com\/shareArticle?mini=true&amp;url=https:\/\/2024.festivalenescu.ro\/ro\/wp-json\/wp\/v2\/pages\/1088\" title=\"Share this\" aria-label=\"Share this\" onclick=\"window.open(this.href, &quot;linkedin&quot;, &quot;toolbar=no,width=550,height=550&quot;); return false;\"><i class=\"fab fa-linkedin\"><\/i><\/a><a class=\"w-sharing-item whatsapp\" href=\"https:\/\/web.whatsapp.com\/send?text=4.09 &#8211; Recital ENRICO DINDO \u0219i MIKHAIL MORDVINOV https:\/\/2024.festivalenescu.ro\/ro\/wp-json\/wp\/v2\/pages\/1088\" title=\"Share this\" aria-label=\"Share this\" onclick=\"window.open(this.href, &quot;whatsapp&quot;, &quot;toolbar=0,width=900,height=500&quot;); return false;\"><i class=\"fab fa-whatsapp\"><\/i><\/a><a class=\"w-sharing-item reddit\" href=\"https:\/\/www.reddit.com\/submit?url=https:\/\/2024.festivalenescu.ro\/ro\/wp-json\/wp\/v2\/pages\/1088&amp;title=4.09 &#8211; Recital ENRICO DINDO \u0219i MIKHAIL MORDVINOV\" title=\"Share this\" aria-label=\"Share this\" onclick=\"window.open(this.href, &quot;reddit&quot;, &quot;toolbar=no,width=900,height=500&quot;); return false;\"><i class=\"fab fa-reddit\"><\/i><\/a><a class=\"w-sharing-item telegram\" href=\"https:\/\/t.me\/share\/url?url=https:\/\/2024.festivalenescu.ro\/ro\/wp-json\/wp\/v2\/pages\/1088&amp;text=4.09 &#8211; Recital ENRICO DINDO \u0219i MIKHAIL MORDVINOV\" title=\"Share this\" aria-label=\"Share this\" onclick=\"window.open(this.href, &quot;telegram&quot;, &quot;toolbar=no,width=600,height=450&quot;); return false;\"><i class=\"fab fa-telegram\"><\/i><\/a><\/div><\/div><div class=\"w-post-elm post_navigation layout_sided inv_false\"><a class=\"post_navigation-item order_first to_prev\" href=\"https:\/\/2024.festivalenescu.ro\/ro\/evenimente\/31-08-concertul-de-deschidere-si-gala-de-premiere-a-sectiunii-compozitie\/\" title=\"31.08 &#8211; Concertul de deschidere \u0219i Gala de premiere a Sec\u021biunii Compozi\u021bie\"><div class=\"post_navigation-item-img\"><img loading=\"lazy\" decoding=\"async\" width=\"512\" height=\"512\" src=\"https:\/\/2024.festivalenescu.ro\/wp-content\/uploads\/2023\/11\/favicon.png\" class=\"g-placeholder\" alt=\"\" srcset=\"https:\/\/2024.festivalenescu.ro\/wp-content\/uploads\/2023\/11\/favicon.png 512w, https:\/\/2024.festivalenescu.ro\/wp-content\/uploads\/2023\/11\/favicon-200x200.png 200w, https:\/\/2024.festivalenescu.ro\/wp-content\/uploads\/2023\/11\/favicon-150x150.png 150w, https:\/\/2024.festivalenescu.ro\/wp-content\/uploads\/2023\/11\/favicon-400x400.png 400w, https:\/\/2024.festivalenescu.ro\/wp-content\/uploads\/2023\/11\/favicon-300x300.png 300w\" sizes=\"auto, (max-width: 512px) 100vw, 512px\" \/><\/div><div class=\"post_navigation-item-arrow\"><\/div><div class=\"post_navigation-item-title\"><span>31.08 &#8211; Concertul de deschidere \u0219i Gala de premiere a Sec\u021biunii Compozi\u021bie<\/span><\/div><\/a><a class=\"post_navigation-item order_second to_next\" href=\"https:\/\/2024.festivalenescu.ro\/ro\/evenimente\/5-6-09-sectiunea-violoncel-etapa-a-ii-a\/\" title=\"5-6.09 &#8211; Sec\u021biunea Violoncel, Etapa a II-a\"><div class=\"post_navigation-item-img\"><img loading=\"lazy\" decoding=\"async\" width=\"512\" height=\"512\" src=\"https:\/\/2024.festivalenescu.ro\/wp-content\/uploads\/2023\/11\/favicon.png\" class=\"g-placeholder\" alt=\"\" srcset=\"https:\/\/2024.festivalenescu.ro\/wp-content\/uploads\/2023\/11\/favicon.png 512w, https:\/\/2024.festivalenescu.ro\/wp-content\/uploads\/2023\/11\/favicon-200x200.png 200w, https:\/\/2024.festivalenescu.ro\/wp-content\/uploads\/2023\/11\/favicon-150x150.png 150w, https:\/\/2024.festivalenescu.ro\/wp-content\/uploads\/2023\/11\/favicon-400x400.png 400w, https:\/\/2024.festivalenescu.ro\/wp-content\/uploads\/2023\/11\/favicon-300x300.png 300w\" sizes=\"auto, (max-width: 512px) 100vw, 512px\" \/><\/div><div class=\"post_navigation-item-arrow\"><\/div><div class=\"post_navigation-item-title\"><span>5-6.09 &#8211; Sec\u021biunea Violoncel, Etapa a II-a<\/span><\/div><\/a><\/div><\/div><\/div><\/div><\/div><\/div><\/section>\n","protected":false},"excerpt":{"rendered":"ENRICO DINDO violoncel (membru \u00een juriul Concursului Interna\u021bional George Enescu 2024) MIKHAIL MORDVINOV pian Robert Schumann\u00a0Fantasiest\u00fccke op. 73 Serghei Prokofiev Sonata \u00een do major pentru violoncel \u0219i pian op. 119 Robert Schumann\u00a0Adagio \u0219i Allegro op. 70 Nikolai Miaskovski Sonata nr. 2 \u00een la minor pentru violoncel \u0219i pian op. 81 Data: Miercuri, 4 septembrie 2024...","protected":false},"author":4,"featured_media":1085,"parent":2249,"menu_order":1,"comment_status":"closed","ping_status":"closed","template":"","meta":{"footnotes":""},"class_list":["post-1088","page","type-page","status-publish","has-post-thumbnail","hentry"],"_links":{"self":[{"href":"https:\/\/2024.festivalenescu.ro\/ro\/wp-json\/wp\/v2\/pages\/1088","targetHints":{"allow":["GET"]}}],"collection":[{"href":"https:\/\/2024.festivalenescu.ro\/ro\/wp-json\/wp\/v2\/pages"}],"about":[{"href":"https:\/\/2024.festivalenescu.ro\/ro\/wp-json\/wp\/v2\/types\/page"}],"author":[{"embeddable":true,"href":"https:\/\/2024.festivalenescu.ro\/ro\/wp-json\/wp\/v2\/users\/4"}],"replies":[{"embeddable":true,"href":"https:\/\/2024.festivalenescu.ro\/ro\/wp-json\/wp\/v2\/comments?post=1088"}],"version-history":[{"count":4,"href":"https:\/\/2024.festivalenescu.ro\/ro\/wp-json\/wp\/v2\/pages\/1088\/revisions"}],"predecessor-version":[{"id":2935,"href":"https:\/\/2024.festivalenescu.ro\/ro\/wp-json\/wp\/v2\/pages\/1088\/revisions\/2935"}],"up":[{"embeddable":true,"href":"https:\/\/2024.festivalenescu.ro\/ro\/wp-json\/wp\/v2\/pages\/2249"}],"wp:featuredmedia":[{"embeddable":true,"href":"https:\/\/2024.festivalenescu.ro\/ro\/wp-json\/wp\/v2\/media\/1085"}],"wp:attachment":[{"href":"https:\/\/2024.festivalenescu.ro\/ro\/wp-json\/wp\/v2\/media?parent=1088"}],"curies":[{"name":"wp","href":"https:\/\/api.w.org\/{rel}","templated":true}]}}