{"id":1096,"date":"2024-04-03T08:30:23","date_gmt":"2024-04-03T05:30:23","guid":{"rendered":"https:\/\/concurs.festivalenescu.ro\/?page_id=1096"},"modified":"2024-04-03T09:53:05","modified_gmt":"2024-04-03T06:53:05","slug":"enrico-dindo","status":"publish","type":"page","link":"https:\/\/2024.festivalenescu.ro\/ro\/juriile\/juriu-violoncel\/enrico-dindo\/","title":{"rendered":"Enrico Dindo"},"content":{"rendered":"<section class=\"l-section wpb_row height_medium\"><div class=\"l-section-h i-cf\"><div class=\"g-cols vc_row via_flex valign_top type_default stacking_default\"><div class=\"vc_col-sm-6 wpb_column vc_column_container\"><div class=\"vc_column-inner\"><div class=\"wpb_wrapper\"><div class=\"wpb_text_column\"><div class=\"wpb_wrapper\"><p>Enrico Dindo s-a n\u0103scut \u00eentr-o familie de muzicieni. La v\u00e2rsta de \u0219ase ani a \u00eenceput s\u0103 studieze violoncelul, iar ulterior a absolvit Conservatorul de Stat Giuseppe Verdi din Torino. Mai t\u00e2rziu, a lucrat cu Egidio Roveda \u0219i Antonio Janigro. Din 1987 a activat ca prim violoncelist al Orchestrei Teatrului Scala, p\u00e2n\u0103 \u00een 1998.<br \/>\n\u00cen 1997 a c\u00e2\u0219tigat Premiul I la Concursul de Violoncel Rostropovich de la Paris. Marele maestru rus a scris despre el c\u0103 \u201eeste un violoncelist cu calit\u0103\u021bi excep\u021bionale, un artist complet \u0219i un muzician format, cu un sunet extraordinar care curge ca o splendid\u0103 voce italian\u0103\u201d. De atunci, a \u00eenceput activitatea ca solist concert\u00e2nd \u00een numeroase \u021b\u0103ri, cu ansambluri prestigioase precum Orchestra Filarmonicii BBC, Orchestra Filarmonicii din Rotterdam, Orchestra Na\u021bional\u0103 a Fran\u021bei, Orchestra Na\u021bional\u0103 Capitole Toulouse, Filarmonica Scala, Orchestra Filarmonicii din Sankt Petersburg, Orchestra Simfonic\u0103 de Stat din S\u00e3o Paulo, Orchestra Simfonic\u0103 din Tokyo, Orchestra Simfonic\u0103 din Chicago \u0219i Gewandhausorchester Leipzig. De asemenea, a colaborat cu dirijori importan\u021bi precum Riccardo Chailly, Aldo Ceccato, Gianandrea Noseda, Myung-Whun Chung, Daniele Gatti, Yuri Temirkanov, Paavo J\u00e4rvi, Valery Gergiev, Riccardo Muti, precum \u0219i cu Mstislav Rostropovich.<br \/>\n\u00cen 2000, Asocia\u021bia Na\u021bional\u0103 Italian\u0103 a Criticilor Muzicali i-a onferit Premiul Abbiati pentru cel mai bun solist al stagiunii 1998-1999. \u00cen 2004 a fost desemnat c\u00e2\u0219tig\u0103torul celui de-al VI-lea Concurs Interna\u021bional Web Concert Hall, iar \u00een 2005, pre\u0219edintele Republicii Italiene, Carlo Azeglio Ciampi, i-a acordat Premiul Vittorio De Sica.<br \/>\nDirijor al Orchestrei de Camer\u0103 I Solisti di Pavia, ansamblu pe care l-a fondat \u00een 2001, director muzical al Orchestrei Simfonice HRT din Zagreb (2014-2021), director artistic al Academiei Filarmonica Romana (din 2022), Enrico Dindo pred\u0103 violoncelul la Conservatorul Elve\u021biei Italiene din Lugano, la Academia Pavia Cello \u0219i la cursurile de var\u0103 ale Festivalului Muzical Garda Lake.<\/p>\n<\/div><\/div><\/div><\/div><\/div><div class=\"vc_col-sm-6 wpb_column vc_column_container\"><div class=\"vc_column-inner\"><div class=\"wpb_wrapper\"><div class=\"w-ibanner animation_phorcys ratio_1x1 easing_easeInOutCirc\"><div class=\"w-ibanner-h\"><div class=\"w-ibanner-image\" style=\"background-image: url(https:\/\/2024.festivalenescu.ro\/wp-content\/uploads\/2024\/03\/enricodindo_7602_Credits-Fulvia-Farassino-1.png)\"><\/div><div class=\"w-ibanner-content\"><div class=\"w-ibanner-content-h\"><h2 class=\"w-ibanner-title\"><\/h2><div class=\"w-ibanner-desc\"><p>\u00a9 Fulvia Farassino<\/p>\n<\/div><\/div><\/div><\/div><\/div><\/div><\/div><\/div><\/div><\/div><\/section><section class=\"l-section wpb_row height_medium\"><div class=\"l-section-h i-cf\"><div class=\"g-cols vc_row via_flex valign_top type_default stacking_default\"><div class=\"vc_col-sm-12 wpb_column vc_column_container\"><div class=\"vc_column-inner\"><div class=\"wpb_wrapper\"><div class=\"wpb_text_column\"><div class=\"wpb_wrapper\"><p>Share:<\/p>\n<\/div><\/div><div class=\"w-sharing type_simple align_none color_default\"><div class=\"w-sharing-list\"><a class=\"w-sharing-item email\" href=\"mailto:?subject=Enrico Dindo&amp;body=https:\/\/2024.festivalenescu.ro\/ro\/wp-json\/wp\/v2\/pages\/1096\" title=\"Email this\" aria-label=\"Email this\"><i class=\"fas fa-envelope\"><\/i><\/a><a class=\"w-sharing-item facebook\" href=\"https:\/\/www.facebook.com\/sharer\/sharer.php?u=https:\/\/2024.festivalenescu.ro\/ro\/wp-json\/wp\/v2\/pages\/1096&amp;quote=Enrico Dindo\" title=\"Share this\" aria-label=\"Share this\" onclick=\"window.open(this.href, &quot;facebook&quot;, &quot;toolbar=0,width=900,height=500&quot;); return false;\"><i class=\"fab fa-facebook\"><\/i><\/a><a class=\"w-sharing-item twitter\" href=\"https:\/\/twitter.com\/intent\/tweet?text=Enrico Dindo&amp;url=https:\/\/2024.festivalenescu.ro\/ro\/wp-json\/wp\/v2\/pages\/1096\" title=\"Tweet this\" aria-label=\"Tweet this\" onclick=\"window.open(this.href, &quot;twitter&quot;, &quot;toolbar=0,width=650,height=360&quot;); return false;\"><i class=\"fab fa-x-twitter\"><svg style=\"width:1em; margin-bottom:-.1em;\" xmlns=\"http:\/\/www.w3.org\/2000\/svg\" viewBox=\"0 0 512 512\"><path fill=\"currentColor\" d=\"M389.2 48h70.6L305.6 224.2 487 464H345L233.7 318.6 106.5 464H35.8L200.7 275.5 26.8 48H172.4L272.9 180.9 389.2 48zM364.4 421.8h39.1L151.1 88h-42L364.4 421.8z\"\/><\/svg><\/i><\/a><a class=\"w-sharing-item linkedin\" href=\"https:\/\/www.linkedin.com\/shareArticle?mini=true&amp;url=https:\/\/2024.festivalenescu.ro\/ro\/wp-json\/wp\/v2\/pages\/1096\" title=\"Share this\" aria-label=\"Share this\" onclick=\"window.open(this.href, &quot;linkedin&quot;, &quot;toolbar=no,width=550,height=550&quot;); return false;\"><i class=\"fab fa-linkedin\"><\/i><\/a><a class=\"w-sharing-item whatsapp\" href=\"https:\/\/web.whatsapp.com\/send?text=Enrico Dindo https:\/\/2024.festivalenescu.ro\/ro\/wp-json\/wp\/v2\/pages\/1096\" title=\"Share this\" aria-label=\"Share this\" onclick=\"window.open(this.href, &quot;whatsapp&quot;, &quot;toolbar=0,width=900,height=500&quot;); return false;\"><i class=\"fab fa-whatsapp\"><\/i><\/a><a class=\"w-sharing-item reddit\" href=\"https:\/\/www.reddit.com\/submit?url=https:\/\/2024.festivalenescu.ro\/ro\/wp-json\/wp\/v2\/pages\/1096&amp;title=Enrico Dindo\" title=\"Share this\" aria-label=\"Share this\" onclick=\"window.open(this.href, &quot;reddit&quot;, &quot;toolbar=no,width=900,height=500&quot;); return false;\"><i class=\"fab fa-reddit\"><\/i><\/a><a class=\"w-sharing-item telegram\" href=\"https:\/\/t.me\/share\/url?url=https:\/\/2024.festivalenescu.ro\/ro\/wp-json\/wp\/v2\/pages\/1096&amp;text=Enrico Dindo\" title=\"Share this\" aria-label=\"Share this\" onclick=\"window.open(this.href, &quot;telegram&quot;, &quot;toolbar=no,width=600,height=450&quot;); return false;\"><i class=\"fab fa-telegram\"><\/i><\/a><\/div><\/div><div class=\"w-post-elm post_navigation layout_sided inv_false\"><a class=\"post_navigation-item order_first to_prev\" href=\"https:\/\/2024.festivalenescu.ro\/ro\/juriile\/juriu-compozitie\/doina-rotaru\/\" title=\"Doina Rotaru\"><div class=\"post_navigation-item-img\"><img decoding=\"async\" src=\"https:\/\/2024.festivalenescu.ro\/wp-content\/uploads\/2024\/03\/Doina-Rotaru-900x675.jpg\" loading=\"lazy\" alt=\"\" width=\"150\" height=\"150\"><\/div><div class=\"post_navigation-item-arrow\"><\/div><div class=\"post_navigation-item-title\"><span>Doina Rotaru<\/span><\/div><\/a><a class=\"post_navigation-item order_second to_next\" href=\"https:\/\/2024.festivalenescu.ro\/ro\/juriile\/juriu-violoncel\/leonid-gorokhov\/\" title=\"Leonid Gorokhov\"><div class=\"post_navigation-item-img\"><img decoding=\"async\" src=\"https:\/\/2024.festivalenescu.ro\/wp-content\/uploads\/2024\/03\/Leonid-Gorokhov-600x900.jpeg\" loading=\"lazy\" alt=\"\" width=\"150\" height=\"150\"><\/div><div class=\"post_navigation-item-arrow\"><\/div><div class=\"post_navigation-item-title\"><span>Leonid Gorokhov<\/span><\/div><\/a><\/div><\/div><\/div><\/div><\/div><\/div><\/section>\n","protected":false},"excerpt":{"rendered":"Enrico Dindo s-a n\u0103scut \u00eentr-o familie de muzicieni. La v\u00e2rsta de \u0219ase ani a \u00eenceput s\u0103 studieze violoncelul, iar ulterior a absolvit Conservatorul de Stat Giuseppe Verdi din Torino. Mai t\u00e2rziu, a lucrat cu Egidio Roveda \u0219i Antonio Janigro. Din 1987 a activat ca prim violoncelist al Orchestrei Teatrului Scala, p\u00e2n\u0103 \u00een 1998. \u00cen 1997...","protected":false},"author":4,"featured_media":1093,"parent":2249,"menu_order":0,"comment_status":"closed","ping_status":"closed","template":"","meta":{"footnotes":""},"class_list":["post-1096","page","type-page","status-publish","has-post-thumbnail","hentry"],"_links":{"self":[{"href":"https:\/\/2024.festivalenescu.ro\/ro\/wp-json\/wp\/v2\/pages\/1096","targetHints":{"allow":["GET"]}}],"collection":[{"href":"https:\/\/2024.festivalenescu.ro\/ro\/wp-json\/wp\/v2\/pages"}],"about":[{"href":"https:\/\/2024.festivalenescu.ro\/ro\/wp-json\/wp\/v2\/types\/page"}],"author":[{"embeddable":true,"href":"https:\/\/2024.festivalenescu.ro\/ro\/wp-json\/wp\/v2\/users\/4"}],"replies":[{"embeddable":true,"href":"https:\/\/2024.festivalenescu.ro\/ro\/wp-json\/wp\/v2\/comments?post=1096"}],"version-history":[{"count":3,"href":"https:\/\/2024.festivalenescu.ro\/ro\/wp-json\/wp\/v2\/pages\/1096\/revisions"}],"predecessor-version":[{"id":1321,"href":"https:\/\/2024.festivalenescu.ro\/ro\/wp-json\/wp\/v2\/pages\/1096\/revisions\/1321"}],"up":[{"embeddable":true,"href":"https:\/\/2024.festivalenescu.ro\/ro\/wp-json\/wp\/v2\/pages\/2249"}],"wp:featuredmedia":[{"embeddable":true,"href":"https:\/\/2024.festivalenescu.ro\/ro\/wp-json\/wp\/v2\/media\/1093"}],"wp:attachment":[{"href":"https:\/\/2024.festivalenescu.ro\/ro\/wp-json\/wp\/v2\/media?parent=1096"}],"curies":[{"name":"wp","href":"https:\/\/api.w.org\/{rel}","templated":true}]}}