{"id":1129,"date":"2024-04-03T08:30:46","date_gmt":"2024-04-03T05:30:46","guid":{"rendered":"https:\/\/concurs.festivalenescu.ro\/?page_id=1129"},"modified":"2024-04-03T09:53:20","modified_gmt":"2024-04-03T06:53:20","slug":"meehae-ryo","status":"publish","type":"page","link":"https:\/\/2024.festivalenescu.ro\/ro\/juriile\/juriu-violoncel\/meehae-ryo\/","title":{"rendered":"Meehae Ryo"},"content":{"rendered":"<section class=\"l-section wpb_row height_medium\"><div class=\"l-section-h i-cf\"><div class=\"g-cols vc_row via_flex valign_top type_default stacking_default\"><div class=\"vc_col-sm-6 wpb_column vc_column_container\"><div class=\"vc_column-inner\"><div class=\"wpb_wrapper\"><div class=\"wpb_text_column\"><div class=\"wpb_wrapper\"><p>Virtuozitatea tehnic\u0103 uluitoare \u0219i muzicalitatea captivant\u0103 a violoncelistei Meehae Ryo o situeaz\u0103 drept cea mai recunoscut\u0103 violoncelist\u0103 din Republica Coreea. A fost l\u0103udat\u0103 pentru performan\u021bele sale de top, iar unele dintre cele mai importante presta\u021bii ale sale au fost cele al\u0103turi de legendara pianist\u0103 Martha Argerich \u0219i de violonistul virtuoz Shlomo Mintz.<br \/>\nMeehae Ryo a luat primele lec\u021bii de violoncel la frageda v\u00e2rst\u0103 de \u0219ase ani. A c\u00e2\u0219tigat toate concursurile na\u021bionale, st\u00e2rnindu-\u0219i ambi\u021bia de a studia \u00een str\u0103in\u0103tate pentru a-\u0219i dezvolta abilit\u0103\u021bile muzicale \u00een cele mai bune \u0219coli de muzic\u0103. La v\u00e2rsta de 16 ani a intrat la Julliard School, iar ulterior \u0219i-a completat studiile cu titlul de doctor \u00een muzic\u0103 la Universitatea din Michigan, preg\u0103tindu-se s\u0103 devin\u0103 un muzician des\u0103v\u00e2r\u0219it.<br \/>\nA c\u00e2ntat al\u0103turi de numeroase ansambluri, precum Filarmonica din Berlin, Orchestra Simfonic\u0103 din N\u00fcrnberg, Orchestra Simfonic\u0103 Radio din Praga, Orchestra Simfonic\u0103 Radio din Slovacia, Filarmonica din Israel, Filarmonica din Hong Kong, Orchestra Simfonic\u0103 din Roma, Filarmonica din Malta, Filarmonica din Seul, Orchestra Simfonic\u0103 Na\u021bional\u0103 Coreean\u0103, Filarmonica din Bucheon, Orchestra Simfonic\u0103 din Daegu, Filarmonica din Wonju \u0219i Filarmonica Jeju Prime. \u00cempreun\u0103 cu acestea, a interpretat pe scenele unora dintre cele mai cunoscute s\u0103li de concerte, precum Musikverein, Carnegie Hall, Sala Filarmonicii din Berlin, Sala Liszt, Herkulessaal, Sala Dvo\u0159\u00e1k, Sala Verdi, Sala Smetana \u0219i Auditorium della Conciliazione.<br \/>\n\u00cen 2013, a lansat un album la Deutsche Grammophon, \u00eenregistr\u00e2nd concertele pentru violoncel de Saint-Sa\u00ebns \u0219i Elgar. Anterior, a mai lansat dou\u0103 albume la Sony Entertainment, unul al\u0103turi de Orchestra Simfonic\u0103 Radio din Praga, condus\u0103 de Vladim\u00edr V\u00e1lek, \u0219i altul \u00eempreun\u0103 cu Cosmopolitan Trio.<br \/>\nArtista nu s-a limitat la concerte, ci a f\u0103cut parte \u0219i din juriile mai multor concursuri interna\u021bionale. \u00cen prezent, locuie\u0219te la Viena, unde sus\u021bine peste 30 de concerte pe an ca violoncelist concertist \u0219i, de asemenea, este director artistic la IMK.<\/p>\n<\/div><\/div><\/div><\/div><\/div><div class=\"vc_col-sm-6 wpb_column vc_column_container\"><div class=\"vc_column-inner\"><div class=\"wpb_wrapper\"><div class=\"w-ibanner animation_phorcys ratio_1x1 easing_easeInOutCirc\"><div class=\"w-ibanner-h\"><div class=\"w-ibanner-image\" style=\"background-image: url(https:\/\/2024.festivalenescu.ro\/wp-content\/uploads\/2024\/03\/Ryo-Meehae-3-scaled.jpeg)\"><\/div><div class=\"w-ibanner-content\"><div class=\"w-ibanner-content-h\"><h2 class=\"w-ibanner-title\"><\/h2><div class=\"w-ibanner-desc\"><\/div><\/div><\/div><\/div><\/div><\/div><\/div><\/div><\/div><\/div><\/section><section class=\"l-section wpb_row height_medium\"><div class=\"l-section-h i-cf\"><div class=\"g-cols vc_row via_flex valign_top type_default stacking_default\"><div class=\"vc_col-sm-12 wpb_column vc_column_container\"><div class=\"vc_column-inner\"><div class=\"wpb_wrapper\"><div class=\"wpb_text_column\"><div class=\"wpb_wrapper\"><p>Share:<\/p>\n<\/div><\/div><div class=\"w-sharing type_simple align_none color_default\"><div class=\"w-sharing-list\"><a class=\"w-sharing-item email\" href=\"mailto:?subject=Meehae Ryo&amp;body=https:\/\/2024.festivalenescu.ro\/ro\/wp-json\/wp\/v2\/pages\/1129\" title=\"Email this\" aria-label=\"Email this\"><i class=\"fas fa-envelope\"><\/i><\/a><a class=\"w-sharing-item facebook\" href=\"https:\/\/www.facebook.com\/sharer\/sharer.php?u=https:\/\/2024.festivalenescu.ro\/ro\/wp-json\/wp\/v2\/pages\/1129&amp;quote=Meehae Ryo\" title=\"Share this\" aria-label=\"Share this\" onclick=\"window.open(this.href, &quot;facebook&quot;, &quot;toolbar=0,width=900,height=500&quot;); return false;\"><i class=\"fab fa-facebook\"><\/i><\/a><a class=\"w-sharing-item twitter\" href=\"https:\/\/twitter.com\/intent\/tweet?text=Meehae Ryo&amp;url=https:\/\/2024.festivalenescu.ro\/ro\/wp-json\/wp\/v2\/pages\/1129\" title=\"Tweet this\" aria-label=\"Tweet this\" onclick=\"window.open(this.href, &quot;twitter&quot;, &quot;toolbar=0,width=650,height=360&quot;); return false;\"><i class=\"fab fa-x-twitter\"><svg style=\"width:1em; margin-bottom:-.1em;\" xmlns=\"http:\/\/www.w3.org\/2000\/svg\" viewBox=\"0 0 512 512\"><path fill=\"currentColor\" d=\"M389.2 48h70.6L305.6 224.2 487 464H345L233.7 318.6 106.5 464H35.8L200.7 275.5 26.8 48H172.4L272.9 180.9 389.2 48zM364.4 421.8h39.1L151.1 88h-42L364.4 421.8z\"\/><\/svg><\/i><\/a><a class=\"w-sharing-item linkedin\" href=\"https:\/\/www.linkedin.com\/shareArticle?mini=true&amp;url=https:\/\/2024.festivalenescu.ro\/ro\/wp-json\/wp\/v2\/pages\/1129\" title=\"Share this\" aria-label=\"Share this\" onclick=\"window.open(this.href, &quot;linkedin&quot;, &quot;toolbar=no,width=550,height=550&quot;); return false;\"><i class=\"fab fa-linkedin\"><\/i><\/a><a class=\"w-sharing-item whatsapp\" href=\"https:\/\/web.whatsapp.com\/send?text=Meehae Ryo https:\/\/2024.festivalenescu.ro\/ro\/wp-json\/wp\/v2\/pages\/1129\" title=\"Share this\" aria-label=\"Share this\" onclick=\"window.open(this.href, &quot;whatsapp&quot;, &quot;toolbar=0,width=900,height=500&quot;); return false;\"><i class=\"fab fa-whatsapp\"><\/i><\/a><a class=\"w-sharing-item reddit\" href=\"https:\/\/www.reddit.com\/submit?url=https:\/\/2024.festivalenescu.ro\/ro\/wp-json\/wp\/v2\/pages\/1129&amp;title=Meehae Ryo\" title=\"Share this\" aria-label=\"Share this\" onclick=\"window.open(this.href, &quot;reddit&quot;, &quot;toolbar=no,width=900,height=500&quot;); return false;\"><i class=\"fab fa-reddit\"><\/i><\/a><a class=\"w-sharing-item telegram\" href=\"https:\/\/t.me\/share\/url?url=https:\/\/2024.festivalenescu.ro\/ro\/wp-json\/wp\/v2\/pages\/1129&amp;text=Meehae Ryo\" title=\"Share this\" aria-label=\"Share this\" onclick=\"window.open(this.href, &quot;telegram&quot;, &quot;toolbar=no,width=600,height=450&quot;); return false;\"><i class=\"fab fa-telegram\"><\/i><\/a><\/div><\/div><div class=\"w-post-elm post_navigation layout_sided inv_false\"><a class=\"post_navigation-item order_first to_prev\" href=\"https:\/\/2024.festivalenescu.ro\/ro\/juriile\/juriu-violoncel\/charlotte-lee\/\" title=\"Charlotte Lee\"><div class=\"post_navigation-item-img\"><img decoding=\"async\" src=\"https:\/\/2024.festivalenescu.ro\/wp-content\/uploads\/2024\/03\/Charlotte-Lee-IV-\u00a9-Grittani-Creative-600x900.jpg\" loading=\"lazy\" alt=\"\" width=\"150\" height=\"150\"><\/div><div class=\"post_navigation-item-arrow\"><\/div><div class=\"post_navigation-item-title\"><span>Charlotte Lee<\/span><\/div><\/a><a class=\"post_navigation-item order_second to_next\" href=\"https:\/\/2024.festivalenescu.ro\/ro\/juriile\/juriu-pian\/dana-borsan\/\" title=\"Dana Bor\u0219an\"><div class=\"post_navigation-item-img\"><img decoding=\"async\" src=\"https:\/\/2024.festivalenescu.ro\/wp-content\/uploads\/2024\/03\/Dana-Borsan-06-900x675.jpeg\" loading=\"lazy\" alt=\"\" width=\"150\" height=\"150\"><\/div><div class=\"post_navigation-item-arrow\"><\/div><div class=\"post_navigation-item-title\"><span>Dana Bor\u0219an<\/span><\/div><\/a><\/div><\/div><\/div><\/div><\/div><\/div><\/section>\n","protected":false},"excerpt":{"rendered":"Virtuozitatea tehnic\u0103 uluitoare \u0219i muzicalitatea captivant\u0103 a violoncelistei Meehae Ryo o situeaz\u0103 drept cea mai recunoscut\u0103 violoncelist\u0103 din Republica Coreea. A fost l\u0103udat\u0103 pentru performan\u021bele sale de top, iar unele dintre cele mai importante presta\u021bii ale sale au fost cele al\u0103turi de legendara pianist\u0103 Martha Argerich \u0219i de violonistul virtuoz Shlomo Mintz. Meehae Ryo a...","protected":false},"author":4,"featured_media":1126,"parent":2249,"menu_order":0,"comment_status":"closed","ping_status":"closed","template":"","meta":{"footnotes":""},"class_list":["post-1129","page","type-page","status-publish","has-post-thumbnail","hentry"],"_links":{"self":[{"href":"https:\/\/2024.festivalenescu.ro\/ro\/wp-json\/wp\/v2\/pages\/1129","targetHints":{"allow":["GET"]}}],"collection":[{"href":"https:\/\/2024.festivalenescu.ro\/ro\/wp-json\/wp\/v2\/pages"}],"about":[{"href":"https:\/\/2024.festivalenescu.ro\/ro\/wp-json\/wp\/v2\/types\/page"}],"author":[{"embeddable":true,"href":"https:\/\/2024.festivalenescu.ro\/ro\/wp-json\/wp\/v2\/users\/4"}],"replies":[{"embeddable":true,"href":"https:\/\/2024.festivalenescu.ro\/ro\/wp-json\/wp\/v2\/comments?post=1129"}],"version-history":[{"count":3,"href":"https:\/\/2024.festivalenescu.ro\/ro\/wp-json\/wp\/v2\/pages\/1129\/revisions"}],"predecessor-version":[{"id":1322,"href":"https:\/\/2024.festivalenescu.ro\/ro\/wp-json\/wp\/v2\/pages\/1129\/revisions\/1322"}],"up":[{"embeddable":true,"href":"https:\/\/2024.festivalenescu.ro\/ro\/wp-json\/wp\/v2\/pages\/2249"}],"wp:featuredmedia":[{"embeddable":true,"href":"https:\/\/2024.festivalenescu.ro\/ro\/wp-json\/wp\/v2\/media\/1126"}],"wp:attachment":[{"href":"https:\/\/2024.festivalenescu.ro\/ro\/wp-json\/wp\/v2\/media?parent=1129"}],"curies":[{"name":"wp","href":"https:\/\/api.w.org\/{rel}","templated":true}]}}