{"id":1138,"date":"2024-04-03T08:30:32","date_gmt":"2024-04-03T05:30:32","guid":{"rendered":"https:\/\/concurs.festivalenescu.ro\/?page_id=1138"},"modified":"2024-04-03T09:53:25","modified_gmt":"2024-04-03T06:53:25","slug":"raimund-trenkler","status":"publish","type":"page","link":"https:\/\/2024.festivalenescu.ro\/ro\/juriile\/juriu-violoncel\/raimund-trenkler\/","title":{"rendered":"Raimund Trenkler"},"content":{"rendered":"<section class=\"l-section wpb_row height_medium\"><div class=\"l-section-h i-cf\"><div class=\"g-cols vc_row via_flex valign_top type_default stacking_default\"><div class=\"vc_col-sm-6 wpb_column vc_column_container\"><div class=\"vc_column-inner\"><div class=\"wpb_wrapper\"><div class=\"wpb_text_column\"><div class=\"wpb_wrapper\"><p>Raimund Trenkler s-a n\u0103scut \u00een 1962 \u0219i a crescut \u00een Berlin. Dup\u0103 ce \u0219i-a finalizat studiile la Londra, \u00een 1990 a preluat postul de prim violoncelist solist al Orchestrei Simfonice din Seul. \u00cen 1991, a fondat ansamblul Cellissimo, format din cinci violonceli\u0219ti, cu care a concertat la festivaluri interna\u021bionale din \u00eentreaga lume.<br \/>\nUn an mai t\u00e2rziu, \u00eempreun\u0103 cu Marta Casals Istomin \u2013 v\u0103duva lui Pablo Casals \u2013 \u0219i cu Mstislav Rostropovich, a dezvoltat ideea de a-l s\u0103rb\u0103tori pe Pablo Casals \u0219i mesajul s\u0103u de omenie absolut\u0103, reunind la Kronberg muzicieni din toate genera\u021biile din \u00eentreaga lume pentru a face muzic\u0103 \u00eempreun\u0103 \u0219i a \u00eenv\u0103\u021ba unii de la al\u021bii. \u00cen acest scop, Raimund Trenkler \u0219i un grup de sponsori priva\u021bi au fondat Academia Kronberg, \u00een februarie 1993.<br \/>\nAst\u0103zi, la Academia Kronberg, cei mai renumi\u021bi profesori din domeniile lor preg\u0103tesc tineri arti\u0219ti talenta\u021bi la vioar\u0103, viol\u0103, violoncel \u0219i pian pentru a deveni soli\u0219ti. \u00cen acest fel, Academia consider\u0103 c\u0103 rolul s\u0103u este de a-i ajuta pe ace\u0219ti tineri muzicieni s\u0103 devin\u0103 cei mai buni, contribuind \u00een acela\u0219i timp la con\u0219tientizarea responsabilit\u0103\u021bii lor fa\u021b\u0103 de societate. La ini\u021biativa \u0219i sub conducerea lui Raimund Trenkler, Academia Kronberg a construit Forumul Casals din Kronberg, o sal\u0103 de concerte unic\u0103 pentru o audien\u021b\u0103 de aproximativ 550 de persoane, precum \u0219i un nou centru de studiu \u0219i administrativ. Inaugurarea a fost s\u0103rb\u0103torit\u0103 \u00een cadrul Festivalului Kronberg din 2022.<br \/>\nRaimund Trenkler este pre\u0219edintele consiliului de administra\u021bie al Funda\u021biei Academiei Kronberg, precum \u0219i pre\u0219edintele funda\u021biilor Rostropovich Cello \u0219i Gidon Kremer. A f\u0103cut \u0219i continu\u0103 s\u0103 fac\u0103 parte \u00een mod regulat din juriile multor concursuri interna\u021bionale de vioar\u0103, viol\u0103 \u0219i violoncel.<\/p>\n<\/div><\/div><\/div><\/div><\/div><div class=\"vc_col-sm-6 wpb_column vc_column_container\"><div class=\"vc_column-inner\"><div class=\"wpb_wrapper\"><div class=\"w-ibanner animation_phorcys ratio_1x1 easing_easeInOutCirc\"><div class=\"w-ibanner-h\"><div class=\"w-ibanner-image\" style=\"background-image: url(https:\/\/2024.festivalenescu.ro\/wp-content\/uploads\/2024\/03\/Raimund-Trenkler-Wonge-Borgmann-scaled.jpg)\"><\/div><div class=\"w-ibanner-content\"><div class=\"w-ibanner-content-h\"><h2 class=\"w-ibanner-title\"><\/h2><div class=\"w-ibanner-desc\"><p>\u00a9 Wonge Borgmann<\/p>\n<\/div><\/div><\/div><\/div><\/div><\/div><\/div><\/div><\/div><\/div><\/section><section class=\"l-section wpb_row height_medium\"><div class=\"l-section-h i-cf\"><div class=\"g-cols vc_row via_flex valign_top type_default stacking_default\"><div class=\"vc_col-sm-12 wpb_column vc_column_container\"><div class=\"vc_column-inner\"><div class=\"wpb_wrapper\"><div class=\"wpb_text_column\"><div class=\"wpb_wrapper\"><p>Share:<\/p>\n<\/div><\/div><div class=\"w-sharing type_simple align_none color_default\"><div class=\"w-sharing-list\"><a class=\"w-sharing-item email\" href=\"mailto:?subject=Raimund Trenkler&amp;body=https:\/\/2024.festivalenescu.ro\/ro\/wp-json\/wp\/v2\/pages\/1138\" title=\"Email this\" aria-label=\"Email this\"><i class=\"fas fa-envelope\"><\/i><\/a><a class=\"w-sharing-item facebook\" href=\"https:\/\/www.facebook.com\/sharer\/sharer.php?u=https:\/\/2024.festivalenescu.ro\/ro\/wp-json\/wp\/v2\/pages\/1138&amp;quote=Raimund Trenkler\" title=\"Share this\" aria-label=\"Share this\" onclick=\"window.open(this.href, &quot;facebook&quot;, &quot;toolbar=0,width=900,height=500&quot;); return false;\"><i class=\"fab fa-facebook\"><\/i><\/a><a class=\"w-sharing-item twitter\" href=\"https:\/\/twitter.com\/intent\/tweet?text=Raimund Trenkler&amp;url=https:\/\/2024.festivalenescu.ro\/ro\/wp-json\/wp\/v2\/pages\/1138\" title=\"Tweet this\" aria-label=\"Tweet this\" onclick=\"window.open(this.href, &quot;twitter&quot;, &quot;toolbar=0,width=650,height=360&quot;); return false;\"><i class=\"fab fa-x-twitter\"><svg style=\"width:1em; margin-bottom:-.1em;\" xmlns=\"http:\/\/www.w3.org\/2000\/svg\" viewBox=\"0 0 512 512\"><path fill=\"currentColor\" d=\"M389.2 48h70.6L305.6 224.2 487 464H345L233.7 318.6 106.5 464H35.8L200.7 275.5 26.8 48H172.4L272.9 180.9 389.2 48zM364.4 421.8h39.1L151.1 88h-42L364.4 421.8z\"\/><\/svg><\/i><\/a><a class=\"w-sharing-item linkedin\" href=\"https:\/\/www.linkedin.com\/shareArticle?mini=true&amp;url=https:\/\/2024.festivalenescu.ro\/ro\/wp-json\/wp\/v2\/pages\/1138\" title=\"Share this\" aria-label=\"Share this\" onclick=\"window.open(this.href, &quot;linkedin&quot;, &quot;toolbar=no,width=550,height=550&quot;); return false;\"><i class=\"fab fa-linkedin\"><\/i><\/a><a class=\"w-sharing-item whatsapp\" href=\"https:\/\/web.whatsapp.com\/send?text=Raimund Trenkler https:\/\/2024.festivalenescu.ro\/ro\/wp-json\/wp\/v2\/pages\/1138\" title=\"Share this\" aria-label=\"Share this\" onclick=\"window.open(this.href, &quot;whatsapp&quot;, &quot;toolbar=0,width=900,height=500&quot;); return false;\"><i class=\"fab fa-whatsapp\"><\/i><\/a><a class=\"w-sharing-item reddit\" href=\"https:\/\/www.reddit.com\/submit?url=https:\/\/2024.festivalenescu.ro\/ro\/wp-json\/wp\/v2\/pages\/1138&amp;title=Raimund Trenkler\" title=\"Share this\" aria-label=\"Share this\" onclick=\"window.open(this.href, &quot;reddit&quot;, &quot;toolbar=no,width=900,height=500&quot;); return false;\"><i class=\"fab fa-reddit\"><\/i><\/a><a class=\"w-sharing-item telegram\" href=\"https:\/\/t.me\/share\/url?url=https:\/\/2024.festivalenescu.ro\/ro\/wp-json\/wp\/v2\/pages\/1138&amp;text=Raimund Trenkler\" title=\"Share this\" aria-label=\"Share this\" onclick=\"window.open(this.href, &quot;telegram&quot;, &quot;toolbar=no,width=600,height=450&quot;); return false;\"><i class=\"fab fa-telegram\"><\/i><\/a><\/div><\/div><div class=\"w-post-elm post_navigation layout_sided inv_false\"><a class=\"post_navigation-item order_first to_prev\" href=\"https:\/\/2024.festivalenescu.ro\/ro\/juriile\/juriu-compozitie\/tim-benjamin\/\" title=\"Tim Benjamin\"><div class=\"post_navigation-item-img\"><img decoding=\"async\" src=\"https:\/\/2024.festivalenescu.ro\/wp-content\/uploads\/2024\/03\/IMG_5097-A-1-900x712.jpg\" loading=\"lazy\" alt=\"\" width=\"150\" height=\"150\"><\/div><div class=\"post_navigation-item-arrow\"><\/div><div class=\"post_navigation-item-title\"><span>Tim Benjamin<\/span><\/div><\/a><a class=\"post_navigation-item order_second to_next\" href=\"https:\/\/2024.festivalenescu.ro\/ro\/juriile\/juriu-vioara\/shlomo-mintz\/\" title=\"Shlomo Mintz\"><div class=\"post_navigation-item-img\"><img decoding=\"async\" src=\"https:\/\/2024.festivalenescu.ro\/wp-content\/uploads\/2024\/03\/8Q9A4488-1-707x900.jpg\" loading=\"lazy\" alt=\"\" width=\"150\" height=\"150\"><\/div><div class=\"post_navigation-item-arrow\"><\/div><div class=\"post_navigation-item-title\"><span>Shlomo Mintz<\/span><\/div><\/a><\/div><\/div><\/div><\/div><\/div><\/div><\/section>\n","protected":false},"excerpt":{"rendered":"Raimund Trenkler s-a n\u0103scut \u00een 1962 \u0219i a crescut \u00een Berlin. Dup\u0103 ce \u0219i-a finalizat studiile la Londra, \u00een 1990 a preluat postul de prim violoncelist solist al Orchestrei Simfonice din Seul. \u00cen 1991, a fondat ansamblul Cellissimo, format din cinci violonceli\u0219ti, cu care a concertat la festivaluri interna\u021bionale din \u00eentreaga lume. Un an mai...","protected":false},"author":4,"featured_media":1135,"parent":2249,"menu_order":0,"comment_status":"closed","ping_status":"closed","template":"","meta":{"footnotes":""},"class_list":["post-1138","page","type-page","status-publish","has-post-thumbnail","hentry"],"_links":{"self":[{"href":"https:\/\/2024.festivalenescu.ro\/ro\/wp-json\/wp\/v2\/pages\/1138","targetHints":{"allow":["GET"]}}],"collection":[{"href":"https:\/\/2024.festivalenescu.ro\/ro\/wp-json\/wp\/v2\/pages"}],"about":[{"href":"https:\/\/2024.festivalenescu.ro\/ro\/wp-json\/wp\/v2\/types\/page"}],"author":[{"embeddable":true,"href":"https:\/\/2024.festivalenescu.ro\/ro\/wp-json\/wp\/v2\/users\/4"}],"replies":[{"embeddable":true,"href":"https:\/\/2024.festivalenescu.ro\/ro\/wp-json\/wp\/v2\/comments?post=1138"}],"version-history":[{"count":2,"href":"https:\/\/2024.festivalenescu.ro\/ro\/wp-json\/wp\/v2\/pages\/1138\/revisions"}],"predecessor-version":[{"id":1317,"href":"https:\/\/2024.festivalenescu.ro\/ro\/wp-json\/wp\/v2\/pages\/1138\/revisions\/1317"}],"up":[{"embeddable":true,"href":"https:\/\/2024.festivalenescu.ro\/ro\/wp-json\/wp\/v2\/pages\/2249"}],"wp:featuredmedia":[{"embeddable":true,"href":"https:\/\/2024.festivalenescu.ro\/ro\/wp-json\/wp\/v2\/media\/1135"}],"wp:attachment":[{"href":"https:\/\/2024.festivalenescu.ro\/ro\/wp-json\/wp\/v2\/media?parent=1138"}],"curies":[{"name":"wp","href":"https:\/\/api.w.org\/{rel}","templated":true}]}}