{"id":1151,"date":"2024-04-03T08:30:06","date_gmt":"2024-04-03T05:30:06","guid":{"rendered":"https:\/\/concurs.festivalenescu.ro\/?page_id=1151"},"modified":"2024-04-03T09:53:14","modified_gmt":"2024-04-03T06:53:14","slug":"marin-cazacu","status":"publish","type":"page","link":"https:\/\/2024.festivalenescu.ro\/ro\/juriile\/juriu-violoncel\/marin-cazacu\/","title":{"rendered":"Marin Cazacu"},"content":{"rendered":"<section class=\"l-section wpb_row height_medium\"><div class=\"l-section-h i-cf\"><div class=\"g-cols vc_row via_flex valign_top type_default stacking_default\"><div class=\"vc_col-sm-6 wpb_column vc_column_container\"><div class=\"vc_column-inner\"><div class=\"wpb_wrapper\"><div class=\"wpb_text_column\"><div class=\"wpb_wrapper\"><p>Marin Cazacu a studiat violoncelul cu Serafim Antropov \u0219i Aurel Niculescu la Conservatorul Ciprian Porumbescu din Bucure\u0219ti, iar ulterior s-a perfec\u021bionat la Weimar, cu profesorul Mez\u00f6 L\u00e1szlo. Este laureat al concursurilor interna\u021bionale de la Geneva, Markneukirchen, Leipzig, Bologna \u0219i Belgrad.<br \/>\n\u00cen 1983, \u0219i-a \u00eenceput activitatea ca solist concertist al Filarmonicii George Enescu, colabor\u00e2nd cu dirijori precum Ghennady Rozhdestvensky, Sergiu Comissiona, Cristian Mandeal, L\u00fc Jia, Nanse Gum, Horia Andreescu, Antoni Ros-Marb\u00e0, Mendi Rodan, Misha Katz, Jean P\u00e9risson. A evoluat \u00een diverse forma\u021bii camerale al\u0103turi de Valentin Gheorghiu, Vladimir Orlov, Radu Aldulescu, Viktor Tretiakov, Ilya Grubert, Mihaela Martin, Mirel Iancovici, Silvia Marcovici, Jeremy Menuhin, ca membru al trioului Pro Arte \u0219i colaborator al Cvartetului Voces.<br \/>\nDin 1992, Marin Cazacu este profesor la Universitatea Na\u021bional\u0103 de Muzic\u0103 din Bucure\u0219ti, studen\u021bii s\u0103i afirm\u00e2ndu-se cu succes pe scene din \u021bar\u0103 \u0219i din str\u0103in\u0103tate. \u00cen 1998 a fondat cvartetul Cellissimo, \u00eempreun\u0103 cu Alexandra Gu\u021bu, R\u0103zvan Suma \u0219i Olga M\u0103nescu, iar al\u0103turi de studen\u021bii s\u0103i sus\u021bine recitaluri \u0219i turnee \u00een formula de 8 p\u00e2n\u0103 la 20 de violoncele a ansamblului Violoncellissimo, recordul fiind atins \u00een formula orchestral\u0103 de 100 de violoncele.<br \/>\n\u00cen 1999, a \u00eenfiin\u021bat Festivalul Interna\u021bional Enescu \u0219i muzica lumii, care se desf\u0103\u0219oar\u0103 \u00een fiecare var\u0103 la Sinaia, \u00een preajma anivers\u0103rii zilei de na\u0219tere a marelui muzician. Pentru organizarea acestui festival \u0219i \u00eenfiin\u021barea primei Orchestre Na\u021bionale de Tineret, a fost distins cu diverse premii, oferite de <em>Actualitatea Muzical\u0103<\/em> \u0219i Radio Rom\u00e2nia Cultural, dar \u0219i premiile Constantin Br\u00e2ncoveanu \u0219i Oamenii Timpului. \u00cen 2017 a primit Ordinul Steaua Italiei, iar \u00een 2019 Pre\u0219edintele Rom\u00e2niei i-a acordat Ordinul Na\u021bional Pentru Merit \u00een grad de Cavaler.<br \/>\n\u00cen perioada 2014-2022 a fost manager al Centrului Na\u021bional de Art\u0103 Tinerimea Rom\u00e2n\u0103 \u0219i membru \u00een conducerea Federa\u021biei Europene a Orchestrelor Na\u021bionale de Tineret. Din aprilie 2022 este managerul Filarmonicii George Enescu din Bucure\u0219ti.<\/p>\n<\/div><\/div><\/div><\/div><\/div><div class=\"vc_col-sm-6 wpb_column vc_column_container\"><div class=\"vc_column-inner\"><div class=\"wpb_wrapper\"><div class=\"w-ibanner animation_phorcys ratio_1x1 easing_easeInOutCirc\"><div class=\"w-ibanner-h\"><div class=\"w-ibanner-image\" style=\"background-image: url(https:\/\/2024.festivalenescu.ro\/wp-content\/uploads\/2024\/04\/Foto-Marin-Cazacu-OK-min-scaled.jpg)\"><\/div><div class=\"w-ibanner-content\"><div class=\"w-ibanner-content-h\"><h2 class=\"w-ibanner-title\"><\/h2><div class=\"w-ibanner-desc\"><\/div><\/div><\/div><\/div><\/div><\/div><\/div><\/div><\/div><\/div><\/section><section class=\"l-section wpb_row height_medium\"><div class=\"l-section-h i-cf\"><div class=\"g-cols vc_row via_flex valign_top type_default stacking_default\"><div class=\"vc_col-sm-12 wpb_column vc_column_container\"><div class=\"vc_column-inner\"><div class=\"wpb_wrapper\"><div class=\"wpb_text_column\"><div class=\"wpb_wrapper\"><p>Share:<\/p>\n<\/div><\/div><div class=\"w-sharing type_simple align_none color_default\"><div class=\"w-sharing-list\"><a class=\"w-sharing-item email\" href=\"mailto:?subject=Marin Cazacu&amp;body=https:\/\/2024.festivalenescu.ro\/ro\/wp-json\/wp\/v2\/pages\/1151\" title=\"Email this\" aria-label=\"Email this\"><i class=\"fas fa-envelope\"><\/i><\/a><a class=\"w-sharing-item facebook\" href=\"https:\/\/www.facebook.com\/sharer\/sharer.php?u=https:\/\/2024.festivalenescu.ro\/ro\/wp-json\/wp\/v2\/pages\/1151&amp;quote=Marin Cazacu\" title=\"Share this\" aria-label=\"Share this\" onclick=\"window.open(this.href, &quot;facebook&quot;, &quot;toolbar=0,width=900,height=500&quot;); return false;\"><i class=\"fab fa-facebook\"><\/i><\/a><a class=\"w-sharing-item twitter\" href=\"https:\/\/twitter.com\/intent\/tweet?text=Marin Cazacu&amp;url=https:\/\/2024.festivalenescu.ro\/ro\/wp-json\/wp\/v2\/pages\/1151\" title=\"Tweet this\" aria-label=\"Tweet this\" onclick=\"window.open(this.href, &quot;twitter&quot;, &quot;toolbar=0,width=650,height=360&quot;); return false;\"><i class=\"fab fa-x-twitter\"><svg style=\"width:1em; margin-bottom:-.1em;\" xmlns=\"http:\/\/www.w3.org\/2000\/svg\" viewBox=\"0 0 512 512\"><path fill=\"currentColor\" d=\"M389.2 48h70.6L305.6 224.2 487 464H345L233.7 318.6 106.5 464H35.8L200.7 275.5 26.8 48H172.4L272.9 180.9 389.2 48zM364.4 421.8h39.1L151.1 88h-42L364.4 421.8z\"\/><\/svg><\/i><\/a><a class=\"w-sharing-item linkedin\" href=\"https:\/\/www.linkedin.com\/shareArticle?mini=true&amp;url=https:\/\/2024.festivalenescu.ro\/ro\/wp-json\/wp\/v2\/pages\/1151\" title=\"Share this\" aria-label=\"Share this\" onclick=\"window.open(this.href, &quot;linkedin&quot;, &quot;toolbar=no,width=550,height=550&quot;); return false;\"><i class=\"fab fa-linkedin\"><\/i><\/a><a class=\"w-sharing-item whatsapp\" href=\"https:\/\/web.whatsapp.com\/send?text=Marin Cazacu https:\/\/2024.festivalenescu.ro\/ro\/wp-json\/wp\/v2\/pages\/1151\" title=\"Share this\" aria-label=\"Share this\" onclick=\"window.open(this.href, &quot;whatsapp&quot;, &quot;toolbar=0,width=900,height=500&quot;); return false;\"><i class=\"fab fa-whatsapp\"><\/i><\/a><a class=\"w-sharing-item reddit\" href=\"https:\/\/www.reddit.com\/submit?url=https:\/\/2024.festivalenescu.ro\/ro\/wp-json\/wp\/v2\/pages\/1151&amp;title=Marin Cazacu\" title=\"Share this\" aria-label=\"Share this\" onclick=\"window.open(this.href, &quot;reddit&quot;, &quot;toolbar=no,width=900,height=500&quot;); return false;\"><i class=\"fab fa-reddit\"><\/i><\/a><a class=\"w-sharing-item telegram\" href=\"https:\/\/t.me\/share\/url?url=https:\/\/2024.festivalenescu.ro\/ro\/wp-json\/wp\/v2\/pages\/1151&amp;text=Marin Cazacu\" title=\"Share this\" aria-label=\"Share this\" onclick=\"window.open(this.href, &quot;telegram&quot;, &quot;toolbar=no,width=600,height=450&quot;); return false;\"><i class=\"fab fa-telegram\"><\/i><\/a><\/div><\/div><div class=\"w-post-elm post_navigation layout_sided inv_false\"><a class=\"post_navigation-item order_first to_prev\" href=\"https:\/\/2024.festivalenescu.ro\/ro\/juriile\/juriu-violoncel\/valentin-radutiu\/\" title=\"Valentin R\u0103du\u021biu\"><div class=\"post_navigation-item-img\"><img decoding=\"async\" src=\"https:\/\/2024.festivalenescu.ro\/wp-content\/uploads\/2024\/03\/DSC4948-900x600.jpeg\" loading=\"lazy\" alt=\"\" width=\"150\" height=\"150\"><\/div><div class=\"post_navigation-item-arrow\"><\/div><div class=\"post_navigation-item-title\"><span>Valentin R\u0103du\u021biu<\/span><\/div><\/a><a class=\"post_navigation-item order_second to_next\" href=\"https:\/\/2024.festivalenescu.ro\/ro\/juriile\/juriu-compozitie\/outi-tarkiainen\/\" title=\"Outi Tarkiainen\"><div class=\"post_navigation-item-img\"><img decoding=\"async\" src=\"https:\/\/2024.festivalenescu.ro\/wp-content\/uploads\/2024\/03\/Outi-Tarkiainen-foto-credit-Sigel-Eschkol-900x600.jpg\" loading=\"lazy\" alt=\"\" width=\"150\" height=\"150\"><\/div><div class=\"post_navigation-item-arrow\"><\/div><div class=\"post_navigation-item-title\"><span>Outi Tarkiainen<\/span><\/div><\/a><\/div><\/div><\/div><\/div><\/div><\/div><\/section>\n","protected":false},"excerpt":{"rendered":"Marin Cazacu a studiat violoncelul cu Serafim Antropov \u0219i Aurel Niculescu la Conservatorul Ciprian Porumbescu din Bucure\u0219ti, iar ulterior s-a perfec\u021bionat la Weimar, cu profesorul Mez\u00f6 L\u00e1szlo. Este laureat al concursurilor interna\u021bionale de la Geneva, Markneukirchen, Leipzig, Bologna \u0219i Belgrad. \u00cen 1983, \u0219i-a \u00eenceput activitatea ca solist concertist al Filarmonicii George Enescu, colabor\u00e2nd cu dirijori...","protected":false},"author":4,"featured_media":1393,"parent":2249,"menu_order":0,"comment_status":"closed","ping_status":"closed","template":"","meta":{"footnotes":""},"class_list":["post-1151","page","type-page","status-publish","has-post-thumbnail","hentry"],"_links":{"self":[{"href":"https:\/\/2024.festivalenescu.ro\/ro\/wp-json\/wp\/v2\/pages\/1151","targetHints":{"allow":["GET"]}}],"collection":[{"href":"https:\/\/2024.festivalenescu.ro\/ro\/wp-json\/wp\/v2\/pages"}],"about":[{"href":"https:\/\/2024.festivalenescu.ro\/ro\/wp-json\/wp\/v2\/types\/page"}],"author":[{"embeddable":true,"href":"https:\/\/2024.festivalenescu.ro\/ro\/wp-json\/wp\/v2\/users\/4"}],"replies":[{"embeddable":true,"href":"https:\/\/2024.festivalenescu.ro\/ro\/wp-json\/wp\/v2\/comments?post=1151"}],"version-history":[{"count":4,"href":"https:\/\/2024.festivalenescu.ro\/ro\/wp-json\/wp\/v2\/pages\/1151\/revisions"}],"predecessor-version":[{"id":1395,"href":"https:\/\/2024.festivalenescu.ro\/ro\/wp-json\/wp\/v2\/pages\/1151\/revisions\/1395"}],"up":[{"embeddable":true,"href":"https:\/\/2024.festivalenescu.ro\/ro\/wp-json\/wp\/v2\/pages\/2249"}],"wp:featuredmedia":[{"embeddable":true,"href":"https:\/\/2024.festivalenescu.ro\/ro\/wp-json\/wp\/v2\/media\/1393"}],"wp:attachment":[{"href":"https:\/\/2024.festivalenescu.ro\/ro\/wp-json\/wp\/v2\/media?parent=1151"}],"curies":[{"name":"wp","href":"https:\/\/api.w.org\/{rel}","templated":true}]}}