{"id":1158,"date":"2024-04-03T08:30:01","date_gmt":"2024-04-03T05:30:01","guid":{"rendered":"https:\/\/concurs.festivalenescu.ro\/?page_id=1158"},"modified":"2024-04-03T09:50:57","modified_gmt":"2024-04-03T06:50:57","slug":"boris-garlitsky","status":"publish","type":"page","link":"https:\/\/2024.festivalenescu.ro\/ro\/juriile\/juriu-vioara\/boris-garlitsky\/","title":{"rendered":"Boris Garlitsky"},"content":{"rendered":"<section class=\"l-section wpb_row height_medium\"><div class=\"l-section-h i-cf\"><div class=\"g-cols vc_row via_flex valign_top type_default stacking_default\"><div class=\"vc_col-sm-6 wpb_column vc_column_container\"><div class=\"vc_column-inner\"><div class=\"wpb_wrapper\"><div class=\"wpb_text_column\"><div class=\"wpb_wrapper\"><p>\u201eBoris Garlitsky este un muzician extrem de viu, foarte inteligent \u0219i flexibil, cu un sunet rotund minunat \u0219i o tehnic\u0103 solid\u0103 \u0219i sigur\u0103\u201d. Acestea sunt cuvintele lui Kurt Masur, cu care violonistul a lucrat pe parcursul mai multor ani. \u0218i totu\u0219i, cuvintele lui Kurt Masur nu surprind dec\u00e2t o parte din bog\u0103\u021bia muzical\u0103 a lui Boris Garlitsky.<br \/>\n\u00cen 1982, c\u00e2\u0219tig\u0103 Concursul Paganini \u0219i \u00ee\u0219i \u00eencepe cariera de solist. De atunci, a c\u00e2ntat, printre altele, cu Orchestra Filarmonicii din Londra, Orchestra Simfonic\u0103 Radio din Viena, Orchestra de Camer\u0103 din Philadelphia (dirijat\u0103 de Ignat Solzhenitsyn), precum \u0219i cu Orchestra Giuseppe Verdi din Milano \u0219i cu orchestra britanic\u0103 The Age of Enlightenment. Interpret\u0103rile Concertului pentru vioar\u0103 de \u0218ostakovici, cu Orchestra Na\u021bional\u0103 din Lyon, au fost l\u0103udate \u00een pres\u0103: \u201eIntensitatea \u0219i irezistibila for\u021b\u0103 de convingere aduse de \u00eentreaga pricepere a lui Boris Garlitsky au fost demne de prima interpretare a lucr\u0103rii, a lui David Oistrakh\u201d, a comentat <em>Le Figaro Lyon<\/em>.<br \/>\nBoris Garlitsky particip\u0103 la numeroase festivaluri interna\u021bionale \u0219i c\u00e2nt\u0103 pentru BBC, Radio France, precum \u0219i pentru o serie de posturi de radio din Italia, Rusia \u0219i Statele Unite. A \u00eenregistrat pentru casele de discuri RCA, Naxos, Chandos \u0219i Polymnie. Printre arti\u0219tii care i-au fost parteneri se num\u0103r\u0103 Pinchas Zukerman, Gidon Kremer, Martha Argerich, Anne-Sophie Mutter, Vadim Repin, Truls M\u00f8rk, Maria-Jo\u00e3o Pires.<br \/>\nN\u0103scut \u00een Rusia, Boris Garlitsky a luat primele lec\u021bii de muzic\u0103 de la tat\u0103l s\u0103u, autorul manualului etalon pentru tinerii violoni\u0219ti, <em>Step by Step<\/em>. A studiat cu profesorul Yuri Yankelevich la Conservatorul Ceaikovski din Moscova, iar ulterior a activat \u00een calitate de concertmaestru la Virtuosi din Moscova, Orchestra Simfonic\u0103 din Londra, Orchestra Operei Regale Covent Garden, Orchestra Simfonic\u0103 Radio ORF din Viena, Filarmonica din Hamburg.<br \/>\n\u00cen prezent, Boris Garlitsky ofer\u0103 anual cursuri de m\u0103iestrie \u00een cadrul celor mai renumite institu\u021bii muzicale, printre care se num\u0103r\u0103 Institutul de Muzic\u0103 Curtis din Philadelphia, Conservatorul Peabody din Baltimore, Conservatorul Hanns Eisler din Berlin \u0219i Academia Kronberg.<\/p>\n<\/div><\/div><\/div><\/div><\/div><div class=\"vc_col-sm-6 wpb_column vc_column_container\"><div class=\"vc_column-inner\"><div class=\"wpb_wrapper\"><div class=\"w-ibanner animation_phorcys ratio_1x1 easing_easeInOutCirc\"><div class=\"w-ibanner-h\"><div class=\"w-ibanner-image\" style=\"background-image: url(https:\/\/2024.festivalenescu.ro\/wp-content\/uploads\/2024\/03\/BG-Photo2jpg.jpg)\"><\/div><div class=\"w-ibanner-content\"><div class=\"w-ibanner-content-h\"><h2 class=\"w-ibanner-title\"><\/h2><div class=\"w-ibanner-desc\"><\/div><\/div><\/div><\/div><\/div><\/div><\/div><\/div><\/div><\/div><\/section><section class=\"l-section wpb_row height_medium\"><div class=\"l-section-h i-cf\"><div class=\"g-cols vc_row via_flex valign_top type_default stacking_default\"><div class=\"vc_col-sm-12 wpb_column vc_column_container\"><div class=\"vc_column-inner\"><div class=\"wpb_wrapper\"><div class=\"wpb_text_column\"><div class=\"wpb_wrapper\"><p>Share:<\/p>\n<\/div><\/div><div class=\"w-sharing type_simple align_none color_default\"><div class=\"w-sharing-list\"><a class=\"w-sharing-item email\" href=\"mailto:?subject=Boris Garlitsky&amp;body=https:\/\/2024.festivalenescu.ro\/ro\/wp-json\/wp\/v2\/pages\/1158\" title=\"Email this\" aria-label=\"Email this\"><i class=\"fas fa-envelope\"><\/i><\/a><a class=\"w-sharing-item facebook\" href=\"https:\/\/www.facebook.com\/sharer\/sharer.php?u=https:\/\/2024.festivalenescu.ro\/ro\/wp-json\/wp\/v2\/pages\/1158&amp;quote=Boris Garlitsky\" title=\"Share this\" aria-label=\"Share this\" onclick=\"window.open(this.href, &quot;facebook&quot;, &quot;toolbar=0,width=900,height=500&quot;); return false;\"><i class=\"fab fa-facebook\"><\/i><\/a><a class=\"w-sharing-item twitter\" href=\"https:\/\/twitter.com\/intent\/tweet?text=Boris Garlitsky&amp;url=https:\/\/2024.festivalenescu.ro\/ro\/wp-json\/wp\/v2\/pages\/1158\" title=\"Tweet this\" aria-label=\"Tweet this\" onclick=\"window.open(this.href, &quot;twitter&quot;, &quot;toolbar=0,width=650,height=360&quot;); return false;\"><i class=\"fab fa-x-twitter\"><svg style=\"width:1em; margin-bottom:-.1em;\" xmlns=\"http:\/\/www.w3.org\/2000\/svg\" viewBox=\"0 0 512 512\"><path fill=\"currentColor\" d=\"M389.2 48h70.6L305.6 224.2 487 464H345L233.7 318.6 106.5 464H35.8L200.7 275.5 26.8 48H172.4L272.9 180.9 389.2 48zM364.4 421.8h39.1L151.1 88h-42L364.4 421.8z\"\/><\/svg><\/i><\/a><a class=\"w-sharing-item linkedin\" href=\"https:\/\/www.linkedin.com\/shareArticle?mini=true&amp;url=https:\/\/2024.festivalenescu.ro\/ro\/wp-json\/wp\/v2\/pages\/1158\" title=\"Share this\" aria-label=\"Share this\" onclick=\"window.open(this.href, &quot;linkedin&quot;, &quot;toolbar=no,width=550,height=550&quot;); return false;\"><i class=\"fab fa-linkedin\"><\/i><\/a><a class=\"w-sharing-item whatsapp\" href=\"https:\/\/web.whatsapp.com\/send?text=Boris Garlitsky https:\/\/2024.festivalenescu.ro\/ro\/wp-json\/wp\/v2\/pages\/1158\" title=\"Share this\" aria-label=\"Share this\" onclick=\"window.open(this.href, &quot;whatsapp&quot;, &quot;toolbar=0,width=900,height=500&quot;); return false;\"><i class=\"fab fa-whatsapp\"><\/i><\/a><a class=\"w-sharing-item reddit\" href=\"https:\/\/www.reddit.com\/submit?url=https:\/\/2024.festivalenescu.ro\/ro\/wp-json\/wp\/v2\/pages\/1158&amp;title=Boris Garlitsky\" title=\"Share this\" aria-label=\"Share this\" onclick=\"window.open(this.href, &quot;reddit&quot;, &quot;toolbar=no,width=900,height=500&quot;); return false;\"><i class=\"fab fa-reddit\"><\/i><\/a><a class=\"w-sharing-item telegram\" href=\"https:\/\/t.me\/share\/url?url=https:\/\/2024.festivalenescu.ro\/ro\/wp-json\/wp\/v2\/pages\/1158&amp;text=Boris Garlitsky\" title=\"Share this\" aria-label=\"Share this\" onclick=\"window.open(this.href, &quot;telegram&quot;, &quot;toolbar=no,width=600,height=450&quot;); return false;\"><i class=\"fab fa-telegram\"><\/i><\/a><\/div><\/div><div class=\"w-post-elm post_navigation layout_sided inv_false\"><a class=\"post_navigation-item order_first to_prev\" href=\"https:\/\/2024.festivalenescu.ro\/ro\/juriile\/juriu-violoncel\/david-geringas-presedinte-juriu-violoncel\/\" title=\"David Geringas &#8211; pre\u0219edinte juriu violoncel\"><div class=\"post_navigation-item-img\"><img decoding=\"async\" src=\"https:\/\/2024.festivalenescu.ro\/wp-content\/uploads\/2024\/03\/dl_dg_1-603x900.jpg\" loading=\"lazy\" alt=\"\" width=\"150\" height=\"150\"><\/div><div class=\"post_navigation-item-arrow\"><\/div><div class=\"post_navigation-item-title\"><span>David Geringas &#8211; pre\u0219edinte juriu violoncel<\/span><\/div><\/a><a class=\"post_navigation-item order_second to_next\" href=\"https:\/\/2024.festivalenescu.ro\/ro\/juriile\/juriu-compozitie\/gerard-mcburney\/\" title=\"Gerard McBurney\"><div class=\"post_navigation-item-img\"><img decoding=\"async\" src=\"https:\/\/2024.festivalenescu.ro\/wp-content\/uploads\/2024\/03\/GERARD-McBURNEY-900x900.jpeg\" loading=\"lazy\" alt=\"\" width=\"150\" height=\"150\"><\/div><div class=\"post_navigation-item-arrow\"><\/div><div class=\"post_navigation-item-title\"><span>Gerard McBurney<\/span><\/div><\/a><\/div><\/div><\/div><\/div><\/div><\/div><\/section>\n","protected":false},"excerpt":{"rendered":"\u201eBoris Garlitsky este un muzician extrem de viu, foarte inteligent \u0219i flexibil, cu un sunet rotund minunat \u0219i o tehnic\u0103 solid\u0103 \u0219i sigur\u0103\u201d. Acestea sunt cuvintele lui Kurt Masur, cu care violonistul a lucrat pe parcursul mai multor ani. \u0218i totu\u0219i, cuvintele lui Kurt Masur nu surprind dec\u00e2t o parte din bog\u0103\u021bia muzical\u0103 a lui...","protected":false},"author":4,"featured_media":1155,"parent":2255,"menu_order":0,"comment_status":"closed","ping_status":"closed","template":"","meta":{"footnotes":""},"class_list":["post-1158","page","type-page","status-publish","has-post-thumbnail","hentry"],"_links":{"self":[{"href":"https:\/\/2024.festivalenescu.ro\/ro\/wp-json\/wp\/v2\/pages\/1158","targetHints":{"allow":["GET"]}}],"collection":[{"href":"https:\/\/2024.festivalenescu.ro\/ro\/wp-json\/wp\/v2\/pages"}],"about":[{"href":"https:\/\/2024.festivalenescu.ro\/ro\/wp-json\/wp\/v2\/types\/page"}],"author":[{"embeddable":true,"href":"https:\/\/2024.festivalenescu.ro\/ro\/wp-json\/wp\/v2\/users\/4"}],"replies":[{"embeddable":true,"href":"https:\/\/2024.festivalenescu.ro\/ro\/wp-json\/wp\/v2\/comments?post=1158"}],"version-history":[{"count":2,"href":"https:\/\/2024.festivalenescu.ro\/ro\/wp-json\/wp\/v2\/pages\/1158\/revisions"}],"predecessor-version":[{"id":1369,"href":"https:\/\/2024.festivalenescu.ro\/ro\/wp-json\/wp\/v2\/pages\/1158\/revisions\/1369"}],"up":[{"embeddable":true,"href":"https:\/\/2024.festivalenescu.ro\/ro\/wp-json\/wp\/v2\/pages\/2255"}],"wp:featuredmedia":[{"embeddable":true,"href":"https:\/\/2024.festivalenescu.ro\/ro\/wp-json\/wp\/v2\/media\/1155"}],"wp:attachment":[{"href":"https:\/\/2024.festivalenescu.ro\/ro\/wp-json\/wp\/v2\/media?parent=1158"}],"curies":[{"name":"wp","href":"https:\/\/api.w.org\/{rel}","templated":true}]}}