{"id":1168,"date":"2024-04-03T08:30:12","date_gmt":"2024-04-03T05:30:12","guid":{"rendered":"https:\/\/concurs.festivalenescu.ro\/?page_id=1168"},"modified":"2024-04-03T10:12:44","modified_gmt":"2024-04-03T07:12:44","slug":"david-halen","status":"publish","type":"page","link":"https:\/\/2024.festivalenescu.ro\/ro\/juriile\/juriu-vioara\/david-halen\/","title":{"rendered":"David Halen"},"content":{"rendered":"<section class=\"l-section wpb_row height_medium\"><div class=\"l-section-h i-cf\"><div class=\"g-cols vc_row via_flex valign_top type_default stacking_default\"><div class=\"vc_col-sm-6 wpb_column vc_column_container\"><div class=\"vc_column-inner\"><div class=\"wpb_wrapper\"><div class=\"wpb_text_column\"><div class=\"wpb_wrapper\"><p>Concertmaestru al Orchestrei Simfonice din St. Louis, coordonat\u0103 de directorul muzical David Robertson, David Halen este recunoscut drept unul dintre cei mai aprecia\u021bi conduc\u0103tori muzicali ai unei orchestre americane. Pe l\u00e2ng\u0103 \u00eendatoririle sale \u00een orchestr\u0103, din septembrie 2012 s-a al\u0103turat corpului profesoral al Universit\u0103\u021bii din Michigan \u0219i are numero\u0219i studen\u021bi de succes din \u00eentreaga \u021bar\u0103. \u00cen timpul verii, este concertmaestru \u0219i profesor de vioar\u0103 la Festivalul \u0219i \u0218coala de Muzic\u0103 Aspen din Colorado.<br \/>\n\u00cenc\u0103 din copil\u0103rie, nu a fost nevoit s\u0103 caute prea departe surse de inspira\u021bie muzical\u0103: a \u00eenceput s\u0103 c\u00e2nte la vioar\u0103 la v\u00e2rsta de \u0219ase ani, iar la v\u00e2rsta de 18 ani \u0219i-a ob\u021binut diploma de licen\u021b\u0103 studiind cu tat\u0103l s\u0103u, regretatul Walter Halen. \u00cen acela\u0219i an, a c\u00e2\u0219tigat concursul Asocia\u021biei Na\u021bionale a Profesorilor de Muzic\u0103 \u0219i a primit o burs\u0103 Fulbright pentru a studia la Conservatorul de Muzic\u0103 din Freiburg, fiind cel mai t\u00e2n\u0103r laureat care a primit vreodat\u0103 acest premiu prestigios.<br \/>\n\u00centre 1982 \u0219i 1991, a fost concertmaestru secund al Orchestrei Simfonice din Houston sub conducerea lui Sergiu Comissiona \u0219i Christoph Eschenbach. S-a al\u0103turat Orchestrei Simfonice din St. Louis, unde a fost numit oficial concertmaestru \u00een septembrie 1995, perioad\u0103 \u00een care directori muzicali erau Leonard Slatkin \u0219i Hans Vonk. De asemenea, a fost solist \u00een majoritatea concertelor importante din St. Louis, a predat \u0219i a fost concertmaestru la Orchestra Simfonic\u0103 din Cincinnati, WDR K\u00f6ln, orchestrele simfonice din San Francisco, Detroit \u0219i Toronto, \u0218coala de Muzic\u0103 din Manhattan, Universitatea Indiana, Academia de Muzic\u0103 de Vest din Santa Barbara \u0219i la Orchestra Simfonic\u0103 New World din Miami. Este director artistic al Festivalului de Arte Missouri River din Boonville. David Halen c\u00e2nt\u0103 pe o vioar\u0103 Giovanni Battista Guadagnini, fabricat\u0103 \u00een 1753.<\/p>\n<\/div><\/div><\/div><\/div><\/div><div class=\"vc_col-sm-6 wpb_column vc_column_container\"><div class=\"vc_column-inner\"><div class=\"wpb_wrapper\"><div class=\"w-ibanner animation_phorcys ratio_1x1 easing_easeInOutCirc\"><div class=\"w-ibanner-h\"><div class=\"w-ibanner-image\" style=\"background-image: url(https:\/\/2024.festivalenescu.ro\/wp-content\/uploads\/2024\/03\/image0-1.jpeg)\"><\/div><div class=\"w-ibanner-content\"><div class=\"w-ibanner-content-h\"><h2 class=\"w-ibanner-title\"><\/h2><div class=\"w-ibanner-desc\"><\/div><\/div><\/div><\/div><\/div><\/div><\/div><\/div><\/div><\/div><\/section><section class=\"l-section wpb_row height_medium\"><div class=\"l-section-h i-cf\"><div class=\"g-cols vc_row via_flex valign_top type_default stacking_default\"><div class=\"vc_col-sm-12 wpb_column vc_column_container\"><div class=\"vc_column-inner\"><div class=\"wpb_wrapper\"><div class=\"wpb_text_column\"><div class=\"wpb_wrapper\"><p>Share:<\/p>\n<\/div><\/div><div class=\"w-sharing type_simple align_none color_default\"><div class=\"w-sharing-list\"><a class=\"w-sharing-item email\" href=\"mailto:?subject=David Halen&amp;body=https:\/\/2024.festivalenescu.ro\/ro\/wp-json\/wp\/v2\/pages\/1168\" title=\"Email this\" aria-label=\"Email this\"><i class=\"fas fa-envelope\"><\/i><\/a><a class=\"w-sharing-item facebook\" href=\"https:\/\/www.facebook.com\/sharer\/sharer.php?u=https:\/\/2024.festivalenescu.ro\/ro\/wp-json\/wp\/v2\/pages\/1168&amp;quote=David Halen\" title=\"Share this\" aria-label=\"Share this\" onclick=\"window.open(this.href, &quot;facebook&quot;, &quot;toolbar=0,width=900,height=500&quot;); return false;\"><i class=\"fab fa-facebook\"><\/i><\/a><a class=\"w-sharing-item twitter\" href=\"https:\/\/twitter.com\/intent\/tweet?text=David Halen&amp;url=https:\/\/2024.festivalenescu.ro\/ro\/wp-json\/wp\/v2\/pages\/1168\" title=\"Tweet this\" aria-label=\"Tweet this\" onclick=\"window.open(this.href, &quot;twitter&quot;, &quot;toolbar=0,width=650,height=360&quot;); return false;\"><i class=\"fab fa-x-twitter\"><svg style=\"width:1em; margin-bottom:-.1em;\" xmlns=\"http:\/\/www.w3.org\/2000\/svg\" viewBox=\"0 0 512 512\"><path fill=\"currentColor\" d=\"M389.2 48h70.6L305.6 224.2 487 464H345L233.7 318.6 106.5 464H35.8L200.7 275.5 26.8 48H172.4L272.9 180.9 389.2 48zM364.4 421.8h39.1L151.1 88h-42L364.4 421.8z\"\/><\/svg><\/i><\/a><a class=\"w-sharing-item linkedin\" href=\"https:\/\/www.linkedin.com\/shareArticle?mini=true&amp;url=https:\/\/2024.festivalenescu.ro\/ro\/wp-json\/wp\/v2\/pages\/1168\" title=\"Share this\" aria-label=\"Share this\" onclick=\"window.open(this.href, &quot;linkedin&quot;, &quot;toolbar=no,width=550,height=550&quot;); return false;\"><i class=\"fab fa-linkedin\"><\/i><\/a><a class=\"w-sharing-item whatsapp\" href=\"https:\/\/web.whatsapp.com\/send?text=David Halen https:\/\/2024.festivalenescu.ro\/ro\/wp-json\/wp\/v2\/pages\/1168\" title=\"Share this\" aria-label=\"Share this\" onclick=\"window.open(this.href, &quot;whatsapp&quot;, &quot;toolbar=0,width=900,height=500&quot;); return false;\"><i class=\"fab fa-whatsapp\"><\/i><\/a><a class=\"w-sharing-item reddit\" href=\"https:\/\/www.reddit.com\/submit?url=https:\/\/2024.festivalenescu.ro\/ro\/wp-json\/wp\/v2\/pages\/1168&amp;title=David Halen\" title=\"Share this\" aria-label=\"Share this\" onclick=\"window.open(this.href, &quot;reddit&quot;, &quot;toolbar=no,width=900,height=500&quot;); return false;\"><i class=\"fab fa-reddit\"><\/i><\/a><a class=\"w-sharing-item telegram\" href=\"https:\/\/t.me\/share\/url?url=https:\/\/2024.festivalenescu.ro\/ro\/wp-json\/wp\/v2\/pages\/1168&amp;text=David Halen\" title=\"Share this\" aria-label=\"Share this\" onclick=\"window.open(this.href, &quot;telegram&quot;, &quot;toolbar=no,width=600,height=450&quot;); return false;\"><i class=\"fab fa-telegram\"><\/i><\/a><\/div><\/div><div class=\"w-post-elm post_navigation layout_sided inv_false\"><a class=\"post_navigation-item order_first to_prev\" href=\"https:\/\/2024.festivalenescu.ro\/ro\/juriile\/juriu-vioara\/mihaela-martin\/\" title=\"Mihaela Martin\"><div class=\"post_navigation-item-img\"><img decoding=\"async\" src=\"https:\/\/2024.festivalenescu.ro\/wp-content\/uploads\/2024\/03\/IMG_0294.jpg\" loading=\"lazy\" alt=\"\" width=\"150\" height=\"150\"><\/div><div class=\"post_navigation-item-arrow\"><\/div><div class=\"post_navigation-item-title\"><span>Mihaela Martin<\/span><\/div><\/a><a class=\"post_navigation-item order_second to_next\" href=\"https:\/\/2024.festivalenescu.ro\/ro\/juriile\/juriu-compozitie\/zygmunt-krauze\/\" title=\"Zygmunt Krauze &#8211; Pre\u0219edinte juriu compozi\u021bie\"><div class=\"post_navigation-item-img\"><img decoding=\"async\" src=\"https:\/\/2024.festivalenescu.ro\/wp-content\/uploads\/2024\/03\/Krauze-03-fot.-Adam-STEPIEN-_-Agencja-Gazeta-900x600.jpg\" loading=\"lazy\" alt=\"\" width=\"150\" height=\"150\"><\/div><div class=\"post_navigation-item-arrow\"><\/div><div class=\"post_navigation-item-title\"><span>Zygmunt Krauze &#8211; Pre\u0219edinte juriu compozi\u021bie<\/span><\/div><\/a><\/div><\/div><\/div><\/div><\/div><\/div><\/section>\n","protected":false},"excerpt":{"rendered":"Concertmaestru al Orchestrei Simfonice din St. Louis, coordonat\u0103 de directorul muzical David Robertson, David Halen este recunoscut drept unul dintre cei mai aprecia\u021bi conduc\u0103tori muzicali ai unei orchestre americane. Pe l\u00e2ng\u0103 \u00eendatoririle sale \u00een orchestr\u0103, din septembrie 2012 s-a al\u0103turat corpului profesoral al Universit\u0103\u021bii din Michigan \u0219i are numero\u0219i studen\u021bi de succes din \u00eentreaga \u021bar\u0103....","protected":false},"author":4,"featured_media":1164,"parent":2255,"menu_order":0,"comment_status":"closed","ping_status":"closed","template":"","meta":{"footnotes":""},"class_list":["post-1168","page","type-page","status-publish","has-post-thumbnail","hentry"],"_links":{"self":[{"href":"https:\/\/2024.festivalenescu.ro\/ro\/wp-json\/wp\/v2\/pages\/1168","targetHints":{"allow":["GET"]}}],"collection":[{"href":"https:\/\/2024.festivalenescu.ro\/ro\/wp-json\/wp\/v2\/pages"}],"about":[{"href":"https:\/\/2024.festivalenescu.ro\/ro\/wp-json\/wp\/v2\/types\/page"}],"author":[{"embeddable":true,"href":"https:\/\/2024.festivalenescu.ro\/ro\/wp-json\/wp\/v2\/users\/4"}],"replies":[{"embeddable":true,"href":"https:\/\/2024.festivalenescu.ro\/ro\/wp-json\/wp\/v2\/comments?post=1168"}],"version-history":[{"count":2,"href":"https:\/\/2024.festivalenescu.ro\/ro\/wp-json\/wp\/v2\/pages\/1168\/revisions"}],"predecessor-version":[{"id":1353,"href":"https:\/\/2024.festivalenescu.ro\/ro\/wp-json\/wp\/v2\/pages\/1168\/revisions\/1353"}],"up":[{"embeddable":true,"href":"https:\/\/2024.festivalenescu.ro\/ro\/wp-json\/wp\/v2\/pages\/2255"}],"wp:featuredmedia":[{"embeddable":true,"href":"https:\/\/2024.festivalenescu.ro\/ro\/wp-json\/wp\/v2\/media\/1164"}],"wp:attachment":[{"href":"https:\/\/2024.festivalenescu.ro\/ro\/wp-json\/wp\/v2\/media?parent=1168"}],"curies":[{"name":"wp","href":"https:\/\/api.w.org\/{rel}","templated":true}]}}