{"id":1182,"date":"2024-04-03T08:30:13","date_gmt":"2024-04-03T05:30:13","guid":{"rendered":"https:\/\/concurs.festivalenescu.ro\/?page_id=1182"},"modified":"2024-04-03T09:51:33","modified_gmt":"2024-04-03T06:51:33","slug":"doug-sheldon","status":"publish","type":"page","link":"https:\/\/2024.festivalenescu.ro\/ro\/juriile\/juriu-vioara\/doug-sheldon\/","title":{"rendered":"Doug Sheldon"},"content":{"rendered":"<section class=\"l-section wpb_row height_medium\"><div class=\"l-section-h i-cf\"><div class=\"g-cols vc_row via_flex valign_top type_default stacking_default\"><div class=\"vc_col-sm-6 wpb_column vc_column_container\"><div class=\"vc_column-inner\"><div class=\"wpb_wrapper\"><div class=\"wpb_text_column\"><div class=\"wpb_wrapper\"><p>De peste 50 de ani, Doug Sheldon este un manager de arti\u0219ti de talie interna\u021bional\u0103, renumit pentru colabor\u0103rile sale \u00een organizarea de turnee orchestrale pentru dirijori precum Kurt Masur, Lorin Maazel, Valery Gergiev, dar \u0219i pentru rela\u021biile sale extinse cu Filarmonica din New York, Orchestra Simfonic\u0103 din Londra, Orchestra din Cleveland, Filarmonica din Los Angeles, Orchestra Na\u021bional\u0103 a Fran\u021bei \u0219i pentru turneele sale cu orchestrele simfonice din San Francisco \u0219i Boston, Orchestra Simfonic\u0103 de Stat din Rusia, orchestrele filarmonice din China \u0219i Shanghai, printre altele. I-a reprezentat pe Valery Gergiev, Rafael Fr\u00fchbeck de Burgos, Leonard Slatkin, Denis Matsuev, Nelson Freire, c\u00e2nt\u0103re\u021bele Grace Bumbry \u0219i Teresa Berganza \u0219i arti\u0219ti precum Leonid Kogan.<br \/>\nDup\u0103 cinci decenii la Columbia Artists, a demisionat din func\u021bia de pre\u0219edinte \u00een 2019 \u0219i a fondat propria sa firm\u0103, Sheldon Artist LLC, prin intermediul c\u0103reia a reprezentat-o, timp de 37 de ani, pe Anne-Sophie Mutter. Printre muzicienii reprezenta\u021bi de Sheldon Artists se num\u0103r\u0103, \u00een prezent, violoni\u0219tii Simone Lamsma, Vadim Repin, Gidon Kremer, Mihaela Martin, piani\u0219tii Lera Auerbach, Yulianna Avdeeva, Claire Huangci, Tom Borrow \u0219i dirijorii Constantine Orbelian, Dennis Russell Davies, Laurence Equilbey, Lera Auerbach, Hannah von Wiehler \u0219i Alondra de la Parra.<br \/>\nDe asemenea, compania Sheldon Artists efectueaz\u0103 turnee cu Orchestra Simfonic\u0103 din Londra cu Antonio Pappano, Orchestra Filarmonic\u0103 din Seul cu Jaap van Zweden \u0219i Daniel Hope, precum \u0219i cu Orchestra de Camer\u0103 din Zurich, Mutter Virtuosi \u0219i Orchestra Simfonic\u0103 Miner\u00eda din Mexic cu Carlos Miguel Prieto.<br \/>\nDoug Sheldon a ocupat, timp de 10 ani, func\u021bia de vicepre\u0219edinte al Funda\u021biei White Nights din America, coordon\u00e2nd Orchestra, Opera \u0219i Baletul Mariinski \u00een turnee. A condus Corul Bisericii St. Peter timp de 45 de ani, continu\u0103 s\u0103 dirijeze corurile Baldwin din New York \u0219i Hamilton College Male Reunion \u0219i se afl\u0103 \u00een al 11-lea an ca pre\u0219edinte al asocia\u021biei absolven\u021bilor \u0219colii sale publice.<\/p>\n<\/div><\/div><\/div><\/div><\/div><div class=\"vc_col-sm-6 wpb_column vc_column_container\"><div class=\"vc_column-inner\"><div class=\"wpb_wrapper\"><div class=\"w-ibanner animation_phorcys ratio_1x1 easing_easeInOutCirc\"><div class=\"w-ibanner-h\"><div class=\"w-ibanner-image\" style=\"background-image: url(https:\/\/2024.festivalenescu.ro\/wp-content\/uploads\/2024\/03\/IMG_1305.jpg)\"><\/div><div class=\"w-ibanner-content\"><div class=\"w-ibanner-content-h\"><h2 class=\"w-ibanner-title\"><\/h2><div class=\"w-ibanner-desc\"><\/div><\/div><\/div><\/div><\/div><\/div><\/div><\/div><\/div><\/div><\/section><section class=\"l-section wpb_row height_medium\"><div class=\"l-section-h i-cf\"><div class=\"g-cols vc_row via_flex valign_top type_default stacking_default\"><div class=\"vc_col-sm-12 wpb_column vc_column_container\"><div class=\"vc_column-inner\"><div class=\"wpb_wrapper\"><div class=\"wpb_text_column\"><div class=\"wpb_wrapper\"><p>Share:<\/p>\n<\/div><\/div><div class=\"w-sharing type_simple align_none color_default\"><div class=\"w-sharing-list\"><a class=\"w-sharing-item email\" href=\"mailto:?subject=Doug Sheldon&amp;body=https:\/\/2024.festivalenescu.ro\/ro\/wp-json\/wp\/v2\/pages\/1182\" title=\"Email this\" aria-label=\"Email this\"><i class=\"fas fa-envelope\"><\/i><\/a><a class=\"w-sharing-item facebook\" href=\"https:\/\/www.facebook.com\/sharer\/sharer.php?u=https:\/\/2024.festivalenescu.ro\/ro\/wp-json\/wp\/v2\/pages\/1182&amp;quote=Doug Sheldon\" title=\"Share this\" aria-label=\"Share this\" onclick=\"window.open(this.href, &quot;facebook&quot;, &quot;toolbar=0,width=900,height=500&quot;); return false;\"><i class=\"fab fa-facebook\"><\/i><\/a><a class=\"w-sharing-item twitter\" href=\"https:\/\/twitter.com\/intent\/tweet?text=Doug Sheldon&amp;url=https:\/\/2024.festivalenescu.ro\/ro\/wp-json\/wp\/v2\/pages\/1182\" title=\"Tweet this\" aria-label=\"Tweet this\" onclick=\"window.open(this.href, &quot;twitter&quot;, &quot;toolbar=0,width=650,height=360&quot;); return false;\"><i class=\"fab fa-x-twitter\"><svg style=\"width:1em; margin-bottom:-.1em;\" xmlns=\"http:\/\/www.w3.org\/2000\/svg\" viewBox=\"0 0 512 512\"><path fill=\"currentColor\" d=\"M389.2 48h70.6L305.6 224.2 487 464H345L233.7 318.6 106.5 464H35.8L200.7 275.5 26.8 48H172.4L272.9 180.9 389.2 48zM364.4 421.8h39.1L151.1 88h-42L364.4 421.8z\"\/><\/svg><\/i><\/a><a class=\"w-sharing-item linkedin\" href=\"https:\/\/www.linkedin.com\/shareArticle?mini=true&amp;url=https:\/\/2024.festivalenescu.ro\/ro\/wp-json\/wp\/v2\/pages\/1182\" title=\"Share this\" aria-label=\"Share this\" onclick=\"window.open(this.href, &quot;linkedin&quot;, &quot;toolbar=no,width=550,height=550&quot;); return false;\"><i class=\"fab fa-linkedin\"><\/i><\/a><a class=\"w-sharing-item whatsapp\" href=\"https:\/\/web.whatsapp.com\/send?text=Doug Sheldon https:\/\/2024.festivalenescu.ro\/ro\/wp-json\/wp\/v2\/pages\/1182\" title=\"Share this\" aria-label=\"Share this\" onclick=\"window.open(this.href, &quot;whatsapp&quot;, &quot;toolbar=0,width=900,height=500&quot;); return false;\"><i class=\"fab fa-whatsapp\"><\/i><\/a><a class=\"w-sharing-item reddit\" href=\"https:\/\/www.reddit.com\/submit?url=https:\/\/2024.festivalenescu.ro\/ro\/wp-json\/wp\/v2\/pages\/1182&amp;title=Doug Sheldon\" title=\"Share this\" aria-label=\"Share this\" onclick=\"window.open(this.href, &quot;reddit&quot;, &quot;toolbar=no,width=900,height=500&quot;); return false;\"><i class=\"fab fa-reddit\"><\/i><\/a><a class=\"w-sharing-item telegram\" href=\"https:\/\/t.me\/share\/url?url=https:\/\/2024.festivalenescu.ro\/ro\/wp-json\/wp\/v2\/pages\/1182&amp;text=Doug Sheldon\" title=\"Share this\" aria-label=\"Share this\" onclick=\"window.open(this.href, &quot;telegram&quot;, &quot;toolbar=no,width=600,height=450&quot;); return false;\"><i class=\"fab fa-telegram\"><\/i><\/a><\/div><\/div><div class=\"w-post-elm post_navigation layout_sided inv_false\"><a class=\"post_navigation-item order_first to_prev\" href=\"https:\/\/2024.festivalenescu.ro\/ro\/juriile\/juriu-compozitie\/zygmunt-krauze\/\" title=\"Zygmunt Krauze &#8211; Pre\u0219edinte juriu compozi\u021bie\"><div class=\"post_navigation-item-img\"><img decoding=\"async\" src=\"https:\/\/2024.festivalenescu.ro\/wp-content\/uploads\/2024\/03\/Krauze-03-fot.-Adam-STEPIEN-_-Agencja-Gazeta-900x600.jpg\" loading=\"lazy\" alt=\"\" width=\"150\" height=\"150\"><\/div><div class=\"post_navigation-item-arrow\"><\/div><div class=\"post_navigation-item-title\"><span>Zygmunt Krauze &#8211; Pre\u0219edinte juriu compozi\u021bie<\/span><\/div><\/a><a class=\"post_navigation-item order_second to_next\" href=\"https:\/\/2024.festivalenescu.ro\/ro\/juriile\/juriu-compozitie\/jennifer-higdon\/\" title=\"Jennifer Higdon\"><div class=\"post_navigation-item-img\"><img decoding=\"async\" src=\"https:\/\/2024.festivalenescu.ro\/wp-content\/uploads\/2024\/03\/Jennifer-Higdon-A.Bogard.credit-601x900.jpg\" loading=\"lazy\" alt=\"\" width=\"150\" height=\"150\"><\/div><div class=\"post_navigation-item-arrow\"><\/div><div class=\"post_navigation-item-title\"><span>Jennifer Higdon<\/span><\/div><\/a><\/div><\/div><\/div><\/div><\/div><\/div><\/section>\n","protected":false},"excerpt":{"rendered":"De peste 50 de ani, Doug Sheldon este un manager de arti\u0219ti de talie interna\u021bional\u0103, renumit pentru colabor\u0103rile sale \u00een organizarea de turnee orchestrale pentru dirijori precum Kurt Masur, Lorin Maazel, Valery Gergiev, dar \u0219i pentru rela\u021biile sale extinse cu Filarmonica din New York, Orchestra Simfonic\u0103 din Londra, Orchestra din Cleveland, Filarmonica din Los Angeles,...","protected":false},"author":4,"featured_media":1179,"parent":2255,"menu_order":0,"comment_status":"closed","ping_status":"closed","template":"","meta":{"footnotes":""},"class_list":["post-1182","page","type-page","status-publish","has-post-thumbnail","hentry"],"_links":{"self":[{"href":"https:\/\/2024.festivalenescu.ro\/ro\/wp-json\/wp\/v2\/pages\/1182","targetHints":{"allow":["GET"]}}],"collection":[{"href":"https:\/\/2024.festivalenescu.ro\/ro\/wp-json\/wp\/v2\/pages"}],"about":[{"href":"https:\/\/2024.festivalenescu.ro\/ro\/wp-json\/wp\/v2\/types\/page"}],"author":[{"embeddable":true,"href":"https:\/\/2024.festivalenescu.ro\/ro\/wp-json\/wp\/v2\/users\/4"}],"replies":[{"embeddable":true,"href":"https:\/\/2024.festivalenescu.ro\/ro\/wp-json\/wp\/v2\/comments?post=1182"}],"version-history":[{"count":2,"href":"https:\/\/2024.festivalenescu.ro\/ro\/wp-json\/wp\/v2\/pages\/1182\/revisions"}],"predecessor-version":[{"id":1361,"href":"https:\/\/2024.festivalenescu.ro\/ro\/wp-json\/wp\/v2\/pages\/1182\/revisions\/1361"}],"up":[{"embeddable":true,"href":"https:\/\/2024.festivalenescu.ro\/ro\/wp-json\/wp\/v2\/pages\/2255"}],"wp:featuredmedia":[{"embeddable":true,"href":"https:\/\/2024.festivalenescu.ro\/ro\/wp-json\/wp\/v2\/media\/1179"}],"wp:attachment":[{"href":"https:\/\/2024.festivalenescu.ro\/ro\/wp-json\/wp\/v2\/media?parent=1182"}],"curies":[{"name":"wp","href":"https:\/\/api.w.org\/{rel}","templated":true}]}}