{"id":1192,"date":"2024-04-03T08:30:39","date_gmt":"2024-04-03T05:30:39","guid":{"rendered":"https:\/\/concurs.festivalenescu.ro\/?page_id=1192"},"modified":"2024-04-03T09:51:37","modified_gmt":"2024-04-03T06:51:37","slug":"liviu-prunaru","status":"publish","type":"page","link":"https:\/\/2024.festivalenescu.ro\/ro\/juriile\/juriu-vioara\/liviu-prunaru\/","title":{"rendered":"Liviu Prunaru"},"content":{"rendered":"<section class=\"l-section wpb_row height_medium\"><div class=\"l-section-h i-cf\"><div class=\"g-cols vc_row via_flex valign_top type_default stacking_default\"><div class=\"vc_col-sm-6 wpb_column vc_column_container\"><div class=\"vc_column-inner\"><div class=\"wpb_wrapper\"><div class=\"wpb_text_column\"><div class=\"wpb_wrapper\"><p>Liviu Prunaru a \u00eenceput s\u0103 studieze vioara la v\u00e2rsta de \u0219ase ani \u00een ora\u0219ul natal, Craiova. A urmat Conservatorul Ciprian Porumbescu din Bucure\u0219ti, la clasa profesoarei Cornelia Bronzetti, \u0219i Academia Menuhin din Gstaad (Elve\u021bia), unde a studiat cu Alberto Lysy \u0219i Yehudi Menuhin. Ulterior \u0219i-a completat studiile la Juilliard School din New York, cu Dorothy DeLay, fiind de altfel \u0219i unul din ultimii s\u0103i asisten\u021bi. De asemenea, a participat la cursuri de m\u0103iestrie sus\u021binute de Igor Oistrakh, Ruggiero Ricci, Nikita Magaloff, Jean-Pierre Rampal, Peter-Lukas Graf, Pierre Amoyal \u0219i Itzhak Perlman. Dup\u0103 ce ob\u021bine premii I la concursurile Juilliard Mendelssohn Concerto \u0219i Nakamichi Wieniawski Violin Concerto, debuteaz\u0103 la New York cu Orchestra Juilliard.<br \/>\nPalmaresul s\u0103u este impresionant, de la premii \u0219i distinc\u021bii ob\u021binute la prestigioase competi\u021bii din \u00eentreaga lume (medalii de aur la concursurile interna\u021bionale Kocian din Republica Ceh\u0103, Dong-A din Coreea de Sud, Rodolfo Lipizer din Italia, R. Molinari din Elve\u021bia, medalii de argint la concursurile interna\u021bionale Indianapolis din SUA \u0219i la Regina Elisabeta din Belgia), p\u00e2n\u0103 la colabor\u0103ri ca solist al\u0103turi de cele mai bune orchestre la nivel mondial (Orchestra Filarmonicii Regale, Orchestra Simfonic\u0103 din Londra, Orchestra Regal\u0103 Concertgebouw, Orchestra Simfonic\u0103 din Antwerp, Orchestra Na\u021bional\u0103 a Belgiei, Westdeutsche Sinfonia, Filarmonica din Atena, Orchestra Simfonic\u0103 din Bari, Orchestra Na\u021bional\u0103 Radio \u0219i Filarmonica George Enescu din Bucure\u0219ti, Orchestra de Camer\u0103 Mayo din Buenos Aires, Orchestra de Camer\u0103 din Indianapolis \u0219i orchestrele simfonice Meridian, Mississippi, Juilliard, printre altele) \u0219i concerte sub baghetele marilor dirijori precum Yehudi Menuhin, Fabio Luisi, Andris Nelsons, Yuri Simonov, Andrew Litton, Peter Braschkat, Georges Octors, Cristian Mandeal, Lukas Vis, Horia Andreescu, Mario Benzecry, Park Eun Seong.<br \/>\nDin 2006 devine concertmaestru al faimoasei orchestre Concertgebouw din Amsterdam. \u00cen perioada 2010-2012 a fost director al Academiei Interna\u021bionale de Muzic\u0103 Menuhin din Elve\u021bia, iar \u00eentre anii 2014 \u0219i 2022 a fost profesor la Conservatorul din Amsterdam.<\/p>\n<\/div><\/div><\/div><\/div><\/div><div class=\"vc_col-sm-6 wpb_column vc_column_container\"><div class=\"vc_column-inner\"><div class=\"wpb_wrapper\"><div class=\"w-ibanner animation_phorcys ratio_1x1 easing_easeInOutCirc\"><div class=\"w-ibanner-h\"><div class=\"w-ibanner-image\" style=\"background-image: url(https:\/\/2024.festivalenescu.ro\/wp-content\/uploads\/2024\/03\/L8C9268-1-scaled.jpg)\"><\/div><div class=\"w-ibanner-content\"><div class=\"w-ibanner-content-h\"><h2 class=\"w-ibanner-title\"><\/h2><div class=\"w-ibanner-desc\"><\/div><\/div><\/div><\/div><\/div><\/div><\/div><\/div><\/div><\/div><\/section><section class=\"l-section wpb_row height_medium\"><div class=\"l-section-h i-cf\"><div class=\"g-cols vc_row via_flex valign_top type_default stacking_default\"><div class=\"vc_col-sm-12 wpb_column vc_column_container\"><div class=\"vc_column-inner\"><div class=\"wpb_wrapper\"><div class=\"wpb_text_column\"><div class=\"wpb_wrapper\"><p>Share:<\/p>\n<\/div><\/div><div class=\"w-sharing type_simple align_none color_default\"><div class=\"w-sharing-list\"><a class=\"w-sharing-item email\" href=\"mailto:?subject=Liviu Prunaru&amp;body=https:\/\/2024.festivalenescu.ro\/ro\/wp-json\/wp\/v2\/pages\/1192\" title=\"Email this\" aria-label=\"Email this\"><i class=\"fas fa-envelope\"><\/i><\/a><a class=\"w-sharing-item facebook\" href=\"https:\/\/www.facebook.com\/sharer\/sharer.php?u=https:\/\/2024.festivalenescu.ro\/ro\/wp-json\/wp\/v2\/pages\/1192&amp;quote=Liviu Prunaru\" title=\"Share this\" aria-label=\"Share this\" onclick=\"window.open(this.href, &quot;facebook&quot;, &quot;toolbar=0,width=900,height=500&quot;); return false;\"><i class=\"fab fa-facebook\"><\/i><\/a><a class=\"w-sharing-item twitter\" href=\"https:\/\/twitter.com\/intent\/tweet?text=Liviu Prunaru&amp;url=https:\/\/2024.festivalenescu.ro\/ro\/wp-json\/wp\/v2\/pages\/1192\" title=\"Tweet this\" aria-label=\"Tweet this\" onclick=\"window.open(this.href, &quot;twitter&quot;, &quot;toolbar=0,width=650,height=360&quot;); return false;\"><i class=\"fab fa-x-twitter\"><svg style=\"width:1em; margin-bottom:-.1em;\" xmlns=\"http:\/\/www.w3.org\/2000\/svg\" viewBox=\"0 0 512 512\"><path fill=\"currentColor\" d=\"M389.2 48h70.6L305.6 224.2 487 464H345L233.7 318.6 106.5 464H35.8L200.7 275.5 26.8 48H172.4L272.9 180.9 389.2 48zM364.4 421.8h39.1L151.1 88h-42L364.4 421.8z\"\/><\/svg><\/i><\/a><a class=\"w-sharing-item linkedin\" href=\"https:\/\/www.linkedin.com\/shareArticle?mini=true&amp;url=https:\/\/2024.festivalenescu.ro\/ro\/wp-json\/wp\/v2\/pages\/1192\" title=\"Share this\" aria-label=\"Share this\" onclick=\"window.open(this.href, &quot;linkedin&quot;, &quot;toolbar=no,width=550,height=550&quot;); return false;\"><i class=\"fab fa-linkedin\"><\/i><\/a><a class=\"w-sharing-item whatsapp\" href=\"https:\/\/web.whatsapp.com\/send?text=Liviu Prunaru https:\/\/2024.festivalenescu.ro\/ro\/wp-json\/wp\/v2\/pages\/1192\" title=\"Share this\" aria-label=\"Share this\" onclick=\"window.open(this.href, &quot;whatsapp&quot;, &quot;toolbar=0,width=900,height=500&quot;); return false;\"><i class=\"fab fa-whatsapp\"><\/i><\/a><a class=\"w-sharing-item reddit\" href=\"https:\/\/www.reddit.com\/submit?url=https:\/\/2024.festivalenescu.ro\/ro\/wp-json\/wp\/v2\/pages\/1192&amp;title=Liviu Prunaru\" title=\"Share this\" aria-label=\"Share this\" onclick=\"window.open(this.href, &quot;reddit&quot;, &quot;toolbar=no,width=900,height=500&quot;); return false;\"><i class=\"fab fa-reddit\"><\/i><\/a><a class=\"w-sharing-item telegram\" href=\"https:\/\/t.me\/share\/url?url=https:\/\/2024.festivalenescu.ro\/ro\/wp-json\/wp\/v2\/pages\/1192&amp;text=Liviu Prunaru\" title=\"Share this\" aria-label=\"Share this\" onclick=\"window.open(this.href, &quot;telegram&quot;, &quot;toolbar=no,width=600,height=450&quot;); return false;\"><i class=\"fab fa-telegram\"><\/i><\/a><\/div><\/div><div class=\"w-post-elm post_navigation layout_sided inv_false\"><a class=\"post_navigation-item order_first to_prev\" href=\"https:\/\/2024.festivalenescu.ro\/ro\/juriile\/juriu-vioara\/dmitry-sitkovetsky-presedinte-juriu-vioara\/\" title=\"Dmitry Sitkovetsky &#8211; Pre\u0219edinte juriu vioar\u0103\"><div class=\"post_navigation-item-img\"><img decoding=\"async\" src=\"https:\/\/2024.festivalenescu.ro\/wp-content\/uploads\/2024\/03\/Dmitry-Sitkovetsky-1-654x900.jpg\" loading=\"lazy\" alt=\"\" width=\"150\" height=\"150\"><\/div><div class=\"post_navigation-item-arrow\"><\/div><div class=\"post_navigation-item-title\"><span>Dmitry Sitkovetsky &#8211; Pre\u0219edinte juriu vioar\u0103<\/span><\/div><\/a><a class=\"post_navigation-item order_second to_next\" href=\"https:\/\/2024.festivalenescu.ro\/ro\/juriile\/juriu-pian\/andrei-pisarev\/\" title=\"Andrei Pisarev\"><div class=\"post_navigation-item-img\"><img decoding=\"async\" src=\"https:\/\/2024.festivalenescu.ro\/wp-content\/uploads\/2024\/03\/TIT_3593-1-900x701.jpeg\" loading=\"lazy\" alt=\"\" width=\"150\" height=\"150\"><\/div><div class=\"post_navigation-item-arrow\"><\/div><div class=\"post_navigation-item-title\"><span>Andrei Pisarev<\/span><\/div><\/a><\/div><\/div><\/div><\/div><\/div><\/div><\/section>\n","protected":false},"excerpt":{"rendered":"Liviu Prunaru a \u00eenceput s\u0103 studieze vioara la v\u00e2rsta de \u0219ase ani \u00een ora\u0219ul natal, Craiova. A urmat Conservatorul Ciprian Porumbescu din Bucure\u0219ti, la clasa profesoarei Cornelia Bronzetti, \u0219i Academia Menuhin din Gstaad (Elve\u021bia), unde a studiat cu Alberto Lysy \u0219i Yehudi Menuhin. Ulterior \u0219i-a completat studiile la Juilliard School din New York, cu Dorothy...","protected":false},"author":4,"featured_media":1189,"parent":2255,"menu_order":0,"comment_status":"closed","ping_status":"closed","template":"","meta":{"footnotes":""},"class_list":["post-1192","page","type-page","status-publish","has-post-thumbnail","hentry"],"_links":{"self":[{"href":"https:\/\/2024.festivalenescu.ro\/ro\/wp-json\/wp\/v2\/pages\/1192","targetHints":{"allow":["GET"]}}],"collection":[{"href":"https:\/\/2024.festivalenescu.ro\/ro\/wp-json\/wp\/v2\/pages"}],"about":[{"href":"https:\/\/2024.festivalenescu.ro\/ro\/wp-json\/wp\/v2\/types\/page"}],"author":[{"embeddable":true,"href":"https:\/\/2024.festivalenescu.ro\/ro\/wp-json\/wp\/v2\/users\/4"}],"replies":[{"embeddable":true,"href":"https:\/\/2024.festivalenescu.ro\/ro\/wp-json\/wp\/v2\/comments?post=1192"}],"version-history":[{"count":2,"href":"https:\/\/2024.festivalenescu.ro\/ro\/wp-json\/wp\/v2\/pages\/1192\/revisions"}],"predecessor-version":[{"id":1367,"href":"https:\/\/2024.festivalenescu.ro\/ro\/wp-json\/wp\/v2\/pages\/1192\/revisions\/1367"}],"up":[{"embeddable":true,"href":"https:\/\/2024.festivalenescu.ro\/ro\/wp-json\/wp\/v2\/pages\/2255"}],"wp:featuredmedia":[{"embeddable":true,"href":"https:\/\/2024.festivalenescu.ro\/ro\/wp-json\/wp\/v2\/media\/1189"}],"wp:attachment":[{"href":"https:\/\/2024.festivalenescu.ro\/ro\/wp-json\/wp\/v2\/media?parent=1192"}],"curies":[{"name":"wp","href":"https:\/\/api.w.org\/{rel}","templated":true}]}}