{"id":120,"date":"2023-11-01T13:39:35","date_gmt":"2023-11-01T11:39:35","guid":{"rendered":"https:\/\/concurs.festivalenescu.ro\/?page_id=120"},"modified":"2024-10-30T12:45:14","modified_gmt":"2024-10-30T10:45:14","slug":"home","status":"publish","type":"page","link":"https:\/\/2024.festivalenescu.ro\/ro\/","title":{"rendered":"Home"},"content":{"rendered":"<section class=\"l-section wpb_row height_medium full_height valign_center color_alternate with_video with_vimeo\"><style>@media(max-width:100px){#us_bg_video_f19c{display:none!important}}<\/style><div class=\"l-section-video\" id=\"us_bg_video_f19c\"><iframe title=\"Vimeo video player\" src=\"https:\/\/player.vimeo.com\/video\/884683122?autoplay=1&loop=1&muted=1&title=0&byline=0&background=1\" frameborder=\"0\" allow=\"autoplay; fullscreen\" allowfullscreen loading=\"lazy\"><\/iframe><\/div><div class=\"l-section-overlay\" style=\"background:rgba(0,0,0,0.70)\"><\/div><div class=\"l-section-h i-cf\"><div class=\"g-cols vc_row via_flex valign_top type_default stacking_default\"><div class=\"vc_col-sm-12 wpb_column vc_column_container\"><div class=\"vc_column-inner\"><div class=\"wpb_wrapper\"><div class=\"wpb_text_column us_custom_3b69fb50 nobr\"><div class=\"wpb_wrapper\"><p>V\u0103 mul\u021bumim pentru aceast\u0103 c\u0103l\u0103torie incredibil\u0103!<br \/>\nNe vedem \u00een 2025 la #GeorgeEnescuFestival2025<\/p>\n<\/div><\/div><\/div><\/div><\/div><\/div><\/div><\/section><section class=\"l-section wpb_row us_custom_334fe052 bw height_medium\"><div class=\"l-section-h i-cf\"><div class=\"g-cols vc_row via_flex valign_top type_default stacking_default\"><div class=\"vc_col-sm-12 wpb_column vc_column_container\"><div class=\"vc_column-inner\"><div class=\"wpb_wrapper\"><div class=\"w-text us_custom_4506f618 has_text_color\"><span class=\"w-text-h\"><span class=\"w-text-value\">\u0218tiri din cadrul Concursului Interna\u021bional George Enescu<\/span><\/span><\/div><div class=\"g-cols wpb_row us_custom_d87c7e25 via_flex valign_top type_default stacking_default\"><div class=\"vc_col-sm-12 wpb_column vc_column_container\"><div class=\"vc_column-inner\"><div class=\"wpb_wrapper\"><div class=\"w-grid type_grid layout_blog_1\" id=\"us_grid_1\" style=\"--gap:1.5rem;\" data-filterable=\"true\"><style>.layout_blog_1 .w-grid-item-h{}.layout_blog_1 .usg_post_image_1{margin-bottom:0.5rem!important}.layout_blog_1 .usg_post_title_1{font-size:1rem!important}<\/style><div class=\"w-grid-list\">\t<article class=\"w-grid-item size_1x1 post-6185 post type-post status-publish format-standard has-post-thumbnail hentry category-events-ro category-news category-news-2-ro category-stiri\" data-id=\"6185\">\r\n\t\t<div class=\"w-grid-item-h\">\r\n\t\t\t\t\t\t<div class=\"w-post-elm post_image usg_post_image_1 stretched\"><a href=\"https:\/\/2024.festivalenescu.ro\/ro\/events-ro\/george-enescu-poema-romana-immersive-experience-la-mina-museum-4-decembrie\/\" aria-label=\"George Enescu \u2013 Poema Rom\u00e2n\u0103: Immersive Experience la Mina Museum \u2013 4 Decembrie\"><img loading=\"lazy\" decoding=\"async\" width=\"900\" height=\"450\" src=\"https:\/\/2024.festivalenescu.ro\/wp-content\/uploads\/2024\/11\/fb-cover-900x450.jpg\" class=\"attachment-medium size-medium wp-post-image\" alt=\"\" srcset=\"https:\/\/2024.festivalenescu.ro\/wp-content\/uploads\/2024\/11\/fb-cover-900x450.jpg 900w, https:\/\/2024.festivalenescu.ro\/wp-content\/uploads\/2024\/11\/fb-cover-1600x800.jpg 1600w, https:\/\/2024.festivalenescu.ro\/wp-content\/uploads\/2024\/11\/fb-cover-200x100.jpg 200w, https:\/\/2024.festivalenescu.ro\/wp-content\/uploads\/2024\/11\/fb-cover-150x75.jpg 150w, https:\/\/2024.festivalenescu.ro\/wp-content\/uploads\/2024\/11\/fb-cover-400x200.jpg 400w, https:\/\/2024.festivalenescu.ro\/wp-content\/uploads\/2024\/11\/fb-cover-300x150.jpg 300w, https:\/\/2024.festivalenescu.ro\/wp-content\/uploads\/2024\/11\/fb-cover.jpg 1979w\" sizes=\"auto, (max-width: 900px) 100vw, 900px\" \/><\/a><\/div><h2 class=\"w-post-elm post_title usg_post_title_1 entry-title color_link_inherit\"><a href=\"https:\/\/2024.festivalenescu.ro\/ro\/events-ro\/george-enescu-poema-romana-immersive-experience-la-mina-museum-4-decembrie\/\">George Enescu \u2013 Poema Rom\u00e2n\u0103: Immersive Experience la Mina Museum \u2013 4 Decembrie<\/a><\/h2>\t\t<\/div>\r\n\t<\/article>\r\n<\/div><div class=\"w-grid-preloader\">\t<div class=\"g-preloader type_1\">\r\n\t\t<div><\/div>\r\n\t<\/div>\r\n\t<\/div>\t<div class=\"w-grid-json hidden\" onclick='return {&quot;action&quot;:&quot;us_ajax_grid&quot;,&quot;ajax_url&quot;:&quot;https:\\\/\\\/2024.festivalenescu.ro\\\/wp-admin\\\/admin-ajax.php&quot;,&quot;infinite_scroll&quot;:0,&quot;max_num_pages&quot;:29,&quot;pagination&quot;:&quot;none&quot;,&quot;template_vars&quot;:{&quot;columns&quot;:&quot;1&quot;,&quot;exclude_items&quot;:&quot;none&quot;,&quot;img_size&quot;:&quot;medium&quot;,&quot;ignore_items_size&quot;:0,&quot;items_layout&quot;:&quot;blog_1&quot;,&quot;items_offset&quot;:&quot;1&quot;,&quot;load_animation&quot;:&quot;none&quot;,&quot;overriding_link&quot;:&quot;%7B%22url%22%3A%22%22%7D&quot;,&quot;post_id&quot;:0,&quot;query_args&quot;:{&quot;post_type&quot;:[&quot;post&quot;],&quot;tax_query&quot;:[{&quot;taxonomy&quot;:&quot;category&quot;,&quot;field&quot;:&quot;slug&quot;,&quot;terms&quot;:[&quot;concurs-2024&quot;,&quot;events-ro&quot;]}],&quot;post_status&quot;:[&quot;publish&quot;],&quot;posts_per_page&quot;:&quot;1&quot;},&quot;orderby_query_args&quot;:{&quot;orderby&quot;:{&quot;date&quot;:&quot;DESC&quot;}},&quot;type&quot;:&quot;grid&quot;,&quot;us_grid_ajax_index&quot;:1,&quot;us_grid_filter_params&quot;:[],&quot;us_grid_index&quot;:1,&quot;_us_grid_post_type&quot;:&quot;post&quot;,&quot;page_args&quot;:[],&quot;lang&quot;:&quot;ro&quot;}}'><\/div>\r\n\t<\/div><\/div><\/div><\/div><\/div><div class=\"w-separator size_medium\"><\/div><\/div><\/div><\/div><\/div><\/div><\/section><section class=\"l-section wpb_row us_custom_19737bc8 height_medium\"><div class=\"l-section-h i-cf\"><div class=\"g-cols vc_row via_flex valign_top type_default stacking_default\"><div class=\"vc_col-sm-12 wpb_column vc_column_container\"><div class=\"vc_column-inner\"><div class=\"wpb_wrapper\"><div class=\"w-text us_custom_4506f618 has_text_color\"><span class=\"w-text-h\"><span class=\"w-text-value\">Laurea\u021bii edi\u021biei din 2024<\/span><\/span><\/div><div class=\"g-cols wpb_row via_flex valign_top type_default stacking_default\"><div class=\"vc_col-sm-3 wpb_column vc_column_container\"><div class=\"vc_column-inner\"><div class=\"wpb_wrapper\"><h4 class=\"w-text us_custom_df9ef489\"><span class=\"w-text-h\"><span class=\"w-text-value\">Violoncel<\/span><\/span><\/h4><div class=\"w-separator us_custom_f2eec366 size_custom with_line width_default thick_1 style_solid color_border align_center\" style=\"height:0.2rem\"><div class=\"w-separator-h\"><\/div><\/div><div class=\"w-image us_custom_c901145c bw2 align_center\"><div class=\"w-image-h\"><img loading=\"lazy\" decoding=\"async\" width=\"600\" height=\"600\" src=\"https:\/\/2024.festivalenescu.ro\/wp-content\/uploads\/2024\/08\/KITAMURA-Yo-600x600.jpg\" class=\"attachment-thumbnail size-thumbnail\" alt=\"\" \/><\/div><\/div><div class=\"w-text us_custom_c314e366\"><span class=\"w-text-h\"><span class=\"w-text-value\">Yo Kitamura<\/span><\/span><\/div><div class=\"w-text us_custom_eb849559\"><span class=\"w-text-h\"><span class=\"w-text-value\">Premiul I<\/span><\/span><\/div><div class=\"w-separator us_custom_68905004 size_custom with_line width_default thick_1 style_solid color_border align_center\" style=\"height:0.2rem\"><div class=\"w-separator-h\"><\/div><\/div><div class=\"wpb_text_column us_custom_f8ed273e\"><div class=\"wpb_wrapper\"><p><strong>Ettore Pagano<\/strong><br \/>\nPremiul II<\/p>\n<\/div><\/div><div class=\"w-separator us_custom_c901145c size_custom\" style=\"height:0.1rem\"><\/div><div class=\"wpb_text_column us_custom_f8ed273e\"><div class=\"wpb_wrapper\"><p><strong>Haddon Kay<\/strong><br \/>\nPremiul III<\/p>\n<\/div><\/div><\/div><\/div><\/div><div class=\"vc_col-sm-3 wpb_column vc_column_container\"><div class=\"vc_column-inner\"><div class=\"wpb_wrapper\"><h4 class=\"w-text us_custom_df9ef489\"><span class=\"w-text-h\"><span class=\"w-text-value\">Vioar\u0103<\/span><\/span><\/h4><div class=\"w-separator us_custom_f2eec366 size_custom with_line width_default thick_1 style_solid color_border align_center\" style=\"height:0.2rem\"><div class=\"w-separator-h\"><\/div><\/div><div class=\"w-image us_custom_c901145c bw2 align_center\"><div class=\"w-image-h\"><img loading=\"lazy\" decoding=\"async\" width=\"600\" height=\"600\" src=\"https:\/\/2024.festivalenescu.ro\/wp-content\/uploads\/2024\/08\/Kanagawa-Mayumi-1-600x600.jpg\" class=\"attachment-thumbnail size-thumbnail\" alt=\"\" \/><\/div><\/div><div class=\"w-text us_custom_c314e366\"><span class=\"w-text-h\"><span class=\"w-text-value\">Mayumi Kanagawa<\/span><\/span><\/div><div class=\"w-text us_custom_eb849559\"><span class=\"w-text-h\"><span class=\"w-text-value\">Premiul I<\/span><\/span><\/div><div class=\"w-separator us_custom_68905004 size_custom with_line width_default thick_1 style_solid color_border align_center\" style=\"height:0.2rem\"><div class=\"w-separator-h\"><\/div><\/div><div class=\"wpb_text_column us_custom_f8ed273e\"><div class=\"wpb_wrapper\"><p><strong>Hyeonjeong Lee<\/strong><br \/>\nPremiul II<\/p>\n<\/div><\/div><div class=\"w-separator us_custom_c901145c size_custom\" style=\"height:0.1rem\"><\/div><div class=\"wpb_text_column us_custom_f8ed273e\"><div class=\"wpb_wrapper\"><p><strong>Wakana Kimura<\/strong><br \/>\nPremiul III<\/p>\n<\/div><\/div><\/div><\/div><\/div><div class=\"vc_col-sm-3 wpb_column vc_column_container\"><div class=\"vc_column-inner\"><div class=\"wpb_wrapper\"><h4 class=\"w-text us_custom_df9ef489\"><span class=\"w-text-h\"><span class=\"w-text-value\">Pian<\/span><\/span><\/h4><div class=\"w-separator us_custom_f2eec366 size_custom with_line width_default thick_1 style_solid color_border align_center\" style=\"height:0.2rem\"><div class=\"w-separator-h\"><\/div><\/div><div class=\"w-image us_custom_c901145c bw2 align_center\"><div class=\"w-image-h\"><img loading=\"lazy\" decoding=\"async\" width=\"600\" height=\"600\" src=\"https:\/\/2024.festivalenescu.ro\/wp-content\/uploads\/2024\/08\/LOPATYNSKYI-Roman_1-600x600.jpg\" class=\"attachment-thumbnail size-thumbnail\" alt=\"\" \/><\/div><\/div><div class=\"w-text us_custom_c314e366\"><span class=\"w-text-h\"><span class=\"w-text-value\">Roman Lopatynskyi<\/span><\/span><\/div><div class=\"w-text us_custom_eb849559\"><span class=\"w-text-h\"><span class=\"w-text-value\">Premiul I<\/span><\/span><\/div><div class=\"w-separator us_custom_68905004 size_custom with_line width_default thick_1 style_solid color_border align_center\" style=\"height:0.2rem\"><div class=\"w-separator-h\"><\/div><\/div><div class=\"wpb_text_column us_custom_f8ed273e\"><div class=\"wpb_wrapper\"><p><strong>Tatiana Dorokhova<\/strong><br \/>\nPremiul II<\/p>\n<\/div><\/div><div class=\"w-separator us_custom_c901145c size_custom\" style=\"height:0.1rem\"><\/div><div class=\"wpb_text_column us_custom_f8ed273e\"><div class=\"wpb_wrapper\"><p><strong>Evgeny Konnov<\/strong><br \/>\nPremiul III<\/p>\n<\/div><\/div><\/div><\/div><\/div><div class=\"vc_col-sm-3 wpb_column vc_column_container\"><div class=\"vc_column-inner\"><div class=\"wpb_wrapper\"><h4 class=\"w-text us_custom_df9ef489\"><span class=\"w-text-h\"><span class=\"w-text-value\">Compozi\u021bie<\/span><\/span><\/h4><div class=\"w-separator us_custom_f2eec366 size_custom with_line width_default thick_1 style_solid color_border align_center\" style=\"height:0.2rem\"><div class=\"w-separator-h\"><\/div><\/div><div class=\"w-text us_custom_c314e366\"><span class=\"w-text-h\"><span class=\"w-text-value\">Voltz Alexander<\/span><\/span><\/div><div class=\"w-text us_custom_eb849559\"><span class=\"w-text-h\"><span class=\"w-text-value\">Premiul pentru muzic\u0103 simfonic\u0103<\/span><\/span><\/div><div class=\"w-separator us_custom_68905004 size_custom with_line width_default thick_1 style_solid color_border align_center\" style=\"height:0.2rem\"><div class=\"w-separator-h\"><\/div><\/div><div class=\"wpb_text_column us_custom_f8ed273e\"><div class=\"wpb_wrapper\"><p><strong>Daniele Di Virgilio\u00a0<\/strong><br \/>\nPremiul pentru muzic\u0103 de camer\u0103<\/p>\n<\/div><\/div><div class=\"w-separator us_custom_c901145c size_custom\" style=\"height:0.1rem\"><\/div><div class=\"wpb_text_column us_custom_f8ed273e\"><div class=\"wpb_wrapper\"><p><strong>Santamaria Diego<\/strong><br \/>\nPremiul pentru originalitate<\/p>\n<\/div><\/div><\/div><\/div><\/div><\/div><\/div><\/div><\/div><\/div><\/div><\/section><section class=\"l-section wpb_row us_custom_19737bc8 height_huge\"><div class=\"l-section-h i-cf\"><div class=\"g-cols vc_row via_flex valign_top type_default stacking_default\"><div class=\"vc_col-sm-12 wpb_column vc_column_container\"><div class=\"vc_column-inner\"><div class=\"wpb_wrapper\"><div class=\"g-cols wpb_row us_custom_b02d7c4c via_flex valign_top type_boxes reversed stacking_default\"><div class=\"vc_col-sm-6 wpb_column vc_column_container\"><div class=\"vc_column-inner\"><div class=\"wpb_wrapper\"><div class=\"w-text us_custom_3f735996 has_text_color\"><span class=\"w-text-h\"><span class=\"w-text-value\">O ISTORIE DE EXCELEN\u021a\u0102 \u0218I ELEGAN\u021a\u0102<\/span><\/span><\/div><div class=\"wpb_text_column us_custom_fe04a950\"><div class=\"wpb_wrapper\"><p>Mo\u0219tenirea lui Enescu continu\u0103 s\u0103 inspire patrimoniul cultural rom\u00e2nesc. Ne cl\u0103dim pe principiile \u0219i valorile unui artist complet, dedicat promov\u0103rii muzicii, \u00eembog\u0103\u021birii societ\u0103\u021bii care \u00eencurajeaz\u0103 crea\u021bia sa \u0219i \u00eei permite puterilor transformatoare ale esen\u021bei sale s\u0103 ne \u00eenal\u021be spiritul.<\/p>\n<\/div><\/div><div class=\"w-btn-wrapper align_none\"><a class=\"w-btn us-btn-style_2\" href=\"https:\/\/concurs.festivalenescu.ro\/ro\/despre\/george-enescu\/\"><span class=\"w-btn-label\">Cite\u0219te mai mult<\/span><\/a><\/div><\/div><\/div><\/div><div class=\"vc_col-sm-6 wpb_column vc_column_container\"><div class=\"vc_column-inner\"><div class=\"wpb_wrapper\"><div class=\"w-image align_center\"><div class=\"w-image-h\"><img loading=\"lazy\" decoding=\"async\" width=\"800\" height=\"800\" src=\"https:\/\/2024.festivalenescu.ro\/wp-content\/uploads\/2023\/11\/about-enescu.jpg\" class=\"attachment-full size-full\" alt=\"\" srcset=\"https:\/\/2024.festivalenescu.ro\/wp-content\/uploads\/2023\/11\/about-enescu.jpg 800w, https:\/\/2024.festivalenescu.ro\/wp-content\/uploads\/2023\/11\/about-enescu-600x600.jpg 600w\" sizes=\"auto, (max-width: 800px) 100vw, 800px\" \/><\/div><\/div><\/div><\/div><\/div><\/div><div class=\"w-separator size_medium\"><\/div>[vc_raw_js]JTNDc2NyaXB0JTNFJTBBJTIwJTIwJTI4ZnVuY3Rpb24lMjAlMjhzJTJDJTIwZSUyQyUyMG4lMkMlMjBkJTJDJTIwZXIlMjklMjAlN0IlMEElMjAlMjAlMjAlMjBzJTVCJTI3U2VuZGVyJTI3JTVEJTIwJTNEJTIwZXIlM0IlMEElMjAlMjAlMjAlMjBzJTVCZXIlNUQlMjAlM0QlMjBzJTVCZXIlNUQlMjAlN0MlN0MlMjBmdW5jdGlvbiUyMCUyOCUyOSUyMCU3QiUwQSUyMCUyMCUyMCUyMCUyMCUyMCUyOHMlNUJlciU1RC5xJTIwJTNEJTIwcyU1QmVyJTVELnElMjAlN0MlN0MlMjAlNUIlNUQlMjkucHVzaCUyOGFyZ3VtZW50cyUyOSUwQSUyMCUyMCUyMCUyMCU3RCUyQyUyMHMlNUJlciU1RC5sJTIwJTNEJTIwMSUyMCUyQSUyMG5ldyUyMERhdGUlMjglMjklM0IlMEElMjAlMjAlMjAlMjB2YXIlMjBhJTIwJTNEJTIwZS5jcmVhdGVFbGVtZW50JTI4biUyOSUyQyUwQSUyMCUyMCUyMCUyMCUyMCUyMCUyMCUyMG0lMjAlM0QlMjBlLmdldEVsZW1lbnRzQnlUYWdOYW1lJTI4biUyOSU1QjAlNUQlM0IlMEElMjAlMjAlMjAlMjBhLmFzeW5jJTIwJTNEJTIwMSUzQiUwQSUyMCUyMCUyMCUyMGEuc3JjJTIwJTNEJTIwZCUzQiUwQSUyMCUyMCUyMCUyMG0ucGFyZW50Tm9kZS5pbnNlcnRCZWZvcmUlMjhhJTJDJTIwbSUyOSUwQSUyMCUyMCU3RCUyOSUyOHdpbmRvdyUyQyUyMGRvY3VtZW50JTJDJTIwJTI3c2NyaXB0JTI3JTJDJTIwJTI3aHR0cHMlM0ElMkYlMkZjZG4uc2VuZGVyLm5ldCUyRmFjY291bnRzX3Jlc291cmNlcyUyRnVuaXZlcnNhbC5qcyUyNyUyQyUyMCUyN3NlbmRlciUyNyUyOSUzQiUwQSUyMCUyMHNlbmRlciUyOCUyNzZkZTFjODUyZDc1NDIwJTI3JTI5JTBBJTNDJTJGc2NyaXB0JTNF[\/vc_raw_js]<\/div><\/div><\/div><\/div><\/div><\/section>\n","protected":false},"excerpt":{"rendered":"Pe 4 decembrie, iubitorii muzicii lui George Enescu sunt invita\u021bi la o c\u0103l\u0103torie audiovizual\u0103 unic\u0103:\u00a0\u201ePoema Rom\u00e2n\u0103: Immersive Experience\u201d. Evenimentul, g\u0103zduit de\u00a0Mina Museum of Immersive Art, exploreaz\u0103 via\u021ba \u0219i opera marelui compozitor prin prisma\u00a0\u201ePoemei Rom\u00e2ne\u201d, prima sa lucrare, compus\u0103 la doar 16 ani. Spectatorii vor putea p\u0103trunde \u00een universul complex \u0219i plin de culoare al lui...","protected":false},"author":1,"featured_media":636,"parent":0,"menu_order":0,"comment_status":"closed","ping_status":"closed","template":"","meta":{"footnotes":""},"class_list":["post-120","page","type-page","status-publish","has-post-thumbnail","hentry"],"_links":{"self":[{"href":"https:\/\/2024.festivalenescu.ro\/ro\/wp-json\/wp\/v2\/pages\/120","targetHints":{"allow":["GET"]}}],"collection":[{"href":"https:\/\/2024.festivalenescu.ro\/ro\/wp-json\/wp\/v2\/pages"}],"about":[{"href":"https:\/\/2024.festivalenescu.ro\/ro\/wp-json\/wp\/v2\/types\/page"}],"author":[{"embeddable":true,"href":"https:\/\/2024.festivalenescu.ro\/ro\/wp-json\/wp\/v2\/users\/1"}],"replies":[{"embeddable":true,"href":"https:\/\/2024.festivalenescu.ro\/ro\/wp-json\/wp\/v2\/comments?post=120"}],"version-history":[{"count":45,"href":"https:\/\/2024.festivalenescu.ro\/ro\/wp-json\/wp\/v2\/pages\/120\/revisions"}],"predecessor-version":[{"id":6153,"href":"https:\/\/2024.festivalenescu.ro\/ro\/wp-json\/wp\/v2\/pages\/120\/revisions\/6153"}],"wp:featuredmedia":[{"embeddable":true,"href":"https:\/\/2024.festivalenescu.ro\/ro\/wp-json\/wp\/v2\/media\/636"}],"wp:attachment":[{"href":"https:\/\/2024.festivalenescu.ro\/ro\/wp-json\/wp\/v2\/media?parent=120"}],"curies":[{"name":"wp","href":"https:\/\/api.w.org\/{rel}","templated":true}]}}