{"id":1201,"date":"2024-04-03T08:30:10","date_gmt":"2024-04-03T05:30:10","guid":{"rendered":"https:\/\/concurs.festivalenescu.ro\/?page_id=1201"},"modified":"2024-04-03T09:51:44","modified_gmt":"2024-04-03T06:51:44","slug":"mihaela-martin","status":"publish","type":"page","link":"https:\/\/2024.festivalenescu.ro\/ro\/juriile\/juriu-vioara\/mihaela-martin\/","title":{"rendered":"Mihaela Martin"},"content":{"rendered":"<section class=\"l-section wpb_row height_medium\"><div class=\"l-section-h i-cf\"><div class=\"g-cols vc_row via_flex valign_top type_default stacking_default\"><div class=\"vc_col-sm-6 wpb_column vc_column_container\"><div class=\"vc_column-inner\"><div class=\"wpb_wrapper\"><div class=\"wpb_text_column\"><div class=\"wpb_wrapper\"><p>Artista Mihaela Martin, de origine rom\u00e2n\u0103, este una dintre cele mai remarcabile violoniste virtuoze ale genera\u021biei sale, av\u00e2nd o expresivitate muzical\u0103 de o versatilitate cameleonic\u0103. Dup\u0103 ce a fost premiat\u0103 la concursurile Ceaikovski, Montreal, Sion \u0219i Bruxelles, Mihaela Martin a ob\u021binut Medalia de Aur la Concursul Interna\u021bional de Vioar\u0103 de la Indianapolis, care a lansat-o pe plan interna\u021bional.<br \/>\nSim\u021bindu-se la fel de bine ca solist\u0103 \u00een orchestr\u0103 \u0219i ca interpret\u0103 de muzic\u0103 de camer\u0103, performan\u021bele Mihaelei Martin din stagiunea 2023-2024 includ spectacole cu Filarmonica George Enescu din Bucure\u0219ti, Orchestra Filarmonicii de Stat din Hamburg, Academia de Muzic\u0103 American\u0103 din Berlin, apari\u021bii la Festivalul Verbier, Festivalul Enescu, Festivalul Academiei din Budapesta, Festivalul de Muzic\u0103 de Camer\u0103 din Ierusalim, Festivalul Kronberg, Festivalul Interna\u021bional Santander, Festivalul Ravinia, Sala Suntory.<br \/>\nA c\u00e2ntat cu orchestre importante, precum Orchestra Simfonic\u0103 BBC, Orchestra Filarmonicii Regale \u0219i Orchestra Simfonic\u0103 din Montreal, precum \u0219i cu Orchestra Mozarteum din Salzburg \u0219i Gewandhausorchester Leipzig. A lucrat cu dirijori precum Manfred Honeck, Andrew Davis, G\u00e1bor Tak\u00e1cs-Nagy, Andrew Litton, Thierry Fischer, Thomas Sanderling, Constantine Orbelian, Nikolaus Harnoncourt, Charles Dutoit, Kurt Masur, Neeme J\u00e4rvi \u0219i Paavo J\u00e4rvi.<br \/>\nMuzica de camer\u0103 ocup\u0103 un loc foarte important \u00een via\u021ba Mihaelei Martin. Pe l\u00e2ng\u0103 participarea la numeroase festivaluri de muzic\u0103 de camer\u0103, este membru fondator al cvartetului de coarde Michelangelo, cu care a c\u00e2ntat la Carnegie Hall, Sala Piere Boulez (Berlin), Sala Wigmore (Londra), Library of Congress, Concertgebouw \u0219i la Teatrul de pe Champs-\u00c9lys\u00e9es.<br \/>\nDin 2017, este director artistic al Festivalului de Muzic\u0103 de Camer\u0103 din Rolandseck, Bad Honnef \u0219i colaboreaz\u0103 frecvent cu muzicienii Daniel Barenboim, Sergei Babayan, Lera Auerbach, Kirill Gerstein, Denis Kozhukhin, Sharon Kam, Nobuko Imai \u0219i G\u00e1bor Tak\u00e1cs-Nagy.<br \/>\nMihaela Martin este profesor la Universitatea de Muzic\u0103 \u0219i Dans din K\u00f6ln, la Academia Barenboim-Said din Berlin \u0219i la Academia Kronberg. Sus\u021bine cursuri de m\u0103iestrie \u00een \u00eentreaga lume \u0219i este membr\u0103 constant\u0103 a juriilor celor mai importante concursuri interna\u021bionale, cum ar fi Regina Elisabeta (Belgia), Indianapolis (SUA), Concours musical (Canada), Enescu (Rom\u00e2nia) \u0219i Ceaikovski (Rusia).<\/p>\n<\/div><\/div><\/div><\/div><\/div><div class=\"vc_col-sm-6 wpb_column vc_column_container\"><div class=\"vc_column-inner\"><div class=\"wpb_wrapper\"><div class=\"w-ibanner animation_phorcys ratio_1x1 easing_easeInOutCirc\"><div class=\"w-ibanner-h\"><div class=\"w-ibanner-image\" style=\"background-image: url(https:\/\/2024.festivalenescu.ro\/wp-content\/uploads\/2024\/03\/IMG_0294.jpg)\"><\/div><div class=\"w-ibanner-content\"><div class=\"w-ibanner-content-h\"><h2 class=\"w-ibanner-title\"><\/h2><div class=\"w-ibanner-desc\"><\/div><\/div><\/div><\/div><\/div><\/div><\/div><\/div><\/div><\/div><\/section><section class=\"l-section wpb_row height_medium\"><div class=\"l-section-h i-cf\"><div class=\"g-cols vc_row via_flex valign_top type_default stacking_default\"><div class=\"vc_col-sm-12 wpb_column vc_column_container\"><div class=\"vc_column-inner\"><div class=\"wpb_wrapper\"><div class=\"wpb_text_column\"><div class=\"wpb_wrapper\"><p>Share:<\/p>\n<\/div><\/div><div class=\"w-sharing type_simple align_none color_default\"><div class=\"w-sharing-list\"><a class=\"w-sharing-item email\" href=\"mailto:?subject=Mihaela Martin&amp;body=https:\/\/2024.festivalenescu.ro\/ro\/wp-json\/wp\/v2\/pages\/1201\" title=\"Email this\" aria-label=\"Email this\"><i class=\"fas fa-envelope\"><\/i><\/a><a class=\"w-sharing-item facebook\" href=\"https:\/\/www.facebook.com\/sharer\/sharer.php?u=https:\/\/2024.festivalenescu.ro\/ro\/wp-json\/wp\/v2\/pages\/1201&amp;quote=Mihaela Martin\" title=\"Share this\" aria-label=\"Share this\" onclick=\"window.open(this.href, &quot;facebook&quot;, &quot;toolbar=0,width=900,height=500&quot;); return false;\"><i class=\"fab fa-facebook\"><\/i><\/a><a class=\"w-sharing-item twitter\" href=\"https:\/\/twitter.com\/intent\/tweet?text=Mihaela Martin&amp;url=https:\/\/2024.festivalenescu.ro\/ro\/wp-json\/wp\/v2\/pages\/1201\" title=\"Tweet this\" aria-label=\"Tweet this\" onclick=\"window.open(this.href, &quot;twitter&quot;, &quot;toolbar=0,width=650,height=360&quot;); return false;\"><i class=\"fab fa-x-twitter\"><svg style=\"width:1em; margin-bottom:-.1em;\" xmlns=\"http:\/\/www.w3.org\/2000\/svg\" viewBox=\"0 0 512 512\"><path fill=\"currentColor\" d=\"M389.2 48h70.6L305.6 224.2 487 464H345L233.7 318.6 106.5 464H35.8L200.7 275.5 26.8 48H172.4L272.9 180.9 389.2 48zM364.4 421.8h39.1L151.1 88h-42L364.4 421.8z\"\/><\/svg><\/i><\/a><a class=\"w-sharing-item linkedin\" href=\"https:\/\/www.linkedin.com\/shareArticle?mini=true&amp;url=https:\/\/2024.festivalenescu.ro\/ro\/wp-json\/wp\/v2\/pages\/1201\" title=\"Share this\" aria-label=\"Share this\" onclick=\"window.open(this.href, &quot;linkedin&quot;, &quot;toolbar=no,width=550,height=550&quot;); return false;\"><i class=\"fab fa-linkedin\"><\/i><\/a><a class=\"w-sharing-item whatsapp\" href=\"https:\/\/web.whatsapp.com\/send?text=Mihaela Martin https:\/\/2024.festivalenescu.ro\/ro\/wp-json\/wp\/v2\/pages\/1201\" title=\"Share this\" aria-label=\"Share this\" onclick=\"window.open(this.href, &quot;whatsapp&quot;, &quot;toolbar=0,width=900,height=500&quot;); return false;\"><i class=\"fab fa-whatsapp\"><\/i><\/a><a class=\"w-sharing-item reddit\" href=\"https:\/\/www.reddit.com\/submit?url=https:\/\/2024.festivalenescu.ro\/ro\/wp-json\/wp\/v2\/pages\/1201&amp;title=Mihaela Martin\" title=\"Share this\" aria-label=\"Share this\" onclick=\"window.open(this.href, &quot;reddit&quot;, &quot;toolbar=no,width=900,height=500&quot;); return false;\"><i class=\"fab fa-reddit\"><\/i><\/a><a class=\"w-sharing-item telegram\" href=\"https:\/\/t.me\/share\/url?url=https:\/\/2024.festivalenescu.ro\/ro\/wp-json\/wp\/v2\/pages\/1201&amp;text=Mihaela Martin\" title=\"Share this\" aria-label=\"Share this\" onclick=\"window.open(this.href, &quot;telegram&quot;, &quot;toolbar=no,width=600,height=450&quot;); return false;\"><i class=\"fab fa-telegram\"><\/i><\/a><\/div><\/div><div class=\"w-post-elm post_navigation layout_sided inv_false\"><a class=\"post_navigation-item order_first to_prev\" href=\"https:\/\/2024.festivalenescu.ro\/ro\/juriile\/juriu-compozitie\/outi-tarkiainen\/\" title=\"Outi Tarkiainen\"><div class=\"post_navigation-item-img\"><img decoding=\"async\" src=\"https:\/\/2024.festivalenescu.ro\/wp-content\/uploads\/2024\/03\/Outi-Tarkiainen-foto-credit-Sigel-Eschkol-900x600.jpg\" loading=\"lazy\" alt=\"\" width=\"150\" height=\"150\"><\/div><div class=\"post_navigation-item-arrow\"><\/div><div class=\"post_navigation-item-title\"><span>Outi Tarkiainen<\/span><\/div><\/a><a class=\"post_navigation-item order_second to_next\" href=\"https:\/\/2024.festivalenescu.ro\/ro\/juriile\/juriu-vioara\/david-halen\/\" title=\"David Halen\"><div class=\"post_navigation-item-img\"><img decoding=\"async\" src=\"https:\/\/2024.festivalenescu.ro\/wp-content\/uploads\/2024\/03\/image0-1-681x900.jpeg\" loading=\"lazy\" alt=\"\" width=\"150\" height=\"150\"><\/div><div class=\"post_navigation-item-arrow\"><\/div><div class=\"post_navigation-item-title\"><span>David Halen<\/span><\/div><\/a><\/div><\/div><\/div><\/div><\/div><\/div><\/section>\n","protected":false},"excerpt":{"rendered":"Artista Mihaela Martin, de origine rom\u00e2n\u0103, este una dintre cele mai remarcabile violoniste virtuoze ale genera\u021biei sale, av\u00e2nd o expresivitate muzical\u0103 de o versatilitate cameleonic\u0103. Dup\u0103 ce a fost premiat\u0103 la concursurile Ceaikovski, Montreal, Sion \u0219i Bruxelles, Mihaela Martin a ob\u021binut Medalia de Aur la Concursul Interna\u021bional de Vioar\u0103 de la Indianapolis, care a lansat-o...","protected":false},"author":4,"featured_media":1198,"parent":2255,"menu_order":0,"comment_status":"closed","ping_status":"closed","template":"","meta":{"footnotes":""},"class_list":["post-1201","page","type-page","status-publish","has-post-thumbnail","hentry"],"_links":{"self":[{"href":"https:\/\/2024.festivalenescu.ro\/ro\/wp-json\/wp\/v2\/pages\/1201","targetHints":{"allow":["GET"]}}],"collection":[{"href":"https:\/\/2024.festivalenescu.ro\/ro\/wp-json\/wp\/v2\/pages"}],"about":[{"href":"https:\/\/2024.festivalenescu.ro\/ro\/wp-json\/wp\/v2\/types\/page"}],"author":[{"embeddable":true,"href":"https:\/\/2024.festivalenescu.ro\/ro\/wp-json\/wp\/v2\/users\/4"}],"replies":[{"embeddable":true,"href":"https:\/\/2024.festivalenescu.ro\/ro\/wp-json\/wp\/v2\/comments?post=1201"}],"version-history":[{"count":2,"href":"https:\/\/2024.festivalenescu.ro\/ro\/wp-json\/wp\/v2\/pages\/1201\/revisions"}],"predecessor-version":[{"id":1359,"href":"https:\/\/2024.festivalenescu.ro\/ro\/wp-json\/wp\/v2\/pages\/1201\/revisions\/1359"}],"up":[{"embeddable":true,"href":"https:\/\/2024.festivalenescu.ro\/ro\/wp-json\/wp\/v2\/pages\/2255"}],"wp:featuredmedia":[{"embeddable":true,"href":"https:\/\/2024.festivalenescu.ro\/ro\/wp-json\/wp\/v2\/media\/1198"}],"wp:attachment":[{"href":"https:\/\/2024.festivalenescu.ro\/ro\/wp-json\/wp\/v2\/media?parent=1201"}],"curies":[{"name":"wp","href":"https:\/\/api.w.org\/{rel}","templated":true}]}}