{"id":1206,"date":"2024-04-03T08:30:33","date_gmt":"2024-04-03T05:30:33","guid":{"rendered":"https:\/\/concurs.festivalenescu.ro\/?page_id=1206"},"modified":"2024-08-05T14:07:00","modified_gmt":"2024-08-05T11:07:00","slug":"shlomo-mintz","status":"publish","type":"page","link":"https:\/\/2024.festivalenescu.ro\/ro\/juriile\/juriu-vioara\/shlomo-mintz\/","title":{"rendered":"Shlomo Mintz"},"content":{"rendered":"<section class=\"l-section wpb_row height_medium\"><div class=\"l-section-h i-cf\"><div class=\"g-cols vc_row via_flex valign_top type_default stacking_default\"><div class=\"vc_col-sm-6 wpb_column vc_column_container\"><div class=\"vc_column-inner\"><div class=\"wpb_wrapper\"><div class=\"wpb_text_column\"><div class=\"wpb_wrapper\"><p>Shlomo Mintz este considerat, de c\u0103tre colegi, public \u0219i critici, unul dintre cei mai importan\u021bi violoni\u0219ti ai timpului nostru, apreciat pentru muzicalitatea sa impecabil\u0103, versatilitatea stilistic\u0103 \u0219i tehnica sa impun\u0103toare. A fost \u00eendelung aclamat ca artist celebru, fiind invitat al\u0103turi de numeroase mari orchestre \u0219i dirijori pe scenele interna\u021bionale, \u0219i continu\u0103 s\u0103 \u00eenc\u00e2nte publicul cu interpret\u0103rile sale.<br \/>\nDistins cu numeroase premii interna\u021bionale prestigioase, printre care Premiul Interna\u021bional al Academiei de Muzic\u0103 Chigiana, Diapason d\u2019Or, Grand Prix du Disque, Premiul Gramophone pentru Muzic\u0103 Clasic\u0103, Premiul Edison \u0219i Premiul de Muzic\u0103 Cremona, \u00een 2006 a primit Diplom\u0103 de Onoare din partea Universit\u0103\u021bii Ben-Gurion din Negev, Beersheba (Israel), iar \u00een 2022 a fost numit Membru Onorific al Academiei de Muzic\u0103 \u0219i Dans din Ierusalim (Israel).<br \/>\nN\u0103scut la Moscova, a emigrat la v\u00e2rsta de 2 ani \u00een Israel. A studiat cu Ilona Feh\u00e9r, care i-a f\u0103cut cuno\u0219tin\u021b\u0103 cu Isaac Stern, devenind astfel mentorul s\u0103u. A fost, de asemenea, student al lui Dorothy DeLay la New York.<br \/>\nDe-a lungul carierei sale, a colaborat cu arti\u0219ti celebri precum Isaac Stern, Mstislav Rostropovich, Pinchas Zukerman, Itzhak Perlman, Zubin Mehta, Claudio Abbado, Carlo Maria Giulini, Riccardo Muti, Yuri Temirkanov, Ida Haendel \u0219i Ivry Gitlis, printre mul\u021bi al\u021bii, \u0219i a c\u00e2ntat al\u0103turi de cele mai mari orchestre din lume.<br \/>\nInvitat \u00een mod regulat de cele mai prestigioase concursuri interna\u021bionale, Shlomo Mintz a fost membru al juriilor celor mai prestigioase concursuri din lume (Concursul Ceaikovski de la Moscova, Concursul Regina Elisabeta de la Bruxelles \u0219i Concursul de Vioar\u0103 Henryk Wieniawski din Polonia). De asemenea, a fost invitat, timp de mai mul\u021bi ani, \u00een juriul Concursului de Vioar\u0103 Munetsugu Angel din Japonia, \u00een calitate de pre\u0219edinte. Din 2002 p\u00e2n\u0103 \u00een 2011, a fost pre\u0219edintele juriului Concursului Interna\u021bional de Vioar\u0103 Tibor Varga din Sion, Valais (Elve\u021bia), iar din 2012 p\u00e2n\u0103 \u00een 2018, directorul artistic al Crans-Montana Classics.<\/p>\n<\/div><\/div><\/div><\/div><\/div><div class=\"vc_col-sm-6 wpb_column vc_column_container\"><div class=\"vc_column-inner\"><div class=\"wpb_wrapper\"><div class=\"w-ibanner animation_phorcys ratio_1x1 easing_easeInOutCirc\"><div class=\"w-ibanner-h\"><div class=\"w-ibanner-image\" style=\"background-image: url(https:\/\/2024.festivalenescu.ro\/wp-content\/uploads\/2024\/03\/8Q9A4488-1-scaled.jpg)\"><\/div><div class=\"w-ibanner-content\"><div class=\"w-ibanner-content-h\"><h2 class=\"w-ibanner-title\"><\/h2><div class=\"w-ibanner-desc\"><\/div><\/div><\/div><\/div><\/div><div class=\"w-separator size_medium\"><\/div><div class=\"w-grid type_grid layout_1657\" id=\"us_grid_1\" style=\"--gap:1.5rem;\"><style>.layout_1657 .w-grid-item-h{box-shadow:0 0rem 0rem rgba(0,0,0,0.1),0 0rem 0rem rgba(0,0,0,0.1);transition-duration:0.3s}.no-touch .layout_1657 .w-grid-item-h:hover{box-shadow:0 0.1rem 0.2rem rgba(0,0,0,0.1),0 0.33rem 1rem rgba(0,0,0,0.15);z-index:4}.layout_1657 .usg_hwrapper_1{border-color:var(--color-content-border)!important;padding:1.5rem!important;border-style:solid!important;border-width:0 1px 1px 1px!important}.layout_1657 .usg_vwrapper_1{width:55%!important;padding-left:3%!important;padding-right:3%!important}.layout_1657 .usg_post_title_1{font-size:1.5rem!important;line-height:1.2!important}@media (min-width:1025px) and (max-width:1380px){.layout_1657 .usg_vwrapper_1{width:55%!important;padding-left:3%!important;padding-right:3%!important}}@media (min-width:601px) and (max-width:1024px){.layout_1657 .usg_vwrapper_1{width:55%!important;padding-left:3%!important;padding-right:3%!important}}@media (max-width:600px){.layout_1657 .usg_vwrapper_1{width:100%!important;padding:1rem 0 1rem 0!important}}<\/style><div class=\"w-grid-list\">\t<article class=\"w-grid-item size_1x1 post-1988 page type-page status-publish hentry\" data-id=\"1988\">\r\n\t\t<div class=\"w-grid-item-h\">\r\n\t\t\t\t\t\t<div class=\"w-hwrapper usg_hwrapper_1 align_none valign_top wrap\" style=\"--hwrapper-gap:0rem\"><div class=\"w-vwrapper usg_vwrapper_1 align_none valign_top\"><h1 class=\"w-post-elm post_title usg_post_title_1 entry-title color_link_inherit\"><a href=\"https:\/\/2024.festivalenescu.ro\/ro\/evenimente\/15-09-recital-shlomo-mintz\/\">15.09 &#8211; Recital SHLOMO MINTZ<\/a><\/h1><div class=\"w-post-elm post_content usg_post_content_1\">SHLOMO MINTZ vioar\u0103 (membru \u00een juriul Concursului Interna\u021bional George Enescu 2024) Heinrich Wilhelm Ernst\u00a06 studii polifonice pentru vioar\u0103 solo Niccol\u00f2 Paganini Capriciile nr. 13-24 pentru vioar\u0103 solo op. 1 Data:&hellip;<\/div><\/div><a class=\"w-btn us-btn-style_1 usg_btn_1\" href=\"https:\/\/www.cts.eventim.ro\/eventseries\/concurs-international-george-enescu-2024-3627790\/\"><span class=\"w-btn-label\">Cump\u0103r\u0103 bilete<\/span><\/a><\/div>\t\t<\/div>\r\n\t<\/article>\r\n<\/div><div class=\"w-grid-preloader\">\t<div class=\"g-preloader type_1\">\r\n\t\t<div><\/div>\r\n\t<\/div>\r\n\t<\/div>\t<div class=\"w-grid-json hidden\" onclick='return {&quot;action&quot;:&quot;us_ajax_grid&quot;,&quot;ajax_url&quot;:&quot;https:\\\/\\\/2024.festivalenescu.ro\\\/wp-admin\\\/admin-ajax.php&quot;,&quot;infinite_scroll&quot;:0,&quot;max_num_pages&quot;:1,&quot;pagination&quot;:&quot;ajax&quot;,&quot;template_vars&quot;:{&quot;columns&quot;:&quot;1&quot;,&quot;exclude_items&quot;:&quot;none&quot;,&quot;img_size&quot;:&quot;default&quot;,&quot;ignore_items_size&quot;:0,&quot;items_layout&quot;:&quot;1657&quot;,&quot;items_offset&quot;:&quot;1&quot;,&quot;load_animation&quot;:&quot;none&quot;,&quot;overriding_link&quot;:&quot;%7B%22url%22%3A%22%22%7D&quot;,&quot;post_id&quot;:0,&quot;query_args&quot;:{&quot;ignore_sticky_posts&quot;:1,&quot;post_type&quot;:&quot;any&quot;,&quot;post__in&quot;:[&quot;1988&quot;],&quot;posts_per_page&quot;:&quot;10&quot;},&quot;orderby_query_args&quot;:{&quot;orderby&quot;:{&quot;date&quot;:&quot;DESC&quot;}},&quot;type&quot;:&quot;grid&quot;,&quot;us_grid_ajax_index&quot;:1,&quot;us_grid_filter_params&quot;:[],&quot;us_grid_index&quot;:1,&quot;_us_grid_post_type&quot;:&quot;ids&quot;,&quot;page_args&quot;:[],&quot;lang&quot;:&quot;ro&quot;}}'><\/div>\r\n\t<\/div><\/div><\/div><\/div><\/div><\/div><\/section><section class=\"l-section wpb_row height_medium\"><div class=\"l-section-h i-cf\"><div class=\"g-cols vc_row via_flex valign_top type_default stacking_default\"><div class=\"vc_col-sm-12 wpb_column vc_column_container\"><div class=\"vc_column-inner\"><div class=\"wpb_wrapper\"><div class=\"wpb_text_column\"><div class=\"wpb_wrapper\"><p>Share:<\/p>\n<\/div><\/div><div class=\"w-sharing type_simple align_none color_default\"><div class=\"w-sharing-list\" data-content-image=\"true\"><a class=\"w-sharing-item email\" href=\"mailto:?subject=15.09 &#8211; Recital SHLOMO MINTZ&amp;body=https:\/\/2024.festivalenescu.ro\/ro\/wp-json\/wp\/v2\/pages\/1206\" title=\"Email this\" aria-label=\"Email this\"><i class=\"fas fa-envelope\"><\/i><\/a><a class=\"w-sharing-item facebook\" href=\"https:\/\/www.facebook.com\/sharer\/sharer.php?u=https:\/\/2024.festivalenescu.ro\/ro\/wp-json\/wp\/v2\/pages\/1206&amp;quote=15.09 &#8211; Recital SHLOMO MINTZ\" title=\"Share this\" aria-label=\"Share this\" onclick=\"window.open(this.href, &quot;facebook&quot;, &quot;toolbar=0,width=900,height=500&quot;); return false;\"><i class=\"fab fa-facebook\"><\/i><\/a><a class=\"w-sharing-item twitter\" href=\"https:\/\/twitter.com\/intent\/tweet?text=15.09 &#8211; Recital SHLOMO MINTZ&amp;url=https:\/\/2024.festivalenescu.ro\/ro\/wp-json\/wp\/v2\/pages\/1206\" title=\"Tweet this\" aria-label=\"Tweet this\" onclick=\"window.open(this.href, &quot;twitter&quot;, &quot;toolbar=0,width=650,height=360&quot;); return false;\"><i class=\"fab fa-x-twitter\"><svg style=\"width:1em; margin-bottom:-.1em;\" xmlns=\"http:\/\/www.w3.org\/2000\/svg\" viewBox=\"0 0 512 512\"><path fill=\"currentColor\" d=\"M389.2 48h70.6L305.6 224.2 487 464H345L233.7 318.6 106.5 464H35.8L200.7 275.5 26.8 48H172.4L272.9 180.9 389.2 48zM364.4 421.8h39.1L151.1 88h-42L364.4 421.8z\"\/><\/svg><\/i><\/a><a class=\"w-sharing-item linkedin\" href=\"https:\/\/www.linkedin.com\/shareArticle?mini=true&amp;url=https:\/\/2024.festivalenescu.ro\/ro\/wp-json\/wp\/v2\/pages\/1206\" title=\"Share this\" aria-label=\"Share this\" onclick=\"window.open(this.href, &quot;linkedin&quot;, &quot;toolbar=no,width=550,height=550&quot;); return false;\"><i class=\"fab fa-linkedin\"><\/i><\/a><a class=\"w-sharing-item whatsapp\" href=\"https:\/\/web.whatsapp.com\/send?text=15.09 &#8211; Recital SHLOMO MINTZ https:\/\/2024.festivalenescu.ro\/ro\/wp-json\/wp\/v2\/pages\/1206\" title=\"Share this\" aria-label=\"Share this\" onclick=\"window.open(this.href, &quot;whatsapp&quot;, &quot;toolbar=0,width=900,height=500&quot;); return false;\"><i class=\"fab fa-whatsapp\"><\/i><\/a><a class=\"w-sharing-item reddit\" href=\"https:\/\/www.reddit.com\/submit?url=https:\/\/2024.festivalenescu.ro\/ro\/wp-json\/wp\/v2\/pages\/1206&amp;title=15.09 &#8211; Recital SHLOMO MINTZ\" title=\"Share this\" aria-label=\"Share this\" onclick=\"window.open(this.href, &quot;reddit&quot;, &quot;toolbar=no,width=900,height=500&quot;); return false;\"><i class=\"fab fa-reddit\"><\/i><\/a><a class=\"w-sharing-item telegram\" href=\"https:\/\/t.me\/share\/url?url=https:\/\/2024.festivalenescu.ro\/ro\/wp-json\/wp\/v2\/pages\/1206&amp;text=15.09 &#8211; Recital SHLOMO MINTZ\" title=\"Share this\" aria-label=\"Share this\" onclick=\"window.open(this.href, &quot;telegram&quot;, &quot;toolbar=no,width=600,height=450&quot;); return false;\"><i class=\"fab fa-telegram\"><\/i><\/a><\/div><\/div><div class=\"w-post-elm post_navigation layout_sided inv_false\"><a class=\"post_navigation-item order_first to_prev\" href=\"https:\/\/2024.festivalenescu.ro\/ro\/evenimente\/14-09-sectiunea-vioara-semifinala\/\" title=\"14.09 &#8211; Sec\u021biunea Vioar\u0103, Semifinala\"><div class=\"post_navigation-item-img\"><img loading=\"lazy\" decoding=\"async\" width=\"512\" height=\"512\" src=\"https:\/\/2024.festivalenescu.ro\/wp-content\/uploads\/2023\/11\/favicon.png\" class=\"g-placeholder\" alt=\"\" srcset=\"https:\/\/2024.festivalenescu.ro\/wp-content\/uploads\/2023\/11\/favicon.png 512w, https:\/\/2024.festivalenescu.ro\/wp-content\/uploads\/2023\/11\/favicon-200x200.png 200w, https:\/\/2024.festivalenescu.ro\/wp-content\/uploads\/2023\/11\/favicon-150x150.png 150w, https:\/\/2024.festivalenescu.ro\/wp-content\/uploads\/2023\/11\/favicon-400x400.png 400w, https:\/\/2024.festivalenescu.ro\/wp-content\/uploads\/2023\/11\/favicon-300x300.png 300w\" sizes=\"auto, (max-width: 512px) 100vw, 512px\" \/><\/div><div class=\"post_navigation-item-arrow\"><\/div><div class=\"post_navigation-item-title\"><span>14.09 &#8211; Sec\u021biunea Vioar\u0103, Semifinala<\/span><\/div><\/a><a class=\"post_navigation-item order_second to_next\" href=\"https:\/\/2024.festivalenescu.ro\/ro\/evenimente\/16-09-sectiunea-vioara-finala\/\" title=\"16.09 &#8211; Sec\u021biunea Vioar\u0103, Finala\"><div class=\"post_navigation-item-img\"><img loading=\"lazy\" decoding=\"async\" width=\"512\" height=\"512\" src=\"https:\/\/2024.festivalenescu.ro\/wp-content\/uploads\/2023\/11\/favicon.png\" class=\"g-placeholder\" alt=\"\" srcset=\"https:\/\/2024.festivalenescu.ro\/wp-content\/uploads\/2023\/11\/favicon.png 512w, https:\/\/2024.festivalenescu.ro\/wp-content\/uploads\/2023\/11\/favicon-200x200.png 200w, https:\/\/2024.festivalenescu.ro\/wp-content\/uploads\/2023\/11\/favicon-150x150.png 150w, https:\/\/2024.festivalenescu.ro\/wp-content\/uploads\/2023\/11\/favicon-400x400.png 400w, https:\/\/2024.festivalenescu.ro\/wp-content\/uploads\/2023\/11\/favicon-300x300.png 300w\" sizes=\"auto, (max-width: 512px) 100vw, 512px\" \/><\/div><div class=\"post_navigation-item-arrow\"><\/div><div class=\"post_navigation-item-title\"><span>16.09 &#8211; Sec\u021biunea Vioar\u0103, Finala<\/span><\/div><\/a><\/div><\/div><\/div><\/div><\/div><\/div><\/section>\n","protected":false},"excerpt":{"rendered":"SHLOMO MINTZ vioar\u0103 (membru \u00een juriul Concursului Interna\u021bional George Enescu 2024) Heinrich Wilhelm Ernst\u00a06 studii polifonice pentru vioar\u0103 solo Niccol\u00f2 Paganini Capriciile nr. 13-24 pentru vioar\u0103 solo op. 1 Data: Duminic\u0103, 15 septembrie 2024 Ora: 19.00 Locul: Ateneul Rom\u00e2n Buy ticketsShare: 14.09 &#8211; Sec\u021biunea Vioar\u0103, Semifinala16.09 &#8211; Sec\u021biunea Vioar\u0103, Finala","protected":false},"author":4,"featured_media":1290,"parent":2255,"menu_order":0,"comment_status":"closed","ping_status":"closed","template":"","meta":{"footnotes":""},"class_list":["post-1206","page","type-page","status-publish","has-post-thumbnail","hentry"],"_links":{"self":[{"href":"https:\/\/2024.festivalenescu.ro\/ro\/wp-json\/wp\/v2\/pages\/1206","targetHints":{"allow":["GET"]}}],"collection":[{"href":"https:\/\/2024.festivalenescu.ro\/ro\/wp-json\/wp\/v2\/pages"}],"about":[{"href":"https:\/\/2024.festivalenescu.ro\/ro\/wp-json\/wp\/v2\/types\/page"}],"author":[{"embeddable":true,"href":"https:\/\/2024.festivalenescu.ro\/ro\/wp-json\/wp\/v2\/users\/4"}],"replies":[{"embeddable":true,"href":"https:\/\/2024.festivalenescu.ro\/ro\/wp-json\/wp\/v2\/comments?post=1206"}],"version-history":[{"count":4,"href":"https:\/\/2024.festivalenescu.ro\/ro\/wp-json\/wp\/v2\/pages\/1206\/revisions"}],"predecessor-version":[{"id":2945,"href":"https:\/\/2024.festivalenescu.ro\/ro\/wp-json\/wp\/v2\/pages\/1206\/revisions\/2945"}],"up":[{"embeddable":true,"href":"https:\/\/2024.festivalenescu.ro\/ro\/wp-json\/wp\/v2\/pages\/2255"}],"wp:featuredmedia":[{"embeddable":true,"href":"https:\/\/2024.festivalenescu.ro\/ro\/wp-json\/wp\/v2\/media\/1290"}],"wp:attachment":[{"href":"https:\/\/2024.festivalenescu.ro\/ro\/wp-json\/wp\/v2\/media?parent=1206"}],"curies":[{"name":"wp","href":"https:\/\/api.w.org\/{rel}","templated":true}]}}