{"id":1215,"date":"2024-04-03T08:30:52","date_gmt":"2024-04-03T05:30:52","guid":{"rendered":"https:\/\/concurs.festivalenescu.ro\/?page_id=1215"},"modified":"2024-04-22T15:25:51","modified_gmt":"2024-04-22T12:25:51","slug":"silvia-marcovici","status":"publish","type":"page","link":"https:\/\/2024.festivalenescu.ro\/ro\/juriile\/juriu-vioara\/silvia-marcovici\/","title":{"rendered":"Silvia Marcovici"},"content":{"rendered":"<section class=\"l-section wpb_row height_medium\"><div class=\"l-section-h i-cf\"><div class=\"g-cols vc_row via_flex valign_top type_default stacking_default\"><div class=\"vc_col-sm-6 wpb_column vc_column_container\"><div class=\"vc_column-inner\"><div class=\"wpb_wrapper\"><div class=\"wpb_text_column\"><div class=\"wpb_wrapper\"><p>Silvia Marcovici s-a n\u0103scut \u00een Rom\u00e2nia, la Bac\u0103u. A studiat vioara \u00een ora\u0219ul natal \u0219i la Bucure\u0219ti, cu Harry Coffler \u0219i \u0218tefan Gheorghiu. \u00cen 1969, a ob\u021binut Premiul I la Concursul Long-Thibaud din Paris, iar un an mai t\u00e2rziu a cucerit Premiul I la Concursul Interna\u021bional George Enescu din Bucure\u0219ti.<br \/>\nA debutat la v\u00e2rsta de 16 ani, cu Residentie Orkest din Haga, sub bagheta compozitorului Bruno Maderna. Dup\u0103 ce a c\u00e2ntat cu Orchestra Simfonic\u0103 din Londra, la invita\u021bia lui Claudio Abbado a interpretat Concertul nr. 2 pentru vioar\u0103 de Bart\u00f3k \u00eempreun\u0103 cu Orchestra Teatrului Scala din Milano. \u00cen 1972 a fost invitat\u0103 de Leopold Stokowski s\u0103 interpreteze Concertul de Glazunov cu Orchestra Simfonic\u0103 din Londra, la sala Royal Festival, concert \u00eenregistrat la Decca, cu ocazia celei de-a 90-a anivers\u0103ri a ilustrului dirijor.<br \/>\n\u00cen anul 1976, Silvia Marcovici a emigrat \u00een Israel, fapt care i-a permis un av\u00e2nt \u00een cariera interna\u021bional\u0103 (Rom\u00e2nia se afla \u00een plin regim comunist). La \u00eenceputul anilor \u201980, s-a stabilit \u00een Germania, devenind profesoar\u0103 la Universitatea de Muzic\u0103 din Saarbr\u00fccken. A mai predat la Academia de Muzic\u0103 Tibor Varga din Sion, Elve\u021bia \u0219i la Facultatea de Muzic\u0103 a Universit\u0103\u021bii de Arte din Graz, \u00een Austria.<br \/>\nSilvia Marcovici a c\u00e2ntat cu mai multe orchestre din Europa \u0219i SUA: Orchestra Philharmonia, Orchestra Filarmonic\u0103 Regal\u0103 din Londra, Orchestra Regal\u0103 Concertgebouw, Orchestra Na\u021bional\u0103 a Fran\u021bei, Orchestra Simfonic\u0103 a Academiei Santa Cecilia, orchestrele simfonice din New York, Los Angeles, Chicago, Cincinnati, Atlanta, Washington, D.C., Philadelphia. A colaborat cu dirijori renumi\u021bi precum Zubin Mehta, Claudio Abbado, Sergiu Comissiona, James DePreist, Pl\u00e1cido Domingo, Bernard Haitink, Eliahu Inbal, Neeme J\u00e4rvi, Jes\u00fas L\u00f3pez Cobos, Riccardo Muti, Andr\u00e9 Previn, Mstislav Rostropovich, Alessandro Siciliani,\u00a0 David Zinman.<br \/>\nA sus\u021binut concerte \u00een America de Nord \u0219i de Sud, Europa, Japonia, Israel \u0219i \u00een \u00eentreaga Europ\u0103. A \u00eenregistrat cele zece sonate de Beethoven pentru vioar\u0103 \u0219i pian, precum \u0219i Concertul pentru vioar\u0103 de Sibelius cu Orchestra Simfonic\u0103 din G\u00f6teborg, sub bagheta lui Neeme J\u00e4rvi. \u00cen prezent, este profesoar\u0103 la Academia Perosi din Italia.<\/p>\n<\/div><\/div><\/div><\/div><\/div><div class=\"vc_col-sm-6 wpb_column vc_column_container\"><div class=\"vc_column-inner\"><div class=\"wpb_wrapper\"><div class=\"w-ibanner animation_phorcys ratio_1x1 easing_easeInOutCirc\"><div class=\"w-ibanner-h\"><div class=\"w-ibanner-image\" style=\"background-image: url(https:\/\/2024.festivalenescu.ro\/wp-content\/uploads\/2024\/03\/Silvia-BnW-4-portrait-1-1.png)\"><\/div><div class=\"w-ibanner-content\"><div class=\"w-ibanner-content-h\"><h2 class=\"w-ibanner-title\"><\/h2><div class=\"w-ibanner-desc\"><\/div><\/div><\/div><\/div><\/div><\/div><\/div><\/div><\/div><\/div><\/section><section class=\"l-section wpb_row height_medium\"><div class=\"l-section-h i-cf\"><div class=\"g-cols vc_row via_flex valign_top type_default stacking_default\"><div class=\"vc_col-sm-12 wpb_column vc_column_container\"><div class=\"vc_column-inner\"><div class=\"wpb_wrapper\"><div class=\"wpb_text_column\"><div class=\"wpb_wrapper\"><p>Share:<\/p>\n<\/div><\/div><div class=\"w-sharing type_simple align_none color_default\"><div class=\"w-sharing-list\"><a class=\"w-sharing-item email\" href=\"mailto:?subject=Silvia Marcovici&amp;body=https:\/\/2024.festivalenescu.ro\/ro\/wp-json\/wp\/v2\/pages\/1215\" title=\"Email this\" aria-label=\"Email this\"><i class=\"fas fa-envelope\"><\/i><\/a><a class=\"w-sharing-item facebook\" href=\"https:\/\/www.facebook.com\/sharer\/sharer.php?u=https:\/\/2024.festivalenescu.ro\/ro\/wp-json\/wp\/v2\/pages\/1215&amp;quote=Silvia Marcovici\" title=\"Share this\" aria-label=\"Share this\" onclick=\"window.open(this.href, &quot;facebook&quot;, &quot;toolbar=0,width=900,height=500&quot;); return false;\"><i class=\"fab fa-facebook\"><\/i><\/a><a class=\"w-sharing-item twitter\" href=\"https:\/\/twitter.com\/intent\/tweet?text=Silvia Marcovici&amp;url=https:\/\/2024.festivalenescu.ro\/ro\/wp-json\/wp\/v2\/pages\/1215\" title=\"Tweet this\" aria-label=\"Tweet this\" onclick=\"window.open(this.href, &quot;twitter&quot;, &quot;toolbar=0,width=650,height=360&quot;); return false;\"><i class=\"fab fa-x-twitter\"><svg style=\"width:1em; margin-bottom:-.1em;\" xmlns=\"http:\/\/www.w3.org\/2000\/svg\" viewBox=\"0 0 512 512\"><path fill=\"currentColor\" d=\"M389.2 48h70.6L305.6 224.2 487 464H345L233.7 318.6 106.5 464H35.8L200.7 275.5 26.8 48H172.4L272.9 180.9 389.2 48zM364.4 421.8h39.1L151.1 88h-42L364.4 421.8z\"\/><\/svg><\/i><\/a><a class=\"w-sharing-item linkedin\" href=\"https:\/\/www.linkedin.com\/shareArticle?mini=true&amp;url=https:\/\/2024.festivalenescu.ro\/ro\/wp-json\/wp\/v2\/pages\/1215\" title=\"Share this\" aria-label=\"Share this\" onclick=\"window.open(this.href, &quot;linkedin&quot;, &quot;toolbar=no,width=550,height=550&quot;); return false;\"><i class=\"fab fa-linkedin\"><\/i><\/a><a class=\"w-sharing-item whatsapp\" href=\"https:\/\/web.whatsapp.com\/send?text=Silvia Marcovici https:\/\/2024.festivalenescu.ro\/ro\/wp-json\/wp\/v2\/pages\/1215\" title=\"Share this\" aria-label=\"Share this\" onclick=\"window.open(this.href, &quot;whatsapp&quot;, &quot;toolbar=0,width=900,height=500&quot;); return false;\"><i class=\"fab fa-whatsapp\"><\/i><\/a><a class=\"w-sharing-item reddit\" href=\"https:\/\/www.reddit.com\/submit?url=https:\/\/2024.festivalenescu.ro\/ro\/wp-json\/wp\/v2\/pages\/1215&amp;title=Silvia Marcovici\" title=\"Share this\" aria-label=\"Share this\" onclick=\"window.open(this.href, &quot;reddit&quot;, &quot;toolbar=no,width=900,height=500&quot;); return false;\"><i class=\"fab fa-reddit\"><\/i><\/a><a class=\"w-sharing-item telegram\" href=\"https:\/\/t.me\/share\/url?url=https:\/\/2024.festivalenescu.ro\/ro\/wp-json\/wp\/v2\/pages\/1215&amp;text=Silvia Marcovici\" title=\"Share this\" aria-label=\"Share this\" onclick=\"window.open(this.href, &quot;telegram&quot;, &quot;toolbar=no,width=600,height=450&quot;); return false;\"><i class=\"fab fa-telegram\"><\/i><\/a><\/div><\/div><div class=\"w-post-elm post_navigation layout_sided inv_false\"><a class=\"post_navigation-item order_first to_prev\" href=\"https:\/\/2024.festivalenescu.ro\/ro\/juriile\/juriu-violoncel\/arto-noras\/\" title=\"Arto Noras &#8211; Pre\u0219edinte Juriu Violoncel\"><div class=\"post_navigation-item-img\"><img decoding=\"async\" src=\"https:\/\/2024.festivalenescu.ro\/wp-content\/uploads\/2024\/03\/Noras_kirkko-2.jpeg\" loading=\"lazy\" alt=\"\" width=\"150\" height=\"150\"><\/div><div class=\"post_navigation-item-arrow\"><\/div><div class=\"post_navigation-item-title\"><span>Arto Noras &#8211; Pre\u0219edinte Juriu Violoncel<\/span><\/div><\/a><a class=\"post_navigation-item order_second to_next\" href=\"https:\/\/2024.festivalenescu.ro\/ro\/juriile\/juriu-compozitie\/magnus-lindberg\/\" title=\"Magnus Lindberg\"><div class=\"post_navigation-item-img\"><img decoding=\"async\" src=\"https:\/\/2024.festivalenescu.ro\/wp-content\/uploads\/2024\/03\/Magnus-Lindberg-Philip-Gatward-01-719x900.jpg\" loading=\"lazy\" alt=\"\" width=\"150\" height=\"150\"><\/div><div class=\"post_navigation-item-arrow\"><\/div><div class=\"post_navigation-item-title\"><span>Magnus Lindberg<\/span><\/div><\/a><\/div><\/div><\/div><\/div><\/div><\/div><\/section>\n","protected":false},"excerpt":{"rendered":"Silvia Marcovici s-a n\u0103scut \u00een Rom\u00e2nia, la Bac\u0103u. A studiat vioara \u00een ora\u0219ul natal \u0219i la Bucure\u0219ti, cu Harry Coffler \u0219i \u0218tefan Gheorghiu. \u00cen 1969, a ob\u021binut Premiul I la Concursul Long-Thibaud din Paris, iar un an mai t\u00e2rziu a cucerit Premiul I la Concursul Interna\u021bional George Enescu din Bucure\u0219ti. A debutat la v\u00e2rsta de...","protected":false},"author":4,"featured_media":1212,"parent":2255,"menu_order":0,"comment_status":"closed","ping_status":"closed","template":"","meta":{"footnotes":""},"class_list":["post-1215","page","type-page","status-publish","has-post-thumbnail","hentry"],"_links":{"self":[{"href":"https:\/\/2024.festivalenescu.ro\/ro\/wp-json\/wp\/v2\/pages\/1215","targetHints":{"allow":["GET"]}}],"collection":[{"href":"https:\/\/2024.festivalenescu.ro\/ro\/wp-json\/wp\/v2\/pages"}],"about":[{"href":"https:\/\/2024.festivalenescu.ro\/ro\/wp-json\/wp\/v2\/types\/page"}],"author":[{"embeddable":true,"href":"https:\/\/2024.festivalenescu.ro\/ro\/wp-json\/wp\/v2\/users\/4"}],"replies":[{"embeddable":true,"href":"https:\/\/2024.festivalenescu.ro\/ro\/wp-json\/wp\/v2\/comments?post=1215"}],"version-history":[{"count":4,"href":"https:\/\/2024.festivalenescu.ro\/ro\/wp-json\/wp\/v2\/pages\/1215\/revisions"}],"predecessor-version":[{"id":1601,"href":"https:\/\/2024.festivalenescu.ro\/ro\/wp-json\/wp\/v2\/pages\/1215\/revisions\/1601"}],"up":[{"embeddable":true,"href":"https:\/\/2024.festivalenescu.ro\/ro\/wp-json\/wp\/v2\/pages\/2255"}],"wp:featuredmedia":[{"embeddable":true,"href":"https:\/\/2024.festivalenescu.ro\/ro\/wp-json\/wp\/v2\/media\/1212"}],"wp:attachment":[{"href":"https:\/\/2024.festivalenescu.ro\/ro\/wp-json\/wp\/v2\/media?parent=1215"}],"curies":[{"name":"wp","href":"https:\/\/api.w.org\/{rel}","templated":true}]}}