{"id":1227,"date":"2024-04-03T08:30:37","date_gmt":"2024-04-03T05:30:37","guid":{"rendered":"https:\/\/concurs.festivalenescu.ro\/?page_id=1227"},"modified":"2024-04-03T09:49:34","modified_gmt":"2024-04-03T06:49:34","slug":"alexander-shtarkman","status":"publish","type":"page","link":"https:\/\/2024.festivalenescu.ro\/ro\/juriile\/juriu-pian\/alexander-shtarkman\/","title":{"rendered":"Alexander Shtarkman"},"content":{"rendered":"<section class=\"l-section wpb_row height_medium\"><div class=\"l-section-h i-cf\"><div class=\"g-cols vc_row via_flex valign_top type_default stacking_default\"><div class=\"vc_col-sm-6 wpb_column vc_column_container\"><div class=\"vc_column-inner\"><div class=\"wpb_wrapper\"><div class=\"wpb_text_column\"><div class=\"wpb_wrapper\"><p>Recitalurile de debut ale lui Alexander Shtarkman din Los Angeles, Chicago \u0219i New York au st\u00e2rnit aprecieri elogioase din partea publicului \u0219i a criticilor deopotriv\u0103. Martin Bernheimer scria, \u00een <em>Los Angeles Times<\/em>: \u201eAlexander Shtarkman. Aminti\u021bi-v\u0103 acest nume&#8230; C\u00e2nt\u0103 la pian cu toat\u0103 for\u021ba, str\u0103lucirea \u0219i entuziasmul pe care le-ar sugera v\u00e2rsta sa. C\u00e2nt\u0103, de asemenea, cu sensibilitatea \u0219i rafinamentul suav asociate unor mari mae\u0219tri ai claviaturii, cei mai mul\u021bi dintre ei ru\u0219i.\u201d James Keller, de la redac\u021bia <em>The New Yorker<\/em>, a scris c\u0103 \u201eRecitalul lui Shtarkman a fost un debut important. De fapt, nu exist\u0103 debuturi mai bune dec\u00e2t acesta. Dintre tinerii piani\u0219ti care intr\u0103 \u00een prezent \u00een lumina reflectoarelor interna\u021bionale, Shtarkman este, f\u0103r\u0103 \u00eendoial\u0103, printre cei mai buni muzicieni.\u201d<br \/>\nPrintre recitalurile sus\u021binute \u00een Statele Unite se num\u0103r\u0103 cele de la Funda\u021bia Ambasador, Centrul Tilles pentru Artele Spectacolului, Centrul de Arte Tisch, Seria Ravinia Rising Stars, San Francisco Performances, Centrul Kravis pentru Artele Spectacolului prin Funda\u021bia Regional\u0103 pentru Arte, Centrul P\u0103cii \u0219i Sala Van Wezel pentru Artele Spectacolului. Printre colabor\u0103rile cu ansambluri se num\u0103r\u0103 cele cu Orchestra Simfonic\u0103 din Dallas, orchestrele Simfonic\u0103 \u0219i de Camer\u0103 din Fort Worth, orchestrele Northwood \u0219i Marin, Chicago Sinfonietta \u0219i Orchestra de Camer\u0103 din Albuquerque.<br \/>\n\u00cen august 1995, Alexander Shtarkman a ob\u021binut Premiul I la Concursul Interna\u021bional de Pian Busoni din Bolzano, Italia. Ca urmare a acestui premiu, i s-au oferit peste 60 de recitaluri \u0219i concerte cu orchestra \u00een Europa. Pe l\u00e2ng\u0103 Premiul Busoni, este laureat al Concursului Interna\u021bional de Pian Van Cliburn din 1989 \u0219i al Concursului Ceaikovski din 1994. De asemenea, a c\u00e2\u0219tigat Premiul I la prima edi\u021bie a Concursului Interna\u021bional de Pian Taiwan din Taipei \u0219i a sus\u021binut numeroase concerte \u00een toat\u0103 Asia.<br \/>\nDin 2002, este membru al Facult\u0103\u021bii de Pian de la Conservatorul Peabody, iar \u00een 2020 a fost numit \u0219ef al Departamentului de Claviatur\u0103.<\/p>\n<\/div><\/div><\/div><\/div><\/div><div class=\"vc_col-sm-6 wpb_column vc_column_container\"><div class=\"vc_column-inner\"><div class=\"wpb_wrapper\"><div class=\"w-ibanner animation_phorcys ratio_1x1 easing_easeInOutCirc\"><div class=\"w-ibanner-h\"><div class=\"w-ibanner-image\" style=\"background-image: url(https:\/\/2024.festivalenescu.ro\/wp-content\/uploads\/2024\/03\/A.-Shtarkman--scaled.jpeg)\"><\/div><div class=\"w-ibanner-content\"><div class=\"w-ibanner-content-h\"><h2 class=\"w-ibanner-title\"><\/h2><div class=\"w-ibanner-desc\"><p>\u00a9 Ellen Appel<\/p>\n<\/div><\/div><\/div><\/div><\/div><\/div><\/div><\/div><\/div><\/div><\/section><section class=\"l-section wpb_row height_medium\"><div class=\"l-section-h i-cf\"><div class=\"g-cols vc_row via_flex valign_top type_default stacking_default\"><div class=\"vc_col-sm-12 wpb_column vc_column_container\"><div class=\"vc_column-inner\"><div class=\"wpb_wrapper\"><div class=\"wpb_text_column\"><div class=\"wpb_wrapper\"><p>Share:<\/p>\n<\/div><\/div><div class=\"w-sharing type_simple align_none color_default\"><div class=\"w-sharing-list\"><a class=\"w-sharing-item email\" href=\"mailto:?subject=Alexander Shtarkman&amp;body=https:\/\/2024.festivalenescu.ro\/ro\/wp-json\/wp\/v2\/pages\/1227\" title=\"Email this\" aria-label=\"Email this\"><i class=\"fas fa-envelope\"><\/i><\/a><a class=\"w-sharing-item facebook\" href=\"https:\/\/www.facebook.com\/sharer\/sharer.php?u=https:\/\/2024.festivalenescu.ro\/ro\/wp-json\/wp\/v2\/pages\/1227&amp;quote=Alexander Shtarkman\" title=\"Share this\" aria-label=\"Share this\" onclick=\"window.open(this.href, &quot;facebook&quot;, &quot;toolbar=0,width=900,height=500&quot;); return false;\"><i class=\"fab fa-facebook\"><\/i><\/a><a class=\"w-sharing-item twitter\" href=\"https:\/\/twitter.com\/intent\/tweet?text=Alexander Shtarkman&amp;url=https:\/\/2024.festivalenescu.ro\/ro\/wp-json\/wp\/v2\/pages\/1227\" title=\"Tweet this\" aria-label=\"Tweet this\" onclick=\"window.open(this.href, &quot;twitter&quot;, &quot;toolbar=0,width=650,height=360&quot;); return false;\"><i class=\"fab fa-x-twitter\"><svg style=\"width:1em; margin-bottom:-.1em;\" xmlns=\"http:\/\/www.w3.org\/2000\/svg\" viewBox=\"0 0 512 512\"><path fill=\"currentColor\" d=\"M389.2 48h70.6L305.6 224.2 487 464H345L233.7 318.6 106.5 464H35.8L200.7 275.5 26.8 48H172.4L272.9 180.9 389.2 48zM364.4 421.8h39.1L151.1 88h-42L364.4 421.8z\"\/><\/svg><\/i><\/a><a class=\"w-sharing-item linkedin\" href=\"https:\/\/www.linkedin.com\/shareArticle?mini=true&amp;url=https:\/\/2024.festivalenescu.ro\/ro\/wp-json\/wp\/v2\/pages\/1227\" title=\"Share this\" aria-label=\"Share this\" onclick=\"window.open(this.href, &quot;linkedin&quot;, &quot;toolbar=no,width=550,height=550&quot;); return false;\"><i class=\"fab fa-linkedin\"><\/i><\/a><a class=\"w-sharing-item whatsapp\" href=\"https:\/\/web.whatsapp.com\/send?text=Alexander Shtarkman https:\/\/2024.festivalenescu.ro\/ro\/wp-json\/wp\/v2\/pages\/1227\" title=\"Share this\" aria-label=\"Share this\" onclick=\"window.open(this.href, &quot;whatsapp&quot;, &quot;toolbar=0,width=900,height=500&quot;); return false;\"><i class=\"fab fa-whatsapp\"><\/i><\/a><a class=\"w-sharing-item reddit\" href=\"https:\/\/www.reddit.com\/submit?url=https:\/\/2024.festivalenescu.ro\/ro\/wp-json\/wp\/v2\/pages\/1227&amp;title=Alexander Shtarkman\" title=\"Share this\" aria-label=\"Share this\" onclick=\"window.open(this.href, &quot;reddit&quot;, &quot;toolbar=no,width=900,height=500&quot;); return false;\"><i class=\"fab fa-reddit\"><\/i><\/a><a class=\"w-sharing-item telegram\" href=\"https:\/\/t.me\/share\/url?url=https:\/\/2024.festivalenescu.ro\/ro\/wp-json\/wp\/v2\/pages\/1227&amp;text=Alexander Shtarkman\" title=\"Share this\" aria-label=\"Share this\" onclick=\"window.open(this.href, &quot;telegram&quot;, &quot;toolbar=no,width=600,height=450&quot;); return false;\"><i class=\"fab fa-telegram\"><\/i><\/a><\/div><\/div><div class=\"w-post-elm post_navigation layout_sided inv_false\"><a class=\"post_navigation-item order_first to_prev\" href=\"https:\/\/2024.festivalenescu.ro\/ro\/juriile\/juriu-vioara\/shlomo-mintz\/\" title=\"Shlomo Mintz\"><div class=\"post_navigation-item-img\"><img decoding=\"async\" src=\"https:\/\/2024.festivalenescu.ro\/wp-content\/uploads\/2024\/03\/8Q9A4488-1-707x900.jpg\" loading=\"lazy\" alt=\"\" width=\"150\" height=\"150\"><\/div><div class=\"post_navigation-item-arrow\"><\/div><div class=\"post_navigation-item-title\"><span>Shlomo Mintz<\/span><\/div><\/a><a class=\"post_navigation-item order_second to_next\" href=\"https:\/\/2024.festivalenescu.ro\/ro\/juriile\/juriu-vioara\/dmitry-sitkovetsky-presedinte-juriu-vioara\/\" title=\"Dmitry Sitkovetsky &#8211; Pre\u0219edinte juriu vioar\u0103\"><div class=\"post_navigation-item-img\"><img decoding=\"async\" src=\"https:\/\/2024.festivalenescu.ro\/wp-content\/uploads\/2024\/03\/Dmitry-Sitkovetsky-1-654x900.jpg\" loading=\"lazy\" alt=\"\" width=\"150\" height=\"150\"><\/div><div class=\"post_navigation-item-arrow\"><\/div><div class=\"post_navigation-item-title\"><span>Dmitry Sitkovetsky &#8211; Pre\u0219edinte juriu vioar\u0103<\/span><\/div><\/a><\/div><\/div><\/div><\/div><\/div><\/div><\/section>\n","protected":false},"excerpt":{"rendered":"Recitalurile de debut ale lui Alexander Shtarkman din Los Angeles, Chicago \u0219i New York au st\u00e2rnit aprecieri elogioase din partea publicului \u0219i a criticilor deopotriv\u0103. Martin Bernheimer scria, \u00een Los Angeles Times: \u201eAlexander Shtarkman. Aminti\u021bi-v\u0103 acest nume&#8230; C\u00e2nt\u0103 la pian cu toat\u0103 for\u021ba, str\u0103lucirea \u0219i entuziasmul pe care le-ar sugera v\u00e2rsta sa. C\u00e2nt\u0103, de asemenea,...","protected":false},"author":4,"featured_media":1224,"parent":2242,"menu_order":0,"comment_status":"closed","ping_status":"closed","template":"","meta":{"footnotes":""},"class_list":["post-1227","page","type-page","status-publish","has-post-thumbnail","hentry"],"_links":{"self":[{"href":"https:\/\/2024.festivalenescu.ro\/ro\/wp-json\/wp\/v2\/pages\/1227","targetHints":{"allow":["GET"]}}],"collection":[{"href":"https:\/\/2024.festivalenescu.ro\/ro\/wp-json\/wp\/v2\/pages"}],"about":[{"href":"https:\/\/2024.festivalenescu.ro\/ro\/wp-json\/wp\/v2\/types\/page"}],"author":[{"embeddable":true,"href":"https:\/\/2024.festivalenescu.ro\/ro\/wp-json\/wp\/v2\/users\/4"}],"replies":[{"embeddable":true,"href":"https:\/\/2024.festivalenescu.ro\/ro\/wp-json\/wp\/v2\/comments?post=1227"}],"version-history":[{"count":2,"href":"https:\/\/2024.festivalenescu.ro\/ro\/wp-json\/wp\/v2\/pages\/1227\/revisions"}],"predecessor-version":[{"id":1326,"href":"https:\/\/2024.festivalenescu.ro\/ro\/wp-json\/wp\/v2\/pages\/1227\/revisions\/1326"}],"up":[{"embeddable":true,"href":"https:\/\/2024.festivalenescu.ro\/ro\/wp-json\/wp\/v2\/pages\/2242"}],"wp:featuredmedia":[{"embeddable":true,"href":"https:\/\/2024.festivalenescu.ro\/ro\/wp-json\/wp\/v2\/media\/1224"}],"wp:attachment":[{"href":"https:\/\/2024.festivalenescu.ro\/ro\/wp-json\/wp\/v2\/media?parent=1227"}],"curies":[{"name":"wp","href":"https:\/\/api.w.org\/{rel}","templated":true}]}}