{"id":1237,"date":"2024-04-03T08:30:41","date_gmt":"2024-04-03T05:30:41","guid":{"rendered":"https:\/\/concurs.festivalenescu.ro\/?page_id=1237"},"modified":"2024-04-03T09:49:40","modified_gmt":"2024-04-03T06:49:40","slug":"andrei-pisarev","status":"publish","type":"page","link":"https:\/\/2024.festivalenescu.ro\/ro\/juriile\/juriu-pian\/andrei-pisarev\/","title":{"rendered":"Andrei Pisarev"},"content":{"rendered":"<section class=\"l-section wpb_row height_medium\"><div class=\"l-section-h i-cf\"><div class=\"g-cols vc_row via_flex valign_top type_default stacking_default\"><div class=\"vc_col-sm-6 wpb_column vc_column_container\"><div class=\"vc_column-inner\"><div class=\"wpb_wrapper\"><div class=\"wpb_text_column\"><div class=\"wpb_wrapper\"><p>\u00cen 1991, la Concursul Interna\u021bional Mozart din Salzburg, un t\u00e2n\u0103r pianist rus a c\u00e2\u0219tigat Marele Premiu \u2013 a fost prima dat\u0103, dup\u0103 35 de ani, c\u00e2nd acest premiu a fost acordat \u00een cadrul concursului. C\u00e2\u0219tig\u0103torul era Andrei Pisarev.<br \/>\nPe 10 octombrie 2006, Gunilla Bostr\u00f6m scria, \u00een ziarul suedez <em>Helsingborgs Dagblad<\/em>: \u201e\u00cen aprilie 2004, am fost convins\u0103 c\u0103 Andrei Pisarev era cel mai bun pianist pe care l-am auzit vreodat\u0103, iar aceast\u0103 p\u0103rere persist\u0103 \u0219i dup\u0103 recitalul s\u0103u&#8230; Expresia <em>pianist mondial<\/em> nu este o exagerare la adresa lui&#8230;\u201d<br \/>\n\u00cen afar\u0103 de Concursul Mozart, Andrei Pisarev a c\u00e2\u0219tigat Premiul I la Concursul Interna\u021bional Rahmaninov (Moscova, 1983), iar la Concursul International de Pian Unisa a ob\u021binut Premiul I \u0219i premiile speciale pentru cea mai bun\u0103 interpretare a unei sonate clasice \u0219i a unui concert de Mozart (Pretoria, 1992).<br \/>\nZiarul german <em>Westdeutsche Allgemeine Zeitung<\/em> a scris despre Andrei Pisarev: \u201ePerforman\u021ba sa nu poate fi uitat\u0103&#8230; Pianistul a oferit o muzic\u0103 at\u00e2t de impresionant\u0103, care se aude foarte rar. Faptul c\u0103 interpretarea sa se distinge prin virtuozitate \u2013 este de necontestat. Pentru c\u0103 prin virtuozitate poate fi realizat\u0103 sonoritatea transparent\u0103 a muzicii lui Debussy, Liszt, Chopin \u0219i Kreisler\/Rahmaninov. Interpretarea sa a fost cu adev\u0103rat transparent\u0103. Sunetele Sonatei de Scarlatti au str\u0103lucit ca ni\u0219te pic\u0103turi de ap\u0103 radiant\u0103 \u0219i limpede. <em>Suita Bergamasc\u0103<\/em> de Debussy a sunat ca o p\u00e2nz\u0103 pictat\u0103 \u00een culori clare \u0219i str\u0103lucitoare.\u201d<br \/>\nAndrei Pisarev are un repertoriu vast \u0219i interpreteaz\u0103 cu aceea\u0219i dedicare \u0219i lejeritate crea\u021bii de Bach, Mozart, Liszt, Chopin, Rahmaninov, Debussy, Prokofiev sau \u0218ostakovici.<br \/>\nToate aceste concursuri i-au deschis u\u0219ile celor mai prestigioase s\u0103li de concert \u0219i i-au adus colabor\u0103ri cu ansambluri renumite precum Orchestra Simfonic\u0103 a Filarmonicii din Japonia, Orchestra RAI Milano, Orchestra Filarmonicii din Cape Town, Orchestra Na\u021bional\u0103 Rus\u0103, Orchestra Filarmonicii din Sankt Petersburg. At\u00e2t recitalurile solo, c\u00e2t \u0219i concertele au fost apreciate de public \u0219i de critici \u00een Statele Unite ale Americii, America de Sud \u0219i Central\u0103, Europa, Japonia, China, Coreea de Sud, Taiwan \u0219i Rusia.<\/p>\n<\/div><\/div><\/div><\/div><\/div><div class=\"vc_col-sm-6 wpb_column vc_column_container\"><div class=\"vc_column-inner\"><div class=\"wpb_wrapper\"><div class=\"w-ibanner animation_phorcys ratio_1x1 easing_easeInOutCirc\"><div class=\"w-ibanner-h\"><div class=\"w-ibanner-image\" style=\"background-image: url(https:\/\/2024.festivalenescu.ro\/wp-content\/uploads\/2024\/03\/TIT_3593-1-scaled.jpeg)\"><\/div><div class=\"w-ibanner-content\"><div class=\"w-ibanner-content-h\"><h2 class=\"w-ibanner-title\"><\/h2><div class=\"w-ibanner-desc\"><\/div><\/div><\/div><\/div><\/div><\/div><\/div><\/div><\/div><\/div><\/section><section class=\"l-section wpb_row height_medium\"><div class=\"l-section-h i-cf\"><div class=\"g-cols vc_row via_flex valign_top type_default stacking_default\"><div class=\"vc_col-sm-12 wpb_column vc_column_container\"><div class=\"vc_column-inner\"><div class=\"wpb_wrapper\"><div class=\"wpb_text_column\"><div class=\"wpb_wrapper\"><p>Share:<\/p>\n<\/div><\/div><div class=\"w-sharing type_simple align_none color_default\"><div class=\"w-sharing-list\"><a class=\"w-sharing-item email\" href=\"mailto:?subject=Andrei Pisarev&amp;body=https:\/\/2024.festivalenescu.ro\/ro\/wp-json\/wp\/v2\/pages\/1237\" title=\"Email this\" aria-label=\"Email this\"><i class=\"fas fa-envelope\"><\/i><\/a><a class=\"w-sharing-item facebook\" href=\"https:\/\/www.facebook.com\/sharer\/sharer.php?u=https:\/\/2024.festivalenescu.ro\/ro\/wp-json\/wp\/v2\/pages\/1237&amp;quote=Andrei Pisarev\" title=\"Share this\" aria-label=\"Share this\" onclick=\"window.open(this.href, &quot;facebook&quot;, &quot;toolbar=0,width=900,height=500&quot;); return false;\"><i class=\"fab fa-facebook\"><\/i><\/a><a class=\"w-sharing-item twitter\" href=\"https:\/\/twitter.com\/intent\/tweet?text=Andrei Pisarev&amp;url=https:\/\/2024.festivalenescu.ro\/ro\/wp-json\/wp\/v2\/pages\/1237\" title=\"Tweet this\" aria-label=\"Tweet this\" onclick=\"window.open(this.href, &quot;twitter&quot;, &quot;toolbar=0,width=650,height=360&quot;); return false;\"><i class=\"fab fa-x-twitter\"><svg style=\"width:1em; margin-bottom:-.1em;\" xmlns=\"http:\/\/www.w3.org\/2000\/svg\" viewBox=\"0 0 512 512\"><path fill=\"currentColor\" d=\"M389.2 48h70.6L305.6 224.2 487 464H345L233.7 318.6 106.5 464H35.8L200.7 275.5 26.8 48H172.4L272.9 180.9 389.2 48zM364.4 421.8h39.1L151.1 88h-42L364.4 421.8z\"\/><\/svg><\/i><\/a><a class=\"w-sharing-item linkedin\" href=\"https:\/\/www.linkedin.com\/shareArticle?mini=true&amp;url=https:\/\/2024.festivalenescu.ro\/ro\/wp-json\/wp\/v2\/pages\/1237\" title=\"Share this\" aria-label=\"Share this\" onclick=\"window.open(this.href, &quot;linkedin&quot;, &quot;toolbar=no,width=550,height=550&quot;); return false;\"><i class=\"fab fa-linkedin\"><\/i><\/a><a class=\"w-sharing-item whatsapp\" href=\"https:\/\/web.whatsapp.com\/send?text=Andrei Pisarev https:\/\/2024.festivalenescu.ro\/ro\/wp-json\/wp\/v2\/pages\/1237\" title=\"Share this\" aria-label=\"Share this\" onclick=\"window.open(this.href, &quot;whatsapp&quot;, &quot;toolbar=0,width=900,height=500&quot;); return false;\"><i class=\"fab fa-whatsapp\"><\/i><\/a><a class=\"w-sharing-item reddit\" href=\"https:\/\/www.reddit.com\/submit?url=https:\/\/2024.festivalenescu.ro\/ro\/wp-json\/wp\/v2\/pages\/1237&amp;title=Andrei Pisarev\" title=\"Share this\" aria-label=\"Share this\" onclick=\"window.open(this.href, &quot;reddit&quot;, &quot;toolbar=no,width=900,height=500&quot;); return false;\"><i class=\"fab fa-reddit\"><\/i><\/a><a class=\"w-sharing-item telegram\" href=\"https:\/\/t.me\/share\/url?url=https:\/\/2024.festivalenescu.ro\/ro\/wp-json\/wp\/v2\/pages\/1237&amp;text=Andrei Pisarev\" title=\"Share this\" aria-label=\"Share this\" onclick=\"window.open(this.href, &quot;telegram&quot;, &quot;toolbar=no,width=600,height=450&quot;); return false;\"><i class=\"fab fa-telegram\"><\/i><\/a><\/div><\/div><div class=\"w-post-elm post_navigation layout_sided inv_false\"><a class=\"post_navigation-item order_first to_prev\" href=\"https:\/\/2024.festivalenescu.ro\/ro\/juriile\/juriu-vioara\/liviu-prunaru\/\" title=\"Liviu Prunaru\"><div class=\"post_navigation-item-img\"><img decoding=\"async\" src=\"https:\/\/2024.festivalenescu.ro\/wp-content\/uploads\/2024\/03\/L8C9268-1-671x900.jpg\" loading=\"lazy\" alt=\"\" width=\"150\" height=\"150\"><\/div><div class=\"post_navigation-item-arrow\"><\/div><div class=\"post_navigation-item-title\"><span>Liviu Prunaru<\/span><\/div><\/a><a class=\"post_navigation-item order_second to_next\" href=\"https:\/\/2024.festivalenescu.ro\/ro\/juriile\/juriu-compozitie\/dan-dediu\/\" title=\"Dan Dediu\"><div class=\"post_navigation-item-img\"><img decoding=\"async\" src=\"https:\/\/2024.festivalenescu.ro\/wp-content\/uploads\/2024\/03\/Dan-Dediu-foto-ok-900x600.jpg\" loading=\"lazy\" alt=\"\" width=\"150\" height=\"150\"><\/div><div class=\"post_navigation-item-arrow\"><\/div><div class=\"post_navigation-item-title\"><span>Dan Dediu<\/span><\/div><\/a><\/div><\/div><\/div><\/div><\/div><\/div><\/section>\n","protected":false},"excerpt":{"rendered":"\u00cen 1991, la Concursul Interna\u021bional Mozart din Salzburg, un t\u00e2n\u0103r pianist rus a c\u00e2\u0219tigat Marele Premiu \u2013 a fost prima dat\u0103, dup\u0103 35 de ani, c\u00e2nd acest premiu a fost acordat \u00een cadrul concursului. C\u00e2\u0219tig\u0103torul era Andrei Pisarev. Pe 10 octombrie 2006, Gunilla Bostr\u00f6m scria, \u00een ziarul suedez Helsingborgs Dagblad: \u201e\u00cen aprilie 2004, am fost...","protected":false},"author":4,"featured_media":1234,"parent":2242,"menu_order":0,"comment_status":"closed","ping_status":"closed","template":"","meta":{"footnotes":""},"class_list":["post-1237","page","type-page","status-publish","has-post-thumbnail","hentry"],"_links":{"self":[{"href":"https:\/\/2024.festivalenescu.ro\/ro\/wp-json\/wp\/v2\/pages\/1237","targetHints":{"allow":["GET"]}}],"collection":[{"href":"https:\/\/2024.festivalenescu.ro\/ro\/wp-json\/wp\/v2\/pages"}],"about":[{"href":"https:\/\/2024.festivalenescu.ro\/ro\/wp-json\/wp\/v2\/types\/page"}],"author":[{"embeddable":true,"href":"https:\/\/2024.festivalenescu.ro\/ro\/wp-json\/wp\/v2\/users\/4"}],"replies":[{"embeddable":true,"href":"https:\/\/2024.festivalenescu.ro\/ro\/wp-json\/wp\/v2\/comments?post=1237"}],"version-history":[{"count":2,"href":"https:\/\/2024.festivalenescu.ro\/ro\/wp-json\/wp\/v2\/pages\/1237\/revisions"}],"predecessor-version":[{"id":1328,"href":"https:\/\/2024.festivalenescu.ro\/ro\/wp-json\/wp\/v2\/pages\/1237\/revisions\/1328"}],"up":[{"embeddable":true,"href":"https:\/\/2024.festivalenescu.ro\/ro\/wp-json\/wp\/v2\/pages\/2242"}],"wp:featuredmedia":[{"embeddable":true,"href":"https:\/\/2024.festivalenescu.ro\/ro\/wp-json\/wp\/v2\/media\/1234"}],"wp:attachment":[{"href":"https:\/\/2024.festivalenescu.ro\/ro\/wp-json\/wp\/v2\/media?parent=1237"}],"curies":[{"name":"wp","href":"https:\/\/api.w.org\/{rel}","templated":true}]}}