{"id":1244,"date":"2024-04-03T08:30:46","date_gmt":"2024-04-03T05:30:46","guid":{"rendered":"https:\/\/concurs.festivalenescu.ro\/?page_id=1244"},"modified":"2024-09-19T13:29:06","modified_gmt":"2024-09-19T10:29:06","slug":"dana-borsan","status":"publish","type":"page","link":"https:\/\/2024.festivalenescu.ro\/ro\/juriile\/juriu-pian\/dana-borsan\/","title":{"rendered":"Dana Bor\u0219an"},"content":{"rendered":"<section class=\"l-section wpb_row height_medium\"><div class=\"l-section-h i-cf\"><div class=\"g-cols vc_row via_flex valign_top type_default stacking_default\"><div class=\"vc_col-sm-6 wpb_column vc_column_container\"><div class=\"vc_column-inner\"><div class=\"wpb_wrapper\"><div class=\"wpb_text_column\"><div class=\"wpb_wrapper\"><p>\u201eAceast\u0103 muzician\u0103 pur-s\u00e2nge\u201d (<em>Die Rheinpfalz<\/em>) a c\u0103rei \u201evirtuozitate f\u0103r\u0103 limite \u0219i for\u021b\u0103 a c\u00e2ntului se combin\u0103 cu o delicat\u0103 sensibilitate \u0219i spiritualitate\u201d (<em>M\u00fcnchner Merkur<\/em>), profesor universitar la Universitatea Na\u021bional\u0103 de Muzic\u0103 Bucure\u0219ti, din anul 1990, solist\u0103 concertist\u0103 a Orchestrelor \u0219i Corurilor Radio Rom\u00e2nia (2000-2018), a Filarmonicii Oradea (1981-1990), a \u00eencheiat \u00een anul 2006 un proiect unic \u00een Rom\u00e2nia: <em>Integrala concertelor pentru pian \u0219i orchestr\u0103 de W.A. Mozart<\/em>, prezentat\u0103 \u00een concert, al\u0103turi de Orchestra de Camer\u0103 Radio \u0219i pe un album ce con\u021bine opt CD-uri.<br \/>\nN\u0103scut\u0103 la Cluj, absolvent\u0103 a Conservatorului Ciprian Porumbescu din Bucure\u0219ti, bursier\u0103 Universit\u0103\u021bii de Arte din Berlin, a studiat cu Gabriel Amira\u0219, Georg Sava, Peter Florian \u0219i a beneficiat de \u00eendrumarea lui Hans Leygraf, H\u00e9l\u00e8ne Boschi \u0219i Dmitri Bashkirov.<br \/>\nNumeroase premii ob\u021binute la concursuri na\u021bionale si interna\u021bionale \u0219i, mai ales, Premiul II la prestigiosul Concurs Interna\u021bional Robert Schumann \u00a0din Zwickau, ob\u021binut la 19 ani, au propulsat-o rapid pemarile\u00a0 scene de concert.<br \/>\nNumele artistei apare constant, de peste 50 de ani, pe afi\u0219ele de concert\u00a0 din 17 \u021b\u0103ri, \u00een programele unor festivaluri cunoscute (\u00een Bucure\u0219ti, Potsdam, Faenza, Aberdeen, Cluj, Chi\u0219in\u0103u).<br \/>\nPeste 950 de concerte \u0219i recitaluri \u0219i aproximativ 2000 de minute inregistrate pentru Societatea Rom\u00e2n\u0103 Radio<em>, <\/em>14 CD-uri \u0219i dou\u0103 LP-uri realizate la Casa Radio, K.U.Classics, Eterna, Electrecord, cu lucr\u0103ri pentru pian de Schumann \u0219i concerte de Chopin, Liszt, Mozart, Hanns Wolf, Moszkowski, Chausson, colabor\u0103ri cu dirijori renumi\u021bi (Cristian M\u0103celaru, Vladimir Uryupin, Julien Salemkour, Sascha Goetzel, S\u00e9bastien Rouland, Jochen Wehner, David Crescenzi, David Gimenez, Emil Tabakov, Horia Andreescu, Manfred Ramin, Christoph Adt, Joseph Domenech,\u00a0 Dejan Savi\u0107, Alexis Hauser, Cristian Mandeal, Daisuke Soga, Jin Wang, Emil Simon, Ludovic Bacs, Erwin Acel, Ovidiu B\u0103lan, Mihai Agafi\u021bei) definesc cariera pianistic\u0103 a Danei Bor\u0219an.<br \/>\nDistins\u0103 cu premii ale criticii muzicale din Rom\u00e2nia (1991, 1998, 2006), Premiul UNIMIR (2019) \u0219i cu Ordinul Meritul Cultural \u00een grad de Cavaler (2011), acordat de Pre\u0219edintele Rom\u00e2niei.<br \/>\nA fost invitat\u0103 s\u0103 predea la universit\u0103\u021bile din Viena, Paris, Stuttgart, Weimar, Oslo, Cork, N\u00fcrnberg, (prin programul Erasmus), a \u021binut cursuri de m\u0103iestrie la Essen, Wuppertal, Stuttgart, Catania \u0219i a participat \u00een juriile concursurilor na\u021bionale \u0219i interna\u021bionale din Bayreuth-Weimar, Oslo, Hong-Kong, Gu\u00e9rande, Bucure\u0219ti, Cluj \u0219i Arad<em>.<\/em><\/p>\n<\/div><\/div><\/div><\/div><\/div><div class=\"vc_col-sm-6 wpb_column vc_column_container\"><div class=\"vc_column-inner\"><div class=\"wpb_wrapper\"><div class=\"w-ibanner animation_phorcys ratio_1x1 easing_easeInOutCirc\"><div class=\"w-ibanner-h\"><div class=\"w-ibanner-image\" style=\"background-image: url(https:\/\/2024.festivalenescu.ro\/wp-content\/uploads\/2024\/03\/Dana-Borsan-06.jpeg)\"><\/div><div class=\"w-ibanner-content\"><div class=\"w-ibanner-content-h\"><h2 class=\"w-ibanner-title\"><\/h2><div class=\"w-ibanner-desc\"><\/div><\/div><\/div><\/div><\/div><\/div><\/div><\/div><\/div><\/div><\/section><section class=\"l-section wpb_row height_medium\"><div class=\"l-section-h i-cf\"><div class=\"g-cols vc_row via_flex valign_top type_default stacking_default\"><div class=\"vc_col-sm-12 wpb_column vc_column_container\"><div class=\"vc_column-inner\"><div class=\"wpb_wrapper\"><div class=\"wpb_text_column\"><div class=\"wpb_wrapper\"><p>Share:<\/p>\n<\/div><\/div><div class=\"w-sharing type_simple align_none color_default\"><div class=\"w-sharing-list\"><a class=\"w-sharing-item email\" href=\"mailto:?subject=Dana Bor\u0219an&amp;body=https:\/\/2024.festivalenescu.ro\/ro\/wp-json\/wp\/v2\/pages\/1244\" title=\"Email this\" aria-label=\"Email this\"><i class=\"fas fa-envelope\"><\/i><\/a><a class=\"w-sharing-item facebook\" href=\"https:\/\/www.facebook.com\/sharer\/sharer.php?u=https:\/\/2024.festivalenescu.ro\/ro\/wp-json\/wp\/v2\/pages\/1244&amp;quote=Dana Bor\u0219an\" title=\"Share this\" aria-label=\"Share this\" onclick=\"window.open(this.href, &quot;facebook&quot;, &quot;toolbar=0,width=900,height=500&quot;); return false;\"><i class=\"fab fa-facebook\"><\/i><\/a><a class=\"w-sharing-item twitter\" href=\"https:\/\/twitter.com\/intent\/tweet?text=Dana Bor\u0219an&amp;url=https:\/\/2024.festivalenescu.ro\/ro\/wp-json\/wp\/v2\/pages\/1244\" title=\"Tweet this\" aria-label=\"Tweet this\" onclick=\"window.open(this.href, &quot;twitter&quot;, &quot;toolbar=0,width=650,height=360&quot;); return false;\"><i class=\"fab fa-x-twitter\"><svg style=\"width:1em; margin-bottom:-.1em;\" xmlns=\"http:\/\/www.w3.org\/2000\/svg\" viewBox=\"0 0 512 512\"><path fill=\"currentColor\" d=\"M389.2 48h70.6L305.6 224.2 487 464H345L233.7 318.6 106.5 464H35.8L200.7 275.5 26.8 48H172.4L272.9 180.9 389.2 48zM364.4 421.8h39.1L151.1 88h-42L364.4 421.8z\"\/><\/svg><\/i><\/a><a class=\"w-sharing-item linkedin\" href=\"https:\/\/www.linkedin.com\/shareArticle?mini=true&amp;url=https:\/\/2024.festivalenescu.ro\/ro\/wp-json\/wp\/v2\/pages\/1244\" title=\"Share this\" aria-label=\"Share this\" onclick=\"window.open(this.href, &quot;linkedin&quot;, &quot;toolbar=no,width=550,height=550&quot;); return false;\"><i class=\"fab fa-linkedin\"><\/i><\/a><a class=\"w-sharing-item whatsapp\" href=\"https:\/\/web.whatsapp.com\/send?text=Dana Bor\u0219an https:\/\/2024.festivalenescu.ro\/ro\/wp-json\/wp\/v2\/pages\/1244\" title=\"Share this\" aria-label=\"Share this\" onclick=\"window.open(this.href, &quot;whatsapp&quot;, &quot;toolbar=0,width=900,height=500&quot;); return false;\"><i class=\"fab fa-whatsapp\"><\/i><\/a><a class=\"w-sharing-item reddit\" href=\"https:\/\/www.reddit.com\/submit?url=https:\/\/2024.festivalenescu.ro\/ro\/wp-json\/wp\/v2\/pages\/1244&amp;title=Dana Bor\u0219an\" title=\"Share this\" aria-label=\"Share this\" onclick=\"window.open(this.href, &quot;reddit&quot;, &quot;toolbar=no,width=900,height=500&quot;); return false;\"><i class=\"fab fa-reddit\"><\/i><\/a><a class=\"w-sharing-item telegram\" href=\"https:\/\/t.me\/share\/url?url=https:\/\/2024.festivalenescu.ro\/ro\/wp-json\/wp\/v2\/pages\/1244&amp;text=Dana Bor\u0219an\" title=\"Share this\" aria-label=\"Share this\" onclick=\"window.open(this.href, &quot;telegram&quot;, &quot;toolbar=no,width=600,height=450&quot;); return false;\"><i class=\"fab fa-telegram\"><\/i><\/a><\/div><\/div><div class=\"w-post-elm post_navigation layout_sided inv_false\"><a class=\"post_navigation-item order_first to_prev\" href=\"https:\/\/2024.festivalenescu.ro\/ro\/juriile\/juriu-violoncel\/meehae-ryo\/\" title=\"Meehae Ryo\"><div class=\"post_navigation-item-img\"><img decoding=\"async\" src=\"https:\/\/2024.festivalenescu.ro\/wp-content\/uploads\/2024\/03\/Ryo-Meehae-3-600x900.jpeg\" loading=\"lazy\" alt=\"\" width=\"150\" height=\"150\"><\/div><div class=\"post_navigation-item-arrow\"><\/div><div class=\"post_navigation-item-title\"><span>Meehae Ryo<\/span><\/div><\/a><a class=\"post_navigation-item order_second to_next\" href=\"https:\/\/2024.festivalenescu.ro\/ro\/juriile\/juriu-violoncel\/arto-noras\/\" title=\"Arto Noras &#8211; Pre\u0219edinte Juriu Violoncel\"><div class=\"post_navigation-item-img\"><img decoding=\"async\" src=\"https:\/\/2024.festivalenescu.ro\/wp-content\/uploads\/2024\/03\/Noras_kirkko-2.jpeg\" loading=\"lazy\" alt=\"\" width=\"150\" height=\"150\"><\/div><div class=\"post_navigation-item-arrow\"><\/div><div class=\"post_navigation-item-title\"><span>Arto Noras &#8211; Pre\u0219edinte Juriu Violoncel<\/span><\/div><\/a><\/div><\/div><\/div><\/div><\/div><\/div><\/section>\n","protected":false},"excerpt":{"rendered":"\u201eAceast\u0103 muzician\u0103 pur-s\u00e2nge\u201d (Die Rheinpfalz) a c\u0103rei \u201evirtuozitate f\u0103r\u0103 limite \u0219i for\u021b\u0103 a c\u00e2ntului se combin\u0103 cu o delicat\u0103 sensibilitate \u0219i spiritualitate\u201d (M\u00fcnchner Merkur), profesor universitar la Universitatea Na\u021bional\u0103 de Muzic\u0103 Bucure\u0219ti, din anul 1990, solist\u0103 concertist\u0103 a Orchestrelor \u0219i Corurilor Radio Rom\u00e2nia (2000-2018), a Filarmonicii Oradea (1981-1990), a \u00eencheiat \u00een anul 2006 un proiect...","protected":false},"author":4,"featured_media":1241,"parent":2242,"menu_order":0,"comment_status":"closed","ping_status":"closed","template":"","meta":{"footnotes":""},"class_list":["post-1244","page","type-page","status-publish","has-post-thumbnail","hentry"],"_links":{"self":[{"href":"https:\/\/2024.festivalenescu.ro\/ro\/wp-json\/wp\/v2\/pages\/1244","targetHints":{"allow":["GET"]}}],"collection":[{"href":"https:\/\/2024.festivalenescu.ro\/ro\/wp-json\/wp\/v2\/pages"}],"about":[{"href":"https:\/\/2024.festivalenescu.ro\/ro\/wp-json\/wp\/v2\/types\/page"}],"author":[{"embeddable":true,"href":"https:\/\/2024.festivalenescu.ro\/ro\/wp-json\/wp\/v2\/users\/4"}],"replies":[{"embeddable":true,"href":"https:\/\/2024.festivalenescu.ro\/ro\/wp-json\/wp\/v2\/comments?post=1244"}],"version-history":[{"count":5,"href":"https:\/\/2024.festivalenescu.ro\/ro\/wp-json\/wp\/v2\/pages\/1244\/revisions"}],"predecessor-version":[{"id":6025,"href":"https:\/\/2024.festivalenescu.ro\/ro\/wp-json\/wp\/v2\/pages\/1244\/revisions\/6025"}],"up":[{"embeddable":true,"href":"https:\/\/2024.festivalenescu.ro\/ro\/wp-json\/wp\/v2\/pages\/2242"}],"wp:featuredmedia":[{"embeddable":true,"href":"https:\/\/2024.festivalenescu.ro\/ro\/wp-json\/wp\/v2\/media\/1241"}],"wp:attachment":[{"href":"https:\/\/2024.festivalenescu.ro\/ro\/wp-json\/wp\/v2\/media?parent=1244"}],"curies":[{"name":"wp","href":"https:\/\/api.w.org\/{rel}","templated":true}]}}