{"id":1251,"date":"2024-04-03T08:30:25","date_gmt":"2024-04-03T05:30:25","guid":{"rendered":"https:\/\/concurs.festivalenescu.ro\/?page_id=1251"},"modified":"2024-08-05T14:02:15","modified_gmt":"2024-08-05T11:02:15","slug":"lilya-zilberstein-presedinte-juriu-pian","status":"publish","type":"page","link":"https:\/\/2024.festivalenescu.ro\/ro\/juriile\/juriu-pian\/lilya-zilberstein-presedinte-juriu-pian\/","title":{"rendered":"Lilya Zilberstein &#8211; pre\u0219edinte juriu pian"},"content":{"rendered":"<section class=\"l-section wpb_row height_medium\"><div class=\"l-section-h i-cf\"><div class=\"g-cols vc_row via_flex valign_top type_default stacking_default\"><div class=\"vc_col-sm-6 wpb_column vc_column_container\"><div class=\"vc_column-inner\"><div class=\"wpb_wrapper\"><div class=\"wpb_text_column\"><div class=\"wpb_wrapper\"><p>Lilya Zilberstein este o pianist\u0103 de origine rus\u0103, de renume mondial. A \u00eenceput s\u0103 c\u00e2nte la pian la v\u00e2rsta de cinci ani, iar dup\u0103 11 ani de lec\u021bii cu Ada Traub la \u0218coala Special\u0103 de Muzic\u0103 Gnessin din Moscova, a continuat s\u0103 studieze cu Alexander Satz la Institutul Gnessin. A cunoscut primul ei succes interna\u021bional \u00een 1987, c\u00e2nd a c\u00e2\u0219tigat Concursul de Pian Busoni din Bolzano. Victoria ei a f\u0103cut senza\u021bie \u2013 au trecut cinci ani p\u00e2n\u0103 c\u00e2nd Premiul I a fost acordat din nou.<br \/>\n\u00cen 1990, Lilya Zilberstein a emigrat \u00een Germania. A debutat cu Filarmonica din Berlin sub bagheta lui Claudio Abbado \u00een 1991, ceea ce a stat la baza unei colabor\u0103ri pe termen lung. A sus\u021binut concerte cu numeroase orchestre interna\u021bionale celebre, printre care Orchestra Simfonic\u0103 din Chicago, Orchestra Simfonic\u0103 Ceaikovski din Moscova, Orchestra Simfonic\u0103 din Londra \u0219i Orchestra Filarmonicii Regale, Orchestra Teatrului Scala din Milano, Staatskapelle Dresden \u0219i multe altele. \u00cen afar\u0103 de Claudio Abbado, a lucrat cu dirijori precum John Axelrod, Paavo Berglund, Semyon Bychkov, Gustavo Dudamel, Christoph Eschenbach, Vladimir Fedoseyev, Alun Francis, Leopold Hager, Dmitrij Kitajenko, James Levine, Vassily Sinaisky, Michael Tilson Thomas, Jean-Pascal Tortelier, Marcello Viotti \u0219i Antoni Wit. \u00cen august 1998, i s-a acordat Premiul Interna\u021bional al Academiei de Muzic\u0103 Chigiana din Siena.<br \/>\nPianista este invitat\u0103 cu regularitate \u00een marile s\u0103li de concert \u0219i la cele mai importante festivaluri din Europa, SUA, Canada, Asia, America de Sud \u0219i Orientul Mijlociu. \u00cen urm\u0103 cu c\u00e2\u021biva ani, a efectuat ample turnee mondiale ca partener\u0103 de muzic\u0103 de camer\u0103 a lui Maxim Vengerov. \u00cen 2019, a aniversat 20 de ani de activitate pe scen\u0103 al\u0103turi de partenera sa de duo, Martha Argerich.<br \/>\nLilya Zilberstein este membr\u0103 \u00een juriile unor importante concursuri interna\u021bionale de pian. \u00ce\u0219i dedic\u0103 o parte substan\u021bial\u0103 din timp educa\u021biei tinerilor muzicieni, sus\u021bin\u00e2nd cursuri de m\u0103iestrie la Academia Chigiana din Siena (din 2011), dar \u0219i la universit\u0103\u021bi din \u00eentreaga lume, \u00een timpul c\u0103l\u0103toriilor sale. Din 2009 p\u00e2n\u0103 \u00een 2013, a fost profesor invitat la Universitatea de Muzic\u0103 \u0219i Teatru din Hamburg, iar din 2014 este profesor la Universitatea de Muzic\u0103 \u0219i Artele Spectacolului din Viena.<\/p>\n<\/div><\/div><\/div><\/div><\/div><div class=\"vc_col-sm-6 wpb_column vc_column_container\"><div class=\"vc_column-inner\"><div class=\"wpb_wrapper\"><div class=\"w-ibanner animation_phorcys ratio_1x1 easing_easeInOutCirc\"><div class=\"w-ibanner-h\"><div class=\"w-ibanner-image\" style=\"background-image: url(https:\/\/2024.festivalenescu.ro\/wp-content\/uploads\/2024\/03\/Andrej-Grilc-00088-scaled.jpeg)\"><\/div><div class=\"w-ibanner-content\"><div class=\"w-ibanner-content-h\"><h2 class=\"w-ibanner-title\"><\/h2><div class=\"w-ibanner-desc\"><p>\u00a9 Andrej Grilc<\/p>\n<\/div><\/div><\/div><\/div><\/div><div class=\"w-separator size_medium\"><\/div><div class=\"w-grid type_grid layout_1657\" id=\"us_grid_1\" style=\"--gap:1.5rem;\"><style>.layout_1657 .w-grid-item-h{box-shadow:0 0rem 0rem rgba(0,0,0,0.1),0 0rem 0rem rgba(0,0,0,0.1);transition-duration:0.3s}.no-touch .layout_1657 .w-grid-item-h:hover{box-shadow:0 0.1rem 0.2rem rgba(0,0,0,0.1),0 0.33rem 1rem rgba(0,0,0,0.15);z-index:4}.layout_1657 .usg_hwrapper_1{border-color:var(--color-content-border)!important;padding:1.5rem!important;border-style:solid!important;border-width:0 1px 1px 1px!important}.layout_1657 .usg_vwrapper_1{width:55%!important;padding-left:3%!important;padding-right:3%!important}.layout_1657 .usg_post_title_1{font-size:1.5rem!important;line-height:1.2!important}@media (min-width:1025px) and (max-width:1380px){.layout_1657 .usg_vwrapper_1{width:55%!important;padding-left:3%!important;padding-right:3%!important}}@media (min-width:601px) and (max-width:1024px){.layout_1657 .usg_vwrapper_1{width:55%!important;padding-left:3%!important;padding-right:3%!important}}@media (max-width:600px){.layout_1657 .usg_vwrapper_1{width:100%!important;padding:1rem 0 1rem 0!important}}<\/style><div class=\"w-grid-list\">\t<article class=\"w-grid-item size_1x1 post-2007 page type-page status-publish hentry\" data-id=\"2007\">\r\n\t\t<div class=\"w-grid-item-h\">\r\n\t\t\t\t\t\t<div class=\"w-hwrapper usg_hwrapper_1 align_none valign_top wrap\" style=\"--hwrapper-gap:0rem\"><div class=\"w-vwrapper usg_vwrapper_1 align_none valign_top\"><h1 class=\"w-post-elm post_title usg_post_title_1 entry-title color_link_inherit\"><a href=\"https:\/\/2024.festivalenescu.ro\/ro\/evenimente\/19-09-recital-lylia-zilberstein\/\">19.09 &#8211; Recital LILYA ZILBERSTEIN<\/a><\/h1><div class=\"w-post-elm post_content usg_post_content_1\">LILYA ZILBERSTEIN pian (Pre\u0219edintele Juriului la Concursul Interna\u021bional George Enescu 2024, Sec\u021biunea Pian) Maurice Ravel Valses nobles et sentimentales Ernest Chausson Quelques Danses op. 26 Carl Czerny Introduction, variations brillantes&hellip;<\/div><\/div><a class=\"w-btn us-btn-style_1 usg_btn_1\" href=\"https:\/\/www.cts.eventim.ro\/eventseries\/concurs-international-george-enescu-2024-3627790\/\"><span class=\"w-btn-label\">Cump\u0103r\u0103 bilete<\/span><\/a><\/div>\t\t<\/div>\r\n\t<\/article>\r\n<\/div><div class=\"w-grid-preloader\">\t<div class=\"g-preloader type_1\">\r\n\t\t<div><\/div>\r\n\t<\/div>\r\n\t<\/div>\t<div class=\"w-grid-json hidden\" onclick='return {&quot;action&quot;:&quot;us_ajax_grid&quot;,&quot;ajax_url&quot;:&quot;https:\\\/\\\/2024.festivalenescu.ro\\\/wp-admin\\\/admin-ajax.php&quot;,&quot;infinite_scroll&quot;:0,&quot;max_num_pages&quot;:1,&quot;pagination&quot;:&quot;ajax&quot;,&quot;template_vars&quot;:{&quot;columns&quot;:&quot;1&quot;,&quot;exclude_items&quot;:&quot;none&quot;,&quot;img_size&quot;:&quot;default&quot;,&quot;ignore_items_size&quot;:0,&quot;items_layout&quot;:&quot;1657&quot;,&quot;items_offset&quot;:&quot;1&quot;,&quot;load_animation&quot;:&quot;none&quot;,&quot;overriding_link&quot;:&quot;%7B%22url%22%3A%22%22%7D&quot;,&quot;post_id&quot;:0,&quot;query_args&quot;:{&quot;ignore_sticky_posts&quot;:1,&quot;post_type&quot;:&quot;any&quot;,&quot;post__in&quot;:[&quot;2007&quot;],&quot;posts_per_page&quot;:&quot;10&quot;},&quot;orderby_query_args&quot;:{&quot;orderby&quot;:{&quot;date&quot;:&quot;DESC&quot;}},&quot;type&quot;:&quot;grid&quot;,&quot;us_grid_ajax_index&quot;:1,&quot;us_grid_filter_params&quot;:[],&quot;us_grid_index&quot;:1,&quot;_us_grid_post_type&quot;:&quot;ids&quot;,&quot;page_args&quot;:[],&quot;lang&quot;:&quot;ro&quot;}}'><\/div>\r\n\t<\/div><\/div><\/div><\/div><\/div><\/div><\/section><section class=\"l-section wpb_row height_medium\"><div class=\"l-section-h i-cf\"><div class=\"g-cols vc_row via_flex valign_top type_default stacking_default\"><div class=\"vc_col-sm-12 wpb_column vc_column_container\"><div class=\"vc_column-inner\"><div class=\"wpb_wrapper\"><div class=\"wpb_text_column\"><div class=\"wpb_wrapper\"><p>Share:<\/p>\n<\/div><\/div><div class=\"w-sharing type_simple align_none color_default\"><div class=\"w-sharing-list\" data-content-image=\"true\"><a class=\"w-sharing-item email\" href=\"mailto:?subject=19.09 &#8211; Recital LILYA ZILBERSTEIN&amp;body=https:\/\/2024.festivalenescu.ro\/ro\/wp-json\/wp\/v2\/pages\/1251\" title=\"Email this\" aria-label=\"Email this\"><i class=\"fas fa-envelope\"><\/i><\/a><a class=\"w-sharing-item facebook\" href=\"https:\/\/www.facebook.com\/sharer\/sharer.php?u=https:\/\/2024.festivalenescu.ro\/ro\/wp-json\/wp\/v2\/pages\/1251&amp;quote=19.09 &#8211; Recital LILYA ZILBERSTEIN\" title=\"Share this\" aria-label=\"Share this\" onclick=\"window.open(this.href, &quot;facebook&quot;, &quot;toolbar=0,width=900,height=500&quot;); return false;\"><i class=\"fab fa-facebook\"><\/i><\/a><a class=\"w-sharing-item twitter\" href=\"https:\/\/twitter.com\/intent\/tweet?text=19.09 &#8211; Recital LILYA ZILBERSTEIN&amp;url=https:\/\/2024.festivalenescu.ro\/ro\/wp-json\/wp\/v2\/pages\/1251\" title=\"Tweet this\" aria-label=\"Tweet this\" onclick=\"window.open(this.href, &quot;twitter&quot;, &quot;toolbar=0,width=650,height=360&quot;); return false;\"><i class=\"fab fa-x-twitter\"><svg style=\"width:1em; margin-bottom:-.1em;\" xmlns=\"http:\/\/www.w3.org\/2000\/svg\" viewBox=\"0 0 512 512\"><path fill=\"currentColor\" d=\"M389.2 48h70.6L305.6 224.2 487 464H345L233.7 318.6 106.5 464H35.8L200.7 275.5 26.8 48H172.4L272.9 180.9 389.2 48zM364.4 421.8h39.1L151.1 88h-42L364.4 421.8z\"\/><\/svg><\/i><\/a><a class=\"w-sharing-item linkedin\" href=\"https:\/\/www.linkedin.com\/shareArticle?mini=true&amp;url=https:\/\/2024.festivalenescu.ro\/ro\/wp-json\/wp\/v2\/pages\/1251\" title=\"Share this\" aria-label=\"Share this\" onclick=\"window.open(this.href, &quot;linkedin&quot;, &quot;toolbar=no,width=550,height=550&quot;); return false;\"><i class=\"fab fa-linkedin\"><\/i><\/a><a class=\"w-sharing-item whatsapp\" href=\"https:\/\/web.whatsapp.com\/send?text=19.09 &#8211; Recital LILYA ZILBERSTEIN https:\/\/2024.festivalenescu.ro\/ro\/wp-json\/wp\/v2\/pages\/1251\" title=\"Share this\" aria-label=\"Share this\" onclick=\"window.open(this.href, &quot;whatsapp&quot;, &quot;toolbar=0,width=900,height=500&quot;); return false;\"><i class=\"fab fa-whatsapp\"><\/i><\/a><a class=\"w-sharing-item reddit\" href=\"https:\/\/www.reddit.com\/submit?url=https:\/\/2024.festivalenescu.ro\/ro\/wp-json\/wp\/v2\/pages\/1251&amp;title=19.09 &#8211; Recital LILYA ZILBERSTEIN\" title=\"Share this\" aria-label=\"Share this\" onclick=\"window.open(this.href, &quot;reddit&quot;, &quot;toolbar=no,width=900,height=500&quot;); return false;\"><i class=\"fab fa-reddit\"><\/i><\/a><a class=\"w-sharing-item telegram\" href=\"https:\/\/t.me\/share\/url?url=https:\/\/2024.festivalenescu.ro\/ro\/wp-json\/wp\/v2\/pages\/1251&amp;text=19.09 &#8211; Recital LILYA ZILBERSTEIN\" title=\"Share this\" aria-label=\"Share this\" onclick=\"window.open(this.href, &quot;telegram&quot;, &quot;toolbar=no,width=600,height=450&quot;); return false;\"><i class=\"fab fa-telegram\"><\/i><\/a><\/div><\/div><div class=\"w-post-elm post_navigation layout_sided inv_false\"><a class=\"post_navigation-item order_first to_prev\" href=\"https:\/\/2024.festivalenescu.ro\/ro\/evenimente\/17-18-09-sectiunea-pian-etapa-a-ii-a\/\" title=\"17-18.09 &#8211; Sec\u021biunea Pian, Etapa a II-a\"><div class=\"post_navigation-item-img\"><img loading=\"lazy\" decoding=\"async\" width=\"512\" height=\"512\" src=\"https:\/\/2024.festivalenescu.ro\/wp-content\/uploads\/2023\/11\/favicon.png\" class=\"g-placeholder\" alt=\"\" srcset=\"https:\/\/2024.festivalenescu.ro\/wp-content\/uploads\/2023\/11\/favicon.png 512w, https:\/\/2024.festivalenescu.ro\/wp-content\/uploads\/2023\/11\/favicon-200x200.png 200w, https:\/\/2024.festivalenescu.ro\/wp-content\/uploads\/2023\/11\/favicon-150x150.png 150w, https:\/\/2024.festivalenescu.ro\/wp-content\/uploads\/2023\/11\/favicon-400x400.png 400w, https:\/\/2024.festivalenescu.ro\/wp-content\/uploads\/2023\/11\/favicon-300x300.png 300w\" sizes=\"auto, (max-width: 512px) 100vw, 512px\" \/><\/div><div class=\"post_navigation-item-arrow\"><\/div><div class=\"post_navigation-item-title\"><span>17-18.09 &#8211; Sec\u021biunea Pian, Etapa a II-a<\/span><\/div><\/a><a class=\"post_navigation-item order_second to_next\" href=\"https:\/\/2024.festivalenescu.ro\/ro\/evenimente\/20-09-sectiunea-pian-semifinala\/\" title=\"20.09 &#8211; Sec\u021biunea Pian, Semifinala\"><div class=\"post_navigation-item-img\"><img loading=\"lazy\" decoding=\"async\" width=\"512\" height=\"512\" src=\"https:\/\/2024.festivalenescu.ro\/wp-content\/uploads\/2023\/11\/favicon.png\" class=\"g-placeholder\" alt=\"\" srcset=\"https:\/\/2024.festivalenescu.ro\/wp-content\/uploads\/2023\/11\/favicon.png 512w, https:\/\/2024.festivalenescu.ro\/wp-content\/uploads\/2023\/11\/favicon-200x200.png 200w, https:\/\/2024.festivalenescu.ro\/wp-content\/uploads\/2023\/11\/favicon-150x150.png 150w, https:\/\/2024.festivalenescu.ro\/wp-content\/uploads\/2023\/11\/favicon-400x400.png 400w, https:\/\/2024.festivalenescu.ro\/wp-content\/uploads\/2023\/11\/favicon-300x300.png 300w\" sizes=\"auto, (max-width: 512px) 100vw, 512px\" \/><\/div><div class=\"post_navigation-item-arrow\"><\/div><div class=\"post_navigation-item-title\"><span>20.09 &#8211; Sec\u021biunea Pian, Semifinala<\/span><\/div><\/a><\/div><\/div><\/div><\/div><\/div><\/div><\/section>\n","protected":false},"excerpt":{"rendered":"LILYA ZILBERSTEIN pian (Pre\u0219edintele Juriului la Concursul Interna\u021bional George Enescu 2024, Sec\u021biunea Pian) Maurice Ravel Valses nobles et sentimentales Ernest Chausson Quelques Danses op. 26 Carl Czerny Introduction, variations brillantes et rondeau de chasse op. 202 Serghei Rahmaninov 13 Preludii op. 32 Data: Joi, 19 septembrie 2024 Ora: 19.00 Locul: Ateneul Rom\u00e2n\u00a0 Cump\u0103r\u0103 bileteShare: 17-18.09...","protected":false},"author":4,"featured_media":1248,"parent":2242,"menu_order":1,"comment_status":"closed","ping_status":"closed","template":"","meta":{"footnotes":""},"class_list":["post-1251","page","type-page","status-publish","has-post-thumbnail","hentry"],"_links":{"self":[{"href":"https:\/\/2024.festivalenescu.ro\/ro\/wp-json\/wp\/v2\/pages\/1251","targetHints":{"allow":["GET"]}}],"collection":[{"href":"https:\/\/2024.festivalenescu.ro\/ro\/wp-json\/wp\/v2\/pages"}],"about":[{"href":"https:\/\/2024.festivalenescu.ro\/ro\/wp-json\/wp\/v2\/types\/page"}],"author":[{"embeddable":true,"href":"https:\/\/2024.festivalenescu.ro\/ro\/wp-json\/wp\/v2\/users\/4"}],"replies":[{"embeddable":true,"href":"https:\/\/2024.festivalenescu.ro\/ro\/wp-json\/wp\/v2\/comments?post=1251"}],"version-history":[{"count":4,"href":"https:\/\/2024.festivalenescu.ro\/ro\/wp-json\/wp\/v2\/pages\/1251\/revisions"}],"predecessor-version":[{"id":2940,"href":"https:\/\/2024.festivalenescu.ro\/ro\/wp-json\/wp\/v2\/pages\/1251\/revisions\/2940"}],"up":[{"embeddable":true,"href":"https:\/\/2024.festivalenescu.ro\/ro\/wp-json\/wp\/v2\/pages\/2242"}],"wp:featuredmedia":[{"embeddable":true,"href":"https:\/\/2024.festivalenescu.ro\/ro\/wp-json\/wp\/v2\/media\/1248"}],"wp:attachment":[{"href":"https:\/\/2024.festivalenescu.ro\/ro\/wp-json\/wp\/v2\/media?parent=1251"}],"curies":[{"name":"wp","href":"https:\/\/api.w.org\/{rel}","templated":true}]}}