{"id":1256,"date":"2024-04-03T08:30:59","date_gmt":"2024-04-03T05:30:59","guid":{"rendered":"https:\/\/concurs.festivalenescu.ro\/?page_id=1256"},"modified":"2024-04-03T09:49:56","modified_gmt":"2024-04-03T06:49:56","slug":"martin-campbell-white","status":"publish","type":"page","link":"https:\/\/2024.festivalenescu.ro\/ro\/juriile\/juriu-pian\/martin-campbell-white\/","title":{"rendered":"Martin Campbell-White"},"content":{"rendered":"<section class=\"l-section wpb_row height_medium\"><div class=\"l-section-h i-cf\"><div class=\"g-cols vc_row via_flex valign_top type_default stacking_default\"><div class=\"vc_col-sm-6 wpb_column vc_column_container\"><div class=\"vc_column-inner\"><div class=\"wpb_wrapper\"><div class=\"wpb_text_column\"><div class=\"wpb_wrapper\"><p>Martin Campbell-White este considerat unul dintre cei mai experimenta\u021bi \u0219i admira\u021bi manageri de arti\u0219ti din genera\u021bia noastr\u0103. Dup\u0103 ce \u0219i-a \u00eenceput cariera la Ibbs \u0219i Tillett \u00een 1966, s-a mutat la Harold Holt Ltd \u00een 1972, iar mai t\u00e2rziu a negociat fuziunea cu Lies Askonas pentru a forma Askonas Holt Ltd \u00een 1998.<br \/>\nA supervizat carierele unor arti\u0219ti importan\u021bi precum Simon Rattle, Claudio Abbado, Bernard Haitink, Myung-Whun Chung, Daniel Harding, Robin Ticciati, John Lill \u0219i Robert Tear. \u0218i-a asumat un rol principal \u00een organizarea turneelor interna\u021bionale, specializ\u00e2ndu-se, de asemenea, \u00een managementul festivalurilor. A c\u0103l\u0103torit frecvent \u00een Asia. A fost responsabil pentru organizarea Festivalului Japoniei din 1991, unul dintre cele mai cuprinz\u0103toare festivaluri de cultur\u0103 japonez\u0103 care s-a desf\u0103\u0219urat vreodat\u0103 \u00een Marea Britanie.<br \/>\nMartin Campbell-White s-a retras din func\u021bia de director executiv al Askonas Holt \u00een 2014. El continu\u0103 s\u0103 se implice activ \u00een cadrul organiza\u021biei \u00een calitate de consultant, oferind consiliere \u0219i consultan\u021b\u0103 personalului \u0219i arti\u0219tilor acesteia. \u00cen 2014, a fost numit membru de onoare al Societ\u0103\u021bii Filarmonicii Regale din Londra. La sf\u00e2r\u0219itul anului 2023, a renun\u021bat la func\u021bia de pre\u0219edinte al Funda\u021biei Mahler, r\u0103m\u00e2n\u00e2nd pre\u0219edintele de onoare al acesteia. A fost, de asemenea, consultant al Operei Comice din Paris \u0219i membru \u00een juriile concursurilor interna\u021bionale de muzic\u0103.<\/p>\n<\/div><\/div><\/div><\/div><\/div><div class=\"vc_col-sm-6 wpb_column vc_column_container\"><div class=\"vc_column-inner\"><div class=\"wpb_wrapper\"><div class=\"w-ibanner animation_phorcys ratio_1x1 easing_easeInOutCirc\"><div class=\"w-ibanner-h\"><div class=\"w-ibanner-image\" style=\"background-image: url(https:\/\/2024.festivalenescu.ro\/wp-content\/uploads\/2024\/03\/martin-CW.jpeg)\"><\/div><div class=\"w-ibanner-content\"><div class=\"w-ibanner-content-h\"><h2 class=\"w-ibanner-title\"><\/h2><div class=\"w-ibanner-desc\"><\/div><\/div><\/div><\/div><\/div><\/div><\/div><\/div><\/div><\/div><\/section><section class=\"l-section wpb_row height_medium\"><div class=\"l-section-h i-cf\"><div class=\"g-cols vc_row via_flex valign_top type_default stacking_default\"><div class=\"vc_col-sm-12 wpb_column vc_column_container\"><div class=\"vc_column-inner\"><div class=\"wpb_wrapper\"><div class=\"wpb_text_column\"><div class=\"wpb_wrapper\"><p>Share:<\/p>\n<\/div><\/div><div class=\"w-sharing type_simple align_none color_default\"><div class=\"w-sharing-list\"><a class=\"w-sharing-item email\" href=\"mailto:?subject=Martin Campbell-White&amp;body=https:\/\/2024.festivalenescu.ro\/ro\/wp-json\/wp\/v2\/pages\/1256\" title=\"Email this\" aria-label=\"Email this\"><i class=\"fas fa-envelope\"><\/i><\/a><a class=\"w-sharing-item facebook\" href=\"https:\/\/www.facebook.com\/sharer\/sharer.php?u=https:\/\/2024.festivalenescu.ro\/ro\/wp-json\/wp\/v2\/pages\/1256&amp;quote=Martin Campbell-White\" title=\"Share this\" aria-label=\"Share this\" onclick=\"window.open(this.href, &quot;facebook&quot;, &quot;toolbar=0,width=900,height=500&quot;); return false;\"><i class=\"fab fa-facebook\"><\/i><\/a><a class=\"w-sharing-item twitter\" href=\"https:\/\/twitter.com\/intent\/tweet?text=Martin Campbell-White&amp;url=https:\/\/2024.festivalenescu.ro\/ro\/wp-json\/wp\/v2\/pages\/1256\" title=\"Tweet this\" aria-label=\"Tweet this\" onclick=\"window.open(this.href, &quot;twitter&quot;, &quot;toolbar=0,width=650,height=360&quot;); return false;\"><i class=\"fab fa-x-twitter\"><svg style=\"width:1em; margin-bottom:-.1em;\" xmlns=\"http:\/\/www.w3.org\/2000\/svg\" viewBox=\"0 0 512 512\"><path fill=\"currentColor\" d=\"M389.2 48h70.6L305.6 224.2 487 464H345L233.7 318.6 106.5 464H35.8L200.7 275.5 26.8 48H172.4L272.9 180.9 389.2 48zM364.4 421.8h39.1L151.1 88h-42L364.4 421.8z\"\/><\/svg><\/i><\/a><a class=\"w-sharing-item linkedin\" href=\"https:\/\/www.linkedin.com\/shareArticle?mini=true&amp;url=https:\/\/2024.festivalenescu.ro\/ro\/wp-json\/wp\/v2\/pages\/1256\" title=\"Share this\" aria-label=\"Share this\" onclick=\"window.open(this.href, &quot;linkedin&quot;, &quot;toolbar=no,width=550,height=550&quot;); return false;\"><i class=\"fab fa-linkedin\"><\/i><\/a><a class=\"w-sharing-item whatsapp\" href=\"https:\/\/web.whatsapp.com\/send?text=Martin Campbell-White https:\/\/2024.festivalenescu.ro\/ro\/wp-json\/wp\/v2\/pages\/1256\" title=\"Share this\" aria-label=\"Share this\" onclick=\"window.open(this.href, &quot;whatsapp&quot;, &quot;toolbar=0,width=900,height=500&quot;); return false;\"><i class=\"fab fa-whatsapp\"><\/i><\/a><a class=\"w-sharing-item reddit\" href=\"https:\/\/www.reddit.com\/submit?url=https:\/\/2024.festivalenescu.ro\/ro\/wp-json\/wp\/v2\/pages\/1256&amp;title=Martin Campbell-White\" title=\"Share this\" aria-label=\"Share this\" onclick=\"window.open(this.href, &quot;reddit&quot;, &quot;toolbar=no,width=900,height=500&quot;); return false;\"><i class=\"fab fa-reddit\"><\/i><\/a><a class=\"w-sharing-item telegram\" href=\"https:\/\/t.me\/share\/url?url=https:\/\/2024.festivalenescu.ro\/ro\/wp-json\/wp\/v2\/pages\/1256&amp;text=Martin Campbell-White\" title=\"Share this\" aria-label=\"Share this\" onclick=\"window.open(this.href, &quot;telegram&quot;, &quot;toolbar=no,width=600,height=450&quot;); return false;\"><i class=\"fab fa-telegram\"><\/i><\/a><\/div><\/div><div class=\"w-post-elm post_navigation layout_sided inv_false\"><a class=\"post_navigation-item order_first to_prev\" href=\"https:\/\/2024.festivalenescu.ro\/ro\/juriile\/juriu-pian\/vovka-ashkenazy\/\" title=\"Vovka Ashkenazy\"><div class=\"post_navigation-item-img\"><img decoding=\"async\" src=\"https:\/\/2024.festivalenescu.ro\/wp-content\/uploads\/2024\/03\/IMG_1748-900x900.jpg\" loading=\"lazy\" alt=\"\" width=\"150\" height=\"150\"><\/div><div class=\"post_navigation-item-arrow\"><\/div><div class=\"post_navigation-item-title\"><span>Vovka Ashkenazy<\/span><\/div><\/a><a class=\"post_navigation-item order_second to_next\" href=\"https:\/\/2024.festivalenescu.ro\/ro\/masterclass-cristian-macelaru\/\" title=\"Masterclass de interpretare dirijoral\u0103, instrumental\u0103 \u0219i aprofundare \u00een studiul muzicii cu dirijorul Cristian M\u0103celaru\"><div class=\"post_navigation-item-img\"><img decoding=\"async\" src=\"https:\/\/2024.festivalenescu.ro\/wp-content\/uploads\/2024\/04\/22SEP-SP-ORCHESTRA-NATIOALA-A-FRANTEI-foto-CRISTINA-TANASE.jpg28-900x600.jpg\" loading=\"lazy\" alt=\"\" width=\"150\" height=\"150\"><\/div><div class=\"post_navigation-item-arrow\"><\/div><div class=\"post_navigation-item-title\"><span>Masterclass de interpretare dirijoral\u0103, instrumental\u0103 \u0219i aprofundare \u00een studiul muzicii cu dirijorul Cristian M\u0103celaru<\/span><\/div><\/a><\/div><\/div><\/div><\/div><\/div><\/div><\/section>\n","protected":false},"excerpt":{"rendered":"Martin Campbell-White este considerat unul dintre cei mai experimenta\u021bi \u0219i admira\u021bi manageri de arti\u0219ti din genera\u021bia noastr\u0103. Dup\u0103 ce \u0219i-a \u00eenceput cariera la Ibbs \u0219i Tillett \u00een 1966, s-a mutat la Harold Holt Ltd \u00een 1972, iar mai t\u00e2rziu a negociat fuziunea cu Lies Askonas pentru a forma Askonas Holt Ltd \u00een 1998. A supervizat...","protected":false},"author":4,"featured_media":1294,"parent":2242,"menu_order":0,"comment_status":"closed","ping_status":"closed","template":"","meta":{"footnotes":""},"class_list":["post-1256","page","type-page","status-publish","has-post-thumbnail","hentry"],"_links":{"self":[{"href":"https:\/\/2024.festivalenescu.ro\/ro\/wp-json\/wp\/v2\/pages\/1256","targetHints":{"allow":["GET"]}}],"collection":[{"href":"https:\/\/2024.festivalenescu.ro\/ro\/wp-json\/wp\/v2\/pages"}],"about":[{"href":"https:\/\/2024.festivalenescu.ro\/ro\/wp-json\/wp\/v2\/types\/page"}],"author":[{"embeddable":true,"href":"https:\/\/2024.festivalenescu.ro\/ro\/wp-json\/wp\/v2\/users\/4"}],"replies":[{"embeddable":true,"href":"https:\/\/2024.festivalenescu.ro\/ro\/wp-json\/wp\/v2\/comments?post=1256"}],"version-history":[{"count":3,"href":"https:\/\/2024.festivalenescu.ro\/ro\/wp-json\/wp\/v2\/pages\/1256\/revisions"}],"predecessor-version":[{"id":1336,"href":"https:\/\/2024.festivalenescu.ro\/ro\/wp-json\/wp\/v2\/pages\/1256\/revisions\/1336"}],"up":[{"embeddable":true,"href":"https:\/\/2024.festivalenescu.ro\/ro\/wp-json\/wp\/v2\/pages\/2242"}],"wp:featuredmedia":[{"embeddable":true,"href":"https:\/\/2024.festivalenescu.ro\/ro\/wp-json\/wp\/v2\/media\/1294"}],"wp:attachment":[{"href":"https:\/\/2024.festivalenescu.ro\/ro\/wp-json\/wp\/v2\/media?parent=1256"}],"curies":[{"name":"wp","href":"https:\/\/api.w.org\/{rel}","templated":true}]}}