{"id":1263,"date":"2024-04-03T08:30:43","date_gmt":"2024-04-03T05:30:43","guid":{"rendered":"https:\/\/concurs.festivalenescu.ro\/?page_id=1263"},"modified":"2024-08-05T14:03:29","modified_gmt":"2024-08-05T11:03:29","slug":"simon-trpceski","status":"publish","type":"page","link":"https:\/\/2024.festivalenescu.ro\/ro\/juriile\/juriu-pian\/simon-trpceski\/","title":{"rendered":"Simon Trp\u010deski"},"content":{"rendered":"<section class=\"l-section wpb_row height_medium\"><div class=\"l-section-h i-cf\"><div class=\"g-cols vc_row via_flex valign_top type_default stacking_default\"><div class=\"vc_col-sm-6 wpb_column vc_column_container\"><div class=\"vc_column-inner\"><div class=\"wpb_wrapper\"><div class=\"wpb_text_column\"><div class=\"wpb_wrapper\"><p>Simon Trp\u010deski a fost apreciat at\u00e2t pentru virtuozitatea sa impresionant\u0103 \u0219i abordarea profund expresiv\u0103, c\u00e2t \u0219i pentru prezen\u021ba carismatic\u0103 pe scen\u0103. Lansat pe scena interna\u021bional\u0103 \u00een urm\u0103 cu 20 de ani ca artist BBC New Generation Artist, cu o carier\u0103 care a cunoscut o evolu\u021bie incredibil de rapid\u0103 \u0219i care nu a fost \u00eempiedicat\u0103 de grani\u021be culturale sau muzicale, a colaborat cu peste 100 de orchestre de pe patru continente, printre care se num\u0103r\u0103 Orchestra Simfonic\u0103 din Londra, Orchestra Philharmonia, Orchestra Simfonic\u0103 City of Birmingham, Orchestra Na\u021bional\u0103 a Fran\u021bei, Orchestra Regal\u0103 Concertgebouw, Orchestra Simfonic\u0103 German\u0103 din Berlin \u0219i Filarmonica din Dresda, Orchestra Simfonic\u0103 a Radiodifuziunii din Berlin, NDR Elbphilharmonie, Orchestra Tonhalle din Z\u00fcrich, Orchestra Na\u021bional\u0103 Rus\u0103, Teatro Col\u00f3n, \u00een timp ce, \u00een America de Nord, este un solist frecvent al orchestrelor din Cleveland \u0219i Philadelphia, al orchestrelor filarmonice din Los Angeles \u0219i New York, precum \u0219i al orchestrelor din Chicago, San Francisco, St. Louis, Seattle \u0219i Baltimore. Mai mult, a c\u00e2ntat cu Filarmonica New Japan, Orchestra Simfonic\u0103 NHK, orchestrele filarmonice din Seul \u0219i Hong Kong, precum \u0219i cu orchestrele din Sydney, Melbourne \u0219i Noua Zeeland\u0103.<br \/>\nLista lung\u0103 de dirijori proeminen\u021bi cu care a lucrat \u00eei include pe Lorin Maazel, Vladimir Ashkenazy, Marin Alsop, Gustavo Dudamel, Cristian M\u0103celaru, Gianandrea Noseda, Vasily Petrenko, Charles Dutoit, Jakub Hr\u016f\u0161a, Vladimir Jurowski, Susanna M\u00e4lkki, Andris Nelsons, Antonio Pappano, Robert Spano, Michael Tilson Thomas, Gabriel Bebe\u0219elea \u0219i David Zinman. De asemenea, leg\u0103tura sa \u00eendelungat\u0103 cu Filarmonica Regal\u0103 din Liverpool, consolidat\u0103 \u00een timpul mandatului lui Vasily Petrenko, a produs o ampl\u0103 discografie.<br \/>\nN\u0103scut \u00een Macedonia \u00een 1979, Simon Trp\u010deski este absolvent al Facult\u0103\u021bii de Muzic\u0103 din cadrul Universit\u0103\u021bii Sf. Cyril \u0219i Methodius din Skopje, unde a studiat cu profesorul Boris Romanov. \u00cen 2003, a fost distins cu Premiul pentru tineri arti\u0219ti acordat de Societatea Filarmonicii Regale, iar \u00een 2009 a primit Ordinul Preziden\u021bial de Merit al Macedoniei, o decora\u021bie acordat\u0103 demnitarilor str\u0103ini \u0219i interni responsabili de afirmarea Macedoniei \u00een str\u0103in\u0103tate. \u00cen 2011, a devenit primul de\u021bin\u0103tor al titlului de Artist Na\u021bional al Macedoniei.<\/p>\n<\/div><\/div><\/div><\/div><\/div><div class=\"vc_col-sm-6 wpb_column vc_column_container\"><div class=\"vc_column-inner\"><div class=\"wpb_wrapper\"><div class=\"w-ibanner animation_phorcys ratio_1x1 easing_easeInOutCirc\"><div class=\"w-ibanner-h\"><div class=\"w-ibanner-image\" style=\"background-image: url(https:\/\/2024.festivalenescu.ro\/wp-content\/uploads\/2024\/03\/Simon-Trpceski-photo-c-B.-Ealovega-S.Spirovski_KulturOp_1-scaled.jpg)\"><\/div><div class=\"w-ibanner-content\"><div class=\"w-ibanner-content-h\"><h2 class=\"w-ibanner-title\"><\/h2><div class=\"w-ibanner-desc\"><p>\u00a9 B. Ealovega - S.Spirovski<\/p>\n<\/div><\/div><\/div><\/div><\/div><div class=\"w-separator size_medium\"><\/div><div class=\"w-grid type_grid layout_1657\" id=\"us_grid_1\" style=\"--gap:1.5rem;\"><style>.layout_1657 .w-grid-item-h{box-shadow:0 0rem 0rem rgba(0,0,0,0.1),0 0rem 0rem rgba(0,0,0,0.1);transition-duration:0.3s}.no-touch .layout_1657 .w-grid-item-h:hover{box-shadow:0 0.1rem 0.2rem rgba(0,0,0,0.1),0 0.33rem 1rem rgba(0,0,0,0.15);z-index:4}.layout_1657 .usg_hwrapper_1{border-color:var(--color-content-border)!important;padding:1.5rem!important;border-style:solid!important;border-width:0 1px 1px 1px!important}.layout_1657 .usg_vwrapper_1{width:55%!important;padding-left:3%!important;padding-right:3%!important}.layout_1657 .usg_post_title_1{font-size:1.5rem!important;line-height:1.2!important}@media (min-width:1025px) and (max-width:1380px){.layout_1657 .usg_vwrapper_1{width:55%!important;padding-left:3%!important;padding-right:3%!important}}@media (min-width:601px) and (max-width:1024px){.layout_1657 .usg_vwrapper_1{width:55%!important;padding-left:3%!important;padding-right:3%!important}}@media (max-width:600px){.layout_1657 .usg_vwrapper_1{width:100%!important;padding:1rem 0 1rem 0!important}}<\/style><div class=\"w-grid-list\">\t<article class=\"w-grid-item size_1x1 post-2019 page type-page status-publish hentry\" data-id=\"2019\">\r\n\t\t<div class=\"w-grid-item-h\">\r\n\t\t\t\t\t\t<div class=\"w-hwrapper usg_hwrapper_1 align_none valign_top wrap\" style=\"--hwrapper-gap:0rem\"><div class=\"w-vwrapper usg_vwrapper_1 align_none valign_top\"><h1 class=\"w-post-elm post_title usg_post_title_1 entry-title color_link_inherit\"><a href=\"https:\/\/2024.festivalenescu.ro\/ro\/evenimente\/21-09-recital-simon-trpceski\/\">21.09 &#8211; Recital SIMON TRP\u010cESKI<\/a><\/h1><div class=\"w-post-elm post_content usg_post_content_1\">SIMON TRP\u010cESKI pian (membru \u00een juriul Concursului Interna\u021bional George Enescu 2024) Fr\u00e9d\u00e9ric Chopin Mazurcile op. 24 Edvard Grieg Suita Holberg op. 40 Serghei Prokofiev\u00a0Pove\u0219tile unei bunici b\u0103tr\u00e2ne op. 31 Ludwig&hellip;<\/div><\/div><a class=\"w-btn us-btn-style_1 usg_btn_1\" href=\"https:\/\/www.cts.eventim.ro\/eventseries\/concurs-international-george-enescu-2024-3627790\/\"><span class=\"w-btn-label\">Cump\u0103r\u0103 bilete<\/span><\/a><\/div>\t\t<\/div>\r\n\t<\/article>\r\n<\/div><div class=\"w-grid-preloader\">\t<div class=\"g-preloader type_1\">\r\n\t\t<div><\/div>\r\n\t<\/div>\r\n\t<\/div>\t<div class=\"w-grid-json hidden\" onclick='return {&quot;action&quot;:&quot;us_ajax_grid&quot;,&quot;ajax_url&quot;:&quot;https:\\\/\\\/2024.festivalenescu.ro\\\/wp-admin\\\/admin-ajax.php&quot;,&quot;infinite_scroll&quot;:0,&quot;max_num_pages&quot;:1,&quot;pagination&quot;:&quot;ajax&quot;,&quot;template_vars&quot;:{&quot;columns&quot;:&quot;1&quot;,&quot;exclude_items&quot;:&quot;none&quot;,&quot;img_size&quot;:&quot;default&quot;,&quot;ignore_items_size&quot;:0,&quot;items_layout&quot;:&quot;1657&quot;,&quot;items_offset&quot;:&quot;1&quot;,&quot;load_animation&quot;:&quot;none&quot;,&quot;overriding_link&quot;:&quot;%7B%22url%22%3A%22%22%7D&quot;,&quot;post_id&quot;:0,&quot;query_args&quot;:{&quot;ignore_sticky_posts&quot;:1,&quot;post_type&quot;:&quot;any&quot;,&quot;post__in&quot;:[&quot;2019&quot;],&quot;posts_per_page&quot;:&quot;10&quot;},&quot;orderby_query_args&quot;:{&quot;orderby&quot;:{&quot;date&quot;:&quot;DESC&quot;}},&quot;type&quot;:&quot;grid&quot;,&quot;us_grid_ajax_index&quot;:1,&quot;us_grid_filter_params&quot;:[],&quot;us_grid_index&quot;:1,&quot;_us_grid_post_type&quot;:&quot;ids&quot;,&quot;page_args&quot;:[],&quot;lang&quot;:&quot;ro&quot;}}'><\/div>\r\n\t<\/div><\/div><\/div><\/div><\/div><\/div><\/section><section class=\"l-section wpb_row height_medium\"><div class=\"l-section-h i-cf\"><div class=\"g-cols vc_row via_flex valign_top type_default stacking_default\"><div class=\"vc_col-sm-12 wpb_column vc_column_container\"><div class=\"vc_column-inner\"><div class=\"wpb_wrapper\"><div class=\"wpb_text_column\"><div class=\"wpb_wrapper\"><p>Share:<\/p>\n<\/div><\/div><div class=\"w-sharing type_simple align_none color_default\"><div class=\"w-sharing-list\" data-content-image=\"true\"><a class=\"w-sharing-item email\" href=\"mailto:?subject=21.09 &#8211; Recital SIMON TRP\u010cESKI&amp;body=https:\/\/2024.festivalenescu.ro\/ro\/wp-json\/wp\/v2\/pages\/1263\" title=\"Email this\" aria-label=\"Email this\"><i class=\"fas fa-envelope\"><\/i><\/a><a class=\"w-sharing-item facebook\" href=\"https:\/\/www.facebook.com\/sharer\/sharer.php?u=https:\/\/2024.festivalenescu.ro\/ro\/wp-json\/wp\/v2\/pages\/1263&amp;quote=21.09 &#8211; Recital SIMON TRP\u010cESKI\" title=\"Share this\" aria-label=\"Share this\" onclick=\"window.open(this.href, &quot;facebook&quot;, &quot;toolbar=0,width=900,height=500&quot;); return false;\"><i class=\"fab fa-facebook\"><\/i><\/a><a class=\"w-sharing-item twitter\" href=\"https:\/\/twitter.com\/intent\/tweet?text=21.09 &#8211; Recital SIMON TRP\u010cESKI&amp;url=https:\/\/2024.festivalenescu.ro\/ro\/wp-json\/wp\/v2\/pages\/1263\" title=\"Tweet this\" aria-label=\"Tweet this\" onclick=\"window.open(this.href, &quot;twitter&quot;, &quot;toolbar=0,width=650,height=360&quot;); return false;\"><i class=\"fab fa-x-twitter\"><svg style=\"width:1em; margin-bottom:-.1em;\" xmlns=\"http:\/\/www.w3.org\/2000\/svg\" viewBox=\"0 0 512 512\"><path fill=\"currentColor\" d=\"M389.2 48h70.6L305.6 224.2 487 464H345L233.7 318.6 106.5 464H35.8L200.7 275.5 26.8 48H172.4L272.9 180.9 389.2 48zM364.4 421.8h39.1L151.1 88h-42L364.4 421.8z\"\/><\/svg><\/i><\/a><a class=\"w-sharing-item linkedin\" href=\"https:\/\/www.linkedin.com\/shareArticle?mini=true&amp;url=https:\/\/2024.festivalenescu.ro\/ro\/wp-json\/wp\/v2\/pages\/1263\" title=\"Share this\" aria-label=\"Share this\" onclick=\"window.open(this.href, &quot;linkedin&quot;, &quot;toolbar=no,width=550,height=550&quot;); return false;\"><i class=\"fab fa-linkedin\"><\/i><\/a><a class=\"w-sharing-item whatsapp\" href=\"https:\/\/web.whatsapp.com\/send?text=21.09 &#8211; Recital SIMON TRP\u010cESKI https:\/\/2024.festivalenescu.ro\/ro\/wp-json\/wp\/v2\/pages\/1263\" title=\"Share this\" aria-label=\"Share this\" onclick=\"window.open(this.href, &quot;whatsapp&quot;, &quot;toolbar=0,width=900,height=500&quot;); return false;\"><i class=\"fab fa-whatsapp\"><\/i><\/a><a class=\"w-sharing-item reddit\" href=\"https:\/\/www.reddit.com\/submit?url=https:\/\/2024.festivalenescu.ro\/ro\/wp-json\/wp\/v2\/pages\/1263&amp;title=21.09 &#8211; Recital SIMON TRP\u010cESKI\" title=\"Share this\" aria-label=\"Share this\" onclick=\"window.open(this.href, &quot;reddit&quot;, &quot;toolbar=no,width=900,height=500&quot;); return false;\"><i class=\"fab fa-reddit\"><\/i><\/a><a class=\"w-sharing-item telegram\" href=\"https:\/\/t.me\/share\/url?url=https:\/\/2024.festivalenescu.ro\/ro\/wp-json\/wp\/v2\/pages\/1263&amp;text=21.09 &#8211; Recital SIMON TRP\u010cESKI\" title=\"Share this\" aria-label=\"Share this\" onclick=\"window.open(this.href, &quot;telegram&quot;, &quot;toolbar=no,width=600,height=450&quot;); return false;\"><i class=\"fab fa-telegram\"><\/i><\/a><\/div><\/div><div class=\"w-post-elm post_navigation layout_sided inv_false\"><a class=\"post_navigation-item order_first to_prev\" href=\"https:\/\/2024.festivalenescu.ro\/ro\/evenimente\/20-09-sectiunea-pian-semifinala\/\" title=\"20.09 &#8211; Sec\u021biunea Pian, Semifinala\"><div class=\"post_navigation-item-img\"><img loading=\"lazy\" decoding=\"async\" width=\"512\" height=\"512\" src=\"https:\/\/2024.festivalenescu.ro\/wp-content\/uploads\/2023\/11\/favicon.png\" class=\"g-placeholder\" alt=\"\" srcset=\"https:\/\/2024.festivalenescu.ro\/wp-content\/uploads\/2023\/11\/favicon.png 512w, https:\/\/2024.festivalenescu.ro\/wp-content\/uploads\/2023\/11\/favicon-200x200.png 200w, https:\/\/2024.festivalenescu.ro\/wp-content\/uploads\/2023\/11\/favicon-150x150.png 150w, https:\/\/2024.festivalenescu.ro\/wp-content\/uploads\/2023\/11\/favicon-400x400.png 400w, https:\/\/2024.festivalenescu.ro\/wp-content\/uploads\/2023\/11\/favicon-300x300.png 300w\" sizes=\"auto, (max-width: 512px) 100vw, 512px\" \/><\/div><div class=\"post_navigation-item-arrow\"><\/div><div class=\"post_navigation-item-title\"><span>20.09 &#8211; Sec\u021biunea Pian, Semifinala<\/span><\/div><\/a><a class=\"post_navigation-item order_second to_next\" href=\"https:\/\/2024.festivalenescu.ro\/ro\/evenimente\/22-09-sectiunea-pian-finala\/\" title=\"22.09 &#8211; Sec\u021biunea Pian, Finala\"><div class=\"post_navigation-item-img\"><img loading=\"lazy\" decoding=\"async\" width=\"512\" height=\"512\" src=\"https:\/\/2024.festivalenescu.ro\/wp-content\/uploads\/2023\/11\/favicon.png\" class=\"g-placeholder\" alt=\"\" srcset=\"https:\/\/2024.festivalenescu.ro\/wp-content\/uploads\/2023\/11\/favicon.png 512w, https:\/\/2024.festivalenescu.ro\/wp-content\/uploads\/2023\/11\/favicon-200x200.png 200w, https:\/\/2024.festivalenescu.ro\/wp-content\/uploads\/2023\/11\/favicon-150x150.png 150w, https:\/\/2024.festivalenescu.ro\/wp-content\/uploads\/2023\/11\/favicon-400x400.png 400w, https:\/\/2024.festivalenescu.ro\/wp-content\/uploads\/2023\/11\/favicon-300x300.png 300w\" sizes=\"auto, (max-width: 512px) 100vw, 512px\" \/><\/div><div class=\"post_navigation-item-arrow\"><\/div><div class=\"post_navigation-item-title\"><span>22.09 &#8211; Sec\u021biunea Pian, Finala<\/span><\/div><\/a><\/div><\/div><\/div><\/div><\/div><\/div><\/section>\n","protected":false},"excerpt":{"rendered":"SIMON TRP\u010cESKI pian (membru \u00een juriul Concursului Interna\u021bional George Enescu 2024) Fr\u00e9d\u00e9ric Chopin Mazurcile op. 24 Edvard Grieg Suita Holberg op. 40 Serghei Prokofiev\u00a0Pove\u0219tile unei bunici b\u0103tr\u00e2ne op. 31 Ludwig van Beethoven 32 de varia\u021biuni \u00een do minor WoO. 80 Serghei Prokofiev Sonata nr. 7 \u00een si bemol major pentru pian op. 83 Data: S\u00e2mb\u0103t\u0103,...","protected":false},"author":4,"featured_media":1260,"parent":2242,"menu_order":0,"comment_status":"closed","ping_status":"closed","template":"","meta":{"footnotes":""},"class_list":["post-1263","page","type-page","status-publish","has-post-thumbnail","hentry"],"_links":{"self":[{"href":"https:\/\/2024.festivalenescu.ro\/ro\/wp-json\/wp\/v2\/pages\/1263","targetHints":{"allow":["GET"]}}],"collection":[{"href":"https:\/\/2024.festivalenescu.ro\/ro\/wp-json\/wp\/v2\/pages"}],"about":[{"href":"https:\/\/2024.festivalenescu.ro\/ro\/wp-json\/wp\/v2\/types\/page"}],"author":[{"embeddable":true,"href":"https:\/\/2024.festivalenescu.ro\/ro\/wp-json\/wp\/v2\/users\/4"}],"replies":[{"embeddable":true,"href":"https:\/\/2024.festivalenescu.ro\/ro\/wp-json\/wp\/v2\/comments?post=1263"}],"version-history":[{"count":3,"href":"https:\/\/2024.festivalenescu.ro\/ro\/wp-json\/wp\/v2\/pages\/1263\/revisions"}],"predecessor-version":[{"id":2941,"href":"https:\/\/2024.festivalenescu.ro\/ro\/wp-json\/wp\/v2\/pages\/1263\/revisions\/2941"}],"up":[{"embeddable":true,"href":"https:\/\/2024.festivalenescu.ro\/ro\/wp-json\/wp\/v2\/pages\/2242"}],"wp:featuredmedia":[{"embeddable":true,"href":"https:\/\/2024.festivalenescu.ro\/ro\/wp-json\/wp\/v2\/media\/1260"}],"wp:attachment":[{"href":"https:\/\/2024.festivalenescu.ro\/ro\/wp-json\/wp\/v2\/media?parent=1263"}],"curies":[{"name":"wp","href":"https:\/\/api.w.org\/{rel}","templated":true}]}}