{"id":1271,"date":"2024-04-03T08:30:21","date_gmt":"2024-04-03T05:30:21","guid":{"rendered":"https:\/\/concurs.festivalenescu.ro\/?page_id=1271"},"modified":"2024-04-03T09:50:09","modified_gmt":"2024-04-03T06:50:09","slug":"sina-kloke","status":"publish","type":"page","link":"https:\/\/2024.festivalenescu.ro\/ro\/juriile\/juriu-pian\/sina-kloke\/","title":{"rendered":"Sina Kloke"},"content":{"rendered":"<section class=\"l-section wpb_row height_medium\"><div class=\"l-section-h i-cf\"><div class=\"g-cols vc_row via_flex valign_top type_default stacking_default\"><div class=\"vc_col-sm-6 wpb_column vc_column_container\"><div class=\"vc_column-inner\"><div class=\"wpb_wrapper\"><div class=\"wpb_text_column\"><div class=\"wpb_wrapper\"><p>\u00cen sezonul 2023-2024, Sina Kloke \u00ee\u0219i continu\u0103 ascensiunea ca una dintre cele mai promi\u021b\u0103toare pianiste de pe scena interna\u021bional\u0103 de muzic\u0103 clasic\u0103. N\u0103scut\u0103 \u00een Detmold (Germania), a studiat cu Matti Raekallio (Juilliard School), Arbo Valdma \u0219i Pavel Gililov (Universitatea de Muzic\u0103 \u0219i Dans din K\u00f6ln). Muzicieni renumi\u021bi precum Karl-Heinz K\u00e4mmerling, Elisabeth Leonskaja, Dmitri Bashkirov, Emanuel Ax \u0219i Paul Badura-Skoda i-au influen\u021bat substan\u021bial dezvoltarea artistic\u0103.<br \/>\nSina Kloke concerteaz\u0103 ca solist\u0103 \u0219i ca partener de muzic\u0103 de camer\u0103 la festivaluri \u0219i pe scene renumite din \u00eentreaga lume. Printre cele mai importante evenimente recente se num\u0103r\u0103 concertele sus\u021binute la Elbphilharmonie din Hamburg, Filarmonica din K\u00f6ln, Konzerthaus Berlin, Gasteig din M\u00fcnchen, Tonhalle din D\u00fcsseldorf, Semperoper din Dresda, Steinway Hall din Londra, KKL Luzern, Filarmonica din Cracovia, Rudolf-Oetker-Halle din Bielefeld, Carnegie Hall din New York, Festivalul Eilat din Israel, Festivalul de Muzic\u0103 Schleswig-Holstein, Festivalul Moritzburg din Dresda \u0219i Festivalul Enescu din Bucure\u0219ti.<br \/>\nCel mai recent album al ei, <em>Enescu Piano Works<\/em> ap\u0103rut la MDG, care include <em>Pi\u00e8ces Impromptues<\/em> \u0219i Suita nr. 2 pentru pian de Enescu, a fost aclamat de criticii din \u00eentreaga lume: \u201eO interpretare r\u0103pitoare care te face s\u0103 vrei s\u0103 ascul\u021bi mai mult Enescu\u201d (<em>Pizzicato<\/em>); \u201eUn CD fascinant\u201d (<em>Le Monde<\/em>).<br \/>\nA primit premii oferite de Asocia\u021bia German\u0103 de Muzic\u0103, Schott Music, Concursul Interna\u021bional de Pian \u0219i Instrumente de Coarde din New York, Concursul de Pian din M\u00fcnchen, Concursul Interna\u021bional de Concerte pentru Pian Hastings, Concursul Interna\u021bional de Pian Metropolitan \u0219i Premiul pentru solist al Orchestrei de Camer\u0103 din New York.<br \/>\nPentru Sina Kloke, a fi artist \u00eenseamn\u0103 s\u0103 progresezi mereu \u0219i s\u0103 reg\u00e2nde\u0219ti tradi\u021bionalele modele de interpretare \u0219i dramaturgia concertelor. Cu un ochi critic \u0219i idei revigorante, Sina Kloke \u00ee\u0219i plaseaz\u0103 arta \u00een contextul evenimentelor sociale \u0219i le vede str\u00e2ns legate \u00eentre ele. Presa descrie conceptele \u0219i formulele sale de program neconven\u021bionale ca fiind o \u00eembog\u0103\u021bire a vie\u021bii de concert contemporane.<\/p>\n<\/div><\/div><\/div><\/div><\/div><div class=\"vc_col-sm-6 wpb_column vc_column_container\"><div class=\"vc_column-inner\"><div class=\"wpb_wrapper\"><div class=\"w-ibanner animation_phorcys ratio_1x1 easing_easeInOutCirc\"><div class=\"w-ibanner-h\"><div class=\"w-ibanner-image\" style=\"background-image: url(https:\/\/2024.festivalenescu.ro\/wp-content\/uploads\/2024\/03\/SinaKloke_IMGL3476-scaled.jpg)\"><\/div><div class=\"w-ibanner-content\"><div class=\"w-ibanner-content-h\"><h2 class=\"w-ibanner-title\"><\/h2><div class=\"w-ibanner-desc\"><\/div><\/div><\/div><\/div><\/div><\/div><\/div><\/div><\/div><\/div><\/section><section class=\"l-section wpb_row height_medium\"><div class=\"l-section-h i-cf\"><div class=\"g-cols vc_row via_flex valign_top type_default stacking_default\"><div class=\"vc_col-sm-12 wpb_column vc_column_container\"><div class=\"vc_column-inner\"><div class=\"wpb_wrapper\"><div class=\"wpb_text_column\"><div class=\"wpb_wrapper\"><p>Share:<\/p>\n<\/div><\/div><div class=\"w-sharing type_simple align_none color_default\"><div class=\"w-sharing-list\"><a class=\"w-sharing-item email\" href=\"mailto:?subject=Sina Kloke&amp;body=https:\/\/2024.festivalenescu.ro\/ro\/wp-json\/wp\/v2\/pages\/1271\" title=\"Email this\" aria-label=\"Email this\"><i class=\"fas fa-envelope\"><\/i><\/a><a class=\"w-sharing-item facebook\" href=\"https:\/\/www.facebook.com\/sharer\/sharer.php?u=https:\/\/2024.festivalenescu.ro\/ro\/wp-json\/wp\/v2\/pages\/1271&amp;quote=Sina Kloke\" title=\"Share this\" aria-label=\"Share this\" onclick=\"window.open(this.href, &quot;facebook&quot;, &quot;toolbar=0,width=900,height=500&quot;); return false;\"><i class=\"fab fa-facebook\"><\/i><\/a><a class=\"w-sharing-item twitter\" href=\"https:\/\/twitter.com\/intent\/tweet?text=Sina Kloke&amp;url=https:\/\/2024.festivalenescu.ro\/ro\/wp-json\/wp\/v2\/pages\/1271\" title=\"Tweet this\" aria-label=\"Tweet this\" onclick=\"window.open(this.href, &quot;twitter&quot;, &quot;toolbar=0,width=650,height=360&quot;); return false;\"><i class=\"fab fa-x-twitter\"><svg style=\"width:1em; margin-bottom:-.1em;\" xmlns=\"http:\/\/www.w3.org\/2000\/svg\" viewBox=\"0 0 512 512\"><path fill=\"currentColor\" d=\"M389.2 48h70.6L305.6 224.2 487 464H345L233.7 318.6 106.5 464H35.8L200.7 275.5 26.8 48H172.4L272.9 180.9 389.2 48zM364.4 421.8h39.1L151.1 88h-42L364.4 421.8z\"\/><\/svg><\/i><\/a><a class=\"w-sharing-item linkedin\" href=\"https:\/\/www.linkedin.com\/shareArticle?mini=true&amp;url=https:\/\/2024.festivalenescu.ro\/ro\/wp-json\/wp\/v2\/pages\/1271\" title=\"Share this\" aria-label=\"Share this\" onclick=\"window.open(this.href, &quot;linkedin&quot;, &quot;toolbar=no,width=550,height=550&quot;); return false;\"><i class=\"fab fa-linkedin\"><\/i><\/a><a class=\"w-sharing-item whatsapp\" href=\"https:\/\/web.whatsapp.com\/send?text=Sina Kloke https:\/\/2024.festivalenescu.ro\/ro\/wp-json\/wp\/v2\/pages\/1271\" title=\"Share this\" aria-label=\"Share this\" onclick=\"window.open(this.href, &quot;whatsapp&quot;, &quot;toolbar=0,width=900,height=500&quot;); return false;\"><i class=\"fab fa-whatsapp\"><\/i><\/a><a class=\"w-sharing-item reddit\" href=\"https:\/\/www.reddit.com\/submit?url=https:\/\/2024.festivalenescu.ro\/ro\/wp-json\/wp\/v2\/pages\/1271&amp;title=Sina Kloke\" title=\"Share this\" aria-label=\"Share this\" onclick=\"window.open(this.href, &quot;reddit&quot;, &quot;toolbar=no,width=900,height=500&quot;); return false;\"><i class=\"fab fa-reddit\"><\/i><\/a><a class=\"w-sharing-item telegram\" href=\"https:\/\/t.me\/share\/url?url=https:\/\/2024.festivalenescu.ro\/ro\/wp-json\/wp\/v2\/pages\/1271&amp;text=Sina Kloke\" title=\"Share this\" aria-label=\"Share this\" onclick=\"window.open(this.href, &quot;telegram&quot;, &quot;toolbar=no,width=600,height=450&quot;); return false;\"><i class=\"fab fa-telegram\"><\/i><\/a><\/div><\/div><div class=\"w-post-elm post_navigation layout_sided inv_false\"><a class=\"post_navigation-item order_first to_prev\" href=\"https:\/\/2024.festivalenescu.ro\/ro\/juriile\/juriu-compozitie\/adrian-iorgulescu\/\" title=\"Adrian Iorgulescu\"><div class=\"post_navigation-item-img\"><img decoding=\"async\" src=\"https:\/\/2024.festivalenescu.ro\/wp-content\/uploads\/2024\/03\/adrian-iorgulescu-foto-1.jpg\" loading=\"lazy\" alt=\"\" width=\"150\" height=\"150\"><\/div><div class=\"post_navigation-item-arrow\"><\/div><div class=\"post_navigation-item-title\"><span>Adrian Iorgulescu<\/span><\/div><\/a><a class=\"post_navigation-item order_second to_next\" href=\"https:\/\/2024.festivalenescu.ro\/ro\/juriile\/juriu-pian\/luiza-borac\/\" title=\"Luiza Borac\"><div class=\"post_navigation-item-img\"><img decoding=\"async\" src=\"https:\/\/2024.festivalenescu.ro\/wp-content\/uploads\/2024\/03\/Luiza-Borac-A\u00a9HSchunck-600x900.jpg\" loading=\"lazy\" alt=\"\" width=\"150\" height=\"150\"><\/div><div class=\"post_navigation-item-arrow\"><\/div><div class=\"post_navigation-item-title\"><span>Luiza Borac<\/span><\/div><\/a><\/div><\/div><\/div><\/div><\/div><\/div><\/section>\n","protected":false},"excerpt":{"rendered":"\u00cen sezonul 2023-2024, Sina Kloke \u00ee\u0219i continu\u0103 ascensiunea ca una dintre cele mai promi\u021b\u0103toare pianiste de pe scena interna\u021bional\u0103 de muzic\u0103 clasic\u0103. N\u0103scut\u0103 \u00een Detmold (Germania), a studiat cu Matti Raekallio (Juilliard School), Arbo Valdma \u0219i Pavel Gililov (Universitatea de Muzic\u0103 \u0219i Dans din K\u00f6ln). Muzicieni renumi\u021bi precum Karl-Heinz K\u00e4mmerling, Elisabeth Leonskaja, Dmitri Bashkirov, Emanuel...","protected":false},"author":4,"featured_media":1267,"parent":2242,"menu_order":0,"comment_status":"closed","ping_status":"closed","template":"","meta":{"footnotes":""},"class_list":["post-1271","page","type-page","status-publish","has-post-thumbnail","hentry"],"_links":{"self":[{"href":"https:\/\/2024.festivalenescu.ro\/ro\/wp-json\/wp\/v2\/pages\/1271","targetHints":{"allow":["GET"]}}],"collection":[{"href":"https:\/\/2024.festivalenescu.ro\/ro\/wp-json\/wp\/v2\/pages"}],"about":[{"href":"https:\/\/2024.festivalenescu.ro\/ro\/wp-json\/wp\/v2\/types\/page"}],"author":[{"embeddable":true,"href":"https:\/\/2024.festivalenescu.ro\/ro\/wp-json\/wp\/v2\/users\/4"}],"replies":[{"embeddable":true,"href":"https:\/\/2024.festivalenescu.ro\/ro\/wp-json\/wp\/v2\/comments?post=1271"}],"version-history":[{"count":2,"href":"https:\/\/2024.festivalenescu.ro\/ro\/wp-json\/wp\/v2\/pages\/1271\/revisions"}],"predecessor-version":[{"id":1340,"href":"https:\/\/2024.festivalenescu.ro\/ro\/wp-json\/wp\/v2\/pages\/1271\/revisions\/1340"}],"up":[{"embeddable":true,"href":"https:\/\/2024.festivalenescu.ro\/ro\/wp-json\/wp\/v2\/pages\/2242"}],"wp:featuredmedia":[{"embeddable":true,"href":"https:\/\/2024.festivalenescu.ro\/ro\/wp-json\/wp\/v2\/media\/1267"}],"wp:attachment":[{"href":"https:\/\/2024.festivalenescu.ro\/ro\/wp-json\/wp\/v2\/media?parent=1271"}],"curies":[{"name":"wp","href":"https:\/\/api.w.org\/{rel}","templated":true}]}}