{"id":1280,"date":"2024-04-03T08:30:57","date_gmt":"2024-04-03T05:30:57","guid":{"rendered":"https:\/\/concurs.festivalenescu.ro\/?page_id=1280"},"modified":"2024-04-03T09:50:49","modified_gmt":"2024-04-03T06:50:49","slug":"vovka-ashkenazy","status":"publish","type":"page","link":"https:\/\/2024.festivalenescu.ro\/ro\/juriile\/juriu-pian\/vovka-ashkenazy\/","title":{"rendered":"Vovka Ashkenazy"},"content":{"rendered":"<section class=\"l-section wpb_row height_medium\"><div class=\"l-section-h i-cf\"><div class=\"g-cols vc_row via_flex valign_top type_default stacking_default\"><div class=\"vc_col-sm-6 wpb_column vc_column_container\"><div class=\"vc_column-inner\"><div class=\"wpb_wrapper\"><div class=\"wpb_text_column\"><div class=\"wpb_wrapper\"><p>Vovka Ashkenazy, de origine rus\u0103 \u0219i islandez\u0103, a studiat mai \u00eent\u00e2i pianul cu R\u00f6gnvaldur Sigurj\u00f3nsson la \u0218coala de Muzic\u0103 din Reykjav\u00edk \u0219i, dup\u0103 ce \u0219i-a completat studiile muzicale la Colegiul Regal de Muzic\u0103 din Nord din Manchester, cu Sulamita Aronovsky, \u0219i-a f\u0103cut debutul \u00een 1983, la Centrul Barbican din Londra, al\u0103turi de Orchestra Simfonic\u0103 din Londra, sub bagheta lui Richard Hickox, cu care a interpretat Concertul nr. 1 pentru pian de Ceaikovski.<br \/>\nDe atunci, cariera sa l-a purtat prin toat\u0103 Europa, dar \u0219i \u00een Australia, Noua Zeeland\u0103, Japonia \u0219i America. A participat la Festivalul de Muzic\u0103 Marlboro din Vermont, precum \u0219i la festivalurile de la Edinburgh \u0219i Spoleto.<br \/>\nVovka Ashkenazy activeaz\u0103 frecvent \u0219i \u00een forma\u021bii camerale. A \u00eenregistrat un CD cu muzic\u0103 italian\u0103 \u00eempreun\u0103 cu fratele s\u0103u, clarinetistul Dimitri Ashkenazy, al\u0103turi de care a efectuat mai multe turnee \u00een Japonia. De asemenea, a colaborat cu Reykjav\u00edk Wind Quintet, al\u0103turi de care a \u00eenregistrat dou\u0103 CD-uri. \u00cen 2005, a \u00eenceput s\u0103 c\u00e2nte \u0219i s\u0103 \u00eenregistreze \u00een mod regulat cu Vladimir Ashkenazy la dou\u0103 piane, iar de atunci au efectuat mai multe turnee \u00een Japonia, China \u0219i Orientul \u00cendep\u0103rtat, \u0219i au \u00eenregistrat trei CD-uri cu lucr\u0103ri la dou\u0103 piane pentru Decca, pe l\u00e2ng\u0103 cele dou\u0103 CD-uri \u00eenregistrate la aceea\u0219i cas\u0103 de discuri \u00eenainte de anul 2000.<br \/>\n\u00cen prezent, \u00ee\u0219i dedic\u0103 cea mai mare parte a timpului pred\u0103rii. A sus\u021binut cursuri de m\u0103iestrie \u00een Australia, Bulgaria, China, Danemarca, Anglia, Fran\u021ba, Germania, Grecia, Guatemala, Islanda, Italia, Japonia, Norvegia, Coreea de Sud, Suedia, Elve\u021bia \u0219i SUA. A fost profesor la Conservatorul Gabriel Faur\u00e9 de GrandAngoul\u00eame din Fran\u021ba (1998-2007). Din 2014 s-a al\u0103turat corpului profesoral al Academiei Interna\u021bionale de Pian din Imola \u0219i ocup\u0103 posturi de profesor la Conservatorul Elve\u021biei Italiene din Lugano, la Kalaidos Musikhochschule din Z\u00fcrich \u0219i la Academia Interna\u021bional\u0103 de Muzic\u0103 Tiziano Rossetti din Lugano.<br \/>\nA fost numit director artistic al Concursului Interna\u021bional de Pian Rina Sala Gallo \u00een 2014, iar din 2012, a f\u0103cut parte din juriile unor concursuri de pian din China, Anglia, Fran\u021ba, Italia, Serbia, Coreea de Sud \u0219i Elve\u021bia.<\/p>\n<\/div><\/div><\/div><\/div><\/div><div class=\"vc_col-sm-6 wpb_column vc_column_container\"><div class=\"vc_column-inner\"><div class=\"wpb_wrapper\"><div class=\"w-ibanner animation_phorcys ratio_1x1 easing_easeInOutCirc\"><div class=\"w-ibanner-h\"><div class=\"w-ibanner-image\" style=\"background-image: url(https:\/\/2024.festivalenescu.ro\/wp-content\/uploads\/2024\/03\/IMG_1748.jpg)\"><\/div><div class=\"w-ibanner-content\"><div class=\"w-ibanner-content-h\"><h2 class=\"w-ibanner-title\"><\/h2><div class=\"w-ibanner-desc\"><\/div><\/div><\/div><\/div><\/div><\/div><\/div><\/div><\/div><\/div><\/section><section class=\"l-section wpb_row height_medium\"><div class=\"l-section-h i-cf\"><div class=\"g-cols vc_row via_flex valign_top type_default stacking_default\"><div class=\"vc_col-sm-12 wpb_column vc_column_container\"><div class=\"vc_column-inner\"><div class=\"wpb_wrapper\"><div class=\"wpb_text_column\"><div class=\"wpb_wrapper\"><p>Share:<\/p>\n<\/div><\/div><div class=\"w-sharing type_simple align_none color_default\"><div class=\"w-sharing-list\"><a class=\"w-sharing-item email\" href=\"mailto:?subject=Vovka Ashkenazy&amp;body=https:\/\/2024.festivalenescu.ro\/ro\/wp-json\/wp\/v2\/pages\/1280\" title=\"Email this\" aria-label=\"Email this\"><i class=\"fas fa-envelope\"><\/i><\/a><a class=\"w-sharing-item facebook\" href=\"https:\/\/www.facebook.com\/sharer\/sharer.php?u=https:\/\/2024.festivalenescu.ro\/ro\/wp-json\/wp\/v2\/pages\/1280&amp;quote=Vovka Ashkenazy\" title=\"Share this\" aria-label=\"Share this\" onclick=\"window.open(this.href, &quot;facebook&quot;, &quot;toolbar=0,width=900,height=500&quot;); return false;\"><i class=\"fab fa-facebook\"><\/i><\/a><a class=\"w-sharing-item twitter\" href=\"https:\/\/twitter.com\/intent\/tweet?text=Vovka Ashkenazy&amp;url=https:\/\/2024.festivalenescu.ro\/ro\/wp-json\/wp\/v2\/pages\/1280\" title=\"Tweet this\" aria-label=\"Tweet this\" onclick=\"window.open(this.href, &quot;twitter&quot;, &quot;toolbar=0,width=650,height=360&quot;); return false;\"><i class=\"fab fa-x-twitter\"><svg style=\"width:1em; margin-bottom:-.1em;\" xmlns=\"http:\/\/www.w3.org\/2000\/svg\" viewBox=\"0 0 512 512\"><path fill=\"currentColor\" d=\"M389.2 48h70.6L305.6 224.2 487 464H345L233.7 318.6 106.5 464H35.8L200.7 275.5 26.8 48H172.4L272.9 180.9 389.2 48zM364.4 421.8h39.1L151.1 88h-42L364.4 421.8z\"\/><\/svg><\/i><\/a><a class=\"w-sharing-item linkedin\" href=\"https:\/\/www.linkedin.com\/shareArticle?mini=true&amp;url=https:\/\/2024.festivalenescu.ro\/ro\/wp-json\/wp\/v2\/pages\/1280\" title=\"Share this\" aria-label=\"Share this\" onclick=\"window.open(this.href, &quot;linkedin&quot;, &quot;toolbar=no,width=550,height=550&quot;); return false;\"><i class=\"fab fa-linkedin\"><\/i><\/a><a class=\"w-sharing-item whatsapp\" href=\"https:\/\/web.whatsapp.com\/send?text=Vovka Ashkenazy https:\/\/2024.festivalenescu.ro\/ro\/wp-json\/wp\/v2\/pages\/1280\" title=\"Share this\" aria-label=\"Share this\" onclick=\"window.open(this.href, &quot;whatsapp&quot;, &quot;toolbar=0,width=900,height=500&quot;); return false;\"><i class=\"fab fa-whatsapp\"><\/i><\/a><a class=\"w-sharing-item reddit\" href=\"https:\/\/www.reddit.com\/submit?url=https:\/\/2024.festivalenescu.ro\/ro\/wp-json\/wp\/v2\/pages\/1280&amp;title=Vovka Ashkenazy\" title=\"Share this\" aria-label=\"Share this\" onclick=\"window.open(this.href, &quot;reddit&quot;, &quot;toolbar=no,width=900,height=500&quot;); return false;\"><i class=\"fab fa-reddit\"><\/i><\/a><a class=\"w-sharing-item telegram\" href=\"https:\/\/t.me\/share\/url?url=https:\/\/2024.festivalenescu.ro\/ro\/wp-json\/wp\/v2\/pages\/1280&amp;text=Vovka Ashkenazy\" title=\"Share this\" aria-label=\"Share this\" onclick=\"window.open(this.href, &quot;telegram&quot;, &quot;toolbar=no,width=600,height=450&quot;); return false;\"><i class=\"fab fa-telegram\"><\/i><\/a><\/div><\/div><div class=\"w-post-elm post_navigation layout_sided inv_false\"><a class=\"post_navigation-item order_first to_prev\" href=\"https:\/\/2024.festivalenescu.ro\/ro\/juriile\/juriu-compozitie\/magnus-lindberg\/\" title=\"Magnus Lindberg\"><div class=\"post_navigation-item-img\"><img decoding=\"async\" src=\"https:\/\/2024.festivalenescu.ro\/wp-content\/uploads\/2024\/03\/Magnus-Lindberg-Philip-Gatward-01-719x900.jpg\" loading=\"lazy\" alt=\"\" width=\"150\" height=\"150\"><\/div><div class=\"post_navigation-item-arrow\"><\/div><div class=\"post_navigation-item-title\"><span>Magnus Lindberg<\/span><\/div><\/a><a class=\"post_navigation-item order_second to_next\" href=\"https:\/\/2024.festivalenescu.ro\/ro\/juriile\/juriu-pian\/martin-campbell-white\/\" title=\"Martin Campbell-White\"><div class=\"post_navigation-item-img\"><img decoding=\"async\" src=\"https:\/\/2024.festivalenescu.ro\/wp-content\/uploads\/2024\/03\/martin-CW-900x600.jpeg\" loading=\"lazy\" alt=\"\" width=\"150\" height=\"150\"><\/div><div class=\"post_navigation-item-arrow\"><\/div><div class=\"post_navigation-item-title\"><span>Martin Campbell-White<\/span><\/div><\/a><\/div><\/div><\/div><\/div><\/div><\/div><\/section>\n","protected":false},"excerpt":{"rendered":"Vovka Ashkenazy, de origine rus\u0103 \u0219i islandez\u0103, a studiat mai \u00eent\u00e2i pianul cu R\u00f6gnvaldur Sigurj\u00f3nsson la \u0218coala de Muzic\u0103 din Reykjav\u00edk \u0219i, dup\u0103 ce \u0219i-a completat studiile muzicale la Colegiul Regal de Muzic\u0103 din Nord din Manchester, cu Sulamita Aronovsky, \u0219i-a f\u0103cut debutul \u00een 1983, la Centrul Barbican din Londra, al\u0103turi de Orchestra Simfonic\u0103 din...","protected":false},"author":4,"featured_media":1277,"parent":2242,"menu_order":0,"comment_status":"closed","ping_status":"closed","template":"","meta":{"footnotes":""},"class_list":["post-1280","page","type-page","status-publish","has-post-thumbnail","hentry"],"_links":{"self":[{"href":"https:\/\/2024.festivalenescu.ro\/ro\/wp-json\/wp\/v2\/pages\/1280","targetHints":{"allow":["GET"]}}],"collection":[{"href":"https:\/\/2024.festivalenescu.ro\/ro\/wp-json\/wp\/v2\/pages"}],"about":[{"href":"https:\/\/2024.festivalenescu.ro\/ro\/wp-json\/wp\/v2\/types\/page"}],"author":[{"embeddable":true,"href":"https:\/\/2024.festivalenescu.ro\/ro\/wp-json\/wp\/v2\/users\/4"}],"replies":[{"embeddable":true,"href":"https:\/\/2024.festivalenescu.ro\/ro\/wp-json\/wp\/v2\/comments?post=1280"}],"version-history":[{"count":3,"href":"https:\/\/2024.festivalenescu.ro\/ro\/wp-json\/wp\/v2\/pages\/1280\/revisions"}],"predecessor-version":[{"id":1342,"href":"https:\/\/2024.festivalenescu.ro\/ro\/wp-json\/wp\/v2\/pages\/1280\/revisions\/1342"}],"up":[{"embeddable":true,"href":"https:\/\/2024.festivalenescu.ro\/ro\/wp-json\/wp\/v2\/pages\/2242"}],"wp:featuredmedia":[{"embeddable":true,"href":"https:\/\/2024.festivalenescu.ro\/ro\/wp-json\/wp\/v2\/media\/1277"}],"wp:attachment":[{"href":"https:\/\/2024.festivalenescu.ro\/ro\/wp-json\/wp\/v2\/media?parent=1280"}],"curies":[{"name":"wp","href":"https:\/\/api.w.org\/{rel}","templated":true}]}}