{"id":1285,"date":"2024-04-03T08:30:21","date_gmt":"2024-04-03T05:30:21","guid":{"rendered":"https:\/\/concurs.festivalenescu.ro\/?page_id=1285"},"modified":"2024-04-03T09:49:51","modified_gmt":"2024-04-03T06:49:51","slug":"luiza-borac","status":"publish","type":"page","link":"https:\/\/2024.festivalenescu.ro\/ro\/juriile\/juriu-pian\/luiza-borac\/","title":{"rendered":"Luiza Borac"},"content":{"rendered":"<section class=\"l-section wpb_row height_medium\"><div class=\"l-section-h i-cf\"><div class=\"g-cols vc_row via_flex valign_top type_default stacking_default\"><div class=\"vc_col-sm-6 wpb_column vc_column_container\"><div class=\"vc_column-inner\"><div class=\"wpb_wrapper\"><div class=\"wpb_text_column\"><div class=\"wpb_wrapper\"><p>C\u00e2\u0219tig\u0103toare a peste 50 de premii \u0219i distinc\u021bii, pianista Luiza Borac a fost descris\u0103 drept \u201ecel mai poetic artist\u201d (<em>S\u00fcddeutsche Zeitung<\/em>), o \u201epianist\u0103 mereu plin\u0103 de resurse \u0219i imagina\u021bie\u201d (<em>Gramophone<\/em>) \u0219i o \u201einterpret\u0103 formidabil\u0103\u201d (<em>San Francisco Chronicle<\/em>). A c\u00e2\u0219tigat premii importante la Concursul Interna\u021bional de Pian Edvard Grieg \u2013 Premiul I, Prix d\u2019Oslo, Premiul Special pentru piesele lirice de Grieg \u0219i Premiul Publicului \u2013, precum \u0219i la concursurile Mendelssohn (Berlin), Enescu (Bucure\u0219ti), Gina Bachauer (Salt Lake City), Viotti (Valsesia).<br \/>\nA c\u00e2ntat \u00een s\u0103li de concerte prestigioase din \u00eentreaga lume, \u00eentre care Carnegie Hall New York, Walt Disney Concert Hall (Los Angeles), Concertgebouw Amsterdam, la Filarmonica din K\u00f6ln \u0219i la Centrul Barbican din Londra, cu Academia St Martin in the Fields, Orchestra Filarmonic\u0103 a Olandei, \u0219i WDR K\u00f6ln, printre altele.<br \/>\nPrima pianist\u0103 care a \u00eenregistrat integrala muzicii pentru pian a celor trei compozitori rom\u00e2ni George Enescu, Dinu Lipatti \u0219i Constantin Silvestri, Luiza Borac a fost descris\u0103 ca fiind \u201ecea mai pasionat\u0103 reprezentant\u0103 \u00een via\u021b\u0103 a muzicii pentru pian a compatrio\u021bilor s\u0103i, care nu \u00eenceteaz\u0103 s\u0103 fie revelatoare\u201d. \u00cen calitate de promotoare a femeilor artiste, ea a dedicat turnee europene foarte apreciate lui Alice Herz-Sommer (2016) \u0219i Clarei Schumann (2019).<br \/>\n\u00cen Rom\u00e2nia, i-a avut ca profesori pe Irina \u0218a\u021bchi, Lavinia Coman \u0219i Gabriel Amira\u0219. Ca t\u00e2n\u0103r\u0103 artist\u0103 \u00een reziden\u021b\u0103 a Orchestrei Simfonice din Londra, Luiza Borac a fost \u00eendrumat\u0103 de Radu Lupu, Murray Perahia, Jan Ekier, Leon Fleisher, Dmitri Bashkirov, William Grant Nabor\u00e9 \u0219i Fou Ts\u2019ong. A absolvit universit\u0103\u021bile de muzic\u0103 din Bucure\u0219ti \u0219i Hanovra cu cele mai \u00eenalte distinc\u021bii \u0219i a urmat cursuri de m\u0103iestrie la Juilliard School din New York \u0219i la Academia Interna\u021bional\u0103 de Pian Lake Como, sub conducerea artistic\u0103 a Marthei Argerich.<br \/>\nLuiza Borac este artist Steinway \u0219i a fost inclus\u0103 pe Steinway Wall of Fame. A c\u00e2\u0219tigat BBC Music Award \u0219i a fost nominalizat\u0103 \u00een 2021 la premiile Opus Klassik \u0219i ICMA, la categoriile Cea mai bun\u0103 \u00eenregistrare, Cel mai bun solist al anului \u0219i Cele mai bune programe mixte.<\/p>\n<\/div><\/div><\/div><\/div><\/div><div class=\"vc_col-sm-6 wpb_column vc_column_container\"><div class=\"vc_column-inner\"><div class=\"wpb_wrapper\"><div class=\"w-ibanner animation_phorcys ratio_1x1 easing_easeInOutCirc\"><div class=\"w-ibanner-h\"><div class=\"w-ibanner-image\" style=\"background-image: url(https:\/\/2024.festivalenescu.ro\/wp-content\/uploads\/2024\/03\/Luiza-Borac-A\u00a9HSchunck.jpg)\"><\/div><div class=\"w-ibanner-content\"><div class=\"w-ibanner-content-h\"><h2 class=\"w-ibanner-title\"><\/h2><div class=\"w-ibanner-desc\"><p>\u00a9 H. Schunck<\/p>\n<\/div><\/div><\/div><\/div><\/div><\/div><\/div><\/div><\/div><\/div><\/section><section class=\"l-section wpb_row height_medium\"><div class=\"l-section-h i-cf\"><div class=\"g-cols vc_row via_flex valign_top type_default stacking_default\"><div class=\"vc_col-sm-12 wpb_column vc_column_container\"><div class=\"vc_column-inner\"><div class=\"wpb_wrapper\"><div class=\"wpb_text_column\"><div class=\"wpb_wrapper\"><p>Share:<\/p>\n<\/div><\/div><div class=\"w-sharing type_simple align_none color_default\"><div class=\"w-sharing-list\"><a class=\"w-sharing-item email\" href=\"mailto:?subject=Luiza Borac&amp;body=https:\/\/2024.festivalenescu.ro\/ro\/wp-json\/wp\/v2\/pages\/1285\" title=\"Email this\" aria-label=\"Email this\"><i class=\"fas fa-envelope\"><\/i><\/a><a class=\"w-sharing-item facebook\" href=\"https:\/\/www.facebook.com\/sharer\/sharer.php?u=https:\/\/2024.festivalenescu.ro\/ro\/wp-json\/wp\/v2\/pages\/1285&amp;quote=Luiza Borac\" title=\"Share this\" aria-label=\"Share this\" onclick=\"window.open(this.href, &quot;facebook&quot;, &quot;toolbar=0,width=900,height=500&quot;); return false;\"><i class=\"fab fa-facebook\"><\/i><\/a><a class=\"w-sharing-item twitter\" href=\"https:\/\/twitter.com\/intent\/tweet?text=Luiza Borac&amp;url=https:\/\/2024.festivalenescu.ro\/ro\/wp-json\/wp\/v2\/pages\/1285\" title=\"Tweet this\" aria-label=\"Tweet this\" onclick=\"window.open(this.href, &quot;twitter&quot;, &quot;toolbar=0,width=650,height=360&quot;); return false;\"><i class=\"fab fa-x-twitter\"><svg style=\"width:1em; margin-bottom:-.1em;\" xmlns=\"http:\/\/www.w3.org\/2000\/svg\" viewBox=\"0 0 512 512\"><path fill=\"currentColor\" d=\"M389.2 48h70.6L305.6 224.2 487 464H345L233.7 318.6 106.5 464H35.8L200.7 275.5 26.8 48H172.4L272.9 180.9 389.2 48zM364.4 421.8h39.1L151.1 88h-42L364.4 421.8z\"\/><\/svg><\/i><\/a><a class=\"w-sharing-item linkedin\" href=\"https:\/\/www.linkedin.com\/shareArticle?mini=true&amp;url=https:\/\/2024.festivalenescu.ro\/ro\/wp-json\/wp\/v2\/pages\/1285\" title=\"Share this\" aria-label=\"Share this\" onclick=\"window.open(this.href, &quot;linkedin&quot;, &quot;toolbar=no,width=550,height=550&quot;); return false;\"><i class=\"fab fa-linkedin\"><\/i><\/a><a class=\"w-sharing-item whatsapp\" href=\"https:\/\/web.whatsapp.com\/send?text=Luiza Borac https:\/\/2024.festivalenescu.ro\/ro\/wp-json\/wp\/v2\/pages\/1285\" title=\"Share this\" aria-label=\"Share this\" onclick=\"window.open(this.href, &quot;whatsapp&quot;, &quot;toolbar=0,width=900,height=500&quot;); return false;\"><i class=\"fab fa-whatsapp\"><\/i><\/a><a class=\"w-sharing-item reddit\" href=\"https:\/\/www.reddit.com\/submit?url=https:\/\/2024.festivalenescu.ro\/ro\/wp-json\/wp\/v2\/pages\/1285&amp;title=Luiza Borac\" title=\"Share this\" aria-label=\"Share this\" onclick=\"window.open(this.href, &quot;reddit&quot;, &quot;toolbar=no,width=900,height=500&quot;); return false;\"><i class=\"fab fa-reddit\"><\/i><\/a><a class=\"w-sharing-item telegram\" href=\"https:\/\/t.me\/share\/url?url=https:\/\/2024.festivalenescu.ro\/ro\/wp-json\/wp\/v2\/pages\/1285&amp;text=Luiza Borac\" title=\"Share this\" aria-label=\"Share this\" onclick=\"window.open(this.href, &quot;telegram&quot;, &quot;toolbar=no,width=600,height=450&quot;); return false;\"><i class=\"fab fa-telegram\"><\/i><\/a><\/div><\/div><div class=\"w-post-elm post_navigation layout_sided inv_false\"><a class=\"post_navigation-item order_first to_prev\" href=\"https:\/\/2024.festivalenescu.ro\/ro\/juriile\/juriu-pian\/sina-kloke\/\" title=\"Sina Kloke\"><div class=\"post_navigation-item-img\"><img decoding=\"async\" src=\"https:\/\/2024.festivalenescu.ro\/wp-content\/uploads\/2024\/03\/SinaKloke_IMGL3476-900x596.jpg\" loading=\"lazy\" alt=\"\" width=\"150\" height=\"150\"><\/div><div class=\"post_navigation-item-arrow\"><\/div><div class=\"post_navigation-item-title\"><span>Sina Kloke<\/span><\/div><\/a><a class=\"post_navigation-item order_second to_next\" href=\"https:\/\/2024.festivalenescu.ro\/ro\/juriile\/juriu-compozitie\/doina-rotaru\/\" title=\"Doina Rotaru\"><div class=\"post_navigation-item-img\"><img decoding=\"async\" src=\"https:\/\/2024.festivalenescu.ro\/wp-content\/uploads\/2024\/03\/Doina-Rotaru-900x675.jpg\" loading=\"lazy\" alt=\"\" width=\"150\" height=\"150\"><\/div><div class=\"post_navigation-item-arrow\"><\/div><div class=\"post_navigation-item-title\"><span>Doina Rotaru<\/span><\/div><\/a><\/div><\/div><\/div><\/div><\/div><\/div><\/section>\n","protected":false},"excerpt":{"rendered":"C\u00e2\u0219tig\u0103toare a peste 50 de premii \u0219i distinc\u021bii, pianista Luiza Borac a fost descris\u0103 drept \u201ecel mai poetic artist\u201d (S\u00fcddeutsche Zeitung), o \u201epianist\u0103 mereu plin\u0103 de resurse \u0219i imagina\u021bie\u201d (Gramophone) \u0219i o \u201einterpret\u0103 formidabil\u0103\u201d (San Francisco Chronicle). A c\u00e2\u0219tigat premii importante la Concursul Interna\u021bional de Pian Edvard Grieg \u2013 Premiul I, Prix d\u2019Oslo, Premiul Special...","protected":false},"author":4,"featured_media":1298,"parent":2242,"menu_order":0,"comment_status":"closed","ping_status":"closed","template":"","meta":{"footnotes":""},"class_list":["post-1285","page","type-page","status-publish","has-post-thumbnail","hentry"],"_links":{"self":[{"href":"https:\/\/2024.festivalenescu.ro\/ro\/wp-json\/wp\/v2\/pages\/1285","targetHints":{"allow":["GET"]}}],"collection":[{"href":"https:\/\/2024.festivalenescu.ro\/ro\/wp-json\/wp\/v2\/pages"}],"about":[{"href":"https:\/\/2024.festivalenescu.ro\/ro\/wp-json\/wp\/v2\/types\/page"}],"author":[{"embeddable":true,"href":"https:\/\/2024.festivalenescu.ro\/ro\/wp-json\/wp\/v2\/users\/4"}],"replies":[{"embeddable":true,"href":"https:\/\/2024.festivalenescu.ro\/ro\/wp-json\/wp\/v2\/comments?post=1285"}],"version-history":[{"count":3,"href":"https:\/\/2024.festivalenescu.ro\/ro\/wp-json\/wp\/v2\/pages\/1285\/revisions"}],"predecessor-version":[{"id":1334,"href":"https:\/\/2024.festivalenescu.ro\/ro\/wp-json\/wp\/v2\/pages\/1285\/revisions\/1334"}],"up":[{"embeddable":true,"href":"https:\/\/2024.festivalenescu.ro\/ro\/wp-json\/wp\/v2\/pages\/2242"}],"wp:featuredmedia":[{"embeddable":true,"href":"https:\/\/2024.festivalenescu.ro\/ro\/wp-json\/wp\/v2\/media\/1298"}],"wp:attachment":[{"href":"https:\/\/2024.festivalenescu.ro\/ro\/wp-json\/wp\/v2\/media?parent=1285"}],"curies":[{"name":"wp","href":"https:\/\/api.w.org\/{rel}","templated":true}]}}