{"id":1501,"date":"2024-02-21T14:25:31","date_gmt":"2024-02-21T12:25:31","guid":{"rendered":"https:\/\/concurs.festivalenescu.ro\/?page_id=1501"},"modified":"2024-04-16T07:49:23","modified_gmt":"2024-04-16T04:49:23","slug":"1501-2","status":"publish","type":"page","link":"https:\/\/2024.festivalenescu.ro\/ro\/well-being-pentru-concurenti\/angelica-postu\/1501-2\/","title":{"rendered":"Angelica Postu"},"content":{"rendered":"<section class=\"l-section wpb_row height_medium\"><div class=\"l-section-h i-cf\"><div class=\"g-cols vc_row via_flex valign_top type_default stacking_default\"><div class=\"vc_col-sm-6 wpb_column vc_column_container\"><div class=\"vc_column-inner\"><div class=\"wpb_wrapper\"><div class=\"wpb_text_column\"><div class=\"wpb_wrapper\"><p>Angelica Postu, muzicoterapeut\u0103 \u0219i pianist\u0103, lucreaz\u0103 la Centrul Medical Universitar de Psihiatrie \u0219i Psihoterapie din Berlin. \u00cen cadrul Departamentului de Muzicoterapie de la Universitatea de Arte din Berlin urmeaz\u0103 studii doctorale, iar la Universitatea Na\u021bional\u0103 de Muzic\u0103 din Bucure\u0219ti pred\u0103 studen\u021bilor cursul de Introducere \u00een Muzicoterapie.<br \/>\n\u00cen 2017, a fondat Asocia\u021bia Rom\u00e2n\u0103 de Muzicoterapie, unic\u0103 \u00een \u021bar\u0103, cu scopul de a promova bazele teoretice \u0219i practice precum \u0219i metodele \u0218colii Occidentale de Muzicoterapie, care are o tradi\u021bie de peste 70 de ani.<br \/>\n\u00cembin\u00e2nd experien\u021ba sa \u00een psihologie \u0219i muzicoterapie cu cea dob\u00e2ndit\u0103 ca pianist\u0103, Angelica Postu este trainer \u0219i speaker \u00een procesul de dezvoltare personal\u0103, con\u0219tientizare, gestionare \u0219i \u00een\u021belegere a emo\u021biilor prin intermediul muzicii \u0219i a impactului acesteia asupra s\u0103n\u0103t\u0103\u021bii. Lucr\u00e2nd activ ca formator pentru muzicieni, a contribuit semnificativ la dezvoltarea \u0219i con\u0219tientizarea importan\u021bei s\u0103n\u0103t\u0103\u021bii emo\u021bionale a acestora. Prin intermediul conferin\u021belor, articolelor \u0219i workshop-urilor dedicate muzicienilor profesioni\u0219ti, aduce \u00een discu\u021bie aspecte teoretice \u0219i practice legate de \u00eentre\u021binerea \u0219i bun\u0103starea personal\u0103, pentru a preveni apari\u021bia tulbur\u0103rilor emo\u021bionale.<br \/>\nAngelica Postu este absolvent\u0103 a Universit\u0103\u021bii Na\u021bionale de Muzic\u0103 din Bucure\u0219ti \u0219i a Conservatorului Regal din Bruxelles, specializarea pian, precum \u0219i a Facult\u0103\u021bii de Psihologie din cadrul Universit\u0103\u021bii Titu Maiorescu din Bucure\u0219ti. Este activ\u0103 \u00een cercetarea clinic\u0103 \u0219i scrie, pentru publica\u021bii din Europa, articole despre terapia prin muzic\u0103 \u0219i bun\u0103starea emo\u021bional\u0103 a muzicienilor profesioni\u0219ti. \u0218i-a dob\u00e2ndit experien\u021ba profesional\u0103 \u00een spitale \u0219i clinici de psihiatrie \u0219i oncologie din Spania, Belgia \u0219i Germania, unde locuie\u0219te \u00een prezent, \u0219i este invitat\u0103 frecvent s\u0103 sus\u021bin\u0103 prelegeri \u0219i workshop-uri la universit\u0103\u021bi din Rom\u00e2nia, precum \u0219i la forumuri \u0219i conferin\u021be privind s\u0103n\u0103tatea mental\u0103, organizate \u00een Austria, Elve\u021bia, Ungaria \u0219i Germania.<\/p>\n<\/div><\/div><\/div><\/div><\/div><div class=\"vc_col-sm-6 wpb_column vc_column_container\"><div class=\"vc_column-inner\"><div class=\"wpb_wrapper\"><div class=\"w-ibanner animation_phorcys ratio_1x1 easing_easeInOutCirc\"><div class=\"w-ibanner-h\"><div class=\"w-ibanner-image\" style=\"background-image: url(https:\/\/2024.festivalenescu.ro\/wp-content\/uploads\/2024\/02\/A-Postu-2-Foto-credit-Roxana-Enache.png)\"><\/div><div class=\"w-ibanner-content\"><div class=\"w-ibanner-content-h\"><h2 class=\"w-ibanner-title\"><\/h2><div class=\"w-ibanner-desc\"><p>\u00a9 Roxana Enache<\/p>\n<\/div><\/div><\/div><\/div><\/div><\/div><\/div><\/div><\/div><\/div><\/section><section class=\"l-section wpb_row height_medium\"><div class=\"l-section-h i-cf\"><div class=\"g-cols vc_row via_flex valign_top type_default stacking_default\"><div class=\"vc_col-sm-12 wpb_column vc_column_container\"><div class=\"vc_column-inner\"><div class=\"wpb_wrapper\"><div class=\"wpb_text_column\"><div class=\"wpb_wrapper\"><p>Share:<\/p>\n<\/div><\/div><div class=\"w-sharing type_simple align_none color_default\"><div class=\"w-sharing-list\"><a class=\"w-sharing-item email\" href=\"mailto:?subject=Angelica Postu&amp;body=https:\/\/2024.festivalenescu.ro\/ro\/wp-json\/wp\/v2\/pages\/1501\" title=\"Email this\" aria-label=\"Email this\"><i class=\"fas fa-envelope\"><\/i><\/a><a class=\"w-sharing-item facebook\" href=\"https:\/\/www.facebook.com\/sharer\/sharer.php?u=https:\/\/2024.festivalenescu.ro\/ro\/wp-json\/wp\/v2\/pages\/1501&amp;quote=Angelica Postu\" title=\"Share this\" aria-label=\"Share this\" onclick=\"window.open(this.href, &quot;facebook&quot;, &quot;toolbar=0,width=900,height=500&quot;); return false;\"><i class=\"fab fa-facebook\"><\/i><\/a><a class=\"w-sharing-item twitter\" href=\"https:\/\/twitter.com\/intent\/tweet?text=Angelica Postu&amp;url=https:\/\/2024.festivalenescu.ro\/ro\/wp-json\/wp\/v2\/pages\/1501\" title=\"Tweet this\" aria-label=\"Tweet this\" onclick=\"window.open(this.href, &quot;twitter&quot;, &quot;toolbar=0,width=650,height=360&quot;); return false;\"><i class=\"fab fa-x-twitter\"><svg style=\"width:1em; margin-bottom:-.1em;\" xmlns=\"http:\/\/www.w3.org\/2000\/svg\" viewBox=\"0 0 512 512\"><path fill=\"currentColor\" d=\"M389.2 48h70.6L305.6 224.2 487 464H345L233.7 318.6 106.5 464H35.8L200.7 275.5 26.8 48H172.4L272.9 180.9 389.2 48zM364.4 421.8h39.1L151.1 88h-42L364.4 421.8z\"\/><\/svg><\/i><\/a><a class=\"w-sharing-item linkedin\" href=\"https:\/\/www.linkedin.com\/shareArticle?mini=true&amp;url=https:\/\/2024.festivalenescu.ro\/ro\/wp-json\/wp\/v2\/pages\/1501\" title=\"Share this\" aria-label=\"Share this\" onclick=\"window.open(this.href, &quot;linkedin&quot;, &quot;toolbar=no,width=550,height=550&quot;); return false;\"><i class=\"fab fa-linkedin\"><\/i><\/a><a class=\"w-sharing-item whatsapp\" href=\"https:\/\/web.whatsapp.com\/send?text=Angelica Postu https:\/\/2024.festivalenescu.ro\/ro\/wp-json\/wp\/v2\/pages\/1501\" title=\"Share this\" aria-label=\"Share this\" onclick=\"window.open(this.href, &quot;whatsapp&quot;, &quot;toolbar=0,width=900,height=500&quot;); return false;\"><i class=\"fab fa-whatsapp\"><\/i><\/a><a class=\"w-sharing-item reddit\" href=\"https:\/\/www.reddit.com\/submit?url=https:\/\/2024.festivalenescu.ro\/ro\/wp-json\/wp\/v2\/pages\/1501&amp;title=Angelica Postu\" title=\"Share this\" aria-label=\"Share this\" onclick=\"window.open(this.href, &quot;reddit&quot;, &quot;toolbar=no,width=900,height=500&quot;); return false;\"><i class=\"fab fa-reddit\"><\/i><\/a><a class=\"w-sharing-item telegram\" href=\"https:\/\/t.me\/share\/url?url=https:\/\/2024.festivalenescu.ro\/ro\/wp-json\/wp\/v2\/pages\/1501&amp;text=Angelica Postu\" title=\"Share this\" aria-label=\"Share this\" onclick=\"window.open(this.href, &quot;telegram&quot;, &quot;toolbar=no,width=600,height=450&quot;); return false;\"><i class=\"fab fa-telegram\"><\/i><\/a><\/div><\/div><div class=\"w-post-elm post_navigation layout_sided inv_false\"><a class=\"post_navigation-item order_first to_prev\" href=\"https:\/\/2024.festivalenescu.ro\/ro\/well-being-pentru-concurenti\/\" title=\"Sesiuni de well-being pentru concuren\u021bi\"><div class=\"post_navigation-item-img\"><img decoding=\"async\" src=\"https:\/\/2024.festivalenescu.ro\/wp-content\/uploads\/2024\/02\/wellbeing-16p9-900x506.jpg\" loading=\"lazy\" alt=\"\" width=\"150\" height=\"150\"><\/div><div class=\"post_navigation-item-arrow\"><\/div><div class=\"post_navigation-item-title\"><span>Sesiuni de well-being pentru concuren\u021bi<\/span><\/div><\/a><a class=\"post_navigation-item order_second to_next\" href=\"https:\/\/2024.festivalenescu.ro\/ro\/well-being-pentru-concurenti\/anca-maria-cristescu\/anca-maria-cristescu\/\" title=\"Anca Maria Cristescu\"><div class=\"post_navigation-item-img\"><img decoding=\"async\" src=\"https:\/\/2024.festivalenescu.ro\/wp-content\/uploads\/2024\/04\/MEC0471-900x600.jpg\" loading=\"lazy\" alt=\"\" width=\"150\" height=\"150\"><\/div><div class=\"post_navigation-item-arrow\"><\/div><div class=\"post_navigation-item-title\"><span>Anca Maria Cristescu<\/span><\/div><\/a><\/div><\/div><\/div><\/div><\/div><\/div><\/section>\n","protected":false},"excerpt":{"rendered":"Angelica Postu, muzicoterapeut\u0103 \u0219i pianist\u0103, lucreaz\u0103 la Centrul Medical Universitar de Psihiatrie \u0219i Psihoterapie din Berlin. \u00cen cadrul Departamentului de Muzicoterapie de la Universitatea de Arte din Berlin urmeaz\u0103 studii doctorale, iar la Universitatea Na\u021bional\u0103 de Muzic\u0103 din Bucure\u0219ti pred\u0103 studen\u021bilor cursul de Introducere \u00een Muzicoterapie. \u00cen 2017, a fondat Asocia\u021bia Rom\u00e2n\u0103 de Muzicoterapie, unic\u0103...","protected":false},"author":4,"featured_media":738,"parent":748,"menu_order":0,"comment_status":"closed","ping_status":"closed","template":"","meta":{"footnotes":""},"class_list":["post-1501","page","type-page","status-publish","has-post-thumbnail","hentry"],"_links":{"self":[{"href":"https:\/\/2024.festivalenescu.ro\/ro\/wp-json\/wp\/v2\/pages\/1501","targetHints":{"allow":["GET"]}}],"collection":[{"href":"https:\/\/2024.festivalenescu.ro\/ro\/wp-json\/wp\/v2\/pages"}],"about":[{"href":"https:\/\/2024.festivalenescu.ro\/ro\/wp-json\/wp\/v2\/types\/page"}],"author":[{"embeddable":true,"href":"https:\/\/2024.festivalenescu.ro\/ro\/wp-json\/wp\/v2\/users\/4"}],"replies":[{"embeddable":true,"href":"https:\/\/2024.festivalenescu.ro\/ro\/wp-json\/wp\/v2\/comments?post=1501"}],"version-history":[{"count":2,"href":"https:\/\/2024.festivalenescu.ro\/ro\/wp-json\/wp\/v2\/pages\/1501\/revisions"}],"predecessor-version":[{"id":1503,"href":"https:\/\/2024.festivalenescu.ro\/ro\/wp-json\/wp\/v2\/pages\/1501\/revisions\/1503"}],"up":[{"embeddable":true,"href":"https:\/\/2024.festivalenescu.ro\/ro\/wp-json\/wp\/v2\/pages\/748"}],"wp:featuredmedia":[{"embeddable":true,"href":"https:\/\/2024.festivalenescu.ro\/ro\/wp-json\/wp\/v2\/media\/738"}],"wp:attachment":[{"href":"https:\/\/2024.festivalenescu.ro\/ro\/wp-json\/wp\/v2\/media?parent=1501"}],"curies":[{"name":"wp","href":"https:\/\/api.w.org\/{rel}","templated":true}]}}