{"id":1787,"date":"2024-05-09T11:35:50","date_gmt":"2024-05-09T08:35:50","guid":{"rendered":"https:\/\/concurs.festivalenescu.ro\/?page_id=1787"},"modified":"2024-08-05T12:22:39","modified_gmt":"2024-08-05T09:22:39","slug":"alexandra-segal","status":"publish","type":"page","link":"https:\/\/2024.festivalenescu.ro\/ro\/artisti-invitati\/alexandra-segal\/","title":{"rendered":"Alexandra Segal"},"content":{"rendered":"<section class=\"l-section wpb_row height_medium\"><div class=\"l-section-h i-cf\"><div class=\"g-cols vc_row via_flex valign_top type_default stacking_default\"><div class=\"vc_col-sm-6 wpb_column vc_column_container\"><div class=\"vc_column-inner\"><div class=\"wpb_wrapper\"><div class=\"wpb_text_column\"><div class=\"wpb_wrapper\"><p>\u201eA fost apoteoza serii de la Ateneu. Alexandra Segal a interpretat un concert extrem de solicitant, cu o viziune de mare solist\u0103. Spontaneitatea ei este cuceritoare. De la delicatele sonorit\u0103\u021bi \u00een\u00a0<em>pianissimo<\/em>\u00a0la acumul\u0103ri de magm\u0103 vulcanic\u0103 ea \u0219tie s\u0103 limpezeasc\u0103 ori s\u0103 tulbure nara\u021biunea muzical\u0103 trec\u00e2nd de la o stare sufleteasc\u0103 la alta opus\u0103 precum un fulg se tope\u0219te instantaneu pe pielea uman\u0103.\u201d \u2013 <em>LiterNet<\/em><br \/>\n\u201ePerforman\u021ba uluitoare a Alexandrei Segal nu ne-a l\u0103sat niciun dubiu c\u00e2nd a fost desemnat c\u00e2\u0219tig\u0103torul final. A avut o interpretare plin\u0103 de virtuozitate, str\u0103lucitoare, impresion\u00e2nd at\u00e2t prin inteligen\u021b\u0103, c\u00e2t \u0219i prin putere, demonstr\u00e2nd c\u0103 st\u0103p\u00e2ne\u0219te impecabil nu numai instrumentul, ci \u0219i rela\u021bia cu orchestra.\u201d \u2013 <em>Bachtrack<\/em><br \/>\nC\u00e2\u0219tig\u0103toare a premiului I la celebrul Concurs Interna\u021bional George Enescu \u0219i laureat\u0103 a numeroase concursuri interna\u021bionale, pianista israeliano-ucrainean\u0103 Alexandra Segal se bucur\u0103 de o bogat\u0103 activitate, sus\u021bin\u00e2nd concerte \u00een SUA, Germania, Fran\u021ba, Italia, Spania, Elve\u021bia, Suedia, Israel, Rom\u00e2nia, Austria, Polonia, Croa\u021bia, Ucraina. A concertat \u00een mai multe s\u0103li prestigioase, precum KKL Luzern, Ateneul Rom\u00e2n, Sala Verdi, Filarmonica din Kiev, Muzeul de Art\u0103 din Tel Aviv \u0219i a fost difuzat\u0103 \u00een direct pe posturile na\u021bionale de radio \u0219i televiziune din Rom\u00e2nia, Israel \u0219i Ucraina.<br \/>\nA c\u00e2ntat cu Orchestra Filarmonicii George Enescu, Orchestra Simfonic\u0103 din Ierusalim, Orchestra Simfonic\u0103 din Haifa, Orchestra de Camer\u0103 din Kiev, Orchestra de Camer\u0103 Dogma, Orchestra Filarmonicii din Done\u021bk, Orchestra de Camer\u0103 L\u2019Appassionata, Orchestra de Camer\u0103 din Elblag, Orchestra Simfonic\u0103 Raanana \u0219i Orchestra Simfonic\u0103 a \u0218colii de Muzic\u0103 Buchmann-Mehta, sub bagheta unor dirijori precum Avi Ostrowsky, Yoav Talmi, Kensho Watanabe, Vag Papian.<br \/>\nAlexandra Segal s-a n\u0103scut \u00een 1995 \u00een Kiev, Ucraina. A \u00eenceput studiul pianului cu profesoara Natalie Tolpygo. \u0218i-a ob\u021binut diploma de licen\u021b\u0103 la \u0218coala de Muzic\u0103 Buchmann-Mehta cu profesorul Tomer Lev \u0219i a urmat studiile de master la Universitatea de Muzic\u0103 Franz Liszt din Weimar cu profesorul Bal\u00e1zs Szokolay \u0219i la Universitatea de Muzic\u0103 \u0219i Artele Spectacolului din Graz cu profesoara Milana Chernyavska.<\/p>\n<\/div><\/div><\/div><\/div><\/div><div class=\"vc_col-sm-6 wpb_column vc_column_container\"><div class=\"vc_column-inner\"><div class=\"wpb_wrapper\"><div class=\"w-ibanner animation_phorcys ratio_1x1 easing_easeInOutCirc\"><div class=\"w-ibanner-h\"><div class=\"w-ibanner-image\" style=\"background-image: url(https:\/\/2024.festivalenescu.ro\/wp-content\/uploads\/2024\/05\/Photo-5-1-scaled.jpg)\"><\/div><div class=\"w-ibanner-content\"><div class=\"w-ibanner-content-h\"><h2 class=\"w-ibanner-title\"><\/h2><div class=\"w-ibanner-desc\"><\/div><\/div><\/div><\/div><\/div><div class=\"w-separator size_medium\"><\/div><div class=\"w-grid type_grid layout_1657\" id=\"us_grid_1\" style=\"--gap:1.5rem;\"><style>.layout_1657 .w-grid-item-h{box-shadow:0 0rem 0rem rgba(0,0,0,0.1),0 0rem 0rem rgba(0,0,0,0.1);transition-duration:0.3s}.no-touch .layout_1657 .w-grid-item-h:hover{box-shadow:0 0.1rem 0.2rem rgba(0,0,0,0.1),0 0.33rem 1rem rgba(0,0,0,0.15);z-index:4}.layout_1657 .usg_hwrapper_1{border-color:var(--color-content-border)!important;padding:1.5rem!important;border-style:solid!important;border-width:0 1px 1px 1px!important}.layout_1657 .usg_vwrapper_1{width:55%!important;padding-left:3%!important;padding-right:3%!important}.layout_1657 .usg_post_title_1{font-size:1.5rem!important;line-height:1.2!important}@media (min-width:1025px) and (max-width:1380px){.layout_1657 .usg_vwrapper_1{width:55%!important;padding-left:3%!important;padding-right:3%!important}}@media (min-width:601px) and (max-width:1024px){.layout_1657 .usg_vwrapper_1{width:55%!important;padding-left:3%!important;padding-right:3%!important}}@media (max-width:600px){.layout_1657 .usg_vwrapper_1{width:100%!important;padding:1rem 0 1rem 0!important}}<\/style><div class=\"w-grid-list\">\t<article class=\"w-grid-item size_1x1 post-1911 page type-page status-publish hentry\" data-id=\"1911\">\r\n\t\t<div class=\"w-grid-item-h\">\r\n\t\t\t\t\t\t<div class=\"w-hwrapper usg_hwrapper_1 align_none valign_top wrap\" style=\"--hwrapper-gap:0rem\"><div class=\"w-vwrapper usg_vwrapper_1 align_none valign_top\"><h1 class=\"w-post-elm post_title usg_post_title_1 entry-title color_link_inherit\"><a href=\"https:\/\/2024.festivalenescu.ro\/ro\/evenimente\/31-08-concertul-de-deschidere-si-gala-de-premiere-a-sectiunii-compozitie\/\">31.08 &#8211; Concertul de deschidere \u0219i Gala de premiere a Sec\u021biunii Compozi\u021bie<\/a><\/h1><div class=\"w-post-elm post_content usg_post_content_1\">ORCHESTRA NA\u021aIONAL\u0102 RADIO CORUL ACADEMIC RADIO DELYANA LAZAROVA dirijor CIPRIAN \u021aU\u021aU dirijorul corului MARIA MARICA vioar\u0103 (c\u00e2\u0219tig\u0103toarea Concursului Interna\u021bional George Enescu 2022) BENJAMIN KRUITHOF violoncel (c\u00e2\u0219tig\u0103torul Concursului Interna\u021bional George Enescu&hellip;<\/div><\/div><a class=\"w-btn us-btn-style_1 usg_btn_1\" href=\"https:\/\/www.cts.eventim.ro\/eventseries\/concurs-international-george-enescu-2024-3627790\/\"><span class=\"w-btn-label\">Cump\u0103r\u0103 bilete<\/span><\/a><\/div>\t\t<\/div>\r\n\t<\/article>\r\n<\/div><div class=\"w-grid-preloader\">\t<div class=\"g-preloader type_1\">\r\n\t\t<div><\/div>\r\n\t<\/div>\r\n\t<\/div>\t<div class=\"w-grid-json hidden\" onclick='return {&quot;action&quot;:&quot;us_ajax_grid&quot;,&quot;ajax_url&quot;:&quot;https:\\\/\\\/2024.festivalenescu.ro\\\/wp-admin\\\/admin-ajax.php&quot;,&quot;infinite_scroll&quot;:0,&quot;max_num_pages&quot;:1,&quot;pagination&quot;:&quot;ajax&quot;,&quot;template_vars&quot;:{&quot;columns&quot;:&quot;1&quot;,&quot;exclude_items&quot;:&quot;none&quot;,&quot;img_size&quot;:&quot;default&quot;,&quot;ignore_items_size&quot;:0,&quot;items_layout&quot;:&quot;1657&quot;,&quot;items_offset&quot;:&quot;1&quot;,&quot;load_animation&quot;:&quot;none&quot;,&quot;overriding_link&quot;:&quot;%7B%22url%22%3A%22%22%7D&quot;,&quot;post_id&quot;:0,&quot;query_args&quot;:{&quot;ignore_sticky_posts&quot;:1,&quot;post_type&quot;:&quot;any&quot;,&quot;post__in&quot;:[&quot;1911&quot;],&quot;posts_per_page&quot;:&quot;10&quot;},&quot;orderby_query_args&quot;:{&quot;orderby&quot;:{&quot;date&quot;:&quot;DESC&quot;}},&quot;type&quot;:&quot;grid&quot;,&quot;us_grid_ajax_index&quot;:1,&quot;us_grid_filter_params&quot;:[],&quot;us_grid_index&quot;:1,&quot;_us_grid_post_type&quot;:&quot;ids&quot;,&quot;page_args&quot;:[],&quot;lang&quot;:&quot;ro&quot;}}'><\/div>\r\n\t<\/div><\/div><\/div><\/div><\/div><\/div><\/section><section class=\"l-section wpb_row height_medium\"><div class=\"l-section-h i-cf\"><div class=\"g-cols vc_row via_flex valign_top type_default stacking_default\"><div class=\"vc_col-sm-12 wpb_column vc_column_container\"><div class=\"vc_column-inner\"><div class=\"wpb_wrapper\"><div class=\"wpb_text_column\"><div class=\"wpb_wrapper\"><p>Share:<\/p>\n<\/div><\/div><div class=\"w-sharing type_simple align_none color_default\"><div class=\"w-sharing-list\" data-content-image=\"true\"><a class=\"w-sharing-item email\" href=\"mailto:?subject=31.08 &#8211; Concertul de deschidere \u0219i Gala de premiere a Sec\u021biunii Compozi\u021bie&amp;body=https:\/\/2024.festivalenescu.ro\/ro\/wp-json\/wp\/v2\/pages\/1787\" title=\"Email this\" aria-label=\"Email this\"><i class=\"fas fa-envelope\"><\/i><\/a><a class=\"w-sharing-item facebook\" href=\"https:\/\/www.facebook.com\/sharer\/sharer.php?u=https:\/\/2024.festivalenescu.ro\/ro\/wp-json\/wp\/v2\/pages\/1787&amp;quote=31.08 &#8211; Concertul de deschidere \u0219i Gala de premiere a Sec\u021biunii Compozi\u021bie\" title=\"Share this\" aria-label=\"Share this\" onclick=\"window.open(this.href, &quot;facebook&quot;, &quot;toolbar=0,width=900,height=500&quot;); return false;\"><i class=\"fab fa-facebook\"><\/i><\/a><a class=\"w-sharing-item twitter\" href=\"https:\/\/twitter.com\/intent\/tweet?text=31.08 &#8211; Concertul de deschidere \u0219i Gala de premiere a Sec\u021biunii Compozi\u021bie&amp;url=https:\/\/2024.festivalenescu.ro\/ro\/wp-json\/wp\/v2\/pages\/1787\" title=\"Tweet this\" aria-label=\"Tweet this\" onclick=\"window.open(this.href, &quot;twitter&quot;, &quot;toolbar=0,width=650,height=360&quot;); return false;\"><i class=\"fab fa-x-twitter\"><svg style=\"width:1em; margin-bottom:-.1em;\" xmlns=\"http:\/\/www.w3.org\/2000\/svg\" viewBox=\"0 0 512 512\"><path fill=\"currentColor\" d=\"M389.2 48h70.6L305.6 224.2 487 464H345L233.7 318.6 106.5 464H35.8L200.7 275.5 26.8 48H172.4L272.9 180.9 389.2 48zM364.4 421.8h39.1L151.1 88h-42L364.4 421.8z\"\/><\/svg><\/i><\/a><a class=\"w-sharing-item linkedin\" href=\"https:\/\/www.linkedin.com\/shareArticle?mini=true&amp;url=https:\/\/2024.festivalenescu.ro\/ro\/wp-json\/wp\/v2\/pages\/1787\" title=\"Share this\" aria-label=\"Share this\" onclick=\"window.open(this.href, &quot;linkedin&quot;, &quot;toolbar=no,width=550,height=550&quot;); return false;\"><i class=\"fab fa-linkedin\"><\/i><\/a><a class=\"w-sharing-item whatsapp\" href=\"https:\/\/web.whatsapp.com\/send?text=31.08 &#8211; Concertul de deschidere \u0219i Gala de premiere a Sec\u021biunii Compozi\u021bie https:\/\/2024.festivalenescu.ro\/ro\/wp-json\/wp\/v2\/pages\/1787\" title=\"Share this\" aria-label=\"Share this\" onclick=\"window.open(this.href, &quot;whatsapp&quot;, &quot;toolbar=0,width=900,height=500&quot;); return false;\"><i class=\"fab fa-whatsapp\"><\/i><\/a><a class=\"w-sharing-item reddit\" href=\"https:\/\/www.reddit.com\/submit?url=https:\/\/2024.festivalenescu.ro\/ro\/wp-json\/wp\/v2\/pages\/1787&amp;title=31.08 &#8211; Concertul de deschidere \u0219i Gala de premiere a Sec\u021biunii Compozi\u021bie\" title=\"Share this\" aria-label=\"Share this\" onclick=\"window.open(this.href, &quot;reddit&quot;, &quot;toolbar=no,width=900,height=500&quot;); return false;\"><i class=\"fab fa-reddit\"><\/i><\/a><a class=\"w-sharing-item telegram\" href=\"https:\/\/t.me\/share\/url?url=https:\/\/2024.festivalenescu.ro\/ro\/wp-json\/wp\/v2\/pages\/1787&amp;text=31.08 &#8211; Concertul de deschidere \u0219i Gala de premiere a Sec\u021biunii Compozi\u021bie\" title=\"Share this\" aria-label=\"Share this\" onclick=\"window.open(this.href, &quot;telegram&quot;, &quot;toolbar=no,width=600,height=450&quot;); return false;\"><i class=\"fab fa-telegram\"><\/i><\/a><\/div><\/div><div class=\"w-post-elm post_navigation layout_sided inv_false\"><a class=\"post_navigation-item order_first to_prev\" href=\"https:\/\/2024.festivalenescu.ro\/ro\/evenimente\/27-09-concertul-final-al-masterclassului-de-dirijat\/\" title=\"27.09 &#8211; Concertul final al Masterclassului de dirijat\"><div class=\"post_navigation-item-img\"><img loading=\"lazy\" decoding=\"async\" width=\"512\" height=\"512\" src=\"https:\/\/2024.festivalenescu.ro\/wp-content\/uploads\/2023\/11\/favicon.png\" class=\"g-placeholder\" alt=\"\" srcset=\"https:\/\/2024.festivalenescu.ro\/wp-content\/uploads\/2023\/11\/favicon.png 512w, https:\/\/2024.festivalenescu.ro\/wp-content\/uploads\/2023\/11\/favicon-200x200.png 200w, https:\/\/2024.festivalenescu.ro\/wp-content\/uploads\/2023\/11\/favicon-150x150.png 150w, https:\/\/2024.festivalenescu.ro\/wp-content\/uploads\/2023\/11\/favicon-400x400.png 400w, https:\/\/2024.festivalenescu.ro\/wp-content\/uploads\/2023\/11\/favicon-300x300.png 300w\" sizes=\"auto, (max-width: 512px) 100vw, 512px\" \/><\/div><div class=\"post_navigation-item-arrow\"><\/div><div class=\"post_navigation-item-title\"><span>27.09 &#8211; Concertul final al Masterclassului de dirijat<\/span><\/div><\/a><a class=\"post_navigation-item order_second to_next\" href=\"https:\/\/2024.festivalenescu.ro\/ro\/evenimente\/4-09-recital-david-geringas-si-mikhail-mordvinov\/\" title=\"4.09 &#8211; Recital ENRICO DINDO \u0219i MIKHAIL MORDVINOV\"><div class=\"post_navigation-item-img\"><img loading=\"lazy\" decoding=\"async\" width=\"512\" height=\"512\" src=\"https:\/\/2024.festivalenescu.ro\/wp-content\/uploads\/2023\/11\/favicon.png\" class=\"g-placeholder\" alt=\"\" srcset=\"https:\/\/2024.festivalenescu.ro\/wp-content\/uploads\/2023\/11\/favicon.png 512w, https:\/\/2024.festivalenescu.ro\/wp-content\/uploads\/2023\/11\/favicon-200x200.png 200w, https:\/\/2024.festivalenescu.ro\/wp-content\/uploads\/2023\/11\/favicon-150x150.png 150w, https:\/\/2024.festivalenescu.ro\/wp-content\/uploads\/2023\/11\/favicon-400x400.png 400w, https:\/\/2024.festivalenescu.ro\/wp-content\/uploads\/2023\/11\/favicon-300x300.png 300w\" sizes=\"auto, (max-width: 512px) 100vw, 512px\" \/><\/div><div class=\"post_navigation-item-arrow\"><\/div><div class=\"post_navigation-item-title\"><span>4.09 &#8211; Recital ENRICO DINDO \u0219i MIKHAIL MORDVINOV<\/span><\/div><\/a><\/div><\/div><\/div><\/div><\/div><\/div><\/section>\n","protected":false},"excerpt":{"rendered":"ORCHESTRA NA\u021aIONAL\u0102 RADIO CORUL ACADEMIC RADIO DELYANA LAZAROVA dirijor CIPRIAN \u021aU\u021aU dirijorul corului MARIA MARICA vioar\u0103 (c\u00e2\u0219tig\u0103toarea Concursului Interna\u021bional George Enescu 2022) BENJAMIN KRUITHOF violoncel (c\u00e2\u0219tig\u0103torul Concursului Interna\u021bional George Enescu 2022) ALEXANDRA SEGAL pian (c\u00e2\u0219tig\u0103toarea Concursului Interna\u021bional George Enescu 2022) Shin Kim Simfonia nr. 1 pentru orchestr\u0103, Consolations Paul Constantinescu Triplul concert pentru vioar\u0103, violoncel,...","protected":false},"author":4,"featured_media":1783,"parent":1732,"menu_order":0,"comment_status":"closed","ping_status":"closed","template":"","meta":{"footnotes":""},"class_list":["post-1787","page","type-page","status-publish","has-post-thumbnail","hentry"],"_links":{"self":[{"href":"https:\/\/2024.festivalenescu.ro\/ro\/wp-json\/wp\/v2\/pages\/1787","targetHints":{"allow":["GET"]}}],"collection":[{"href":"https:\/\/2024.festivalenescu.ro\/ro\/wp-json\/wp\/v2\/pages"}],"about":[{"href":"https:\/\/2024.festivalenescu.ro\/ro\/wp-json\/wp\/v2\/types\/page"}],"author":[{"embeddable":true,"href":"https:\/\/2024.festivalenescu.ro\/ro\/wp-json\/wp\/v2\/users\/4"}],"replies":[{"embeddable":true,"href":"https:\/\/2024.festivalenescu.ro\/ro\/wp-json\/wp\/v2\/comments?post=1787"}],"version-history":[{"count":2,"href":"https:\/\/2024.festivalenescu.ro\/ro\/wp-json\/wp\/v2\/pages\/1787\/revisions"}],"predecessor-version":[{"id":2924,"href":"https:\/\/2024.festivalenescu.ro\/ro\/wp-json\/wp\/v2\/pages\/1787\/revisions\/2924"}],"up":[{"embeddable":true,"href":"https:\/\/2024.festivalenescu.ro\/ro\/wp-json\/wp\/v2\/pages\/1732"}],"wp:featuredmedia":[{"embeddable":true,"href":"https:\/\/2024.festivalenescu.ro\/ro\/wp-json\/wp\/v2\/media\/1783"}],"wp:attachment":[{"href":"https:\/\/2024.festivalenescu.ro\/ro\/wp-json\/wp\/v2\/media?parent=1787"}],"curies":[{"name":"wp","href":"https:\/\/api.w.org\/{rel}","templated":true}]}}