{"id":1828,"date":"2024-05-09T11:35:11","date_gmt":"2024-05-09T08:35:11","guid":{"rendered":"https:\/\/concurs.festivalenescu.ro\/?page_id=1828"},"modified":"2024-08-05T12:11:40","modified_gmt":"2024-08-05T09:11:40","slug":"lukas-geniusas","status":"publish","type":"page","link":"https:\/\/2024.festivalenescu.ro\/ro\/artisti-invitati\/lukas-geniusas\/","title":{"rendered":"Lukas Geniu\u0161as"},"content":{"rendered":"<section class=\"l-section wpb_row height_medium\"><div class=\"l-section-h i-cf\"><div class=\"g-cols vc_row via_flex valign_top type_default stacking_default\"><div class=\"vc_col-sm-6 wpb_column vc_column_container\"><div class=\"vc_column-inner\"><div class=\"wpb_wrapper\"><div class=\"wpb_text_column\"><div class=\"wpb_wrapper\"><p>Apreciat pentru \u201esclipirea \u0219i maturitatea sa\u201d (<em>The Guardian<\/em>), pianistul ruso-lituanian Lukas Geniu\u0161as s-a impus ca unul dintre cei mai fascinan\u021bi \u0219i deosebi\u021bi arti\u0219ti ai genera\u021biei sale.<br \/>\nPianistul a sus\u021binut recitaluri \u00een cele mai prestigioase s\u0103li din \u00eentreaga lume, cum ar fi Wigmore Hall, Elbphilharmonie Hamburg, Concertgebouw Amsterdam, Sala Gaveau, Louvre Auditorium, Frick Collection New York, Sala Verdi din Milano \u0219i Sala Mare a Conservatorului din Moscova.<br \/>\nLukas Geniu\u0161as este invitat s\u0103 c\u00e2nte al\u0103turi de cele mai importante ansambluri interna\u021bionale, printre care se num\u0103r\u0103 Orchestra Simfonic\u0103 NHK, orchestrele simfonice din Philadelphia, Paris, Toronto, Orchestra Royal Northern Sinfonia \u0219i Orchestra de Camer\u0103 Sco\u021bian\u0103, sub bagheta unor dirijori precum Esa-Pekka Salonen, Tugan Sokhiev, Mikhail Pletnev, Maxim Emelyanychev, Leonard Slatkin \u0219i Kristiina Poska, printre al\u021bii.<br \/>\nA realizat \u00eenregistr\u0103ri \u0219i concerteaz\u0103 \u00een mod regulat cu violonistul Aylen Pritchin, al\u0103turi de so\u021bia sa, pianista Anna Geniushene, \u0219i \u00eempreun\u0103 cu soprana Asmik Grigorian pe unele dintre cele mai prestigioase scene din Europa: la festivalurile de la Salzburg \u0219i Aix-en-Provence, la Elbphilharmonie, Teatrul Scala din Milano sau la Konzerthaus din Viena.<br \/>\nLukas Geniu\u0161as a oferit recent primele interpret\u0103ri publice ale Sonatei nr. 1 pentru pian de Rahmaninov, \u00een versiunea original\u0103 \u0219i integral\u0103, pe care a \u00eenregistrat-o \u0219i la re\u0219edin\u021ba din Elve\u021bia a compozitorului. Ultimul CD lansat \u2013 care a primit recenzii de cinci stele din partea BBC Music \u0219i a revistei <em>Gramophone<\/em>, \u0219i a fost distins at\u00e2t cu Premiul CD-ul lunii acordat de Diapason, c\u00e2t \u0219i cu premiul Choc al revistei <em>Classica<\/em> \u2013 este cel mai recent dintr-o discografie ampl\u0103 \u0219i apreciat\u0103 de critici. Alte realiz\u0103ri ale stagiunii includ spectacole la Centrul Barbican, o revenire la Tiroler Festspiele Erl \u00een recital \u0219i concert, precum \u0219i recitaluri la s\u0103lile Cortot \u0219i Gaveau din Paris \u0219i la Elbphilharmonie Hamburg.<br \/>\nN\u0103scut la Moscova \u00een 1990, Lukas Geniu\u0161as a absolvit Colegiul de Muzic\u0103 Chopin din Moscova, \u00een 2008. Este laureat al unor competi\u021bii interna\u021bionale, precum Concursul Interna\u021bional Ceaikovski din 2015 \u0219i Concursul Interna\u021bional de Pian Chopin din 2010, la care a ob\u021binut medalii de argint. Este unul dintre arti\u0219tii invita\u021bi ai proiectului filantropic Looking at the Stars, care are ca scop promovarea muzicii clasice \u00een \u00eenchisori, spitale \u0219i ad\u0103posturi.<\/p>\n<\/div><\/div><\/div><\/div><\/div><div class=\"vc_col-sm-6 wpb_column vc_column_container\"><div class=\"vc_column-inner\"><div class=\"wpb_wrapper\"><div class=\"w-ibanner animation_phorcys ratio_1x1 easing_easeInOutCirc\"><div class=\"w-ibanner-h\"><div class=\"w-ibanner-image\" style=\"background-image: url(https:\/\/2024.festivalenescu.ro\/wp-content\/uploads\/2024\/05\/Lukas-Geniusas-\u00a9-Ira-Polyarnaya2-1.png)\"><\/div><div class=\"w-ibanner-content\"><div class=\"w-ibanner-content-h\"><h2 class=\"w-ibanner-title\"><\/h2><div class=\"w-ibanner-desc\"><p>\u00a9 Ira Polyarnaya<\/p>\n<\/div><\/div><\/div><\/div><\/div><div class=\"w-separator size_medium\"><\/div><div class=\"w-grid type_grid layout_1657\" id=\"us_grid_1\" style=\"--gap:1rem;\"><style>.layout_1657 .w-grid-item-h{box-shadow:0 0rem 0rem rgba(0,0,0,0.1),0 0rem 0rem rgba(0,0,0,0.1);transition-duration:0.3s}.no-touch .layout_1657 .w-grid-item-h:hover{box-shadow:0 0.1rem 0.2rem rgba(0,0,0,0.1),0 0.33rem 1rem rgba(0,0,0,0.15);z-index:4}.layout_1657 .usg_hwrapper_1{border-color:var(--color-content-border)!important;padding:1.5rem!important;border-style:solid!important;border-width:0 1px 1px 1px!important}.layout_1657 .usg_vwrapper_1{width:55%!important;padding-left:3%!important;padding-right:3%!important}.layout_1657 .usg_post_title_1{font-size:1.5rem!important;line-height:1.2!important}@media (min-width:1025px) and (max-width:1380px){.layout_1657 .usg_vwrapper_1{width:55%!important;padding-left:3%!important;padding-right:3%!important}}@media (min-width:601px) and (max-width:1024px){.layout_1657 .usg_vwrapper_1{width:55%!important;padding-left:3%!important;padding-right:3%!important}}@media (max-width:600px){.layout_1657 .usg_vwrapper_1{width:100%!important;padding:1rem 0 1rem 0!important}}<\/style><div class=\"w-grid-list\">\t<article class=\"w-grid-item size_1x1 post-1938 page type-page status-publish hentry\" data-id=\"1938\">\r\n\t\t<div class=\"w-grid-item-h\">\r\n\t\t\t\t\t\t<div class=\"w-hwrapper usg_hwrapper_1 align_none valign_top wrap\" style=\"--hwrapper-gap:0rem\"><div class=\"w-vwrapper usg_vwrapper_1 align_none valign_top\"><h1 class=\"w-post-elm post_title usg_post_title_1 entry-title color_link_inherit\"><a href=\"https:\/\/2024.festivalenescu.ro\/ro\/evenimente\/6-09-recital-dmitry-sitkovetsky-valentin-radutiu-si-lukas-geniusas\/\">6.09 &#8211; Recital DMITRY SITKOVETSKY, VALENTIN R\u0102DU\u021aIU \u0219i LUKAS GENIU\u0160AS<\/a><\/h1><div class=\"w-post-elm post_content usg_post_content_1\">DMITRY SITKOVETSKY vioar\u0103 (pre\u0219edintele juriului la Concursul Interna\u021bional George Enescu 2024, Sec\u021biunea Vioar\u0103) VALENTIN R\u0102DU\u021aIU violoncel (membru \u00een juriul Concursului Interna\u021bional George Enescu 2024) LUKAS GENIU\u0160AS pian Franz Schubert Sonata&hellip;<\/div><\/div><a class=\"w-btn us-btn-style_1 usg_btn_1\" href=\"https:\/\/www.cts.eventim.ro\/eventseries\/concurs-international-george-enescu-2024-3627790\/\"><span class=\"w-btn-label\">Cump\u0103r\u0103 bilete<\/span><\/a><\/div>\t\t<\/div>\r\n\t<\/article>\r\n<\/div><div class=\"w-grid-preloader\">\t<div class=\"g-preloader type_1\">\r\n\t\t<div><\/div>\r\n\t<\/div>\r\n\t<\/div>\t<div class=\"w-grid-json hidden\" onclick='return {&quot;action&quot;:&quot;us_ajax_grid&quot;,&quot;ajax_url&quot;:&quot;https:\\\/\\\/2024.festivalenescu.ro\\\/wp-admin\\\/admin-ajax.php&quot;,&quot;infinite_scroll&quot;:0,&quot;max_num_pages&quot;:1,&quot;pagination&quot;:&quot;ajax&quot;,&quot;template_vars&quot;:{&quot;columns&quot;:&quot;1&quot;,&quot;exclude_items&quot;:&quot;none&quot;,&quot;img_size&quot;:&quot;default&quot;,&quot;ignore_items_size&quot;:0,&quot;items_layout&quot;:&quot;1657&quot;,&quot;items_offset&quot;:&quot;1&quot;,&quot;load_animation&quot;:&quot;none&quot;,&quot;overriding_link&quot;:&quot;%7B%22url%22%3A%22%22%7D&quot;,&quot;post_id&quot;:0,&quot;query_args&quot;:{&quot;ignore_sticky_posts&quot;:1,&quot;post_type&quot;:&quot;any&quot;,&quot;post__in&quot;:[&quot;1938&quot;],&quot;posts_per_page&quot;:&quot;50&quot;},&quot;orderby_query_args&quot;:{&quot;orderby&quot;:{&quot;post__in&quot;:&quot;ASC&quot;},&quot;order&quot;:&quot;ASC&quot;},&quot;type&quot;:&quot;grid&quot;,&quot;us_grid_ajax_index&quot;:1,&quot;us_grid_filter_params&quot;:[],&quot;us_grid_index&quot;:1,&quot;_us_grid_post_type&quot;:&quot;ids&quot;,&quot;page_args&quot;:[],&quot;lang&quot;:&quot;ro&quot;}}'><\/div>\r\n\t<\/div><\/div><\/div><\/div><\/div><\/div><\/section><section class=\"l-section wpb_row height_medium\"><div class=\"l-section-h i-cf\"><div class=\"g-cols vc_row via_flex valign_top type_default stacking_default\"><div class=\"vc_col-sm-12 wpb_column vc_column_container\"><div class=\"vc_column-inner\"><div class=\"wpb_wrapper\"><div class=\"wpb_text_column\"><div class=\"wpb_wrapper\"><p>Share:<\/p>\n<\/div><\/div><div class=\"w-sharing type_simple align_none color_default\"><div class=\"w-sharing-list\" data-content-image=\"true\"><a class=\"w-sharing-item email\" href=\"mailto:?subject=6.09 &#8211; Recital DMITRY SITKOVETSKY, VALENTIN R\u0102DU\u021aIU \u0219i LUKAS GENIU\u0160AS&amp;body=https:\/\/2024.festivalenescu.ro\/ro\/wp-json\/wp\/v2\/pages\/1828\" title=\"Email this\" aria-label=\"Email this\"><i class=\"fas fa-envelope\"><\/i><\/a><a class=\"w-sharing-item facebook\" href=\"https:\/\/www.facebook.com\/sharer\/sharer.php?u=https:\/\/2024.festivalenescu.ro\/ro\/wp-json\/wp\/v2\/pages\/1828&amp;quote=6.09 &#8211; Recital DMITRY SITKOVETSKY, VALENTIN R\u0102DU\u021aIU \u0219i LUKAS GENIU\u0160AS\" title=\"Share this\" aria-label=\"Share this\" onclick=\"window.open(this.href, &quot;facebook&quot;, &quot;toolbar=0,width=900,height=500&quot;); return false;\"><i class=\"fab fa-facebook\"><\/i><\/a><a class=\"w-sharing-item twitter\" href=\"https:\/\/twitter.com\/intent\/tweet?text=6.09 &#8211; Recital DMITRY SITKOVETSKY, VALENTIN R\u0102DU\u021aIU \u0219i LUKAS GENIU\u0160AS&amp;url=https:\/\/2024.festivalenescu.ro\/ro\/wp-json\/wp\/v2\/pages\/1828\" title=\"Tweet this\" aria-label=\"Tweet this\" onclick=\"window.open(this.href, &quot;twitter&quot;, &quot;toolbar=0,width=650,height=360&quot;); return false;\"><i class=\"fab fa-x-twitter\"><svg style=\"width:1em; margin-bottom:-.1em;\" xmlns=\"http:\/\/www.w3.org\/2000\/svg\" viewBox=\"0 0 512 512\"><path fill=\"currentColor\" d=\"M389.2 48h70.6L305.6 224.2 487 464H345L233.7 318.6 106.5 464H35.8L200.7 275.5 26.8 48H172.4L272.9 180.9 389.2 48zM364.4 421.8h39.1L151.1 88h-42L364.4 421.8z\"\/><\/svg><\/i><\/a><a class=\"w-sharing-item linkedin\" href=\"https:\/\/www.linkedin.com\/shareArticle?mini=true&amp;url=https:\/\/2024.festivalenescu.ro\/ro\/wp-json\/wp\/v2\/pages\/1828\" title=\"Share this\" aria-label=\"Share this\" onclick=\"window.open(this.href, &quot;linkedin&quot;, &quot;toolbar=no,width=550,height=550&quot;); return false;\"><i class=\"fab fa-linkedin\"><\/i><\/a><a class=\"w-sharing-item whatsapp\" href=\"https:\/\/web.whatsapp.com\/send?text=6.09 &#8211; Recital DMITRY SITKOVETSKY, VALENTIN R\u0102DU\u021aIU \u0219i LUKAS GENIU\u0160AS https:\/\/2024.festivalenescu.ro\/ro\/wp-json\/wp\/v2\/pages\/1828\" title=\"Share this\" aria-label=\"Share this\" onclick=\"window.open(this.href, &quot;whatsapp&quot;, &quot;toolbar=0,width=900,height=500&quot;); return false;\"><i class=\"fab fa-whatsapp\"><\/i><\/a><a class=\"w-sharing-item reddit\" href=\"https:\/\/www.reddit.com\/submit?url=https:\/\/2024.festivalenescu.ro\/ro\/wp-json\/wp\/v2\/pages\/1828&amp;title=6.09 &#8211; Recital DMITRY SITKOVETSKY, VALENTIN R\u0102DU\u021aIU \u0219i LUKAS GENIU\u0160AS\" title=\"Share this\" aria-label=\"Share this\" onclick=\"window.open(this.href, &quot;reddit&quot;, &quot;toolbar=no,width=900,height=500&quot;); return false;\"><i class=\"fab fa-reddit\"><\/i><\/a><a class=\"w-sharing-item telegram\" href=\"https:\/\/t.me\/share\/url?url=https:\/\/2024.festivalenescu.ro\/ro\/wp-json\/wp\/v2\/pages\/1828&amp;text=6.09 &#8211; Recital DMITRY SITKOVETSKY, VALENTIN R\u0102DU\u021aIU \u0219i LUKAS GENIU\u0160AS\" title=\"Share this\" aria-label=\"Share this\" onclick=\"window.open(this.href, &quot;telegram&quot;, &quot;toolbar=no,width=600,height=450&quot;); return false;\"><i class=\"fab fa-telegram\"><\/i><\/a><\/div><\/div><div class=\"w-post-elm post_navigation layout_sided inv_false\"><a class=\"post_navigation-item order_first to_prev\" href=\"https:\/\/2024.festivalenescu.ro\/ro\/evenimente\/5-6-09-sectiunea-violoncel-etapa-a-ii-a\/\" title=\"5-6.09 &#8211; Sec\u021biunea Violoncel, Etapa a II-a\"><div class=\"post_navigation-item-img\"><img loading=\"lazy\" decoding=\"async\" width=\"512\" height=\"512\" src=\"https:\/\/2024.festivalenescu.ro\/wp-content\/uploads\/2023\/11\/favicon.png\" class=\"g-placeholder\" alt=\"\" srcset=\"https:\/\/2024.festivalenescu.ro\/wp-content\/uploads\/2023\/11\/favicon.png 512w, https:\/\/2024.festivalenescu.ro\/wp-content\/uploads\/2023\/11\/favicon-200x200.png 200w, https:\/\/2024.festivalenescu.ro\/wp-content\/uploads\/2023\/11\/favicon-150x150.png 150w, https:\/\/2024.festivalenescu.ro\/wp-content\/uploads\/2023\/11\/favicon-400x400.png 400w, https:\/\/2024.festivalenescu.ro\/wp-content\/uploads\/2023\/11\/favicon-300x300.png 300w\" sizes=\"auto, (max-width: 512px) 100vw, 512px\" \/><\/div><div class=\"post_navigation-item-arrow\"><\/div><div class=\"post_navigation-item-title\"><span>5-6.09 &#8211; Sec\u021biunea Violoncel, Etapa a II-a<\/span><\/div><\/a><a class=\"post_navigation-item order_second to_next\" href=\"https:\/\/2024.festivalenescu.ro\/ro\/evenimente\/7-9-09-sectiunea-vioara-etapa-i\/\" title=\"7.09 &#8211; Sec\u021biunea Vioar\u0103, Etapa I\"><div class=\"post_navigation-item-img\"><img loading=\"lazy\" decoding=\"async\" width=\"512\" height=\"512\" src=\"https:\/\/2024.festivalenescu.ro\/wp-content\/uploads\/2023\/11\/favicon.png\" class=\"g-placeholder\" alt=\"\" srcset=\"https:\/\/2024.festivalenescu.ro\/wp-content\/uploads\/2023\/11\/favicon.png 512w, https:\/\/2024.festivalenescu.ro\/wp-content\/uploads\/2023\/11\/favicon-200x200.png 200w, https:\/\/2024.festivalenescu.ro\/wp-content\/uploads\/2023\/11\/favicon-150x150.png 150w, https:\/\/2024.festivalenescu.ro\/wp-content\/uploads\/2023\/11\/favicon-400x400.png 400w, https:\/\/2024.festivalenescu.ro\/wp-content\/uploads\/2023\/11\/favicon-300x300.png 300w\" sizes=\"auto, (max-width: 512px) 100vw, 512px\" \/><\/div><div class=\"post_navigation-item-arrow\"><\/div><div class=\"post_navigation-item-title\"><span>7.09 &#8211; Sec\u021biunea Vioar\u0103, Etapa I<\/span><\/div><\/a><\/div><\/div><\/div><\/div><\/div><\/div><\/section>\n","protected":false},"excerpt":{"rendered":"DMITRY SITKOVETSKY vioar\u0103 (pre\u0219edintele juriului la Concursul Interna\u021bional George Enescu 2024, Sec\u021biunea Vioar\u0103) VALENTIN R\u0102DU\u021aIU violoncel (membru \u00een juriul Concursului Interna\u021bional George Enescu 2024) LUKAS GENIU\u0160AS pian Franz Schubert Sonata \u00een la minor pentru arpeggione \u0219i pian D. 821 Sonata \u00een la major pentru vioar\u0103 \u0219i pian D. 574 Trio nr. 1 \u00een si bemol...","protected":false},"author":4,"featured_media":1825,"parent":1732,"menu_order":0,"comment_status":"closed","ping_status":"closed","template":"","meta":{"footnotes":""},"class_list":["post-1828","page","type-page","status-publish","has-post-thumbnail","hentry"],"_links":{"self":[{"href":"https:\/\/2024.festivalenescu.ro\/ro\/wp-json\/wp\/v2\/pages\/1828","targetHints":{"allow":["GET"]}}],"collection":[{"href":"https:\/\/2024.festivalenescu.ro\/ro\/wp-json\/wp\/v2\/pages"}],"about":[{"href":"https:\/\/2024.festivalenescu.ro\/ro\/wp-json\/wp\/v2\/types\/page"}],"author":[{"embeddable":true,"href":"https:\/\/2024.festivalenescu.ro\/ro\/wp-json\/wp\/v2\/users\/4"}],"replies":[{"embeddable":true,"href":"https:\/\/2024.festivalenescu.ro\/ro\/wp-json\/wp\/v2\/comments?post=1828"}],"version-history":[{"count":6,"href":"https:\/\/2024.festivalenescu.ro\/ro\/wp-json\/wp\/v2\/pages\/1828\/revisions"}],"predecessor-version":[{"id":2914,"href":"https:\/\/2024.festivalenescu.ro\/ro\/wp-json\/wp\/v2\/pages\/1828\/revisions\/2914"}],"up":[{"embeddable":true,"href":"https:\/\/2024.festivalenescu.ro\/ro\/wp-json\/wp\/v2\/pages\/1732"}],"wp:featuredmedia":[{"embeddable":true,"href":"https:\/\/2024.festivalenescu.ro\/ro\/wp-json\/wp\/v2\/media\/1825"}],"wp:attachment":[{"href":"https:\/\/2024.festivalenescu.ro\/ro\/wp-json\/wp\/v2\/media?parent=1828"}],"curies":[{"name":"wp","href":"https:\/\/api.w.org\/{rel}","templated":true}]}}