{"id":1857,"date":"2024-05-09T11:34:50","date_gmt":"2024-05-09T08:34:50","guid":{"rendered":"https:\/\/concurs.festivalenescu.ro\/?page_id=1857"},"modified":"2024-08-05T12:15:41","modified_gmt":"2024-08-05T09:15:41","slug":"valentin-serban","status":"publish","type":"page","link":"https:\/\/2024.festivalenescu.ro\/ro\/artisti-invitati\/valentin-serban\/","title":{"rendered":"Valentin \u0218erban"},"content":{"rendered":"<section class=\"l-section wpb_row height_medium\"><div class=\"l-section-h i-cf\"><div class=\"g-cols vc_row via_flex valign_top type_default stacking_default\"><div class=\"vc_col-sm-6 wpb_column vc_column_container\"><div class=\"vc_column-inner\"><div class=\"wpb_wrapper\"><div class=\"wpb_text_column\"><div class=\"wpb_wrapper\"><p>Formarea lui Valentin \u0218erban a \u00eenceput \u00een ora\u0219ul natal Bra\u0219ov, \u00een cadrul Liceului de Muzic\u0103 \u0219i ulterior al Universit\u0103\u021bii Transilvania. Printre primii s\u0103i de profesori de vioar\u0103 s-au num\u0103rat Valeriu Rogacev, Daniel Podlovschi, \u0218tefan Gheorghiu, Adam Han-Gorski \u0219i Ilarion Ionescu-Gala\u021bi. A continuat studiile de master la Universitatea de Arte din Graz, sub \u00eendrumarea Silviei Marcovici, \u0219i numai c\u00e2\u021biva dintre marii violoni\u0219ti care l-au inspirat de-a lungul anilor, prin cursurile de m\u0103iestrie oferite, sunt Leonidas Kavakos, Ivry Gitlis, David Grimal, Mihaela Martin, Alexandru Tomescu, Arlette Bonamy \u0219i Christoph Wyneken.<br \/>\nEste c\u00e2\u0219tig\u0103torul concursurilor Andrea Postacchini din Italia, Mihail Jora, \u0218tefan Ruha \u0219i Remember Enescu din Rom\u00e2nia. \u00cen urma ob\u021binerii Marelui Premiu la Concursul Enescu \u00een 2020-2021, a fost invitat s\u0103 concerteze ca solist \u00een edi\u021bia din 2021 a Festivalului Enescu, al\u0103turi de Orchestra Filarmonic\u0103 din Zagreb, \u0219i a fost solistul Concertului de deschidere al Concursului Enescu din 2022, al\u0103turi de laurea\u021bii celorlalte dou\u0103 sec\u021biuni, \u00een Triplul concert de Beethoven.<br \/>\nConcertele pentru vioar\u0103 ocup\u0103 un loc important \u00een repertoriul lui Valentin \u0218erban, care alterneaz\u0103, cu egal\u0103 d\u0103ruire \u0219i pasiune, mai bine de 20 de partituri solistice \u00een apari\u021biile sale. Cu toate acestea, g\u0103se\u0219te o real\u0103 satisfac\u021bie \u0219i se implic\u0103 neobosit \u00een proiecte camerale, adesea nonconformiste. Este permanent preocupat de popularizarea muzicii clasice \u00een spa\u021bii neconven\u021bionale \u0219i \u00een r\u00e2ndul publicului t\u00e2n\u0103r, fiind co-ini\u021biatorul proiectului <em>Eyes Wide Shut<\/em> \u0219i al Turneului Na\u021bional <em>Vibrations<\/em>.<br \/>\nA colaborat cu Midori, Alina Pogostkina, Andrei Ioni\u021b\u0103, Erik Schumann, Alissa Margulis, Alexander Buzlov, Konstantin Heidrich, Claudio Boh\u00f3rquez, Julia Hamos, Viviane Hagner, Vladimir Mendelssohn, Philippe Graffin \u0219i Nicolas Dautricourt, pe scene precum Filarmonica din Paris, Konzerthaus Berlin, Queen Elisabeth Hall \u00een Antwerp, Ateneul Rom\u00e2n, Op\u00e9ra de Dijon, Le Volcan \u00een Le Havre.<br \/>\nTimp de cinci ani, Valentin \u0218erban a fost membru al prestigiosului ansamblu Les Dissonances, condus de violonistul David Grimal. A fost violonist \u0219i concertmaestru al Orchestrei Rom\u00e2ne de Tineret, iar din aprilie 2023 este concertmaestru al Filarmonicii George Enescu din Bucure\u0219ti.<\/p>\n<\/div><\/div><\/div><\/div><\/div><div class=\"vc_col-sm-6 wpb_column vc_column_container\"><div class=\"vc_column-inner\"><div class=\"wpb_wrapper\"><div class=\"w-ibanner animation_phorcys ratio_1x1 easing_easeInOutCirc\"><div class=\"w-ibanner-h\"><div class=\"w-ibanner-image\" style=\"background-image: url(https:\/\/2024.festivalenescu.ro\/wp-content\/uploads\/2024\/05\/VS3-Bogdan-Catargiu-scaled.jpeg)\"><\/div><div class=\"w-ibanner-content\"><div class=\"w-ibanner-content-h\"><h2 class=\"w-ibanner-title\"><\/h2><div class=\"w-ibanner-desc\"><p>\u00a9 Bogdan Catargiu<\/p>\n<\/div><\/div><\/div><\/div><\/div><div class=\"w-separator size_medium\"><\/div><div class=\"w-grid type_grid layout_1657\" id=\"us_grid_1\" style=\"--gap:1.5rem;\"><style>.layout_1657 .w-grid-item-h{box-shadow:0 0rem 0rem rgba(0,0,0,0.1),0 0rem 0rem rgba(0,0,0,0.1);transition-duration:0.3s}.no-touch .layout_1657 .w-grid-item-h:hover{box-shadow:0 0.1rem 0.2rem rgba(0,0,0,0.1),0 0.33rem 1rem rgba(0,0,0,0.15);z-index:4}.layout_1657 .usg_hwrapper_1{border-color:var(--color-content-border)!important;padding:1.5rem!important;border-style:solid!important;border-width:0 1px 1px 1px!important}.layout_1657 .usg_vwrapper_1{width:55%!important;padding-left:3%!important;padding-right:3%!important}.layout_1657 .usg_post_title_1{font-size:1.5rem!important;line-height:1.2!important}@media (min-width:1025px) and (max-width:1380px){.layout_1657 .usg_vwrapper_1{width:55%!important;padding-left:3%!important;padding-right:3%!important}}@media (min-width:601px) and (max-width:1024px){.layout_1657 .usg_vwrapper_1{width:55%!important;padding-left:3%!important;padding-right:3%!important}}@media (max-width:600px){.layout_1657 .usg_vwrapper_1{width:100%!important;padding:1rem 0 1rem 0!important}}<\/style><div class=\"w-grid-list\">\t<article class=\"w-grid-item size_1x1 post-1977 page type-page status-publish hentry\" data-id=\"1977\">\r\n\t\t<div class=\"w-grid-item-h\">\r\n\t\t\t\t\t\t<div class=\"w-hwrapper usg_hwrapper_1 align_none valign_top wrap\" style=\"--hwrapper-gap:0rem\"><div class=\"w-vwrapper usg_vwrapper_1 align_none valign_top\"><h1 class=\"w-post-elm post_title usg_post_title_1 entry-title color_link_inherit\"><a href=\"https:\/\/2024.festivalenescu.ro\/ro\/evenimente\/13-09-recital-liviu-prunaru-si-valentin-serban\/\">13.09 &#8211; Recital LIVIU PRUNARU \u0219i VALENTIN \u0218ERBAN<\/a><\/h1><div class=\"w-post-elm post_content usg_post_content_1\">LIVIU PRUNARU vioar\u0103 (membru \u00een juriul Concursului Interna\u021bional George Enescu 2024) VALENTIN \u0218ERBAN vioar\u0103 (c\u00e2\u0219tig\u0103torul Concursului Interna\u021bional George Enescu 2020\/21) Charles-Auguste de B\u00e9riot Grand Duo nr.1 pentru dou\u0103 viori op.&hellip;<\/div><\/div><a class=\"w-btn us-btn-style_1 usg_btn_1\" href=\"https:\/\/www.cts.eventim.ro\/eventseries\/concurs-international-george-enescu-2024-3627790\/\"><span class=\"w-btn-label\">Cump\u0103r\u0103 bilete<\/span><\/a><\/div>\t\t<\/div>\r\n\t<\/article>\r\n<\/div><div class=\"w-grid-preloader\">\t<div class=\"g-preloader type_1\">\r\n\t\t<div><\/div>\r\n\t<\/div>\r\n\t<\/div>\t<div class=\"w-grid-json hidden\" onclick='return {&quot;action&quot;:&quot;us_ajax_grid&quot;,&quot;ajax_url&quot;:&quot;https:\\\/\\\/2024.festivalenescu.ro\\\/wp-admin\\\/admin-ajax.php&quot;,&quot;infinite_scroll&quot;:0,&quot;max_num_pages&quot;:1,&quot;pagination&quot;:&quot;ajax&quot;,&quot;template_vars&quot;:{&quot;columns&quot;:&quot;1&quot;,&quot;exclude_items&quot;:&quot;none&quot;,&quot;img_size&quot;:&quot;default&quot;,&quot;ignore_items_size&quot;:0,&quot;items_layout&quot;:&quot;1657&quot;,&quot;items_offset&quot;:&quot;1&quot;,&quot;load_animation&quot;:&quot;none&quot;,&quot;overriding_link&quot;:&quot;%7B%22url%22%3A%22%22%7D&quot;,&quot;post_id&quot;:0,&quot;query_args&quot;:{&quot;ignore_sticky_posts&quot;:1,&quot;post_type&quot;:&quot;any&quot;,&quot;post__in&quot;:[&quot;1977&quot;],&quot;posts_per_page&quot;:&quot;10&quot;},&quot;orderby_query_args&quot;:{&quot;orderby&quot;:{&quot;date&quot;:&quot;DESC&quot;}},&quot;type&quot;:&quot;grid&quot;,&quot;us_grid_ajax_index&quot;:1,&quot;us_grid_filter_params&quot;:[],&quot;us_grid_index&quot;:1,&quot;_us_grid_post_type&quot;:&quot;ids&quot;,&quot;page_args&quot;:[],&quot;lang&quot;:&quot;ro&quot;}}'><\/div>\r\n\t<\/div><\/div><\/div><\/div><\/div><\/div><\/section><section class=\"l-section wpb_row height_medium\"><div class=\"l-section-h i-cf\"><div class=\"g-cols vc_row via_flex valign_top type_default stacking_default\"><div class=\"vc_col-sm-12 wpb_column vc_column_container\"><div class=\"vc_column-inner\"><div class=\"wpb_wrapper\"><div class=\"wpb_text_column\"><div class=\"wpb_wrapper\"><p>Share:<\/p>\n<\/div><\/div><div class=\"w-sharing type_simple align_none color_default\"><div class=\"w-sharing-list\" data-content-image=\"true\"><a class=\"w-sharing-item email\" href=\"mailto:?subject=13.09 &#8211; Recital LIVIU PRUNARU \u0219i VALENTIN \u0218ERBAN&amp;body=https:\/\/2024.festivalenescu.ro\/ro\/wp-json\/wp\/v2\/pages\/1857\" title=\"Email this\" aria-label=\"Email this\"><i class=\"fas fa-envelope\"><\/i><\/a><a class=\"w-sharing-item facebook\" href=\"https:\/\/www.facebook.com\/sharer\/sharer.php?u=https:\/\/2024.festivalenescu.ro\/ro\/wp-json\/wp\/v2\/pages\/1857&amp;quote=13.09 &#8211; Recital LIVIU PRUNARU \u0219i VALENTIN \u0218ERBAN\" title=\"Share this\" aria-label=\"Share this\" onclick=\"window.open(this.href, &quot;facebook&quot;, &quot;toolbar=0,width=900,height=500&quot;); return false;\"><i class=\"fab fa-facebook\"><\/i><\/a><a class=\"w-sharing-item twitter\" href=\"https:\/\/twitter.com\/intent\/tweet?text=13.09 &#8211; Recital LIVIU PRUNARU \u0219i VALENTIN \u0218ERBAN&amp;url=https:\/\/2024.festivalenescu.ro\/ro\/wp-json\/wp\/v2\/pages\/1857\" title=\"Tweet this\" aria-label=\"Tweet this\" onclick=\"window.open(this.href, &quot;twitter&quot;, &quot;toolbar=0,width=650,height=360&quot;); return false;\"><i class=\"fab fa-x-twitter\"><svg style=\"width:1em; margin-bottom:-.1em;\" xmlns=\"http:\/\/www.w3.org\/2000\/svg\" viewBox=\"0 0 512 512\"><path fill=\"currentColor\" d=\"M389.2 48h70.6L305.6 224.2 487 464H345L233.7 318.6 106.5 464H35.8L200.7 275.5 26.8 48H172.4L272.9 180.9 389.2 48zM364.4 421.8h39.1L151.1 88h-42L364.4 421.8z\"\/><\/svg><\/i><\/a><a class=\"w-sharing-item linkedin\" href=\"https:\/\/www.linkedin.com\/shareArticle?mini=true&amp;url=https:\/\/2024.festivalenescu.ro\/ro\/wp-json\/wp\/v2\/pages\/1857\" title=\"Share this\" aria-label=\"Share this\" onclick=\"window.open(this.href, &quot;linkedin&quot;, &quot;toolbar=no,width=550,height=550&quot;); return false;\"><i class=\"fab fa-linkedin\"><\/i><\/a><a class=\"w-sharing-item whatsapp\" href=\"https:\/\/web.whatsapp.com\/send?text=13.09 &#8211; Recital LIVIU PRUNARU \u0219i VALENTIN \u0218ERBAN https:\/\/2024.festivalenescu.ro\/ro\/wp-json\/wp\/v2\/pages\/1857\" title=\"Share this\" aria-label=\"Share this\" onclick=\"window.open(this.href, &quot;whatsapp&quot;, &quot;toolbar=0,width=900,height=500&quot;); return false;\"><i class=\"fab fa-whatsapp\"><\/i><\/a><a class=\"w-sharing-item reddit\" href=\"https:\/\/www.reddit.com\/submit?url=https:\/\/2024.festivalenescu.ro\/ro\/wp-json\/wp\/v2\/pages\/1857&amp;title=13.09 &#8211; Recital LIVIU PRUNARU \u0219i VALENTIN \u0218ERBAN\" title=\"Share this\" aria-label=\"Share this\" onclick=\"window.open(this.href, &quot;reddit&quot;, &quot;toolbar=no,width=900,height=500&quot;); return false;\"><i class=\"fab fa-reddit\"><\/i><\/a><a class=\"w-sharing-item telegram\" href=\"https:\/\/t.me\/share\/url?url=https:\/\/2024.festivalenescu.ro\/ro\/wp-json\/wp\/v2\/pages\/1857&amp;text=13.09 &#8211; Recital LIVIU PRUNARU \u0219i VALENTIN \u0218ERBAN\" title=\"Share this\" aria-label=\"Share this\" onclick=\"window.open(this.href, &quot;telegram&quot;, &quot;toolbar=no,width=600,height=450&quot;); return false;\"><i class=\"fab fa-telegram\"><\/i><\/a><\/div><\/div><div class=\"w-post-elm post_navigation layout_sided inv_false\"><a class=\"post_navigation-item order_first to_prev\" href=\"https:\/\/2024.festivalenescu.ro\/ro\/evenimente\/13-15-09-sectiunea-pian-etapa-i\/\" title=\"13.09 &#8211; Sec\u021biunea Pian, Etapa I\"><div class=\"post_navigation-item-img\"><img loading=\"lazy\" decoding=\"async\" width=\"512\" height=\"512\" src=\"https:\/\/2024.festivalenescu.ro\/wp-content\/uploads\/2023\/11\/favicon.png\" class=\"g-placeholder\" alt=\"\" srcset=\"https:\/\/2024.festivalenescu.ro\/wp-content\/uploads\/2023\/11\/favicon.png 512w, https:\/\/2024.festivalenescu.ro\/wp-content\/uploads\/2023\/11\/favicon-200x200.png 200w, https:\/\/2024.festivalenescu.ro\/wp-content\/uploads\/2023\/11\/favicon-150x150.png 150w, https:\/\/2024.festivalenescu.ro\/wp-content\/uploads\/2023\/11\/favicon-400x400.png 400w, https:\/\/2024.festivalenescu.ro\/wp-content\/uploads\/2023\/11\/favicon-300x300.png 300w\" sizes=\"auto, (max-width: 512px) 100vw, 512px\" \/><\/div><div class=\"post_navigation-item-arrow\"><\/div><div class=\"post_navigation-item-title\"><span>13.09 &#8211; Sec\u021biunea Pian, Etapa I<\/span><\/div><\/a><a class=\"post_navigation-item order_second to_next\" href=\"https:\/\/2024.festivalenescu.ro\/ro\/evenimente\/14-09-sectiunea-vioara-semifinala\/\" title=\"14.09 &#8211; Sec\u021biunea Vioar\u0103, Semifinala\"><div class=\"post_navigation-item-img\"><img loading=\"lazy\" decoding=\"async\" width=\"512\" height=\"512\" src=\"https:\/\/2024.festivalenescu.ro\/wp-content\/uploads\/2023\/11\/favicon.png\" class=\"g-placeholder\" alt=\"\" srcset=\"https:\/\/2024.festivalenescu.ro\/wp-content\/uploads\/2023\/11\/favicon.png 512w, https:\/\/2024.festivalenescu.ro\/wp-content\/uploads\/2023\/11\/favicon-200x200.png 200w, https:\/\/2024.festivalenescu.ro\/wp-content\/uploads\/2023\/11\/favicon-150x150.png 150w, https:\/\/2024.festivalenescu.ro\/wp-content\/uploads\/2023\/11\/favicon-400x400.png 400w, https:\/\/2024.festivalenescu.ro\/wp-content\/uploads\/2023\/11\/favicon-300x300.png 300w\" sizes=\"auto, (max-width: 512px) 100vw, 512px\" \/><\/div><div class=\"post_navigation-item-arrow\"><\/div><div class=\"post_navigation-item-title\"><span>14.09 &#8211; Sec\u021biunea Vioar\u0103, Semifinala<\/span><\/div><\/a><\/div><\/div><\/div><\/div><\/div><\/div><\/section>\n","protected":false},"excerpt":{"rendered":"LIVIU PRUNARU vioar\u0103 (membru \u00een juriul Concursului Interna\u021bional George Enescu 2024) VALENTIN \u0218ERBAN vioar\u0103 (c\u00e2\u0219tig\u0103torul Concursului Interna\u021bional George Enescu 2020\/21) Charles-Auguste de B\u00e9riot Grand Duo nr.1 pentru dou\u0103 viori op. 57 Gra\u017cyna Bacewicz Suit\u0103 pentru dou\u0103 viori Eug\u00e8ne Ysa\u00ffe Sonata \u00een la minor pentru dou\u0103 viori op. postum Data: Vineri, 13 septembrie 2024 Ora: 19.00...","protected":false},"author":4,"featured_media":1854,"parent":1732,"menu_order":0,"comment_status":"closed","ping_status":"closed","template":"","meta":{"footnotes":""},"class_list":["post-1857","page","type-page","status-publish","has-post-thumbnail","hentry"],"_links":{"self":[{"href":"https:\/\/2024.festivalenescu.ro\/ro\/wp-json\/wp\/v2\/pages\/1857","targetHints":{"allow":["GET"]}}],"collection":[{"href":"https:\/\/2024.festivalenescu.ro\/ro\/wp-json\/wp\/v2\/pages"}],"about":[{"href":"https:\/\/2024.festivalenescu.ro\/ro\/wp-json\/wp\/v2\/types\/page"}],"author":[{"embeddable":true,"href":"https:\/\/2024.festivalenescu.ro\/ro\/wp-json\/wp\/v2\/users\/4"}],"replies":[{"embeddable":true,"href":"https:\/\/2024.festivalenescu.ro\/ro\/wp-json\/wp\/v2\/comments?post=1857"}],"version-history":[{"count":2,"href":"https:\/\/2024.festivalenescu.ro\/ro\/wp-json\/wp\/v2\/pages\/1857\/revisions"}],"predecessor-version":[{"id":2919,"href":"https:\/\/2024.festivalenescu.ro\/ro\/wp-json\/wp\/v2\/pages\/1857\/revisions\/2919"}],"up":[{"embeddable":true,"href":"https:\/\/2024.festivalenescu.ro\/ro\/wp-json\/wp\/v2\/pages\/1732"}],"wp:featuredmedia":[{"embeddable":true,"href":"https:\/\/2024.festivalenescu.ro\/ro\/wp-json\/wp\/v2\/media\/1854"}],"wp:attachment":[{"href":"https:\/\/2024.festivalenescu.ro\/ro\/wp-json\/wp\/v2\/media?parent=1857"}],"curies":[{"name":"wp","href":"https:\/\/api.w.org\/{rel}","templated":true}]}}