{"id":1869,"date":"2024-04-17T12:26:17","date_gmt":"2024-04-17T09:26:17","guid":{"rendered":"https:\/\/concurs.festivalenescu.ro\/cristian-macelaru\/"},"modified":"2024-08-05T14:53:57","modified_gmt":"2024-08-05T11:53:57","slug":"cristian-macelaru","status":"publish","type":"page","link":"https:\/\/2024.festivalenescu.ro\/ro\/masterclass-de-interpretare-dirijorala-instrumentala-si-aprofundare-in-studiul-muzicii-cu-dirijorul-cristian-macelaru\/cristian-macelaru\/","title":{"rendered":"Cristian M\u0103celaru"},"content":{"rendered":"<section class=\"l-section wpb_row height_medium\"><div class=\"l-section-h i-cf\"><div class=\"g-cols vc_row via_flex valign_top type_default stacking_default\"><div class=\"vc_col-sm-6 wpb_column vc_column_container\"><div class=\"vc_column-inner\"><div class=\"wpb_wrapper\"><div class=\"wpb_text_column\"><div class=\"wpb_wrapper\"><p>C\u00e2\u0219tig\u0103tor al unui premiu Grammy, dirijorul Cristian M\u0103celaru este director artistic al Festivalului \u0219i Concursului Enescu, director muzical al Orchestrei Na\u021bionale a Fran\u021bei \u0219i al Orchestrei Simfonice din Cincinnati, dirijor \u0219ef al Orchestrei Simfonice WDR, director artistic \u0219i dirijor principal al Orchestrei Simfonice World Youth a Centrului de Arte Interlochen, director muzical \u0219i dirijor al Festivalului de Muzic\u0103 Contemporan\u0103 Cabrillo.<br \/>\nLa edi\u021bia din 2023 a Festivalului Enescu, prima \u00een calitate de director artistic, Cristian M\u0103celaru a dirijat Filarmonica George Enescu, Orchestra Simfonic\u0103 WDR, Orchestra Na\u021bional\u0103 a Fran\u021bei \u0219i Orchestra Rom\u00e2n\u0103 de Tineret. Printre evenimentele importante ale stagiunii 2023-2024 se num\u0103r\u0103 \u0219i debutul s\u0103u cu Orchestra Philharmonia \u0219i reluarea colabor\u0103rii cu NDR Elbphilharmonie, cu Orchestra Simfonic\u0103 a Radioului Suedez \u0219i cu orchestrele simfonice din Cincinnati \u0219i St. Louis.<br \/>\n\u00cen stagiunea 2023-2024, Cristian M\u0103celaru \u0219i Orchestra Na\u021bional\u0103 a Fran\u021bei vor efectua turnee \u00een ora\u0219e importante din Austria \u0219i Spania, inclusiv Viena, Madrid \u0219i Barcelona. De asemenea, artistul va mai sus\u021bine, \u00een aceast\u0103 stagiune, un turneu \u00een China \u0219i Coreea de Sud, cu Orchestra Simfonic\u0103 WDR. \u00cen Europa, a colaborat \u00een stagiunile anterioare cu Orchestra Concertgebouw, Orchestra Simfonic\u0103 a Radiodifuziunii Bavareze, Orchestra Gewandhaus din Leipzig, Orchestra Simfonic\u0103 din Viena, Orchestra Tonhalle din Z\u00fcrich, Staatskapelle Berlin \u0219i Orchestra Festivalului din Budapesta. \u00cen America de Nord, a dirijat orchestrele filarmonicilor din New York \u0219i Los Angeles, National Symphony Orchestra, dar \u0219i orchestrele simfonice din Chicago, Boston, San Francisco, Cleveland \u0219i din Philadelphia, unde a fost dirijor \u00een reziden\u021b\u0103 timp de trei stagiuni.<br \/>\nCristian M\u0103celaru a \u00eenregistrat albume cu integrala simfoniilor de Saint-Sa\u00ebns al\u0103turi de Orchestra Na\u021bional\u0103 a Fran\u021bei, la Warner Classics, \u0219i selec\u021biuni din Bart\u00f3k \u0219i Dvo\u0159\u00e1k al\u0103turi de Orchestra Simfonic\u0103 WDR, la Linn Records. \u00cen 2020, a primit un premiu Grammy pentru \u00eenregistrarea Concertului pentru vioar\u0103 \u0219i orchestr\u0103 de Wynton Marsalis, al\u0103turi de Nicola Benedetti \u0219i Orchestra din Philadelphia, la Decca Classics. Mult-a\u0219teptata \u00eenregistrare cu primele trei simfonii \u0219i cele dou\u0103 <em>Rapsodii rom\u00e2ne<\/em> de George Enescu la Deutsche Grammophon a fost lansat\u0103 \u00een aprilie 2024.<br \/>\nCristian M\u0103celaru a captat pentru prima dat\u0103 interesul pe plan interna\u021bional \u00een 2012, c\u00e2nd a ap\u0103rut al\u0103turi de Orchestra Simfonic\u0103 din Chicago \u0219i a fost distins cu Solti Emerging Conductor Award pentru tineri dirijori, urmat de Solti Conducting Award, \u00een 2014. A studiat la Academia de Arte Interlochen, la Universitatea din Miami \u0219i la Universitatea Rice, cu Larry Rachleff, \u0219i a participat la cursuri de m\u0103iestrie sus\u021binute de David Zinman, Rafael Fr\u00fchbeck de Burgos, Oliver Knussen \u0219i Stefan Asbury la Centrul Muzical Tanglewood \u0219i la Festivalul de Muzic\u0103 din Aspen.<\/p>\n<\/div><\/div><\/div><\/div><\/div><div class=\"vc_col-sm-6 wpb_column vc_column_container\"><div class=\"vc_column-inner\"><div class=\"wpb_wrapper\"><div class=\"w-ibanner animation_phorcys ratio_4x3 easing_easeInOutCirc\"><div class=\"w-ibanner-h\"><div class=\"w-ibanner-image\" style=\"background-image: url(https:\/\/2024.festivalenescu.ro\/wp-content\/uploads\/2024\/04\/Cristian-Macelaru-6-\u00a9-Thomas-Brill.jpg)\"><\/div><div class=\"w-ibanner-content\"><div class=\"w-ibanner-content-h\"><h2 class=\"w-ibanner-title\"><\/h2><div class=\"w-ibanner-desc\"><p>\u00a9 Thomas Brill<\/p>\n<\/div><\/div><\/div><\/div><\/div><div class=\"w-separator size_medium\"><\/div><div class=\"w-grid type_grid layout_1657\" id=\"us_grid_1\" style=\"--gap:1.5rem;\"><style>.layout_1657 .w-grid-item-h{box-shadow:0 0rem 0rem rgba(0,0,0,0.1),0 0rem 0rem rgba(0,0,0,0.1);transition-duration:0.3s}.no-touch .layout_1657 .w-grid-item-h:hover{box-shadow:0 0.1rem 0.2rem rgba(0,0,0,0.1),0 0.33rem 1rem rgba(0,0,0,0.15);z-index:4}.layout_1657 .usg_hwrapper_1{border-color:var(--color-content-border)!important;padding:1.5rem!important;border-style:solid!important;border-width:0 1px 1px 1px!important}.layout_1657 .usg_vwrapper_1{width:55%!important;padding-left:3%!important;padding-right:3%!important}.layout_1657 .usg_post_title_1{font-size:1.5rem!important;line-height:1.2!important}@media (min-width:1025px) and (max-width:1380px){.layout_1657 .usg_vwrapper_1{width:55%!important;padding-left:3%!important;padding-right:3%!important}}@media (min-width:601px) and (max-width:1024px){.layout_1657 .usg_vwrapper_1{width:55%!important;padding-left:3%!important;padding-right:3%!important}}@media (max-width:600px){.layout_1657 .usg_vwrapper_1{width:100%!important;padding:1rem 0 1rem 0!important}}<\/style><div class=\"w-grid-list\">\t<article class=\"w-grid-item size_1x1 post-2031 page type-page status-publish hentry\" data-id=\"2031\">\r\n\t\t<div class=\"w-grid-item-h\">\r\n\t\t\t\t\t\t<div class=\"w-hwrapper usg_hwrapper_1 align_none valign_top wrap\" style=\"--hwrapper-gap:0rem\"><div class=\"w-vwrapper usg_vwrapper_1 align_none valign_top\"><h1 class=\"w-post-elm post_title usg_post_title_1 entry-title color_link_inherit\"><a href=\"https:\/\/2024.festivalenescu.ro\/ro\/evenimente\/27-09-concertul-final-al-masterclassului-de-dirijat\/\">27.09 &#8211; Concertul final al Masterclassului de dirijat<\/a><\/h1><div class=\"w-post-elm post_content usg_post_content_1\">ORCHESTRA ROM\u00c2N\u0102 DE TINERET Dirijori: CRISTIAN M\u0102CELARU, al\u0103turi de trei dirijori selecta\u021bi \u00een urma particip\u0103rii la Masterclassul de interpretare dirijoral\u0103 \u0219i aprofundare \u00een studiul muzicii Manuel de Falla Suita nr.&hellip;<\/div><\/div><a class=\"w-btn us-btn-style_1 usg_btn_1\" href=\"https:\/\/www.cts.eventim.ro\/eventseries\/concurs-international-george-enescu-2024-3627790\/\"><span class=\"w-btn-label\">Cump\u0103r\u0103 bilete<\/span><\/a><\/div>\t\t<\/div>\r\n\t<\/article>\r\n<\/div><div class=\"w-grid-preloader\">\t<div class=\"g-preloader type_1\">\r\n\t\t<div><\/div>\r\n\t<\/div>\r\n\t<\/div>\t<div class=\"w-grid-json hidden\" onclick='return {&quot;action&quot;:&quot;us_ajax_grid&quot;,&quot;ajax_url&quot;:&quot;https:\\\/\\\/2024.festivalenescu.ro\\\/wp-admin\\\/admin-ajax.php&quot;,&quot;infinite_scroll&quot;:0,&quot;max_num_pages&quot;:1,&quot;pagination&quot;:&quot;ajax&quot;,&quot;template_vars&quot;:{&quot;columns&quot;:&quot;1&quot;,&quot;exclude_items&quot;:&quot;none&quot;,&quot;img_size&quot;:&quot;default&quot;,&quot;ignore_items_size&quot;:0,&quot;items_layout&quot;:&quot;1657&quot;,&quot;items_offset&quot;:&quot;1&quot;,&quot;load_animation&quot;:&quot;none&quot;,&quot;overriding_link&quot;:&quot;%7B%22url%22%3A%22%22%7D&quot;,&quot;post_id&quot;:0,&quot;query_args&quot;:{&quot;ignore_sticky_posts&quot;:1,&quot;post_type&quot;:&quot;any&quot;,&quot;post__in&quot;:[&quot;2028&quot;,&quot;2031&quot;],&quot;posts_per_page&quot;:&quot;10&quot;},&quot;orderby_query_args&quot;:{&quot;orderby&quot;:{&quot;date&quot;:&quot;DESC&quot;}},&quot;type&quot;:&quot;grid&quot;,&quot;us_grid_ajax_index&quot;:1,&quot;us_grid_filter_params&quot;:[],&quot;us_grid_index&quot;:1,&quot;_us_grid_post_type&quot;:&quot;ids&quot;,&quot;page_args&quot;:[],&quot;lang&quot;:&quot;ro&quot;}}'><\/div>\r\n\t<\/div><\/div><\/div><\/div><\/div><\/div><\/section><section class=\"l-section wpb_row height_medium\"><div class=\"l-section-h i-cf\"><div class=\"g-cols vc_row via_flex valign_top type_default stacking_default\"><div class=\"vc_col-sm-12 wpb_column vc_column_container\"><div class=\"vc_column-inner\"><div class=\"wpb_wrapper\"><div class=\"wpb_text_column\"><div class=\"wpb_wrapper\"><p>Share:<\/p>\n<\/div><\/div><div class=\"w-sharing type_simple align_none color_default\"><div class=\"w-sharing-list\" data-content-image=\"true\"><a class=\"w-sharing-item email\" href=\"mailto:?subject=27.09 &#8211; Concertul final al Masterclassului de dirijat&amp;body=https:\/\/2024.festivalenescu.ro\/ro\/wp-json\/wp\/v2\/pages\/1869\" title=\"Email this\" aria-label=\"Email this\"><i class=\"fas fa-envelope\"><\/i><\/a><a class=\"w-sharing-item facebook\" href=\"https:\/\/www.facebook.com\/sharer\/sharer.php?u=https:\/\/2024.festivalenescu.ro\/ro\/wp-json\/wp\/v2\/pages\/1869&amp;quote=27.09 &#8211; Concertul final al Masterclassului de dirijat\" title=\"Share this\" aria-label=\"Share this\" onclick=\"window.open(this.href, &quot;facebook&quot;, &quot;toolbar=0,width=900,height=500&quot;); return false;\"><i class=\"fab fa-facebook\"><\/i><\/a><a class=\"w-sharing-item twitter\" href=\"https:\/\/twitter.com\/intent\/tweet?text=27.09 &#8211; Concertul final al Masterclassului de dirijat&amp;url=https:\/\/2024.festivalenescu.ro\/ro\/wp-json\/wp\/v2\/pages\/1869\" title=\"Tweet this\" aria-label=\"Tweet this\" onclick=\"window.open(this.href, &quot;twitter&quot;, &quot;toolbar=0,width=650,height=360&quot;); return false;\"><i class=\"fab fa-x-twitter\"><svg style=\"width:1em; margin-bottom:-.1em;\" xmlns=\"http:\/\/www.w3.org\/2000\/svg\" viewBox=\"0 0 512 512\"><path fill=\"currentColor\" d=\"M389.2 48h70.6L305.6 224.2 487 464H345L233.7 318.6 106.5 464H35.8L200.7 275.5 26.8 48H172.4L272.9 180.9 389.2 48zM364.4 421.8h39.1L151.1 88h-42L364.4 421.8z\"\/><\/svg><\/i><\/a><a class=\"w-sharing-item linkedin\" href=\"https:\/\/www.linkedin.com\/shareArticle?mini=true&amp;url=https:\/\/2024.festivalenescu.ro\/ro\/wp-json\/wp\/v2\/pages\/1869\" title=\"Share this\" aria-label=\"Share this\" onclick=\"window.open(this.href, &quot;linkedin&quot;, &quot;toolbar=no,width=550,height=550&quot;); return false;\"><i class=\"fab fa-linkedin\"><\/i><\/a><a class=\"w-sharing-item whatsapp\" href=\"https:\/\/web.whatsapp.com\/send?text=27.09 &#8211; Concertul final al Masterclassului de dirijat https:\/\/2024.festivalenescu.ro\/ro\/wp-json\/wp\/v2\/pages\/1869\" title=\"Share this\" aria-label=\"Share this\" onclick=\"window.open(this.href, &quot;whatsapp&quot;, &quot;toolbar=0,width=900,height=500&quot;); return false;\"><i class=\"fab fa-whatsapp\"><\/i><\/a><a class=\"w-sharing-item reddit\" href=\"https:\/\/www.reddit.com\/submit?url=https:\/\/2024.festivalenescu.ro\/ro\/wp-json\/wp\/v2\/pages\/1869&amp;title=27.09 &#8211; Concertul final al Masterclassului de dirijat\" title=\"Share this\" aria-label=\"Share this\" onclick=\"window.open(this.href, &quot;reddit&quot;, &quot;toolbar=no,width=900,height=500&quot;); return false;\"><i class=\"fab fa-reddit\"><\/i><\/a><a class=\"w-sharing-item telegram\" href=\"https:\/\/t.me\/share\/url?url=https:\/\/2024.festivalenescu.ro\/ro\/wp-json\/wp\/v2\/pages\/1869&amp;text=27.09 &#8211; Concertul final al Masterclassului de dirijat\" title=\"Share this\" aria-label=\"Share this\" onclick=\"window.open(this.href, &quot;telegram&quot;, &quot;toolbar=no,width=600,height=450&quot;); return false;\"><i class=\"fab fa-telegram\"><\/i><\/a><\/div><\/div><\/div><\/div><\/div><\/div><\/div><\/section>\n","protected":false},"excerpt":{"rendered":"ORCHESTRA ROM\u00c2N\u0102 DE TINERET Dirijori: CRISTIAN M\u0102CELARU, al\u0103turi de trei dirijori selecta\u021bi \u00een urma particip\u0103rii la Masterclassul de interpretare dirijoral\u0103 \u0219i aprofundare \u00een studiul muzicii Manuel de Falla Suita nr. 2, El sombrero de tres picos Dan Dediu Elegia Minacciosa Igor Stravinski Suita Pas\u0103rea de foc K 010 (1919) Claude Debussy Marea L. 109 George...","protected":false},"author":3,"featured_media":1574,"parent":2284,"menu_order":0,"comment_status":"closed","ping_status":"closed","template":"","meta":{"footnotes":""},"class_list":["post-1869","page","type-page","status-publish","has-post-thumbnail","hentry"],"_links":{"self":[{"href":"https:\/\/2024.festivalenescu.ro\/ro\/wp-json\/wp\/v2\/pages\/1869","targetHints":{"allow":["GET"]}}],"collection":[{"href":"https:\/\/2024.festivalenescu.ro\/ro\/wp-json\/wp\/v2\/pages"}],"about":[{"href":"https:\/\/2024.festivalenescu.ro\/ro\/wp-json\/wp\/v2\/types\/page"}],"author":[{"embeddable":true,"href":"https:\/\/2024.festivalenescu.ro\/ro\/wp-json\/wp\/v2\/users\/3"}],"replies":[{"embeddable":true,"href":"https:\/\/2024.festivalenescu.ro\/ro\/wp-json\/wp\/v2\/comments?post=1869"}],"version-history":[{"count":3,"href":"https:\/\/2024.festivalenescu.ro\/ro\/wp-json\/wp\/v2\/pages\/1869\/revisions"}],"predecessor-version":[{"id":2952,"href":"https:\/\/2024.festivalenescu.ro\/ro\/wp-json\/wp\/v2\/pages\/1869\/revisions\/2952"}],"up":[{"embeddable":true,"href":"https:\/\/2024.festivalenescu.ro\/ro\/wp-json\/wp\/v2\/pages\/2284"}],"wp:featuredmedia":[{"embeddable":true,"href":"https:\/\/2024.festivalenescu.ro\/ro\/wp-json\/wp\/v2\/media\/1574"}],"wp:attachment":[{"href":"https:\/\/2024.festivalenescu.ro\/ro\/wp-json\/wp\/v2\/media?parent=1869"}],"curies":[{"name":"wp","href":"https:\/\/api.w.org\/{rel}","templated":true}]}}