{"id":1911,"date":"2024-05-16T16:45:57","date_gmt":"2024-05-16T13:45:57","guid":{"rendered":"https:\/\/concurs.festivalenescu.ro\/?page_id=1911"},"modified":"2024-10-11T11:31:05","modified_gmt":"2024-10-11T08:31:05","slug":"31-08-concertul-de-deschidere-si-gala-de-premiere-a-sectiunii-compozitie","status":"publish","type":"page","link":"https:\/\/2024.festivalenescu.ro\/ro\/evenimente\/31-08-concertul-de-deschidere-si-gala-de-premiere-a-sectiunii-compozitie\/","title":{"rendered":"31.08 &#8211; Concertul de deschidere \u0219i Gala de premiere a Sec\u021biunii Compozi\u021bie"},"content":{"rendered":"<section class=\"l-section wpb_row height_medium\"><div class=\"l-section-h i-cf\"><div class=\"g-cols vc_row via_flex valign_top type_default stacking_default\"><div class=\"vc_col-sm-6 wpb_column vc_column_container\"><div class=\"vc_column-inner\"><div class=\"wpb_wrapper\"><div class=\"wpb_text_column\"><div class=\"wpb_wrapper\"><p><strong>ORCHESTRA NA\u021aIONAL\u0102 RADIO<\/strong><br \/>\n<strong>CORUL ACADEMIC RADIO<\/strong><br \/>\n<a href=\"https:\/\/concurs.festivalenescu.ro\/guest-artists\/delyana-lazarova\/\"><strong>DELYANA LAZAROVA <\/strong><\/a>dirijor<br \/>\n<strong>CIPRIAN \u021aU\u021aU<\/strong> dirijorul corului<br \/>\n<a href=\"https:\/\/concurs.festivalenescu.ro\/guest-artists\/maria-marica\/\"><strong>MARIA MARICA <\/strong><\/a>vioar\u0103 (c\u00e2\u0219tig\u0103toarea Concursului Interna\u021bional George Enescu 2022)<br \/>\n<a href=\"https:\/\/concurs.festivalenescu.ro\/guest-artists\/benjamin-kruithof\/\"><strong>BENJAMIN KRUITHOF <\/strong><\/a>violoncel (c\u00e2\u0219tig\u0103torul Concursului Interna\u021bional George Enescu 2022)<br \/>\n<a href=\"https:\/\/concurs.festivalenescu.ro\/guest-artists\/alexandra-segal\/\"><strong>ALEXANDRA SEGAL <\/strong><\/a>pian (c\u00e2\u0219tig\u0103toarea Concursului Interna\u021bional George Enescu 2022)<\/p>\n<\/div><\/div><div class=\"w-separator size_small\"><\/div><div class=\"wpb_text_column\"><div class=\"wpb_wrapper\"><p><a href=\"https:\/\/concurs.festivalenescu.ro\/guest-artists\/shin-kim\/\"><strong>Shin Kim<\/strong><\/a> Simfonia nr. 1 pentru orchestr\u0103, <em>Consolations<\/em><br \/>\n<strong>Paul Constantinescu<\/strong> Triplul concert pentru vioar\u0103, violoncel, pian \u0219i orchestr\u0103<br \/>\n<strong>George Enescu<\/strong> <em>Poema rom\u00e2n\u0103<\/em> op. 1<\/p>\n<\/div><\/div><div class=\"w-separator size_medium\"><\/div><div class=\"wpb_text_column\"><div class=\"wpb_wrapper\"><p>Data: <strong>S\u00e2mb\u0103t\u0103, 31 august 2024<\/strong><\/p>\n<p>Ora: <strong>18.00<\/strong><\/p>\n<p>Locul: <strong>Ateneul Rom\u00e2n\u00a0 <\/strong><\/p>\n<\/div><\/div><div class=\"w-separator size_medium\"><\/div><div class=\"w-btn-wrapper align_none\"><a class=\"w-btn us-btn-style_1\" href=\"https:\/\/concurs.festivalenescu.ro\/wp-content\/uploads\/2024\/08\/Program-zilnic-31-august-2024-1.pdf\"><span class=\"w-btn-label\">Descarc\u0103 programul de sal\u0103<\/span><\/a><\/div><\/div><\/div><\/div><div class=\"vc_col-sm-6 wpb_column vc_column_container\"><div class=\"vc_column-inner\"><div class=\"wpb_wrapper\"><div class=\"w-image align_none\"><a href=\"https:\/\/www.cts.eventim.ro\/event\/concurs-international-george-enescu-2024-ateneul-roman-18548204\/\" aria-label=\"composition 1200 square 2\" class=\"w-image-h\"><img loading=\"lazy\" decoding=\"async\" width=\"1200\" height=\"1200\" src=\"https:\/\/2024.festivalenescu.ro\/wp-content\/uploads\/2024\/09\/composition-1200-square-2.png\" class=\"attachment-full size-full\" alt=\"\" srcset=\"https:\/\/2024.festivalenescu.ro\/wp-content\/uploads\/2024\/09\/composition-1200-square-2.png 1200w, https:\/\/2024.festivalenescu.ro\/wp-content\/uploads\/2024\/09\/composition-1200-square-2-900x900.png 900w, https:\/\/2024.festivalenescu.ro\/wp-content\/uploads\/2024\/09\/composition-1200-square-2-600x600.png 600w, https:\/\/2024.festivalenescu.ro\/wp-content\/uploads\/2024\/09\/composition-1200-square-2-200x200.png 200w, https:\/\/2024.festivalenescu.ro\/wp-content\/uploads\/2024\/09\/composition-1200-square-2-150x150.png 150w, https:\/\/2024.festivalenescu.ro\/wp-content\/uploads\/2024\/09\/composition-1200-square-2-400x400.png 400w, https:\/\/2024.festivalenescu.ro\/wp-content\/uploads\/2024\/09\/composition-1200-square-2-300x300.png 300w\" sizes=\"auto, (max-width: 1200px) 100vw, 1200px\" \/><\/a><\/div><\/div><\/div><\/div><\/div><\/div><\/section><section class=\"l-section wpb_row height_medium\"><div class=\"l-section-h i-cf\"><div class=\"g-cols vc_row via_flex valign_top type_default stacking_default\"><div class=\"vc_col-sm-12 wpb_column vc_column_container\"><div class=\"vc_column-inner\"><div class=\"wpb_wrapper\"><div class=\"wpb_text_column\"><div class=\"wpb_wrapper\"><p>Share:<\/p>\n<\/div><\/div><div class=\"w-sharing type_simple align_none color_default\"><div class=\"w-sharing-list\" data-content-image=\"true\"><a class=\"w-sharing-item email\" href=\"mailto:?subject=31.08 &#8211; Concertul de deschidere \u0219i Gala de premiere a Sec\u021biunii Compozi\u021bie&amp;body=https:\/\/2024.festivalenescu.ro\/ro\/wp-json\/wp\/v2\/pages\/1911\" title=\"Email this\" aria-label=\"Email this\"><i class=\"fas fa-envelope\"><\/i><\/a><a class=\"w-sharing-item facebook\" href=\"https:\/\/www.facebook.com\/sharer\/sharer.php?u=https:\/\/2024.festivalenescu.ro\/ro\/wp-json\/wp\/v2\/pages\/1911&amp;quote=31.08 &#8211; Concertul de deschidere \u0219i Gala de premiere a Sec\u021biunii Compozi\u021bie\" title=\"Share this\" aria-label=\"Share this\" onclick=\"window.open(this.href, &quot;facebook&quot;, &quot;toolbar=0,width=900,height=500&quot;); return false;\"><i class=\"fab fa-facebook\"><\/i><\/a><a class=\"w-sharing-item twitter\" href=\"https:\/\/twitter.com\/intent\/tweet?text=31.08 &#8211; Concertul de deschidere \u0219i Gala de premiere a Sec\u021biunii Compozi\u021bie&amp;url=https:\/\/2024.festivalenescu.ro\/ro\/wp-json\/wp\/v2\/pages\/1911\" title=\"Tweet this\" aria-label=\"Tweet this\" onclick=\"window.open(this.href, &quot;twitter&quot;, &quot;toolbar=0,width=650,height=360&quot;); return false;\"><i class=\"fab fa-x-twitter\"><svg style=\"width:1em; margin-bottom:-.1em;\" xmlns=\"http:\/\/www.w3.org\/2000\/svg\" viewBox=\"0 0 512 512\"><path fill=\"currentColor\" d=\"M389.2 48h70.6L305.6 224.2 487 464H345L233.7 318.6 106.5 464H35.8L200.7 275.5 26.8 48H172.4L272.9 180.9 389.2 48zM364.4 421.8h39.1L151.1 88h-42L364.4 421.8z\"\/><\/svg><\/i><\/a><a class=\"w-sharing-item linkedin\" href=\"https:\/\/www.linkedin.com\/shareArticle?mini=true&amp;url=https:\/\/2024.festivalenescu.ro\/ro\/wp-json\/wp\/v2\/pages\/1911\" title=\"Share this\" aria-label=\"Share this\" onclick=\"window.open(this.href, &quot;linkedin&quot;, &quot;toolbar=no,width=550,height=550&quot;); return false;\"><i class=\"fab fa-linkedin\"><\/i><\/a><a class=\"w-sharing-item whatsapp\" href=\"https:\/\/web.whatsapp.com\/send?text=31.08 &#8211; Concertul de deschidere \u0219i Gala de premiere a Sec\u021biunii Compozi\u021bie https:\/\/2024.festivalenescu.ro\/ro\/wp-json\/wp\/v2\/pages\/1911\" title=\"Share this\" aria-label=\"Share this\" onclick=\"window.open(this.href, &quot;whatsapp&quot;, &quot;toolbar=0,width=900,height=500&quot;); return false;\"><i class=\"fab fa-whatsapp\"><\/i><\/a><a class=\"w-sharing-item reddit\" href=\"https:\/\/www.reddit.com\/submit?url=https:\/\/2024.festivalenescu.ro\/ro\/wp-json\/wp\/v2\/pages\/1911&amp;title=31.08 &#8211; Concertul de deschidere \u0219i Gala de premiere a Sec\u021biunii Compozi\u021bie\" title=\"Share this\" aria-label=\"Share this\" onclick=\"window.open(this.href, &quot;reddit&quot;, &quot;toolbar=no,width=900,height=500&quot;); return false;\"><i class=\"fab fa-reddit\"><\/i><\/a><a class=\"w-sharing-item telegram\" href=\"https:\/\/t.me\/share\/url?url=https:\/\/2024.festivalenescu.ro\/ro\/wp-json\/wp\/v2\/pages\/1911&amp;text=31.08 &#8211; Concertul de deschidere \u0219i Gala de premiere a Sec\u021biunii Compozi\u021bie\" title=\"Share this\" aria-label=\"Share this\" onclick=\"window.open(this.href, &quot;telegram&quot;, &quot;toolbar=no,width=600,height=450&quot;); return false;\"><i class=\"fab fa-telegram\"><\/i><\/a><\/div><\/div><div class=\"w-post-elm post_navigation layout_sided inv_false\"><a class=\"post_navigation-item order_first to_prev\" href=\"https:\/\/2024.festivalenescu.ro\/ro\/evenimente\/27-09-concertul-final-al-masterclassului-de-dirijat\/\" title=\"27.09 &#8211; Concertul final al Masterclassului de dirijat\"><div class=\"post_navigation-item-img\"><img loading=\"lazy\" decoding=\"async\" width=\"512\" height=\"512\" src=\"https:\/\/2024.festivalenescu.ro\/wp-content\/uploads\/2023\/11\/favicon.png\" class=\"g-placeholder\" alt=\"\" srcset=\"https:\/\/2024.festivalenescu.ro\/wp-content\/uploads\/2023\/11\/favicon.png 512w, https:\/\/2024.festivalenescu.ro\/wp-content\/uploads\/2023\/11\/favicon-200x200.png 200w, https:\/\/2024.festivalenescu.ro\/wp-content\/uploads\/2023\/11\/favicon-150x150.png 150w, https:\/\/2024.festivalenescu.ro\/wp-content\/uploads\/2023\/11\/favicon-400x400.png 400w, https:\/\/2024.festivalenescu.ro\/wp-content\/uploads\/2023\/11\/favicon-300x300.png 300w\" sizes=\"auto, (max-width: 512px) 100vw, 512px\" \/><\/div><div class=\"post_navigation-item-arrow\"><\/div><div class=\"post_navigation-item-title\"><span>27.09 &#8211; Concertul final al Masterclassului de dirijat<\/span><\/div><\/a><a class=\"post_navigation-item order_second to_next\" href=\"https:\/\/2024.festivalenescu.ro\/ro\/evenimente\/4-09-recital-david-geringas-si-mikhail-mordvinov\/\" title=\"4.09 &#8211; Recital ENRICO DINDO \u0219i MIKHAIL MORDVINOV\"><div class=\"post_navigation-item-img\"><img loading=\"lazy\" decoding=\"async\" width=\"512\" height=\"512\" src=\"https:\/\/2024.festivalenescu.ro\/wp-content\/uploads\/2023\/11\/favicon.png\" class=\"g-placeholder\" alt=\"\" srcset=\"https:\/\/2024.festivalenescu.ro\/wp-content\/uploads\/2023\/11\/favicon.png 512w, https:\/\/2024.festivalenescu.ro\/wp-content\/uploads\/2023\/11\/favicon-200x200.png 200w, https:\/\/2024.festivalenescu.ro\/wp-content\/uploads\/2023\/11\/favicon-150x150.png 150w, https:\/\/2024.festivalenescu.ro\/wp-content\/uploads\/2023\/11\/favicon-400x400.png 400w, https:\/\/2024.festivalenescu.ro\/wp-content\/uploads\/2023\/11\/favicon-300x300.png 300w\" sizes=\"auto, (max-width: 512px) 100vw, 512px\" \/><\/div><div class=\"post_navigation-item-arrow\"><\/div><div class=\"post_navigation-item-title\"><span>4.09 &#8211; Recital ENRICO DINDO \u0219i MIKHAIL MORDVINOV<\/span><\/div><\/a><\/div><\/div><\/div><\/div><\/div><\/div><\/section>\n","protected":false},"excerpt":{"rendered":"ORCHESTRA NA\u021aIONAL\u0102 RADIO CORUL ACADEMIC RADIO DELYANA LAZAROVA dirijor CIPRIAN \u021aU\u021aU dirijorul corului MARIA MARICA vioar\u0103 (c\u00e2\u0219tig\u0103toarea Concursului Interna\u021bional George Enescu 2022) BENJAMIN KRUITHOF violoncel (c\u00e2\u0219tig\u0103torul Concursului Interna\u021bional George Enescu 2022) ALEXANDRA SEGAL pian (c\u00e2\u0219tig\u0103toarea Concursului Interna\u021bional George Enescu 2022) Shin Kim Simfonia nr. 1 pentru orchestr\u0103, Consolations Paul Constantinescu Triplul concert pentru vioar\u0103, violoncel,...","protected":false},"author":4,"featured_media":0,"parent":1730,"menu_order":1,"comment_status":"closed","ping_status":"closed","template":"","meta":{"footnotes":""},"class_list":["post-1911","page","type-page","status-publish","hentry"],"_links":{"self":[{"href":"https:\/\/2024.festivalenescu.ro\/ro\/wp-json\/wp\/v2\/pages\/1911","targetHints":{"allow":["GET"]}}],"collection":[{"href":"https:\/\/2024.festivalenescu.ro\/ro\/wp-json\/wp\/v2\/pages"}],"about":[{"href":"https:\/\/2024.festivalenescu.ro\/ro\/wp-json\/wp\/v2\/types\/page"}],"author":[{"embeddable":true,"href":"https:\/\/2024.festivalenescu.ro\/ro\/wp-json\/wp\/v2\/users\/4"}],"replies":[{"embeddable":true,"href":"https:\/\/2024.festivalenescu.ro\/ro\/wp-json\/wp\/v2\/comments?post=1911"}],"version-history":[{"count":13,"href":"https:\/\/2024.festivalenescu.ro\/ro\/wp-json\/wp\/v2\/pages\/1911\/revisions"}],"predecessor-version":[{"id":6127,"href":"https:\/\/2024.festivalenescu.ro\/ro\/wp-json\/wp\/v2\/pages\/1911\/revisions\/6127"}],"up":[{"embeddable":true,"href":"https:\/\/2024.festivalenescu.ro\/ro\/wp-json\/wp\/v2\/pages\/1730"}],"wp:attachment":[{"href":"https:\/\/2024.festivalenescu.ro\/ro\/wp-json\/wp\/v2\/media?parent=1911"}],"curies":[{"name":"wp","href":"https:\/\/api.w.org\/{rel}","templated":true}]}}