{"id":2025,"date":"2024-05-16T16:45:46","date_gmt":"2024-05-16T13:45:46","guid":{"rendered":"https:\/\/concurs.festivalenescu.ro\/?page_id=2025"},"modified":"2024-09-16T09:33:08","modified_gmt":"2024-09-16T06:33:08","slug":"22-09-sectiunea-pian-finala","status":"publish","type":"page","link":"https:\/\/2024.festivalenescu.ro\/ro\/evenimente\/22-09-sectiunea-pian-finala\/","title":{"rendered":"22.09 &#8211; Sec\u021biunea Pian, Finala"},"content":{"rendered":"<section class=\"l-section wpb_row height_medium\"><div class=\"l-section-h i-cf\"><div class=\"g-cols vc_row via_flex valign_top type_default stacking_default\"><div class=\"vc_col-sm-6 wpb_column vc_column_container\"><div class=\"vc_column-inner\"><div class=\"wpb_wrapper\"><div class=\"wpb_text_column\"><div class=\"wpb_wrapper\"><p><strong>ORCHESTRA FILARMONICII GEORGE ENESCU <\/strong><br \/>\n<a href=\"https:\/\/concurs.festivalenescu.ro\/ro\/artisti-invitati\/christian-reif\/\"><strong>CHRISTIAN REIF<\/strong><\/a> dirijor<\/p>\n<\/div><\/div><div class=\"w-separator size_small\"><\/div><div class=\"w-separator size_medium\"><\/div><div class=\"wpb_text_column\"><div class=\"wpb_wrapper\"><p>Data: <strong>Duminic\u0103, 22 septembrie 2024<\/strong><\/p>\n<p>Ora: <strong>18.00<\/strong><\/p>\n<p>Locul: <strong>Ateneul Rom\u00e2n<\/strong><\/p>\n<\/div><\/div><div class=\"w-separator size_medium\"><\/div><div class=\"wpb_text_column\"><div class=\"wpb_wrapper\"><p>* Evenimentul va fi precedat de prezentarea c\u0103r\u021bii\u00a0<em>In memoriam Radu Lupu<\/em>, editori Monica Is\u0103cescu Lup, \u0218tefan Costache, Editura Universit\u0103\u021bii Na\u021bionale de Muzic\u0103 Bucure\u0219ti, Bucure\u0219ti, 2023, ce va avea loc \u00een <strong>Foaierul Ateneului Rom\u00e2n<\/strong>, la ora <strong>17.00<\/strong>.<\/p>\n<p>Vor participa muzicologul Valentina Sandu-Dediu, pianista Alexandra Silocea \u0219i Cristina Uruc (manager Artexim).<\/p>\n<\/div><\/div><div class=\"w-separator size_medium\"><\/div><div class=\"w-btn-wrapper align_none\"><a class=\"w-btn us-btn-style_1\" href=\"https:\/\/www.cts.eventim.ro\/event\/concurs-international-george-enescu-2024-ateneul-roman-18558528\/\"><span class=\"w-btn-label\">Cump\u0103r\u0103 bilete<\/span><\/a><\/div><\/div><\/div><\/div><div class=\"vc_col-sm-6 wpb_column vc_column_container\"><div class=\"vc_column-inner\"><div class=\"wpb_wrapper\"><div class=\"w-image align_none\"><a href=\"https:\/\/www.cts.eventim.ro\/event\/concurs-international-george-enescu-2024-ateneul-roman-18558528\/\" aria-label=\"pian-1200x1200 (1)\" class=\"w-image-h\"><img loading=\"lazy\" decoding=\"async\" width=\"1200\" height=\"1200\" src=\"https:\/\/2024.festivalenescu.ro\/wp-content\/uploads\/2024\/05\/pian-1200x1200-1.jpg\" class=\"attachment-full size-full\" alt=\"\" srcset=\"https:\/\/2024.festivalenescu.ro\/wp-content\/uploads\/2024\/05\/pian-1200x1200-1.jpg 1200w, https:\/\/2024.festivalenescu.ro\/wp-content\/uploads\/2024\/05\/pian-1200x1200-1-900x900.jpg 900w, https:\/\/2024.festivalenescu.ro\/wp-content\/uploads\/2024\/05\/pian-1200x1200-1-600x600.jpg 600w\" sizes=\"auto, (max-width: 1200px) 100vw, 1200px\" \/><\/a><\/div><\/div><\/div><\/div><\/div><\/div><\/section><section class=\"l-section wpb_row height_medium\"><div class=\"l-section-h i-cf\"><div class=\"g-cols vc_row via_flex valign_top type_default stacking_default\"><div class=\"vc_col-sm-12 wpb_column vc_column_container\"><div class=\"vc_column-inner\"><div class=\"wpb_wrapper\"><div class=\"wpb_text_column\"><div class=\"wpb_wrapper\"><p>Share:<\/p>\n<\/div><\/div><div class=\"w-sharing type_simple align_none color_default\"><div class=\"w-sharing-list\" data-content-image=\"true\"><a class=\"w-sharing-item email\" href=\"mailto:?subject=22.09 &#8211; Sec\u021biunea Pian, Finala&amp;body=https:\/\/2024.festivalenescu.ro\/ro\/wp-json\/wp\/v2\/pages\/2025\" title=\"Email this\" aria-label=\"Email this\"><i class=\"fas fa-envelope\"><\/i><\/a><a class=\"w-sharing-item facebook\" href=\"https:\/\/www.facebook.com\/sharer\/sharer.php?u=https:\/\/2024.festivalenescu.ro\/ro\/wp-json\/wp\/v2\/pages\/2025&amp;quote=22.09 &#8211; Sec\u021biunea Pian, Finala\" title=\"Share this\" aria-label=\"Share this\" onclick=\"window.open(this.href, &quot;facebook&quot;, &quot;toolbar=0,width=900,height=500&quot;); return false;\"><i class=\"fab fa-facebook\"><\/i><\/a><a class=\"w-sharing-item twitter\" href=\"https:\/\/twitter.com\/intent\/tweet?text=22.09 &#8211; Sec\u021biunea Pian, Finala&amp;url=https:\/\/2024.festivalenescu.ro\/ro\/wp-json\/wp\/v2\/pages\/2025\" title=\"Tweet this\" aria-label=\"Tweet this\" onclick=\"window.open(this.href, &quot;twitter&quot;, &quot;toolbar=0,width=650,height=360&quot;); return false;\"><i class=\"fab fa-x-twitter\"><svg style=\"width:1em; margin-bottom:-.1em;\" xmlns=\"http:\/\/www.w3.org\/2000\/svg\" viewBox=\"0 0 512 512\"><path fill=\"currentColor\" d=\"M389.2 48h70.6L305.6 224.2 487 464H345L233.7 318.6 106.5 464H35.8L200.7 275.5 26.8 48H172.4L272.9 180.9 389.2 48zM364.4 421.8h39.1L151.1 88h-42L364.4 421.8z\"\/><\/svg><\/i><\/a><a class=\"w-sharing-item linkedin\" href=\"https:\/\/www.linkedin.com\/shareArticle?mini=true&amp;url=https:\/\/2024.festivalenescu.ro\/ro\/wp-json\/wp\/v2\/pages\/2025\" title=\"Share this\" aria-label=\"Share this\" onclick=\"window.open(this.href, &quot;linkedin&quot;, &quot;toolbar=no,width=550,height=550&quot;); return false;\"><i class=\"fab fa-linkedin\"><\/i><\/a><a class=\"w-sharing-item whatsapp\" href=\"https:\/\/web.whatsapp.com\/send?text=22.09 &#8211; Sec\u021biunea Pian, Finala https:\/\/2024.festivalenescu.ro\/ro\/wp-json\/wp\/v2\/pages\/2025\" title=\"Share this\" aria-label=\"Share this\" onclick=\"window.open(this.href, &quot;whatsapp&quot;, &quot;toolbar=0,width=900,height=500&quot;); return false;\"><i class=\"fab fa-whatsapp\"><\/i><\/a><a class=\"w-sharing-item reddit\" href=\"https:\/\/www.reddit.com\/submit?url=https:\/\/2024.festivalenescu.ro\/ro\/wp-json\/wp\/v2\/pages\/2025&amp;title=22.09 &#8211; Sec\u021biunea Pian, Finala\" title=\"Share this\" aria-label=\"Share this\" onclick=\"window.open(this.href, &quot;reddit&quot;, &quot;toolbar=no,width=900,height=500&quot;); return false;\"><i class=\"fab fa-reddit\"><\/i><\/a><a class=\"w-sharing-item telegram\" href=\"https:\/\/t.me\/share\/url?url=https:\/\/2024.festivalenescu.ro\/ro\/wp-json\/wp\/v2\/pages\/2025&amp;text=22.09 &#8211; Sec\u021biunea Pian, Finala\" title=\"Share this\" aria-label=\"Share this\" onclick=\"window.open(this.href, &quot;telegram&quot;, &quot;toolbar=no,width=600,height=450&quot;); return false;\"><i class=\"fab fa-telegram\"><\/i><\/a><\/div><\/div><div class=\"w-post-elm post_navigation layout_sided inv_false\"><a class=\"post_navigation-item order_first to_prev\" href=\"https:\/\/2024.festivalenescu.ro\/ro\/evenimente\/21-09-recital-simon-trpceski\/\" title=\"21.09 &#8211; Recital SIMON TRP\u010cESKI\"><div class=\"post_navigation-item-img\"><img loading=\"lazy\" decoding=\"async\" width=\"512\" height=\"512\" src=\"https:\/\/2024.festivalenescu.ro\/wp-content\/uploads\/2023\/11\/favicon.png\" class=\"g-placeholder\" alt=\"\" srcset=\"https:\/\/2024.festivalenescu.ro\/wp-content\/uploads\/2023\/11\/favicon.png 512w, https:\/\/2024.festivalenescu.ro\/wp-content\/uploads\/2023\/11\/favicon-200x200.png 200w, https:\/\/2024.festivalenescu.ro\/wp-content\/uploads\/2023\/11\/favicon-150x150.png 150w, https:\/\/2024.festivalenescu.ro\/wp-content\/uploads\/2023\/11\/favicon-400x400.png 400w, https:\/\/2024.festivalenescu.ro\/wp-content\/uploads\/2023\/11\/favicon-300x300.png 300w\" sizes=\"auto, (max-width: 512px) 100vw, 512px\" \/><\/div><div class=\"post_navigation-item-arrow\"><\/div><div class=\"post_navigation-item-title\"><span>21.09 &#8211; Recital SIMON TRP\u010cESKI<\/span><\/div><\/a><a class=\"post_navigation-item order_second to_next\" href=\"https:\/\/2024.festivalenescu.ro\/ro\/evenimente\/27-09-concertul-final-al-masterclassului-de-dirijat\/\" title=\"27.09 &#8211; Concertul final al Masterclassului de dirijat\"><div class=\"post_navigation-item-img\"><img loading=\"lazy\" decoding=\"async\" width=\"512\" height=\"512\" src=\"https:\/\/2024.festivalenescu.ro\/wp-content\/uploads\/2023\/11\/favicon.png\" class=\"g-placeholder\" alt=\"\" srcset=\"https:\/\/2024.festivalenescu.ro\/wp-content\/uploads\/2023\/11\/favicon.png 512w, https:\/\/2024.festivalenescu.ro\/wp-content\/uploads\/2023\/11\/favicon-200x200.png 200w, https:\/\/2024.festivalenescu.ro\/wp-content\/uploads\/2023\/11\/favicon-150x150.png 150w, https:\/\/2024.festivalenescu.ro\/wp-content\/uploads\/2023\/11\/favicon-400x400.png 400w, https:\/\/2024.festivalenescu.ro\/wp-content\/uploads\/2023\/11\/favicon-300x300.png 300w\" sizes=\"auto, (max-width: 512px) 100vw, 512px\" \/><\/div><div class=\"post_navigation-item-arrow\"><\/div><div class=\"post_navigation-item-title\"><span>27.09 &#8211; Concertul final al Masterclassului de dirijat<\/span><\/div><\/a><\/div><\/div><\/div><\/div><\/div><\/div><\/section>\n","protected":false},"excerpt":{"rendered":"ORCHESTRA FILARMONICII GEORGE ENESCU CHRISTIAN REIF dirijor Data: Duminic\u0103, 22 septembrie 2024 Ora: 18.00 Locul: Ateneul Rom\u00e2n * Evenimentul va fi precedat de prezentarea c\u0103r\u021bii\u00a0In memoriam Radu Lupu, editori Monica Is\u0103cescu Lup, \u0218tefan Costache, Editura Universit\u0103\u021bii Na\u021bionale de Muzic\u0103 Bucure\u0219ti, Bucure\u0219ti, 2023, ce va avea loc \u00een Foaierul Ateneului Rom\u00e2n, la ora 17.00. Vor participa...","protected":false},"author":4,"featured_media":0,"parent":1730,"menu_order":0,"comment_status":"closed","ping_status":"closed","template":"","meta":{"footnotes":""},"class_list":["post-2025","page","type-page","status-publish","hentry"],"_links":{"self":[{"href":"https:\/\/2024.festivalenescu.ro\/ro\/wp-json\/wp\/v2\/pages\/2025","targetHints":{"allow":["GET"]}}],"collection":[{"href":"https:\/\/2024.festivalenescu.ro\/ro\/wp-json\/wp\/v2\/pages"}],"about":[{"href":"https:\/\/2024.festivalenescu.ro\/ro\/wp-json\/wp\/v2\/types\/page"}],"author":[{"embeddable":true,"href":"https:\/\/2024.festivalenescu.ro\/ro\/wp-json\/wp\/v2\/users\/4"}],"replies":[{"embeddable":true,"href":"https:\/\/2024.festivalenescu.ro\/ro\/wp-json\/wp\/v2\/comments?post=2025"}],"version-history":[{"count":6,"href":"https:\/\/2024.festivalenescu.ro\/ro\/wp-json\/wp\/v2\/pages\/2025\/revisions"}],"predecessor-version":[{"id":5913,"href":"https:\/\/2024.festivalenescu.ro\/ro\/wp-json\/wp\/v2\/pages\/2025\/revisions\/5913"}],"up":[{"embeddable":true,"href":"https:\/\/2024.festivalenescu.ro\/ro\/wp-json\/wp\/v2\/pages\/1730"}],"wp:attachment":[{"href":"https:\/\/2024.festivalenescu.ro\/ro\/wp-json\/wp\/v2\/media?parent=2025"}],"curies":[{"name":"wp","href":"https:\/\/api.w.org\/{rel}","templated":true}]}}