{"id":2262,"date":"2023-11-19T21:43:46","date_gmt":"2023-11-19T19:43:46","guid":{"rendered":"https:\/\/concurs.festivalenescu.ro\/?page_id=2262"},"modified":"2024-09-04T18:50:12","modified_gmt":"2024-09-04T15:50:12","slug":"premii","status":"publish","type":"page","link":"https:\/\/2024.festivalenescu.ro\/ro\/regulamentul-concursului-george-enescu\/premii\/","title":{"rendered":"Premii"},"content":{"rendered":"<section class=\"l-section wpb_row height_medium\"><div class=\"l-section-h i-cf\"><div class=\"g-cols vc_row via_flex valign_top type_default stacking_default\"><div class=\"vc_col-sm-12 wpb_column vc_column_container\"><div class=\"vc_column-inner\"><div class=\"wpb_wrapper\"><div class=\"wpb_text_column\"><div class=\"wpb_wrapper\"><h3>Premii \u00een bani<\/h3>\n<p>Pentru sec\u0163iunea Compozi\u0163ie se acord\u0103 urm\u0103toarele premii:<br \/>\n\u2714 Premiul pentru sec\u0163iunea muzic\u0103 simfonic\u0103 \u2013 10000 de euro net<br \/>\n\u2714 Premiul pentru sec\u0163iunea muzic\u0103 de camer\u0103 \u2013 7000 de euro net<br \/>\n\u2714 Premiul special pentru originalitate \u2013 5000 de euro net<\/p>\n<p>Pentru fiecare dintre sec\u021biunile Violoncel, Vioar\u0103 \u015fi Pian, valoarea premiilor este:<br \/>\n\u2714 Premiul I \u2013 15000 de euro net<br \/>\n\u2714 Premiul al II-lea \u2013 10000 de euro net<br \/>\n\u2714 Premiul al III-lea \u2013 5000 de euro net<\/p>\n<p>Sec\u021biunea pian:<br \/>\n\u2714 Premiul Radu Lupu pentru cea mai bun\u0103 interpretare a unei lucr\u0103ri de George Enescu \u2013 3000 de euro net<br \/>\n\u2714 Premiul Constan\u021ba Erbiceanu \u2013 2000 de euro net<br \/>\n\u2714 Premiul oferit de <a href=\"https:\/\/purcari.wine\/ro\/\">Crama Purcari<\/a> pentru cel mai bine clasat concurent din Republica Moldova \u2013 2.000 euro brut<br \/>\n\u2714 Premiul pentru cea mai bun\u0103 interpretare a lucr\u0103rii impuse \u2013 2000 de euro net<br \/>\n\u2714 Premiul Publicului \u2013 1000 de euro net<\/p>\n<p>Sec\u021biunea Vioar\u0103:<br \/>\n\u2714 Premiul \u0218tefan \u0219i Valentin Gheorghiu pentru cea mai bun\u0103 interpretare a unei Sonate de George Enescu \u2013 3000 de euro net<br \/>\n\u2714 Premiul oferit de Crama Purcari pentru cel mai bine clasat concurent din Republica Moldova \u2013 2.000 euro brut<br \/>\n\u2714 Premiul pentru cea mai bun\u0103 interpretare a lucr\u0103rii impuse \u2013 2000 de euro net<br \/>\n\u2714 Premiul Publicului \u2013 1000 de euro net<\/p>\n<p>Sec\u021biunea Violoncel:<br \/>\n\u2714 Premiul Serafim Antropov pentru cea mai bun\u0103 interpretare a Sonatei nr. 2 \u00een do major pentru violoncel \u0219i pian op. 26 de George Enescu \u2013 3000 de euro net<br \/>\n\u2714 Premiul oferit de Crama Purcari pentru cel mai bine clasat concurent din Republica Moldova \u2013 2.000 euro brut<br \/>\n\u2714 Premiul pentru cea mai bun\u0103 interpretare a lucr\u0103rii impuse \u2013 2000 de euro net<br \/>\n\u2714 Premiul Publicului \u2013 1000 de euro net<\/p>\n<\/div><\/div><div class=\"w-separator size_large\"><\/div><div class=\"wpb_text_column\"><div class=\"wpb_wrapper\"><h3>Alte premii<\/h3>\n<p>\u2714 Concerte<br \/>\nOrganizatorul acord\u0103 premii const\u00e2nd \u00een concerte sau recitaluri organizate \u00een cadrul edi\u021biilor 2025 \u0219i 2026 ale Festivalului \u015fi Concursului Interna\u021bional George Enescu, precum \u0219i concerte sau recitaluri organizate \u00een cadrul stagiunilor institu\u021biilor de spectacole \u0219i concerte din Rom\u00e2nia \u00een perioada 2024 \u2013 2026.<\/p>\n<p>\u2714 \u00cendrumare \u0219i mentorat \u00een carier\u0103<br \/>\nOrganizatorul va oferi, prin mijloace proprii \u0219i prin parteneriate cu agen\u021bii interna\u021bionale de impresariat artistic, mentorat \u0219i \u00eendrumare \u00een carier\u0103 pentru c\u00e2\u0219tig\u0103torii \u0219i laurea\u021bii Concursului.<\/p>\n<p>\u2714 Reprezentare artistic\u0103<br \/>\nOrganizatorul poate oferi posibilitatea de a \u00eencheia contracte de reprezentare artistic\u0103 cu laurea\u021bii Concursului Enescu, \u00een vederea dezvolt\u0103rii \u0219i promov\u0103rii carierei artistice la nivel na\u021bional \u0219i interna\u021bional.<\/p>\n<p>\u2714 Pe l\u00e2ng\u0103 premiile acordate de organizator, pot fi acordate premii din partea partenerilor \u015fi\/sau sponsorilor. Premiile acordate din partea partenerilor \u0219i\/sau sponsorilor sunt premii care pot fi cumulate cu celelalte premii oferite de organizator.<\/p>\n<p>\u2714 Oportunitatea de a \u00eenregistra lucr\u0103ri de George Enescu cu casa de discuri Electrecord, cu posibilitatea de a fi transpuse pe\u00a0un\u00a0album\u00a0dublu.<\/p>\n<\/div><\/div><div class=\"w-separator size_medium\"><\/div><div class=\"wpb_text_column\"><div class=\"wpb_wrapper\"><p><strong>\u00censcrierile s-au terminat. Ne vedem in 2026!<\/strong><\/p>\n<\/div><\/div><\/div><\/div><\/div><\/div><\/div><\/section>\n","protected":false},"excerpt":{"rendered":"Premii \u00een bani Pentru sec\u0163iunea Compozi\u0163ie se acord\u0103 urm\u0103toarele premii: \u2714 Premiul pentru sec\u0163iunea muzic\u0103 simfonic\u0103 \u2013 10000 de euro net \u2714 Premiul pentru sec\u0163iunea muzic\u0103 de camer\u0103 \u2013 7000 de euro net \u2714 Premiul special pentru originalitate \u2013 5000 de euro net Pentru fiecare dintre sec\u021biunile Violoncel, Vioar\u0103 \u015fi Pian, valoarea premiilor este: \u2714...","protected":false},"author":2,"featured_media":636,"parent":2288,"menu_order":0,"comment_status":"closed","ping_status":"closed","template":"","meta":{"footnotes":""},"class_list":["post-2262","page","type-page","status-publish","has-post-thumbnail","hentry"],"_links":{"self":[{"href":"https:\/\/2024.festivalenescu.ro\/ro\/wp-json\/wp\/v2\/pages\/2262","targetHints":{"allow":["GET"]}}],"collection":[{"href":"https:\/\/2024.festivalenescu.ro\/ro\/wp-json\/wp\/v2\/pages"}],"about":[{"href":"https:\/\/2024.festivalenescu.ro\/ro\/wp-json\/wp\/v2\/types\/page"}],"author":[{"embeddable":true,"href":"https:\/\/2024.festivalenescu.ro\/ro\/wp-json\/wp\/v2\/users\/2"}],"replies":[{"embeddable":true,"href":"https:\/\/2024.festivalenescu.ro\/ro\/wp-json\/wp\/v2\/comments?post=2262"}],"version-history":[{"count":5,"href":"https:\/\/2024.festivalenescu.ro\/ro\/wp-json\/wp\/v2\/pages\/2262\/revisions"}],"predecessor-version":[{"id":5548,"href":"https:\/\/2024.festivalenescu.ro\/ro\/wp-json\/wp\/v2\/pages\/2262\/revisions\/5548"}],"up":[{"embeddable":true,"href":"https:\/\/2024.festivalenescu.ro\/ro\/wp-json\/wp\/v2\/pages\/2288"}],"wp:featuredmedia":[{"embeddable":true,"href":"https:\/\/2024.festivalenescu.ro\/ro\/wp-json\/wp\/v2\/media\/636"}],"wp:attachment":[{"href":"https:\/\/2024.festivalenescu.ro\/ro\/wp-json\/wp\/v2\/media?parent=2262"}],"curies":[{"name":"wp","href":"https:\/\/api.w.org\/{rel}","templated":true}]}}