{"id":2284,"date":"2024-04-16T13:31:36","date_gmt":"2024-04-16T10:31:36","guid":{"rendered":"https:\/\/concurs.festivalenescu.ro\/?page_id=2284"},"modified":"2024-08-22T17:57:18","modified_gmt":"2024-08-22T14:57:18","slug":"masterclass-de-interpretare-dirijorala-instrumentala-si-aprofundare-in-studiul-muzicii-cu-dirijorul-cristian-macelaru","status":"publish","type":"page","link":"https:\/\/2024.festivalenescu.ro\/ro\/masterclass-de-interpretare-dirijorala-instrumentala-si-aprofundare-in-studiul-muzicii-cu-dirijorul-cristian-macelaru\/","title":{"rendered":"Masterclass de interpretare dirijoral\u0103, instrumental\u0103 \u0219i aprofundare \u00een studiul muzicii cu dirijorul Cristian M\u0103celaru"},"content":{"rendered":"<section class=\"l-section wpb_row height_medium\"><div class=\"l-section-h i-cf\"><div class=\"g-cols vc_row via_flex valign_top type_default stacking_default\"><div class=\"vc_col-sm-12 wpb_column vc_column_container\"><div class=\"vc_column-inner\"><div class=\"wpb_wrapper\"><div class=\"w-video align_none ratio_16x9 has_iframe\"><div class=\"w-video-h\"><iframe title=\"Youtube video player\" src=\"\/\/www.youtube.com\/embed\/GMc3jHI-1eU?origin=https:\/\/2024.festivalenescu.ro\/ro\/&controls=1\" allowfullscreen=\"1\" loading=\"lazy\"><\/iframe><\/div><div class=\"w-video-icon\" style=\"font-size:1.5rem;background:rgba(0,0,0,0.5);color:#fff\"><\/div><\/div><div class=\"w-separator size_small with_line width_default thick_1 style_solid color_border align_center\"><div class=\"w-separator-h\"><\/div><\/div><div class=\"wpb_text_column\"><div class=\"wpb_wrapper\"><p>Edi\u021bia a XIX-a a Concursului Interna\u021bional George Enescu aduce un element inovativ \u00een structura sa: <strong>Masterclass de interpretare dirijoral\u0103, instrumental\u0103 <\/strong><strong>\u0219<\/strong><strong>i aprofundare \u00een studiul muzicii<\/strong>, ce se va desf\u0103\u0219ura \u00een perioada <strong>23-27 septembrie 2024<\/strong>, continu\u00e2ndu-\u0219i misiunea de sus\u021binere \u0219i promovare a tinerelor talente prin \u00eencurajarea excelen\u021bei artistice.<\/p>\n<p>Pentru prima dat\u0103 \u00een istoria Concursului Enescu, se adaug\u0103 o nou\u0103 dimensiune, cea a dirijatului, reflect\u00e2nd astfel bogata contribu\u021bie a marelui George Enescu \u00een toate sferele muzicale unde s-a remarcat: compozitor, violonist, pianist, dirijor \u0219i pedagog. <strong>Masterclassul de interpretare dirijoral\u0103, instrumental\u0103 <\/strong><strong>\u0219<\/strong><strong>i aprofundare \u00een studiul muzicii <\/strong>cuprinde ateliere destinate tinerilor muzicieni specializa\u021bi in disciplina dirijat, vioar\u0103, violoncel sau pian.<\/p>\n<p>Dup\u0103 modelul de func\u021bionare al Concursului Interna\u021bional George Enescu, inspirat de via\u021ba artistului al c\u0103rui nume \u00eel poart\u0103, masterclassul <strong>de interpretare dirijoral\u0103, instrumental\u0103 <\/strong><strong>\u0219<\/strong><strong>i aprofundare \u00een studiul muzicii<\/strong> reprezint\u0103 o platform\u0103 unde tinerii muzicieni, instrumenti\u0219ti sau dirijori, sunt ghida\u021bi \u00een dezvoltarea unei cariere de succes \u00een domeniul muzicii clasice prin exersarea \u0219i \u00eembun\u0103t\u0103\u021birea abilit\u0103\u021bilor interpretative.<\/p>\n<p>Atelierele vor fi sus\u021binute de maestrul <strong>Cristian M\u0103celaru<\/strong>, cu participarea <strong>Orchestrei Rom\u00e2ne de Tineret<\/strong>. Toate sesiunile de vor desf\u0103\u0219ura la <strong>Ateneul Rom\u00e2n, \u00een Bucure\u0219ti, Rom\u00e2nia.<\/strong><\/p>\n<\/div><\/div><div class=\"w-separator size_small\"><\/div><div class=\"w-btn-wrapper align_none\"><a class=\"w-btn us-btn-style_1\" href=\"https:\/\/concurs.festivalenescu.ro\/ro\/masterclass-de-interpretare-dirijorala-instrumentala-si-aprofundare-in-studiul-muzicii-cu-dirijorul-cristian-macelaru\/masterclass-registration-form\/\"><span class=\"w-btn-label\">\u00censcrie-te aici:<\/span><\/a><\/div><div class=\"w-btn-wrapper align_none\"><a class=\"w-btn us-btn-style_1\" href=\"https:\/\/concurs.festivalenescu.ro\/wp-content\/uploads\/2024\/08\/Regulament-participare-masterclass-1.pdf\"><span class=\"w-btn-label\">Descarc\u0103 \u0219i cite\u0219te regulamentul:<\/span><\/a><\/div><div class=\"w-separator size_medium with_line width_default thick_1 style_solid color_border align_center\"><div class=\"w-separator-h\"><\/div><\/div><div class=\"wpb_text_column\"><div class=\"wpb_wrapper\"><h1>Detalii masterclass<\/h1>\n<\/div><\/div><div class=\"w-separator size_small\"><\/div><div class=\"wpb_text_column\"><div class=\"wpb_wrapper\"><p><strong>Dirijor:<\/strong> Cristian M\u0103celaru, al\u0103turi de Orchestra Rom\u00e2n\u0103 de Tineret.<\/p>\n<hr \/>\n<h3><strong>PERIOADA \u0218I LOCUL DE DESF\u0102\u0218URARE<\/strong><\/h3>\n<p><strong>Perioada:<\/strong> 23 &#8211; 27 septembrie 2024<\/p>\n<p><strong>Loca\u021bie:<\/strong> Ateneul Rom\u00e2n, Bucure\u0219ti, Rom\u00e2nia.<\/p>\n<hr \/>\n<h3><strong>DESF\u0102\u0218URAREA EVENIMENTULUI<\/strong><\/h3>\n<p><strong>Masterclass de interpretare dirijoral\u0103:<\/strong><\/p>\n<ul>\n<li><strong>Participan\u021bi activi:<\/strong> 6 candida\u021bi.<\/li>\n<li><strong>Participan\u021bi pasivi:<\/strong> Num\u0103r limitat.<\/li>\n<li><strong>Program:<\/strong> Sesiuni de repeti\u021bii, discu\u021bii \u0219i concert final.<\/li>\n<\/ul>\n<p><strong>Masterclass de interpretare instrumental\u0103:<\/strong><\/p>\n<ul>\n<li><strong>Participan\u021bi activi:<\/strong> 6 candida\u021bi.<\/li>\n<li><strong>Participan\u021bi pasivi:<\/strong> Num\u0103r limitat.<\/li>\n<li><strong>Program:<\/strong> Sesiuni individuale cu maestrul M\u0103celaru.<\/li>\n<\/ul>\n<hr \/>\n<h3><strong>CALENDAR<\/strong><\/h3>\n<p><strong>Masterclass de interpretare dirijoral\u0103 \u0219i aprofundare \u00een studiul muzicii<\/strong><\/p>\n<ul>\n<li>Perioada de \u00eenscriere pentru participare activ\u0103: 15 aprilie \u2013 7 iunie 2024<\/li>\n<li>Perioada de prelucrare a \u00eenscrierilor pentru participare activ\u0103: 10-14 iunie 2024<\/li>\n<li>Anun\u021barea rezultatelor selec\u021biei participan\u021bilor activi: 17 iunie 2024<\/li>\n<li>Perioada de \u00eenscriere pentru participare pasiv\u0103: 15 aprilie \u2013 30 iunie 2024<\/li>\n<li>Perioada de prelucrare a \u00eenscrierilor pentru participare pasiv\u0103: 1-5 iulie 2024<\/li>\n<li>Anun\u021barea rezultatelor selec\u021biei participan\u021bilor pasivi: 8 iulie 2024<\/li>\n<li>Sosirea participan\u021bilor la Bucure\u0219ti: 22 septembrie 2024<\/li>\n<li>Perioada de desf\u0103\u0219urare: 23-27 septembrie 2024<\/li>\n<li>Concertul final: 27 septembrie 2024, ora 19.00<\/li>\n<\/ul>\n<p><strong>Masterclass de interpretare instrumental\u0103 \u0219i aprofundare \u00een studiul muzicii<\/strong><\/p>\n<ul>\n<li>Perioada de \u00eenscriere pentru participare activ\u0103: 15 aprilie \u2013 30 iunie 2024<\/li>\n<li>Perioada de prelucrare a \u00eenscrierilor pentru participare activ\u0103: 1-5 iulie 2024<\/li>\n<li>Anun\u021barea rezultatelor selec\u021biei participan\u021bilor activi: 8 iulie 2024<\/li>\n<li>Perioada de \u00eenscriere pentru participare pasiv\u0103: 15 aprilie \u2013 30 iunie 2024<\/li>\n<li>Perioada de prelucrare a \u00eenscrierilor pentru participare pasiv\u0103: 1-5 iulie 2024<\/li>\n<li>Anun\u021barea rezultatelor selec\u021biei participan\u021bilor pasivi: 8 iulie 2024<\/li>\n<\/ul>\n<hr \/>\n<h3><strong>CONDI\u021aII DE ELIGIBILITATE<\/strong><\/h3>\n<p><strong>Masterclassul de interpretare dirijoral\u0103 \u0219i aprofundare \u00een studiul muzicii:<\/strong><\/p>\n<ul>\n<li>Data na\u0219terii trebuie s\u0103 fie dup\u0103 1 august 1989.<\/li>\n<li>Nu exist\u0103 restric\u021bii ideologice, lingvistice, politice, religioase sau rasiale pentru acceptarea participan\u021bilor.<\/li>\n<li>Candida\u021bii pot aplica pentru participare activ\u0103 sau pasiv\u0103.<\/li>\n<li>Termenul limit\u0103 de \u00eenscriere pentru participare activ\u0103 este 7 iunie 2024.<\/li>\n<li>Termenul limit\u0103 de \u00eenscriere pentru participare pasiv\u0103 este 30 iunie 2024.<\/li>\n<\/ul>\n<p><strong>Masterclassul de interpretare instrumental\u0103 \u0219i aprofundare \u00een studiul muzicii:<\/strong><\/p>\n<ul>\n<li>Data na\u0219terii trebuie s\u0103 fie dup\u0103 1 august 1999.<\/li>\n<li>Nu exist\u0103 restric\u021bii ideologice, lingvistice, politice, religioase sau rasiale pentru acceptarea participan\u021bilor.<\/li>\n<li>Candida\u021bii pot aplica pentru participare activ\u0103 sau pasiv\u0103.<\/li>\n<li>Termenul limit\u0103 de \u00eenscriere pentru participare activ\u0103 este 30 iunie 2024.<\/li>\n<li>Termenul limit\u0103 de \u00eenscriere pentru participare pasiv\u0103 este 30 iunie 2024.<\/li>\n<\/ul>\n<h4><strong>Taxe de \u00eenscriere \u0219i participare:<\/strong><\/h4>\n<ul>\n<li><strong>Taxa de \u00eenscriere<\/strong>: presupune prelucrarea documentelor pentru participarea activ\u0103 sau pasiv\u0103 \u0219i este de 100 de euro.<\/li>\n<li>Cei 6 candida\u021bi selecta\u021bi de maestru s\u0103 participe activ la Masterclassul de interpretare dirijoral\u0103 \u0219i aprofundare \u00een studiul muzicii sunt scuti\u021bi de taxa de participare.<\/li>\n<li><strong>Taxa de participare\u00a0<\/strong>pasiv\u0103 la masterclassul de interpretare dirijoral\u0103 \u0219i aprofundare \u00een studiul muzicii se achit\u0103 separat de taxa de \u00eenscriere \u0219i este de 350 de euro.<\/li>\n<li>Pentru Masterclassul de interpretare instrumental\u0103 nu se percepe tax\u0103 de participare. Se va achita doar taxa de \u00eenscriere.<\/li>\n<li>Cei care doresc s\u0103 participe la ambele masterclass-uri trebuie s\u0103 se \u00eenscrie \u0219i s\u0103 pl\u0103teasc\u0103 taxa de \u00eenscriere pentru fiecare \u00een parte.<\/li>\n<\/ul>\n<p><strong>Detalii plat\u0103: se poate face doar prin transfer bancar.<\/strong><\/p>\n<ul>\n<li>Beneficiar cont<strong>: ARTEXIM<\/strong><\/li>\n<li>Adresa Artexim: Calea Victoriei nr. 155, Bl. D1, sc. 8, et. 2, sector 1, 010073 Bucure\u0219ti, Rom\u00e2nia<\/li>\n<li>Banca: Banca Comercial\u0103 Rom\u00e2n\u0103 (BCR) Sector 1<\/li>\n<li>Adresa b\u0103ncii: Calea Victoriei nr. 155, sect.1, 010073, Bucure\u0219ti, Rom\u00e2nia<\/li>\n<li>IBAN: RO59RNCB0072049685010041<\/li>\n<li>SWIFT\/BIC code: RNCBROBU<\/li>\n<\/ul>\n<hr \/>\n<h3><strong>\u00ceNSCRIERE<\/strong><\/h3>\n<p>\u00censcrierea candida\u021bilor pentru <strong>participarea activ\u0103 sau pasiv\u0103<\/strong>\u00a0se face prin completarea formularului de \u00eenscriere.<\/p>\n<p>\u00cen cazul \u00een care un candidat \u00eent\u00e2mpin\u0103 probleme tehnice \u00een timpul \u00eenscrierii online, acesta trebuie s\u0103 informeze Organizatorul trimi\u021b\u00e2nd un e-mail la adresa <u>competition@artexim.ro<\/u>, astfel \u00eenc\u00e2t \u00eenscrierea s\u0103 poat\u0103 fi acceptat\u0103 \u00een mod oficial la timp.<\/p>\n<hr \/>\n<h3><b>REPERTORIU<\/b><\/h3>\n<p><strong>Masterclassul de interpretare dirijoral\u0103 \u0219i aprofundare \u00een studiul muzicii<\/strong><\/p>\n<p>\u00cen cadrul sesiunilor de masterclass se va aborda urm\u0103torul repertoriu:<\/p>\n<ul>\n<li>Igor Stravinski: Suita Pas\u0103rea de foc (1919)<\/li>\n<li>Hector Berlioz: Uvertura Le Carnaval romain<\/li>\n<li>Dan Dediu: Elegia Minacciosa<\/li>\n<li>Manuel de Falla: El sombrero des tres Picos Suita nr. 2<\/li>\n<li>Claude Debussy: La Mer L. 109<\/li>\n<li>George Enescu: Rapsodia rom\u00e2n\u0103 nr. 1 \u00een la major<\/li>\n<\/ul>\n<p><em>To\u021bi participan\u021bii la Masterclassul de interpretare dirijoral\u0103 \u0219i aprofundare \u00een studiul muziciiau obliga\u021bia de a veni preg\u0103ti\u021bi cu acest repertoriu.<\/em><\/p>\n<p><strong>Masterclassul de interpretare instrumental\u0103<\/strong> <strong>\u0219<\/strong><strong>i aprofundare \u00een studiul muzicii<\/strong><\/p>\n<ul>\n<li>\u00cen cadrul sesiunilor de masterclass fiecare participant va aborda o singur\u0103 lucrare la alegere.<\/li>\n<li>Participantul va interpreta solo (f\u0103r\u0103 acompaniament de pian sau orchestr\u0103).<\/li>\n<\/ul>\n<hr \/>\n<h3><strong>FACILIT\u0102\u021aI OFERITE DE ORGANIZATOR<\/strong><\/h3>\n<p><strong>Masterclassul de interpretare dirijoral\u0103<\/strong><strong>, instrumental\u0103 <\/strong><strong>\u0219<\/strong><strong>i aprofundare \u00een studiul muzicii<\/strong><\/p>\n<ul>\n<li><strong>Pe durata particip\u0103rii la masterclass<\/strong>, organizatorul pune la dispozi\u021bia participan\u021bilor activi cazare <strong>gratuit\u0103. <\/strong><\/li>\n<li>Participan\u021bii <strong>activi<\/strong> vor fi caza\u021bi \u00een camere \u00een regim single \u00een hoteluri situate la distan\u021b\u0103 rezonabil\u0103 de parcurs pe jos fa\u021b\u0103 de locul de desf\u0103\u0219urare a Masterclassului.<\/li>\n<li>Camerele de hotel vor fi puse la dispozi\u021bia participan\u021bilor \u00een perioada 22-28 septembrie (6 nop\u021bi).<\/li>\n<li>Organizatorul <strong>nu va oferi cazare gratuit\u0103 pentru participan\u021bii<\/strong> <strong>pasivi<\/strong>, dar poate facilita rezervarea la hotel, la cererea expres\u0103 a participantului, exprimat\u0103 \u00een momentul \u00eenscrierii la Masterclass.<\/li>\n<li>Organizatorul nu va oferi cazare gratuit\u0103 pentru \u00eenso\u021bitor personal sau rudele\/tutorii legali ai participantului care \u00eel \u00eenso\u021besc, dar poate facilita rezervarea \u00een acela\u0219i hotel cu participantul, la cererea expres\u0103 a acestuia, exprimat\u0103 \u00een momentul \u00eenscrierii la Masterclass.<\/li>\n<li>Organizatorul nu va asigura cazare gratuit\u0103 pentru participan\u021bii care locuiesc \u00een Bucure\u0219ti sau \u00een comunele limitrofe, p\u00e2n\u0103 la o distan\u021b\u0103 de 50 de kilometri.<\/li>\n<li><strong>Toate costurile de transport vor fi suportate de c\u0103tre participant.<\/strong><\/li>\n<\/ul>\n<\/div><\/div><div class=\"w-separator size_small with_line width_default thick_1 style_solid color_border align_center\"><div class=\"w-separator-h\"><\/div><\/div><div class=\"w-sharing type_simple align_none color_default\"><div class=\"w-sharing-list\"><a class=\"w-sharing-item email\" href=\"mailto:?subject=Masterclass de interpretare dirijoral\u0103, instrumental\u0103 \u0219i aprofundare \u00een studiul muzicii cu dirijorul Cristian M\u0103celaru&amp;body=https:\/\/2024.festivalenescu.ro\/ro\/wp-json\/wp\/v2\/pages\/2284\" title=\"Email this\" aria-label=\"Email this\"><i class=\"fas fa-envelope\"><\/i><\/a><a class=\"w-sharing-item facebook\" href=\"https:\/\/www.facebook.com\/sharer\/sharer.php?u=https:\/\/2024.festivalenescu.ro\/ro\/wp-json\/wp\/v2\/pages\/2284&amp;quote=Masterclass de interpretare dirijoral\u0103, instrumental\u0103 \u0219i aprofundare \u00een studiul muzicii cu dirijorul Cristian M\u0103celaru\" title=\"Share this\" aria-label=\"Share this\" onclick=\"window.open(this.href, &quot;facebook&quot;, &quot;toolbar=0,width=900,height=500&quot;); return false;\"><i class=\"fab fa-facebook\"><\/i><\/a><a class=\"w-sharing-item twitter\" href=\"https:\/\/twitter.com\/intent\/tweet?text=Masterclass de interpretare dirijoral\u0103, instrumental\u0103 \u0219i aprofundare \u00een studiul muzicii cu dirijorul Cristian M\u0103celaru&amp;url=https:\/\/2024.festivalenescu.ro\/ro\/wp-json\/wp\/v2\/pages\/2284\" title=\"Tweet this\" aria-label=\"Tweet this\" onclick=\"window.open(this.href, &quot;twitter&quot;, &quot;toolbar=0,width=650,height=360&quot;); return false;\"><i class=\"fab fa-x-twitter\"><svg style=\"width:1em; margin-bottom:-.1em;\" xmlns=\"http:\/\/www.w3.org\/2000\/svg\" viewBox=\"0 0 512 512\"><path fill=\"currentColor\" d=\"M389.2 48h70.6L305.6 224.2 487 464H345L233.7 318.6 106.5 464H35.8L200.7 275.5 26.8 48H172.4L272.9 180.9 389.2 48zM364.4 421.8h39.1L151.1 88h-42L364.4 421.8z\"\/><\/svg><\/i><\/a><a class=\"w-sharing-item linkedin\" href=\"https:\/\/www.linkedin.com\/shareArticle?mini=true&amp;url=https:\/\/2024.festivalenescu.ro\/ro\/wp-json\/wp\/v2\/pages\/2284\" title=\"Share this\" aria-label=\"Share this\" onclick=\"window.open(this.href, &quot;linkedin&quot;, &quot;toolbar=no,width=550,height=550&quot;); return false;\"><i class=\"fab fa-linkedin\"><\/i><\/a><a class=\"w-sharing-item whatsapp\" href=\"https:\/\/web.whatsapp.com\/send?text=Masterclass de interpretare dirijoral\u0103, instrumental\u0103 \u0219i aprofundare \u00een studiul muzicii cu dirijorul Cristian M\u0103celaru https:\/\/2024.festivalenescu.ro\/ro\/wp-json\/wp\/v2\/pages\/2284\" title=\"Share this\" aria-label=\"Share this\" onclick=\"window.open(this.href, &quot;whatsapp&quot;, &quot;toolbar=0,width=900,height=500&quot;); return false;\"><i class=\"fab fa-whatsapp\"><\/i><\/a><a class=\"w-sharing-item reddit\" href=\"https:\/\/www.reddit.com\/submit?url=https:\/\/2024.festivalenescu.ro\/ro\/wp-json\/wp\/v2\/pages\/2284&amp;title=Masterclass de interpretare dirijoral\u0103, instrumental\u0103 \u0219i aprofundare \u00een studiul muzicii cu dirijorul Cristian M\u0103celaru\" title=\"Share this\" aria-label=\"Share this\" onclick=\"window.open(this.href, &quot;reddit&quot;, &quot;toolbar=no,width=900,height=500&quot;); return false;\"><i class=\"fab fa-reddit\"><\/i><\/a><a class=\"w-sharing-item telegram\" href=\"https:\/\/t.me\/share\/url?url=https:\/\/2024.festivalenescu.ro\/ro\/wp-json\/wp\/v2\/pages\/2284&amp;text=Masterclass de interpretare dirijoral\u0103, instrumental\u0103 \u0219i aprofundare \u00een studiul muzicii cu dirijorul Cristian M\u0103celaru\" title=\"Share this\" aria-label=\"Share this\" onclick=\"window.open(this.href, &quot;telegram&quot;, &quot;toolbar=no,width=600,height=450&quot;); return false;\"><i class=\"fab fa-telegram\"><\/i><\/a><\/div><\/div><\/div><\/div><\/div><\/div><\/div><\/section>\n","protected":false},"excerpt":{"rendered":"Edi\u021bia a XIX-a a Concursului Interna\u021bional George Enescu aduce un element inovativ \u00een structura sa: Masterclass de interpretare dirijoral\u0103, instrumental\u0103 \u0219i aprofundare \u00een studiul muzicii, ce se va desf\u0103\u0219ura \u00een perioada 23-27 septembrie 2024, continu\u00e2ndu-\u0219i misiunea de sus\u021binere \u0219i promovare a tinerelor talente prin \u00eencurajarea excelen\u021bei artistice. Pentru prima dat\u0103 \u00een istoria Concursului Enescu, se...","protected":false},"author":3,"featured_media":1480,"parent":0,"menu_order":0,"comment_status":"closed","ping_status":"closed","template":"","meta":{"footnotes":""},"class_list":["post-2284","page","type-page","status-publish","has-post-thumbnail","hentry"],"_links":{"self":[{"href":"https:\/\/2024.festivalenescu.ro\/ro\/wp-json\/wp\/v2\/pages\/2284","targetHints":{"allow":["GET"]}}],"collection":[{"href":"https:\/\/2024.festivalenescu.ro\/ro\/wp-json\/wp\/v2\/pages"}],"about":[{"href":"https:\/\/2024.festivalenescu.ro\/ro\/wp-json\/wp\/v2\/types\/page"}],"author":[{"embeddable":true,"href":"https:\/\/2024.festivalenescu.ro\/ro\/wp-json\/wp\/v2\/users\/3"}],"replies":[{"embeddable":true,"href":"https:\/\/2024.festivalenescu.ro\/ro\/wp-json\/wp\/v2\/comments?post=2284"}],"version-history":[{"count":5,"href":"https:\/\/2024.festivalenescu.ro\/ro\/wp-json\/wp\/v2\/pages\/2284\/revisions"}],"predecessor-version":[{"id":3726,"href":"https:\/\/2024.festivalenescu.ro\/ro\/wp-json\/wp\/v2\/pages\/2284\/revisions\/3726"}],"wp:featuredmedia":[{"embeddable":true,"href":"https:\/\/2024.festivalenescu.ro\/ro\/wp-json\/wp\/v2\/media\/1480"}],"wp:attachment":[{"href":"https:\/\/2024.festivalenescu.ro\/ro\/wp-json\/wp\/v2\/media?parent=2284"}],"curies":[{"name":"wp","href":"https:\/\/api.w.org\/{rel}","templated":true}]}}