{"id":2505,"date":"2024-01-25T19:37:26","date_gmt":"2024-01-25T17:37:26","guid":{"rendered":"https:\/\/concurs.festivalenescu.ro\/laureati-concursul-enescu\/cello-section\/"},"modified":"2024-07-03T20:02:06","modified_gmt":"2024-07-03T17:02:06","slug":"laureati-violoncel","status":"publish","type":"page","link":"https:\/\/2024.festivalenescu.ro\/ro\/laureati-concursul-enescu\/laureati-violoncel\/","title":{"rendered":"Laurea\u021bi sec\u021biunea Violoncel"},"content":{"rendered":"<section class=\"l-section wpb_row height_small\"><div class=\"l-section-h i-cf\"><div class=\"g-cols vc_row via_flex valign_top type_default stacking_default\"><div class=\"vc_col-sm-12 wpb_column vc_column_container\"><div class=\"vc_column-inner\"><div class=\"wpb_wrapper\"><\/div><\/div><\/div><\/div><\/div><\/section><section class=\"l-section wpb_row altrows height_medium\"><div class=\"l-section-h i-cf\"><div class=\"g-cols vc_row via_flex valign_top type_default stacking_default\"><div class=\"vc_col-sm-1\/5 wpb_column vc_column_container\"><div class=\"vc_column-inner us_custom_d2080a92\"><div class=\"wpb_wrapper\"><h2 class=\"w-text us_custom_2682162b\"><span class=\"w-text-h\"><span class=\"w-text-value\">2022<\/span><\/span><\/h2><\/div><\/div><\/div><div class=\"vc_col-sm-4\/5 wpb_column vc_column_container\"><div class=\"vc_column-inner\"><div class=\"wpb_wrapper\"><div class=\"g-cols wpb_row via_flex valign_top type_default stacking_default\"><div class=\"vc_col-sm-3 wpb_column vc_column_container\"><div class=\"vc_column-inner\"><div class=\"wpb_wrapper\"><h5 class=\"w-text us_custom_9de87d4e\"><span class=\"w-text-h\"><span class=\"w-text-value\">Premiul I<\/span><\/span><\/h5><div class=\"wpb_text_column\"><div class=\"wpb_wrapper\"><p><strong>Benjamin Kruithof<\/strong><br \/>\nLuxemburg<\/p>\n<\/div><\/div><\/div><\/div><\/div><div class=\"vc_col-sm-3 wpb_column vc_column_container\"><div class=\"vc_column-inner\"><div class=\"wpb_wrapper\"><h5 class=\"w-text us_custom_064d3121\"><span class=\"w-text-h\"><span class=\"w-text-value\">Premiul II<\/span><\/span><\/h5><div class=\"wpb_text_column\"><div class=\"wpb_wrapper\"><p><strong>Constantin Borodin<\/strong><br \/>\nRepublica Moldova\/Rom\u00e2nia<\/p>\n<\/div><\/div><\/div><\/div><\/div><div class=\"vc_col-sm-3 wpb_column vc_column_container\"><div class=\"vc_column-inner\"><div class=\"wpb_wrapper\"><h5 class=\"w-text\"><span class=\"w-text-h\"><span class=\"w-text-value\">Premiul III<\/span><\/span><\/h5><div class=\"wpb_text_column\"><div class=\"wpb_wrapper\"><p><strong>Constantin Siepermann<\/strong><br \/>\nGermania<\/p>\n<\/div><\/div><\/div><\/div><\/div><div class=\"vc_col-sm-3 wpb_column vc_column_container\"><div class=\"vc_column-inner\"><div class=\"wpb_wrapper\"><h5 class=\"w-text us_custom_ea3232cf\"><span class=\"w-text-h\"><span class=\"w-text-value\">Corepetitori str\u0103ini<\/span><\/span><\/h5><div class=\"wpb_text_column\"><div class=\"wpb_wrapper\"><p><strong>Claudio Berra <\/strong><br \/>\nItalia<\/p>\n<\/div><\/div><\/div><\/div><\/div><\/div><\/div><\/div><\/div><\/div><\/div><\/section><section class=\"l-section wpb_row altrows height_medium\"><div class=\"l-section-h i-cf\"><div class=\"g-cols vc_row via_flex valign_top type_default stacking_default\"><div class=\"vc_col-sm-1\/5 wpb_column vc_column_container\"><div class=\"vc_column-inner us_custom_d2080a92\"><div class=\"wpb_wrapper\"><h2 class=\"w-text us_custom_2682162b nobr\"><span class=\"w-text-h\"><span class=\"w-text-value\">2020 \/<br \/>\n2021<\/span><\/span><\/h2><\/div><\/div><\/div><div class=\"vc_col-sm-4\/5 wpb_column vc_column_container\"><div class=\"vc_column-inner\"><div class=\"wpb_wrapper\"><div class=\"g-cols wpb_row via_flex valign_top type_default stacking_default\"><div class=\"vc_col-sm-3 wpb_column vc_column_container\"><div class=\"vc_column-inner\"><div class=\"wpb_wrapper\"><h5 class=\"w-text us_custom_9de87d4e\"><span class=\"w-text-h\"><span class=\"w-text-value\">Premiul I<\/span><\/span><\/h5><div class=\"wpb_text_column\"><div class=\"wpb_wrapper\"><p><strong>Jaemin Han<\/strong><br \/>\nCoreea de Sud<\/p>\n<\/div><\/div><\/div><\/div><\/div><div class=\"vc_col-sm-3 wpb_column vc_column_container\"><div class=\"vc_column-inner\"><div class=\"wpb_wrapper\"><h5 class=\"w-text us_custom_064d3121\"><span class=\"w-text-h\"><span class=\"w-text-value\">Premiul II<\/span><\/span><\/h5><div class=\"wpb_text_column\"><div class=\"wpb_wrapper\"><p><strong>Sebastian Fritsch<\/strong><br \/>\nGermania<\/p>\n<\/div><\/div><\/div><\/div><\/div><div class=\"vc_col-sm-3 wpb_column vc_column_container\"><div class=\"vc_column-inner\"><div class=\"wpb_wrapper\"><h5 class=\"w-text\"><span class=\"w-text-h\"><span class=\"w-text-value\">Premiul III<\/span><\/span><\/h5><div class=\"wpb_text_column\"><div class=\"wpb_wrapper\"><p><strong>\u015etefan Cazacu<\/strong><br \/>\nRom\u00e2nia<\/p>\n<\/div><\/div><\/div><\/div><\/div><div class=\"vc_col-sm-3 wpb_column vc_column_container\"><div class=\"vc_column-inner\"><div class=\"wpb_wrapper\"><h5 class=\"w-text us_custom_ea3232cf\"><span class=\"w-text-h\"><span class=\"w-text-value\">Corepetitori str\u0103ini<\/span><\/span><\/h5><div class=\"wpb_text_column\"><div class=\"wpb_wrapper\"><p><strong>Naoko Sonda<\/strong><br \/>\nJaponia<\/p>\n<\/div><\/div><\/div><\/div><\/div><\/div><\/div><\/div><\/div><\/div><\/div><\/section><section class=\"l-section wpb_row altrows height_medium\"><div class=\"l-section-h i-cf\"><div class=\"g-cols vc_row via_flex valign_top type_default stacking_default\"><div class=\"vc_col-sm-1\/5 wpb_column vc_column_container\"><div class=\"vc_column-inner us_custom_d2080a92\"><div class=\"wpb_wrapper\"><h2 class=\"w-text us_custom_2682162b\"><span class=\"w-text-h\"><span class=\"w-text-value\">2018<\/span><\/span><\/h2><\/div><\/div><\/div><div class=\"vc_col-sm-4\/5 wpb_column vc_column_container\"><div class=\"vc_column-inner\"><div class=\"wpb_wrapper\"><div class=\"g-cols wpb_row via_flex valign_top type_default stacking_default\"><div class=\"vc_col-sm-3 wpb_column vc_column_container\"><div class=\"vc_column-inner\"><div class=\"wpb_wrapper\"><h5 class=\"w-text us_custom_9de87d4e\"><span class=\"w-text-h\"><span class=\"w-text-value\">Premiul I<\/span><\/span><\/h5><div class=\"wpb_text_column\"><div class=\"wpb_wrapper\"><p><strong>Marcel Johannes Kits<\/strong><br \/>\nEstonia<\/p>\n<\/div><\/div><\/div><\/div><\/div><div class=\"vc_col-sm-3 wpb_column vc_column_container\"><div class=\"vc_column-inner\"><div class=\"wpb_wrapper\"><h5 class=\"w-text us_custom_064d3121\"><span class=\"w-text-h\"><span class=\"w-text-value\">Premiul II<\/span><\/span><\/h5><div class=\"wpb_text_column\"><div class=\"wpb_wrapper\"><p><strong>Yibai Chen<\/strong><br \/>\nChina<\/p>\n<\/div><\/div><\/div><\/div><\/div><div class=\"vc_col-sm-3 wpb_column vc_column_container\"><div class=\"vc_column-inner\"><div class=\"wpb_wrapper\"><h5 class=\"w-text\"><span class=\"w-text-h\"><span class=\"w-text-value\">Premiul III<\/span><\/span><\/h5><div class=\"wpb_text_column\"><div class=\"wpb_wrapper\"><p><strong>Stanislas Kim <\/strong><br \/>\nFran\u021ba<\/p>\n<\/div><\/div><\/div><\/div><\/div><div class=\"vc_col-sm-3 wpb_column vc_column_container\"><div class=\"vc_column-inner\"><div class=\"wpb_wrapper\"><h5 class=\"w-text us_custom_9eee4631\"><span class=\"w-text-h\"><span class=\"w-text-value\">Premiul IV<\/span><\/span><\/h5><div class=\"wpb_text_column\"><div class=\"wpb_wrapper\"><p><strong>Shizuka Mitsui<\/strong><br \/>\nJaponia<\/p>\n<\/div><\/div><\/div><\/div><\/div><\/div><div class=\"g-cols wpb_row via_flex valign_top type_default stacking_default\"><div class=\"vc_col-sm-3 wpb_column vc_column_container\"><div class=\"vc_column-inner\"><div class=\"wpb_wrapper\"><h5 class=\"w-text us_custom_9eee4631\"><span class=\"w-text-h\"><span class=\"w-text-value\">Corepetitori str\u0103ini<\/span><\/span><\/h5><div class=\"wpb_text_column\"><div class=\"wpb_wrapper\"><p><strong>Yu Nitahara<\/strong><br \/>\nJaponia<\/p>\n<\/div><\/div><\/div><\/div><\/div><div class=\"vc_col-sm-3 wpb_column vc_column_container\"><div class=\"vc_column-inner\"><div class=\"wpb_wrapper\"><\/div><\/div><\/div><div class=\"vc_col-sm-3 wpb_column vc_column_container\"><div class=\"vc_column-inner\"><div class=\"wpb_wrapper\"><\/div><\/div><\/div><div class=\"vc_col-sm-3 wpb_column vc_column_container\"><div class=\"vc_column-inner\"><div class=\"wpb_wrapper\"><\/div><\/div><\/div><\/div><\/div><\/div><\/div><\/div><\/div><\/section><section class=\"l-section wpb_row altrows height_medium\"><div class=\"l-section-h i-cf\"><div class=\"g-cols vc_row via_flex valign_top type_default stacking_default\"><div class=\"vc_col-sm-1\/5 wpb_column vc_column_container\"><div class=\"vc_column-inner us_custom_d2080a92\"><div class=\"wpb_wrapper\"><h2 class=\"w-text us_custom_2682162b\"><span class=\"w-text-h\"><span class=\"w-text-value\">2016<\/span><\/span><\/h2><\/div><\/div><\/div><div class=\"vc_col-sm-4\/5 wpb_column vc_column_container\"><div class=\"vc_column-inner\"><div class=\"wpb_wrapper\"><div class=\"g-cols wpb_row via_flex valign_top type_default stacking_default\"><div class=\"vc_col-sm-3 wpb_column vc_column_container\"><div class=\"vc_column-inner\"><div class=\"wpb_wrapper\"><h5 class=\"w-text us_custom_9de87d4e\"><span class=\"w-text-h\"><span class=\"w-text-value\">Premiul I<\/span><\/span><\/h5><div class=\"wpb_text_column\"><div class=\"wpb_wrapper\"><p><strong>Zlatomir Fung<\/strong><br \/>\nBulgaria\/China<\/p>\n<\/div><\/div><\/div><\/div><\/div><div class=\"vc_col-sm-3 wpb_column vc_column_container\"><div class=\"vc_column-inner\"><div class=\"wpb_wrapper\"><h5 class=\"w-text us_custom_064d3121\"><span class=\"w-text-h\"><span class=\"w-text-value\">Premiul II<\/span><\/span><\/h5><div class=\"wpb_text_column\"><div class=\"wpb_wrapper\"><p><strong>Anastasia Kobekina<\/strong><br \/>\nRusia<\/p>\n<\/div><\/div><\/div><\/div><\/div><div class=\"vc_col-sm-3 wpb_column vc_column_container\"><div class=\"vc_column-inner\"><div class=\"wpb_wrapper\"><h5 class=\"w-text\"><span class=\"w-text-h\"><span class=\"w-text-value\">Premiul III<\/span><\/span><\/h5><div class=\"wpb_text_column\"><div class=\"wpb_wrapper\"><p><strong>Mon Puo-Lee<\/strong><br \/>\nSpania<\/p>\n<\/div><\/div><\/div><\/div><\/div><div class=\"vc_col-sm-3 wpb_column vc_column_container\"><div class=\"vc_column-inner\"><div class=\"wpb_wrapper\"><h5 class=\"w-text us_custom_ea3232cf\"><span class=\"w-text-h\"><span class=\"w-text-value\">Corepetitori str\u0103ini<\/span><\/span><\/h5><div class=\"wpb_text_column\"><div class=\"wpb_wrapper\"><p><strong>Han-Wen Jennifer Yu<\/strong><br \/>\nTaiwan<\/p>\n<\/div><\/div><\/div><\/div><\/div><\/div><\/div><\/div><\/div><\/div><\/div><\/section><section class=\"l-section wpb_row altrows height_medium\"><div class=\"l-section-h i-cf\"><div class=\"g-cols vc_row via_flex valign_top type_default stacking_default\"><div class=\"vc_col-sm-1\/5 wpb_column vc_column_container\"><div class=\"vc_column-inner us_custom_d2080a92\"><div class=\"wpb_wrapper\"><h2 class=\"w-text us_custom_2682162b\"><span class=\"w-text-h\"><span class=\"w-text-value\">2014<\/span><\/span><\/h2><\/div><\/div><\/div><div class=\"vc_col-sm-4\/5 wpb_column vc_column_container\"><div class=\"vc_column-inner\"><div class=\"wpb_wrapper\"><div class=\"g-cols wpb_row via_flex valign_top type_default stacking_default\"><div class=\"vc_col-sm-3 wpb_column vc_column_container\"><div class=\"vc_column-inner\"><div class=\"wpb_wrapper\"><h5 class=\"w-text us_custom_9de87d4e\"><span class=\"w-text-h\"><span class=\"w-text-value\">Premiul I<\/span><\/span><\/h5><div class=\"wpb_text_column\"><div class=\"wpb_wrapper\"><p><strong>Eun-Sun Hong<\/strong><br \/>\nCoreea de Sud<\/p>\n<\/div><\/div><\/div><\/div><\/div><div class=\"vc_col-sm-3 wpb_column vc_column_container\"><div class=\"vc_column-inner\"><div class=\"wpb_wrapper\"><h5 class=\"w-text us_custom_064d3121\"><span class=\"w-text-h\"><span class=\"w-text-value\">Premiul II<\/span><\/span><\/h5><div class=\"wpb_text_column\"><div class=\"wpb_wrapper\"><p><strong>Tony Rymer<\/strong><br \/>\nSUA<\/p>\n<\/div><\/div><\/div><\/div><\/div><div class=\"vc_col-sm-3 wpb_column vc_column_container\"><div class=\"vc_column-inner\"><div class=\"wpb_wrapper\"><h5 class=\"w-text\"><span class=\"w-text-h\"><span class=\"w-text-value\">Premiul III<\/span><\/span><\/h5><div class=\"wpb_text_column\"><div class=\"wpb_wrapper\"><p><strong>Sarah Rommel<\/strong><br \/>\nSUA<\/p>\n<\/div><\/div><\/div><\/div><\/div><div class=\"vc_col-sm-3 wpb_column vc_column_container\"><div class=\"vc_column-inner\"><div class=\"wpb_wrapper\"><h5 class=\"w-text us_custom_ea3232cf\"><span class=\"w-text-h\"><span class=\"w-text-value\">Corepetitori str\u0103ini<\/span><\/span><\/h5><div class=\"wpb_text_column\"><div class=\"wpb_wrapper\"><p><strong>Nikolaj Gerassimez<\/strong><br \/>\nGermania<\/p>\n<\/div><\/div><\/div><\/div><\/div><\/div><\/div><\/div><\/div><\/div><\/div><\/section><section class=\"l-section wpb_row altrows height_medium\"><div class=\"l-section-h i-cf\"><div class=\"g-cols vc_row via_flex valign_top type_default stacking_default\"><div class=\"vc_col-sm-1\/5 wpb_column vc_column_container\"><div class=\"vc_column-inner us_custom_d2080a92\"><div class=\"wpb_wrapper\"><h2 class=\"w-text us_custom_2682162b\"><span class=\"w-text-h\"><span class=\"w-text-value\">2011<\/span><\/span><\/h2><\/div><\/div><\/div><div class=\"vc_col-sm-4\/5 wpb_column vc_column_container\"><div class=\"vc_column-inner\"><div class=\"wpb_wrapper\"><div class=\"g-cols wpb_row via_flex valign_top type_default stacking_default\"><div class=\"vc_col-sm-3 wpb_column vc_column_container\"><div class=\"vc_column-inner\"><div class=\"wpb_wrapper\"><h5 class=\"w-text us_custom_9de87d4e\"><span class=\"w-text-h\"><span class=\"w-text-value\">Premiul I<\/span><\/span><\/h5><div class=\"wpb_text_column\"><div class=\"wpb_wrapper\"><p><strong>Tian Bonian<\/strong><br \/>\nChina<\/p>\n<\/div><\/div><\/div><\/div><\/div><div class=\"vc_col-sm-3 wpb_column vc_column_container\"><div class=\"vc_column-inner\"><div class=\"wpb_wrapper\"><h5 class=\"w-text us_custom_064d3121\"><span class=\"w-text-h\"><span class=\"w-text-value\">Premiul II<\/span><\/span><\/h5><div class=\"wpb_text_column\"><div class=\"wpb_wrapper\"><p><strong>Valentin R\u0103du\u021biu<\/strong><br \/>\nRom\u00e2nia<\/p>\n<\/div><\/div><\/div><\/div><\/div><div class=\"vc_col-sm-3 wpb_column vc_column_container\"><div class=\"vc_column-inner\"><div class=\"wpb_wrapper\"><h5 class=\"w-text\"><span class=\"w-text-h\"><span class=\"w-text-value\">Premiul III<\/span><\/span><\/h5><div class=\"wpb_text_column\"><div class=\"wpb_wrapper\"><p><strong>Michal Korman<\/strong><br \/>\nIsrael<\/p>\n<\/div><\/div><\/div><\/div><\/div><div class=\"vc_col-sm-3 wpb_column vc_column_container\"><div class=\"vc_column-inner\"><div class=\"wpb_wrapper\"><\/div><\/div><\/div><\/div><\/div><\/div><\/div><\/div><\/div><\/section>\n","protected":false},"excerpt":{"rendered":"2022Premiul IBenjamin Kruithof Luxemburg Premiul IIConstantin Borodin Republica Moldova\/Rom\u00e2nia Premiul IIIConstantin Siepermann Germania Corepetitori str\u0103iniClaudio Berra Italia 2020 \/ 2021Premiul IJaemin Han Coreea de Sud Premiul IISebastian Fritsch Germania Premiul III\u015etefan Cazacu Rom\u00e2nia Corepetitori str\u0103iniNaoko Sonda Japonia 2018Premiul IMarcel Johannes Kits Estonia Premiul IIYibai Chen China Premiul IIIStanislas Kim Fran\u021ba Premiul IVShizuka Mitsui Japonia Corepetitori...","protected":false},"author":2,"featured_media":0,"parent":798,"menu_order":0,"comment_status":"closed","ping_status":"closed","template":"","meta":{"footnotes":""},"class_list":["post-2505","page","type-page","status-publish","hentry"],"_links":{"self":[{"href":"https:\/\/2024.festivalenescu.ro\/ro\/wp-json\/wp\/v2\/pages\/2505","targetHints":{"allow":["GET"]}}],"collection":[{"href":"https:\/\/2024.festivalenescu.ro\/ro\/wp-json\/wp\/v2\/pages"}],"about":[{"href":"https:\/\/2024.festivalenescu.ro\/ro\/wp-json\/wp\/v2\/types\/page"}],"author":[{"embeddable":true,"href":"https:\/\/2024.festivalenescu.ro\/ro\/wp-json\/wp\/v2\/users\/2"}],"replies":[{"embeddable":true,"href":"https:\/\/2024.festivalenescu.ro\/ro\/wp-json\/wp\/v2\/comments?post=2505"}],"version-history":[{"count":3,"href":"https:\/\/2024.festivalenescu.ro\/ro\/wp-json\/wp\/v2\/pages\/2505\/revisions"}],"predecessor-version":[{"id":2708,"href":"https:\/\/2024.festivalenescu.ro\/ro\/wp-json\/wp\/v2\/pages\/2505\/revisions\/2708"}],"up":[{"embeddable":true,"href":"https:\/\/2024.festivalenescu.ro\/ro\/wp-json\/wp\/v2\/pages\/798"}],"wp:attachment":[{"href":"https:\/\/2024.festivalenescu.ro\/ro\/wp-json\/wp\/v2\/media?parent=2505"}],"curies":[{"name":"wp","href":"https:\/\/api.w.org\/{rel}","templated":true}]}}