{"id":2657,"date":"2024-06-28T14:50:01","date_gmt":"2024-06-28T11:50:01","guid":{"rendered":"https:\/\/concurs.festivalenescu.ro\/first-round-participation-order\/"},"modified":"2024-08-05T14:50:31","modified_gmt":"2024-08-05T11:50:31","slug":"ordinea-participarii-in-prima-runda","status":"publish","type":"page","link":"https:\/\/2024.festivalenescu.ro\/ro\/ordinea-participarii-in-prima-runda\/","title":{"rendered":"Ordinea particip\u0103rii \u00een prima rund\u0103"},"content":{"rendered":"<section class=\"l-section wpb_row height_medium\"><div class=\"l-section-h i-cf\"><div class=\"g-cols vc_row via_flex valign_top type_default stacking_default\"><div class=\"vc_col-sm-12 wpb_column vc_column_container\"><div class=\"vc_column-inner\"><div class=\"wpb_wrapper\"><div class=\"wpb_text_column\"><div class=\"wpb_wrapper\"><h3>Aceasta este ordinea \u00een care muzicienii vor participa \u00een prima rund\u0103 a sec\u021biunii de violoncel.<\/h3>\n<\/div><\/div><\/div><\/div><\/div><\/div><\/div><\/section><section class=\"l-section wpb_row height_medium\"><div class=\"l-section-h i-cf\"><div class=\"g-cols vc_row via_flex valign_top type_default stacking_default\"><div class=\"vc_col-sm-4 wpb_column vc_column_container\"><div class=\"vc_column-inner\"><div class=\"wpb_wrapper\"><div class=\"wpb_text_column\"><div class=\"wpb_wrapper\"><h5>Prima zi (1 septembrie)<\/h5>\n<\/div><\/div><div class=\"w-separator size_small\"><\/div><div class=\"wpb_text_column\"><div class=\"wpb_wrapper\"><table dir=\"ltr\" border=\"1\" cellspacing=\"0\" cellpadding=\"0\" data-sheets-root=\"1\" data-sheets-baot=\"1\">\n<colgroup>\n<col width=\"100\" \/>\n<col width=\"351\" \/><\/colgroup>\n<tbody>\n<tr>\n<td>1<\/td>\n<td>Serena Fantini (Italy)<\/td>\n<\/tr>\n<tr>\n<td>2<\/td>\n<td>Horatiu Ludusan (Romania)<\/td>\n<\/tr>\n<tr>\n<td>3<\/td>\n<td>Chanheung Min (South Korea)<\/td>\n<\/tr>\n<tr>\n<td>4<\/td>\n<td>Seohyun Kang (South Korea)<\/td>\n<\/tr>\n<tr>\n<td>5<\/td>\n<td>Haddon Kay (United States)<\/td>\n<\/tr>\n<tr>\n<td>6<\/td>\n<td>\u00c1lvaro Lozano Cames (Spain)<\/td>\n<\/tr>\n<tr>\n<td>7<\/td>\n<td>Yuchan Lee (South Korea)<\/td>\n<\/tr>\n<tr>\n<td>8<\/td>\n<td>Seungyeon Baik (South Korea)<\/td>\n<\/tr>\n<tr>\n<td>9<\/td>\n<td>Yenah Sung (South Korea)<\/td>\n<\/tr>\n<tr>\n<td>10<\/td>\n<td>Alexandra Kahrer (Austria)<\/td>\n<\/tr>\n<tr>\n<td>11<\/td>\n<td>Yo Kitamura (Japan)<\/td>\n<\/tr>\n<tr>\n<td>12<\/td>\n<td>Seyeon Jung (South Korea)<\/td>\n<\/tr>\n<tr>\n<td>13<\/td>\n<td>Sarah Moser (Austria)<\/td>\n<\/tr>\n<tr>\n<td>14<\/td>\n<td>Cyprien Keiser (Luxembourg)<\/td>\n<\/tr>\n<\/tbody>\n<\/table>\n<\/div><\/div><\/div><\/div><\/div><div class=\"vc_col-sm-4 wpb_column vc_column_container\"><div class=\"vc_column-inner\"><div class=\"wpb_wrapper\"><div class=\"wpb_text_column\"><div class=\"wpb_wrapper\"><h5>A doua zi (2 septembrie)<\/h5>\n<\/div><\/div><div class=\"w-separator size_small\"><\/div><div class=\"wpb_text_column\"><div class=\"wpb_wrapper\"><table dir=\"ltr\" border=\"1\" cellspacing=\"0\" cellpadding=\"0\" data-sheets-root=\"1\" data-sheets-baot=\"1\">\n<colgroup>\n<col width=\"100\" \/>\n<col width=\"351\" \/><\/colgroup>\n<tbody>\n<tr>\n<td>15<\/td>\n<td>Jean-Baptiste Maizi\u00e8res (France)<\/td>\n<\/tr>\n<tr>\n<td>16<\/td>\n<td>Cornelius Zirbo (Romania)<\/td>\n<\/tr>\n<tr>\n<td>17<\/td>\n<td>Yung-Tzu Wang (Taiwan)<\/td>\n<\/tr>\n<tr>\n<td>18<\/td>\n<td>Xuanhan Xu (China)<\/td>\n<\/tr>\n<tr>\n<td>19<\/td>\n<td>Michael Wehrmeyer (Germany)<\/td>\n<\/tr>\n<tr>\n<td>20<\/td>\n<td>Jaehyun Kim (South Korea)<\/td>\n<\/tr>\n<tr>\n<td>21<\/td>\n<td>Jiayi Liu (China)<\/td>\n<\/tr>\n<tr>\n<td>22<\/td>\n<td>Sul Yoon (South Korea)<\/td>\n<\/tr>\n<tr>\n<td>23<\/td>\n<td>Ziyang Zhao (China)<\/td>\n<\/tr>\n<tr>\n<td>24<\/td>\n<td>Jeri Lee (South Korea)<\/td>\n<\/tr>\n<tr>\n<td>25<\/td>\n<td>Geunyup Lee (South Korea)<\/td>\n<\/tr>\n<tr>\n<td>26<\/td>\n<td>Ettore Pagano (Italy)<\/td>\n<\/tr>\n<tr>\n<td>27<\/td>\n<td>Dong Nyouk Kim (South Korea)<\/td>\n<\/tr>\n<tr>\n<td>28<\/td>\n<td>Eva Arderius (Spain)<\/td>\n<\/tr>\n<tr>\n<td>29<\/td>\n<td>Ilia Iashin (Russia)<\/td>\n<\/tr>\n<\/tbody>\n<\/table>\n<\/div><\/div><\/div><\/div><\/div><div class=\"vc_col-sm-4 wpb_column vc_column_container\"><div class=\"vc_column-inner\"><div class=\"wpb_wrapper\"><div class=\"wpb_text_column\"><div class=\"wpb_wrapper\"><h5>A treia zi (3 septembrie)<\/h5>\n<\/div><\/div><div class=\"w-separator size_small\"><\/div><div class=\"wpb_text_column\"><div class=\"wpb_wrapper\"><table dir=\"ltr\" border=\"1\" cellspacing=\"0\" cellpadding=\"0\" data-sheets-root=\"1\" data-sheets-baot=\"1\">\n<colgroup>\n<col width=\"100\" \/>\n<col width=\"351\" \/><\/colgroup>\n<tbody>\n<tr>\n<td>30<\/td>\n<td>Vasily Stepanov (Russia)<\/td>\n<\/tr>\n<tr>\n<td>31<\/td>\n<td>Florian Pons (France)<\/td>\n<\/tr>\n<tr>\n<td>32<\/td>\n<td>Michael Song (Canada)<\/td>\n<\/tr>\n<tr>\n<td>33<\/td>\n<td>Jae Seung Lee (South Korea)<\/td>\n<\/tr>\n<tr>\n<td>34<\/td>\n<td>Jan Sekaci (Romania)<\/td>\n<\/tr>\n<tr>\n<td>35<\/td>\n<td>Jia-Hua Chu (Taiwan)<\/td>\n<\/tr>\n<tr>\n<td>36<\/td>\n<td>Shun-Ming Yang (Taiwan)<\/td>\n<\/tr>\n<tr>\n<td>37<\/td>\n<td>Vesper Park (South Korea)<\/td>\n<\/tr>\n<tr>\n<td>38<\/td>\n<td>Sara \u010cano (Slovenia)<\/td>\n<\/tr>\n<tr>\n<td>39<\/td>\n<td>Sho Nishida (Japan)<\/td>\n<\/tr>\n<tr>\n<td>40<\/td>\n<td>Jizheng Fang (China)<\/td>\n<\/tr>\n<tr>\n<td>41<\/td>\n<td>Vladimir Todea (Sweden)<\/td>\n<\/tr>\n<tr>\n<td>42<\/td>\n<td>Hun Choi (South Korea)<\/td>\n<\/tr>\n<tr>\n<td>43<\/td>\n<td>Austin Topper (United States)<\/td>\n<\/tr>\n<tr>\n<td>44<\/td>\n<td>Alex Lau (Hong Kong)<\/td>\n<\/tr>\n<\/tbody>\n<\/table>\n<\/div><\/div><\/div><\/div><\/div><\/div><\/div><\/section><section class=\"l-section wpb_row height_medium\"><div class=\"l-section-h i-cf\"><div class=\"g-cols vc_row via_flex valign_top type_default stacking_default\"><div class=\"vc_col-sm-12 wpb_column vc_column_container\"><div class=\"vc_column-inner\"><div class=\"wpb_wrapper\"><div class=\"wpb_text_column\"><div class=\"wpb_wrapper\"><h3>Aceasta este ordinea \u00een care muzicienii vor participa \u00een prima rund\u0103 a sec\u021biunii de vioar\u0103.<\/h3>\n<\/div><\/div><\/div><\/div><\/div><\/div><\/div><\/section><section class=\"l-section wpb_row height_medium\"><div class=\"l-section-h i-cf\"><div class=\"g-cols vc_row via_flex valign_top type_default stacking_default\"><div class=\"vc_col-sm-4 wpb_column vc_column_container\"><div class=\"vc_column-inner\"><div class=\"wpb_wrapper\"><div class=\"wpb_text_column\"><div class=\"wpb_wrapper\"><h5>Prima zi (7 septembrie)<\/h5>\n<\/div><\/div><div class=\"w-separator size_small\"><\/div><div class=\"wpb_text_column\"><div class=\"wpb_wrapper\"><table dir=\"ltr\" border=\"1\" cellspacing=\"0\" cellpadding=\"0\" data-sheets-root=\"1\" data-sheets-baot=\"1\">\n<colgroup>\n<col width=\"100\" \/>\n<col width=\"357\" \/><\/colgroup>\n<tbody>\n<tr>\n<td>1<\/td>\n<td>Ueno Yoichiro (Japan)<\/td>\n<\/tr>\n<tr>\n<td>2<\/td>\n<td>Luka Ispir (France)<\/td>\n<\/tr>\n<tr>\n<td>3<\/td>\n<td>Hirai Miu (Japan)<\/td>\n<\/tr>\n<tr>\n<td>4<\/td>\n<td>Kogan Daniel (Canada)<\/td>\n<\/tr>\n<tr>\n<td>5<\/td>\n<td>Yang Esther (South Korea)<\/td>\n<\/tr>\n<tr>\n<td>6<\/td>\n<td>Hyun Seo Kim (South Korea)<\/td>\n<\/tr>\n<tr>\n<td>7<\/td>\n<td>Redio Stoli (Austria)<\/td>\n<\/tr>\n<tr>\n<td>8<\/td>\n<td>Ko Donghwi (South Korea)<\/td>\n<\/tr>\n<tr>\n<td>9<\/td>\n<td>Kim Yubin (South Korea)<\/td>\n<\/tr>\n<tr>\n<td>10<\/td>\n<td>Lee Jiyoon (South Korea)<\/td>\n<\/tr>\n<tr>\n<td>11<\/td>\n<td>Darius Preuss (Germany)<\/td>\n<\/tr>\n<tr>\n<td>12<\/td>\n<td>Kang Yookyung (South Korea)<\/td>\n<\/tr>\n<tr>\n<td>13<\/td>\n<td>Roussine Alexis (France)<\/td>\n<\/tr>\n<tr>\n<td>14<\/td>\n<td>Blekh Leon (Belgium)<\/td>\n<\/tr>\n<tr>\n<td>15<\/td>\n<td>Matsuoka Seina (Japan)<\/td>\n<\/tr>\n<tr>\n<td>16<\/td>\n<td>Jinyoung Yoon (South Korea)<\/td>\n<\/tr>\n<\/tbody>\n<\/table>\n<\/div><\/div><\/div><\/div><\/div><div class=\"vc_col-sm-4 wpb_column vc_column_container\"><div class=\"vc_column-inner\"><div class=\"wpb_wrapper\"><div class=\"wpb_text_column\"><div class=\"wpb_wrapper\"><h5>A doua zi (8 septembrie)<\/h5>\n<\/div><\/div><div class=\"w-separator size_small\"><\/div><div class=\"wpb_text_column\"><div class=\"wpb_wrapper\"><table dir=\"ltr\" border=\"1\" cellspacing=\"0\" cellpadding=\"0\" data-sheets-root=\"1\" data-sheets-baot=\"1\">\n<colgroup>\n<col width=\"100\" \/>\n<col width=\"357\" \/><\/colgroup>\n<tbody>\n<tr>\n<td>17<\/td>\n<td>Karen Kido (Japan)<\/td>\n<\/tr>\n<tr>\n<td>18<\/td>\n<td>Ok Sunjae (South Korea)<\/td>\n<\/tr>\n<tr>\n<td>19<\/td>\n<td>Saito Aoi (Japan)<\/td>\n<\/tr>\n<tr>\n<td>20<\/td>\n<td>Marton Mira (Poland)<\/td>\n<\/tr>\n<tr>\n<td>21<\/td>\n<td>Lee Youngjoo (South Korea)<\/td>\n<\/tr>\n<tr>\n<td>22<\/td>\n<td>Morishita Masaki (Japan)<\/td>\n<\/tr>\n<tr>\n<td>23<\/td>\n<td>Margaryta Pochebut (Ukraine)<\/td>\n<\/tr>\n<tr>\n<td>24<\/td>\n<td>Yinan Zhao (China)<\/td>\n<\/tr>\n<tr>\n<td>25<\/td>\n<td>Wichert Maya (Germany)<\/td>\n<\/tr>\n<tr>\n<td>26<\/td>\n<td>Jeongmin An (South Korea)<\/td>\n<\/tr>\n<tr>\n<td>27<\/td>\n<td>Zaletel \u010cerno\u0161 Rok (Slovenia)<\/td>\n<\/tr>\n<tr>\n<td>28<\/td>\n<td>Kristina Georgieva (Germany)<\/td>\n<\/tr>\n<tr>\n<td>29<\/td>\n<td>Fan Hiu Sing (Germany)<\/td>\n<\/tr>\n<tr>\n<td>30<\/td>\n<td>Kikukawa Honoka (Japan)<\/td>\n<\/tr>\n<tr>\n<td>31<\/td>\n<td>Brooks Jordan (South Africa)<\/td>\n<\/tr>\n<\/tbody>\n<\/table>\n<\/div><\/div><\/div><\/div><\/div><div class=\"vc_col-sm-4 wpb_column vc_column_container\"><div class=\"vc_column-inner\"><div class=\"wpb_wrapper\"><div class=\"wpb_text_column\"><div class=\"wpb_wrapper\"><h5>A treia zi (9 septembrie)<\/h5>\n<\/div><\/div><div class=\"w-separator size_small\"><\/div><div class=\"wpb_text_column\"><div class=\"wpb_wrapper\"><table dir=\"ltr\" border=\"1\" cellspacing=\"0\" cellpadding=\"0\" data-sheets-root=\"1\" data-sheets-baot=\"1\">\n<colgroup>\n<col width=\"100\" \/>\n<col width=\"357\" \/><\/colgroup>\n<tbody>\n<tr>\n<td>32<\/td>\n<td>Abouzahra Amira (Germany)<\/td>\n<\/tr>\n<tr>\n<td>33<\/td>\n<td>Kimura Wakana (Japan)<\/td>\n<\/tr>\n<tr>\n<td>34<\/td>\n<td>Scialom Iris (France)<\/td>\n<\/tr>\n<tr>\n<td>35<\/td>\n<td>Lee Anna (United States)<\/td>\n<\/tr>\n<tr>\n<td>36<\/td>\n<td>SUNG CHI CHANG (Taiwan)<\/td>\n<\/tr>\n<tr>\n<td>37<\/td>\n<td>Hove Alena (United States)<\/td>\n<\/tr>\n<tr>\n<td>38<\/td>\n<td>C\u00e9cile Vonderwahl (Switzerland)<\/td>\n<\/tr>\n<tr>\n<td>39<\/td>\n<td>Haewon Yoon (South Korea)<\/td>\n<\/tr>\n<tr>\n<td>40<\/td>\n<td>Kang Seunghyun (South Korea)<\/td>\n<\/tr>\n<tr>\n<td>41<\/td>\n<td>Francesco Papa (Italy)<\/td>\n<\/tr>\n<tr>\n<td>42<\/td>\n<td>Hyeonjeong Lee (South Korea)<\/td>\n<\/tr>\n<tr>\n<td>43<\/td>\n<td>Kim Alexander Won-Ho (South Korea)<\/td>\n<\/tr>\n<tr>\n<td>44<\/td>\n<td>Wang Ruiyi (China)<\/td>\n<\/tr>\n<tr>\n<td>45<\/td>\n<td>Nakajima Mitsuki (Japan)<\/td>\n<\/tr>\n<tr>\n<td>46<\/td>\n<td>Kanagawa Mayumi (United States)<\/td>\n<\/tr>\n<tr>\n<td>47<\/td>\n<td>Ma Sarah Ying (United States)<\/td>\n<\/tr>\n<\/tbody>\n<\/table>\n<\/div><\/div><\/div><\/div><\/div><\/div><\/div><\/section><section class=\"l-section wpb_row height_medium\"><div class=\"l-section-h i-cf\"><div class=\"g-cols vc_row via_flex valign_top type_default stacking_default\"><div class=\"vc_col-sm-12 wpb_column vc_column_container\"><div class=\"vc_column-inner\"><div class=\"wpb_wrapper\"><div class=\"wpb_text_column\"><div class=\"wpb_wrapper\"><h3>Aceasta este ordinea \u00een care muzicienii vor participa \u00een prima rund\u0103 a sec\u021biunii de pian.<\/h3>\n<\/div><\/div><\/div><\/div><\/div><\/div><\/div><\/section><section class=\"l-section wpb_row height_medium\"><div class=\"l-section-h i-cf\"><div class=\"g-cols vc_row via_flex valign_top type_default stacking_default\"><div class=\"vc_col-sm-4 wpb_column vc_column_container\"><div class=\"vc_column-inner\"><div class=\"wpb_wrapper\"><div class=\"wpb_text_column\"><div class=\"wpb_wrapper\"><h5>Prima zi (13 septembrie)<\/h5>\n<\/div><\/div><div class=\"w-separator size_small\"><\/div><div class=\"wpb_text_column\"><div class=\"wpb_wrapper\"><table dir=\"ltr\" border=\"1\" cellspacing=\"0\" cellpadding=\"0\" data-sheets-root=\"1\" data-sheets-baot=\"1\">\n<colgroup>\n<col width=\"100\" \/>\n<col width=\"342\" \/><\/colgroup>\n<tbody>\n<tr>\n<td>1<\/td>\n<td>Zhou Noah (United Kingdom)<\/td>\n<\/tr>\n<tr>\n<td>2<\/td>\n<td>Shimozato Takeshi (Japan)<\/td>\n<\/tr>\n<tr>\n<td>3<\/td>\n<td>Kim Young Jae (Netherlands)<\/td>\n<\/tr>\n<tr>\n<td>4<\/td>\n<td>Ivanov Serafym (Germany)<\/td>\n<\/tr>\n<tr>\n<td>5<\/td>\n<td>Guarrera Giuseppe (Italy)<\/td>\n<\/tr>\n<tr>\n<td>6<\/td>\n<td>On Seokmin (United States)<\/td>\n<\/tr>\n<tr>\n<td>7<\/td>\n<td>Lee Jeyu (South Korea)<\/td>\n<\/tr>\n<tr>\n<td>8<\/td>\n<td>Tashko Kostandin (Albania)<\/td>\n<\/tr>\n<tr>\n<td>9<\/td>\n<td>Chen Yuxin (China)<\/td>\n<\/tr>\n<tr>\n<td>10<\/td>\n<td>Konnov Evgeny (Russia)<\/td>\n<\/tr>\n<tr>\n<td>11<\/td>\n<td>Jeong Ungyung (South Korea)<\/td>\n<\/tr>\n<tr>\n<td>12<\/td>\n<td>Lopatynskyi Roman (Ukraine)<\/td>\n<\/tr>\n<tr>\n<td>13<\/td>\n<td>Gegechkori Sandro (Georgia)<\/td>\n<\/tr>\n<tr>\n<td>14<\/td>\n<td>Chikalkina Victoria (Russia)<\/td>\n<\/tr>\n<tr>\n<td>15<\/td>\n<td>Wang Quanlin (China)<\/td>\n<\/tr>\n<tr>\n<td>16<\/td>\n<td>Cai Yangrui (China)<\/td>\n<\/tr>\n<\/tbody>\n<\/table>\n<\/div><\/div><\/div><\/div><\/div><div class=\"vc_col-sm-4 wpb_column vc_column_container\"><div class=\"vc_column-inner\"><div class=\"wpb_wrapper\"><div class=\"wpb_text_column\"><div class=\"wpb_wrapper\"><h5>A doua zi (14 septembrie)<\/h5>\n<\/div><\/div><div class=\"w-separator size_small\"><\/div><div class=\"wpb_text_column\"><div class=\"wpb_wrapper\"><table dir=\"ltr\" border=\"1\" cellspacing=\"0\" cellpadding=\"0\" data-sheets-root=\"1\" data-sheets-baot=\"1\">\n<colgroup>\n<col width=\"100\" \/>\n<col width=\"342\" \/><\/colgroup>\n<tbody>\n<tr>\n<td>17<\/td>\n<td>Kim Kang Tae (South Korea)<\/td>\n<\/tr>\n<tr>\n<td>18<\/td>\n<td>Yang Wanwan (China)<\/td>\n<\/tr>\n<tr>\n<td>19<\/td>\n<td>Zhonghua Wei (China)<\/td>\n<\/tr>\n<tr>\n<td>20<\/td>\n<td>Park Geunpyo (South Korea)<\/td>\n<\/tr>\n<tr>\n<td>21<\/td>\n<td>Dolya Timofey (Russia)<\/td>\n<\/tr>\n<tr>\n<td>22<\/td>\n<td>Ikebe Keiichiro (Japan)<\/td>\n<\/tr>\n<tr>\n<td>23<\/td>\n<td>Park Yeondong (South Korea)<\/td>\n<\/tr>\n<tr>\n<td>24<\/td>\n<td>Asaka MURAYAMA(Miyoshi) (Japan)<\/td>\n<\/tr>\n<tr>\n<td>25<\/td>\n<td>Doronin Alexander (Russia)<\/td>\n<\/tr>\n<tr>\n<td>26<\/td>\n<td>Zhang Junjie (China)<\/td>\n<\/tr>\n<tr>\n<td>27<\/td>\n<td>Jiwon Yang (South Korea)<\/td>\n<\/tr>\n<tr>\n<td>28<\/td>\n<td>Zhang Re (China)<\/td>\n<\/tr>\n<tr>\n<td>29<\/td>\n<td>Cutova Inya Maria (Romania)<\/td>\n<\/tr>\n<tr>\n<td>30<\/td>\n<td>Kim Song Hyeon (South Korea)<\/td>\n<\/tr>\n<tr>\n<td>31<\/td>\n<td>Chanyeon Jung (South Korea)<\/td>\n<\/tr>\n<tr>\n<td>32<\/td>\n<td>Abdiel Calvin (Germany)<\/td>\n<\/tr>\n<\/tbody>\n<\/table>\n<\/div><\/div><\/div><\/div><\/div><div class=\"vc_col-sm-4 wpb_column vc_column_container\"><div class=\"vc_column-inner\"><div class=\"wpb_wrapper\"><div class=\"wpb_text_column\"><div class=\"wpb_wrapper\"><h5>A treia zi (15 septembrie)<\/h5>\n<\/div><\/div><div class=\"w-separator size_small\"><\/div><div class=\"wpb_text_column\"><div class=\"wpb_wrapper\"><table dir=\"ltr\" border=\"1\" cellspacing=\"0\" cellpadding=\"0\" data-sheets-root=\"1\" data-sheets-baot=\"1\">\n<colgroup>\n<col width=\"100\" \/>\n<col width=\"342\" \/><\/colgroup>\n<tbody>\n<tr>\n<td>33<\/td>\n<td>Han Hee Jun (South Korea)<\/td>\n<\/tr>\n<tr>\n<td>34<\/td>\n<td>Chen Pingwang (Hong Kong)<\/td>\n<\/tr>\n<tr>\n<td>35<\/td>\n<td>Cazan Sebastian-Daniel (Romania)<\/td>\n<\/tr>\n<tr>\n<td>36<\/td>\n<td>Kim Sunah (South Korea)<\/td>\n<\/tr>\n<tr>\n<td>37<\/td>\n<td>Lin Yongjie (China)<\/td>\n<\/tr>\n<tr>\n<td>38<\/td>\n<td>Kim Ye-Eun (South Korea)<\/td>\n<\/tr>\n<tr>\n<td>39<\/td>\n<td>Li Junrong (China)<\/td>\n<\/tr>\n<tr>\n<td>40<\/td>\n<td>Kim Seunghui (South Korea)<\/td>\n<\/tr>\n<tr>\n<td>41<\/td>\n<td>Ezawa Shigetoshi (Japan)<\/td>\n<\/tr>\n<tr>\n<td>42<\/td>\n<td>Choi Young Sun (South Korea)<\/td>\n<\/tr>\n<tr>\n<td>43<\/td>\n<td>Stier Alexa (Romania)<\/td>\n<\/tr>\n<tr>\n<td>44<\/td>\n<td>Na Seung Hyuk (South Korea)<\/td>\n<\/tr>\n<tr>\n<td>45<\/td>\n<td>Dorokhova Tatiana (Russia)<\/td>\n<\/tr>\n<tr>\n<td>46<\/td>\n<td>Wu Boyang (China)<\/td>\n<\/tr>\n<tr>\n<td>47<\/td>\n<td>Wang Chong (Germany)<\/td>\n<\/tr>\n<tr>\n<td>48<\/td>\n<td>Cho Jae Hyeong (South Korea)<\/td>\n<\/tr>\n<\/tbody>\n<\/table>\n<\/div><\/div><\/div><\/div><\/div><\/div><\/div><\/section>\n","protected":false},"excerpt":{"rendered":"Aceasta este ordinea \u00een care muzicienii vor participa \u00een prima rund\u0103 a sec\u021biunii de violoncel. Prima zi (1 septembrie) 1 Serena Fantini (Italy) 2 Horatiu Ludusan (Romania) 3 Chanheung Min (South Korea) 4 Seohyun Kang (South Korea) 5 Haddon Kay (United States) 6 \u00c1lvaro Lozano Cames (Spain) 7 Yuchan Lee (South Korea) 8 Seungyeon Baik...","protected":false},"author":3,"featured_media":113,"parent":0,"menu_order":0,"comment_status":"closed","ping_status":"closed","template":"","meta":{"footnotes":""},"class_list":["post-2657","page","type-page","status-publish","has-post-thumbnail","hentry"],"_links":{"self":[{"href":"https:\/\/2024.festivalenescu.ro\/ro\/wp-json\/wp\/v2\/pages\/2657","targetHints":{"allow":["GET"]}}],"collection":[{"href":"https:\/\/2024.festivalenescu.ro\/ro\/wp-json\/wp\/v2\/pages"}],"about":[{"href":"https:\/\/2024.festivalenescu.ro\/ro\/wp-json\/wp\/v2\/types\/page"}],"author":[{"embeddable":true,"href":"https:\/\/2024.festivalenescu.ro\/ro\/wp-json\/wp\/v2\/users\/3"}],"replies":[{"embeddable":true,"href":"https:\/\/2024.festivalenescu.ro\/ro\/wp-json\/wp\/v2\/comments?post=2657"}],"version-history":[{"count":3,"href":"https:\/\/2024.festivalenescu.ro\/ro\/wp-json\/wp\/v2\/pages\/2657\/revisions"}],"predecessor-version":[{"id":2658,"href":"https:\/\/2024.festivalenescu.ro\/ro\/wp-json\/wp\/v2\/pages\/2657\/revisions\/2658"}],"wp:featuredmedia":[{"embeddable":true,"href":"https:\/\/2024.festivalenescu.ro\/ro\/wp-json\/wp\/v2\/media\/113"}],"wp:attachment":[{"href":"https:\/\/2024.festivalenescu.ro\/ro\/wp-json\/wp\/v2\/media?parent=2657"}],"curies":[{"name":"wp","href":"https:\/\/api.w.org\/{rel}","templated":true}]}}