{"id":2665,"date":"2024-05-28T12:14:36","date_gmt":"2024-05-28T09:14:36","guid":{"rendered":"https:\/\/concurs.festivalenescu.ro\/home\/welcome-to-bucharest\/"},"modified":"2024-08-28T15:40:19","modified_gmt":"2024-08-28T12:40:19","slug":"informatii-utile-participanti","status":"publish","type":"page","link":"https:\/\/2024.festivalenescu.ro\/ro\/home\/informatii-utile-participanti\/","title":{"rendered":"Informa\u021bii utile pentru participan\u021bi"},"content":{"rendered":"<section class=\"l-section wpb_row height_medium\"><div class=\"l-section-h i-cf\"><div class=\"g-cols vc_row via_flex valign_top type_default stacking_default\"><div class=\"vc_col-sm-12 wpb_column vc_column_container\"><div class=\"vc_column-inner\"><div class=\"wpb_wrapper\"><div class=\"wpb_text_column\"><div class=\"wpb_wrapper\"><h3>BUN VENIT LA BUCURE\u0218TI!<\/h3>\n<\/div><\/div><div class=\"w-separator size_small\"><\/div><div class=\"wpb_text_column\"><div class=\"wpb_wrapper\"><div class=\"flex-shrink-0 flex flex-col relative items-end\">\n<div>\n<div class=\"pt-0.5 juice:pt-0\">\n<div class=\"gizmo-bot-avatar flex h-6 w-6 items-center justify-center overflow-hidden rounded-full juice:h-8 juice:w-8\">\n<h4>CALENDARUL CONCURSULUI<\/h4>\n<h5 class=\"relative p-1 rounded-sm flex items-center justify-center bg-token-main-surface-primary text-token-text-primary h-8 w-8\">LEG\u0102TURI DE LA AEROPORT \u0218I TRANSPORT LOCAL<\/h5>\n<\/div>\n<\/div>\n<\/div>\n<\/div>\n<div class=\"group\/conversation-turn relative flex w-full min-w-0 flex-col agent-turn\">\n<div class=\"flex-col gap-1 md:gap-3\">\n<div class=\"flex flex-grow flex-col max-w-full\">\n<div class=\"min-h-&#091;20px&#093; text-message flex flex-col items-start whitespace-pre-wrap break-words &#091;.text-message+&amp;&#093;:mt-5 juice:w-full juice:items-end overflow-x-auto gap-2\" dir=\"auto\" data-message-author-role=\"assistant\" data-message-id=\"2730cc39-572d-47df-a92b-d8f872ed732c\">\n<div class=\"flex w-full flex-col gap-1 juice:empty:hidden juice:first:pt-&#091;3px&#093;\">\n<div class=\"markdown prose w-full break-words dark:prose-invert light\">\n<p>Iat\u0103 c\u00e2teva linkuri \u0219i informa\u021bii utile pentru a ajunge de la aeroport la hotel:<\/p>\n<ul>\n<li><strong>Aeroport:<\/strong> Aeroportul Interna\u021bional Henri Coand\u0103 Bucure\u0219ti (OTP)<\/li>\n<li><strong>Transport Public:<\/strong> Informa\u021bii despre autobuze \u0219i trenuri de la aeroport la hotel.<\/li>\n<li><strong>Servicii de ride sharing:<\/strong> Blue Romania, Uber, Bolt.<\/li>\n<li><strong>Aplica\u021bii de Transport:<\/strong> V\u0103 recomand\u0103m utilizarea Google Maps pentru a naviga \u00een ora\u0219. Sistemul de transport public din Bucure\u0219ti include autobuze, tramvaie \u0219i metrou, toate accept\u00e2nd pl\u0103\u021bi cu cardul direct.<\/li>\n<li><strong>Important:<\/strong> Dac\u0103 un participant are o dizabilitate care necesit\u0103 transport special \u0219i\/sau un asistent permanent, organizatorul va asigura transport local gratuit pe durata particip\u0103rii la Concurs. Participantul trebuie s\u0103 furnizeze aceste informa\u021bii \u0219i documentele justificative organizatorului dup\u0103 \u00eenscrierea \u00een Concurs, dar nu mai t\u00e2rziu de 30 iunie 2024.<\/li>\n<\/ul>\n<h4>CAZARE<\/h4>\n<p><strong>IBIS STYLES BUCHAREST CITY CENTER<\/strong><\/p>\n<p>Organizatorul asigur\u0103 camere de hotel care vor fi puse la dispozi\u021bia participan\u021bilor cu o zi \u00eenainte de \u00eenceperea Rondei I a fiec\u0103rei sec\u021biuni a Concursului Enescu \u00een care particip\u0103 \u0219i vor fi disponibile pe toat\u0103 durata particip\u0103rii active a acestora la Concurs.<\/p>\n<ul>\n<li><strong>Adres\u0103:<\/strong> Strada \u0218tirbei Vod\u0103 146, Sector 1, 010119 Bucure\u0219ti, Rom\u00e2nia<\/li>\n<li><strong>Telefon:<\/strong> +40 374 492 712<\/li>\n<li><strong>Website:<\/strong> <a target=\"_new\" rel=\"noreferrer noopener\">Ibis Styles Bucharest City Center<\/a><\/li>\n<li><strong>Check-in:<\/strong> La recep\u021bia hotelului, folosind un act de identitate.<\/li>\n<\/ul>\n<h4>LOCA\u021aIILE CONCURSULUI<\/h4>\n<p><strong>Sala George Enescu \u2013 Universitatea Na\u021bional\u0103 de Muzic\u0103 Bucure\u0219ti<\/strong><\/p>\n<ul>\n<li><strong>Adres\u0103:<\/strong> Strada \u0218tirbei Vod\u0103 33, Sector 1, 010102 Bucure\u0219ti, Rom\u00e2nia<\/li>\n<li><strong>Descriere:<\/strong> Primele dou\u0103 runde ale Concursului Enescu vor avea loc aici, unde ve\u021bi g\u0103si \u0219i s\u0103lile de repeti\u021bii.<\/li>\n<li><strong>Distan\u021b\u0103 de mers pe jos de la hotel:<\/strong> 9 minute (650 m)<\/li>\n<li><strong>Website:<\/strong> <a href=\"https:\/\/www.unmb.ro\/\" target=\"_new\" rel=\"noreferrer noopener\">Check the venue<\/a><\/li>\n<li><strong>Acces:<\/strong> Prin intrarea principal\u0103 a Universit\u0103\u021bii.<\/li>\n<\/ul>\n<p><strong>Ateneul Rom\u00e2n \u2013 Filarmonica George Enescu<\/strong><\/p>\n<ul>\n<li><strong>Adres\u0103:<\/strong> Strada Benjamin Franklin 1-3, Sector 1, 030167 Bucure\u0219ti, Rom\u00e2nia<\/li>\n<li><strong>Descriere:<\/strong> Semifinalele \u0219i rundele finale, precum \u0219i recitalurile \u0219i masterclass-ul de dirijat \u0219i interpretare, vor avea loc aici.<\/li>\n<li><strong>Distan\u021b\u0103 de mers pe jos de la hotel:<\/strong> 18 minute (1,3 km)<\/li>\n<li><strong>Website:<\/strong> <a href=\"https:\/\/www.fge.org.ro\/\" target=\"_new\" rel=\"noreferrer noopener\">Check the venue<\/a><\/li>\n<li><strong>Acces:<\/strong> Prin intrarea pentru arti\u0219ti, pe partea dreapt\u0103 a cl\u0103dirii.<\/li>\n<\/ul>\n<h4>FAQ<\/h4>\n<p><strong>Moned\u0103 \u0219i Metode de Plat\u0103:<\/strong> Majoritatea magazinelor accept\u0103 pl\u0103\u021bi cu cardul. Pentru pl\u0103\u021bi \u00een numerar, v\u0103 rug\u0103m s\u0103 folosi\u021bi doar Leul Rom\u00e2nesc (RON).<\/p>\n<p><strong>Vreme:<\/strong> \u00cen perioada concursului, Bucure\u0219tiul are de obicei vreme cald\u0103 \u0219i \u00eensorit\u0103, cu temperaturi diurne cuprinse \u00eentre 30-36 de grade Celsius \u0219i temperaturi nocturne \u00eentre 20-25 de grade Celsius. V\u0103 recomand\u0103m s\u0103 folosi\u021bi crem\u0103 de protec\u021bie solar\u0103 \u0219i s\u0103 v\u0103 hidrata\u021bi bine.<\/p>\n<p><strong>Limb\u0103:<\/strong> Limba na\u021bional\u0103 este rom\u00e2na, dar majoritatea oamenilor \u00een\u021beleg \u0219i vorbesc engleza.<\/p>\n<p><strong>Contacte de Urgen\u021b\u0103:<\/strong> V\u0103 rug\u0103m s\u0103 contacta\u021bi personalul Concursului Enescu \u00eenainte de a suna la num\u0103rul de urgen\u021b\u0103.<\/p>\n<ul>\n<li>Poli\u021bie, Ambulan\u021b\u0103, Pompieri: 112 (num\u0103r unic de urgen\u021b\u0103 european)<\/li>\n<li>Spitalul cel mai apropiat: Spitalul Clinic Sanador\n<ul>\n<li><strong>Adres\u0103:<\/strong> Strada Sevastopol 9, Bucure\u0219ti (18 minute de mers pe jos de la hotel, 1,2 km)<\/li>\n<li><strong>Telefon:<\/strong> 021 96 99<\/li>\n<\/ul>\n<\/li>\n<\/ul>\n<h4>MAGAZIN DE MUZIC\u0102<\/h4>\n<p><strong>Senia Music<\/strong><\/p>\n<ul>\n<li><strong>Adres\u0103:<\/strong> Strada Ion C\u00e2mpineanu 25, Bucure\u0219ti 010039<\/li>\n<li><strong>Contact:<\/strong> +40 733 108 275 \u2013 <a rel=\"noreferrer\">muzica@senia.ro<\/a><\/li>\n<li><strong>Website:<\/strong> <a href=\"https:\/\/www.senia.ro\" target=\"_new\" rel=\"noreferrer noopener\">Senia.ro<\/a><\/li>\n<\/ul>\n<\/div>\n<\/div>\n<\/div>\n<\/div>\n<\/div>\n<\/div>\n<\/div><\/div><\/div><\/div><\/div><\/div><\/div><\/section>\n","protected":false},"excerpt":{"rendered":"BUN VENIT LA BUCURE\u0218TI! CALENDARUL CONCURSULUI LEG\u0102TURI DE LA AEROPORT \u0218I TRANSPORT LOCAL Iat\u0103 c\u00e2teva linkuri \u0219i informa\u021bii utile pentru a ajunge de la aeroport la hotel: Aeroport: Aeroportul Interna\u021bional Henri Coand\u0103 Bucure\u0219ti (OTP) Transport Public: Informa\u021bii despre autobuze \u0219i trenuri de la aeroport la hotel. Servicii de ride sharing: Blue Romania, Uber, Bolt. Aplica\u021bii...","protected":false},"author":3,"featured_media":113,"parent":120,"menu_order":0,"comment_status":"closed","ping_status":"closed","template":"","meta":{"footnotes":""},"class_list":["post-2665","page","type-page","status-publish","has-post-thumbnail","hentry"],"_links":{"self":[{"href":"https:\/\/2024.festivalenescu.ro\/ro\/wp-json\/wp\/v2\/pages\/2665","targetHints":{"allow":["GET"]}}],"collection":[{"href":"https:\/\/2024.festivalenescu.ro\/ro\/wp-json\/wp\/v2\/pages"}],"about":[{"href":"https:\/\/2024.festivalenescu.ro\/ro\/wp-json\/wp\/v2\/types\/page"}],"author":[{"embeddable":true,"href":"https:\/\/2024.festivalenescu.ro\/ro\/wp-json\/wp\/v2\/users\/3"}],"replies":[{"embeddable":true,"href":"https:\/\/2024.festivalenescu.ro\/ro\/wp-json\/wp\/v2\/comments?post=2665"}],"version-history":[{"count":5,"href":"https:\/\/2024.festivalenescu.ro\/ro\/wp-json\/wp\/v2\/pages\/2665\/revisions"}],"predecessor-version":[{"id":4584,"href":"https:\/\/2024.festivalenescu.ro\/ro\/wp-json\/wp\/v2\/pages\/2665\/revisions\/4584"}],"up":[{"embeddable":true,"href":"https:\/\/2024.festivalenescu.ro\/ro\/wp-json\/wp\/v2\/pages\/120"}],"wp:featuredmedia":[{"embeddable":true,"href":"https:\/\/2024.festivalenescu.ro\/ro\/wp-json\/wp\/v2\/media\/113"}],"wp:attachment":[{"href":"https:\/\/2024.festivalenescu.ro\/ro\/wp-json\/wp\/v2\/media?parent=2665"}],"curies":[{"name":"wp","href":"https:\/\/api.w.org\/{rel}","templated":true}]}}