{"id":2776,"date":"2024-07-17T12:48:51","date_gmt":"2024-07-17T09:48:51","guid":{"rendered":"https:\/\/concurs.festivalenescu.ro\/juriile\/juriu-compozitie\/adrian-pop\/"},"modified":"2024-07-17T12:50:46","modified_gmt":"2024-07-17T09:50:46","slug":"adrian-pop","status":"publish","type":"page","link":"https:\/\/2024.festivalenescu.ro\/ro\/juriile\/juriu-compozitie\/adrian-pop\/","title":{"rendered":"Adrian Pop"},"content":{"rendered":"<section class=\"l-section wpb_row height_medium\"><div class=\"l-section-h i-cf\"><div class=\"g-cols vc_row via_flex valign_top type_default stacking_default\"><div class=\"vc_col-sm-6 wpb_column vc_column_container\"><div class=\"vc_column-inner\"><div class=\"wpb_wrapper\"><div class=\"wpb_text_column\"><div class=\"wpb_wrapper\"><p>Adrian Pop (n. Cluj, 10 septembrie 1951) a luat primele lec\u021bii de muzic\u0103 de la tat\u0103l s\u0103u, reputatul dirijor de cor \u0219i profesor Dorin Pop, iar apoi urmat compozi\u021bia la Academia Na\u021bional\u0103 de Muzic\u0103 Gheorghe Dima din Cluj-Napoca (\u00eentre 1971-1976), unde a studiat cu Sigismund Todu\u021b\u0103 \u0219i Cornel \u021a\u0103ranu. Importante \u0219i durabile influen\u021be a primit, \u00een aceea\u0219i perioad\u0103, din partea compozitorului \u0218tefan Niculescu \u0219i a folcloristului Traian M\u00e2rza.<br \/>\nTalent promi\u021b\u0103tor, Adrian Pop a ob\u021binut primele premii de compozi\u021bie pe c\u00e2nd era \u00eenc\u0103 student: Premiul Dinu Lipatti \u0219i Premiul Na\u021bional al Institutelor de Art\u0103 (1974). O serie de distinc\u021bii au marcat \u00een continuare drumul carierei sale componistice: Premiul Uniunii Compozitorilor \u0219i Muzicologilor din Rom\u00e2nia (1978, 1981, 1989, 2011, 2015), Premiul George Enescu al Academiei Rom\u00e2ne (Bucure\u0219ti, 1996) \u0219i premii la concursurile interna\u021bionale de compozi\u021bie de la Tours \u0219i Arezzo (1979), Roodepoort (1983), Trento (1983, 1985, 1987), Spittal an der Drau (1986), Gran Canaria (2003).<br \/>\nO \u00eendelungat\u0103 colaborare l-a legat de prestigioasa Filarmonic\u0103 de Stat Transilvania, ca secretar \u0219i consultant artistic (1983-2004) \u0219i director general (1991-1995). \u00centre 2008 \u0219i 2012 a fost rector al Academiei Na\u021bionale de Muzic\u0103 Gheorghe Dima, iar \u00een prezent este profesor de compozi\u021bie \u00een cadrul aceleia\u0219i institu\u021bii.<br \/>\n\u00cen calitate de coordonator muzical \u0219i co-director al Ansamblului AdHoc, apoi ca director artistic al Festivalului Interna\u021bional de Muzic\u0103 Contemporan\u0103 Cluj Modern, a contribuit la promovarea crea\u021biei muzicale contemporane \u00een peisajul cultural clujean \u0219i na\u021bional.<br \/>\nRecunoscut ca o personalitate marcant\u0103 a vie\u021bii muzicale rom\u00e2ne\u0219ti, Adrian Pop a fost distins cu Ordinul Meritul Cultural acordat de Pre\u0219edintele Rom\u00e2niei (2008) \u0219i cu Ordre des Arts et des Lettres \u00een grad de Cavaler, acordat de Ministerul Culturii din Fran\u021ba (2012).<\/p>\n<\/div><\/div><\/div><\/div><\/div><div class=\"vc_col-sm-6 wpb_column vc_column_container\"><div class=\"vc_column-inner\"><div class=\"wpb_wrapper\"><div class=\"w-ibanner animation_phorcys ratio_1x1 easing_easeInOutCirc\"><div class=\"w-ibanner-h\"><div class=\"w-ibanner-image\" style=\"background-image: url(https:\/\/2024.festivalenescu.ro\/wp-content\/uploads\/2024\/07\/Foto-A-Pop.jpg)\"><\/div><div class=\"w-ibanner-content\"><div class=\"w-ibanner-content-h\"><h2 class=\"w-ibanner-title\"><\/h2><div class=\"w-ibanner-desc\"><\/div><\/div><\/div><\/div><\/div><\/div><\/div><\/div><\/div><\/div><\/section><section class=\"l-section wpb_row height_medium\"><div class=\"l-section-h i-cf\"><div class=\"g-cols vc_row via_flex valign_top type_default stacking_default\"><div class=\"vc_col-sm-12 wpb_column vc_column_container\"><div class=\"vc_column-inner\"><div class=\"wpb_wrapper\"><div class=\"wpb_text_column\"><div class=\"wpb_wrapper\"><p>Share:<\/p>\n<\/div><\/div><div class=\"w-sharing type_simple align_none color_default\"><div class=\"w-sharing-list\"><a class=\"w-sharing-item email\" href=\"mailto:?subject=Adrian Pop&amp;body=https:\/\/2024.festivalenescu.ro\/ro\/wp-json\/wp\/v2\/pages\/2776\" title=\"Email this\" aria-label=\"Email this\"><i class=\"fas fa-envelope\"><\/i><\/a><a class=\"w-sharing-item facebook\" href=\"https:\/\/www.facebook.com\/sharer\/sharer.php?u=https:\/\/2024.festivalenescu.ro\/ro\/wp-json\/wp\/v2\/pages\/2776&amp;quote=Adrian Pop\" title=\"Share this\" aria-label=\"Share this\" onclick=\"window.open(this.href, &quot;facebook&quot;, &quot;toolbar=0,width=900,height=500&quot;); return false;\"><i class=\"fab fa-facebook\"><\/i><\/a><a class=\"w-sharing-item twitter\" href=\"https:\/\/twitter.com\/intent\/tweet?text=Adrian Pop&amp;url=https:\/\/2024.festivalenescu.ro\/ro\/wp-json\/wp\/v2\/pages\/2776\" title=\"Tweet this\" aria-label=\"Tweet this\" onclick=\"window.open(this.href, &quot;twitter&quot;, &quot;toolbar=0,width=650,height=360&quot;); return false;\"><i class=\"fab fa-x-twitter\"><svg style=\"width:1em; margin-bottom:-.1em;\" xmlns=\"http:\/\/www.w3.org\/2000\/svg\" viewBox=\"0 0 512 512\"><path fill=\"currentColor\" d=\"M389.2 48h70.6L305.6 224.2 487 464H345L233.7 318.6 106.5 464H35.8L200.7 275.5 26.8 48H172.4L272.9 180.9 389.2 48zM364.4 421.8h39.1L151.1 88h-42L364.4 421.8z\"\/><\/svg><\/i><\/a><a class=\"w-sharing-item linkedin\" href=\"https:\/\/www.linkedin.com\/shareArticle?mini=true&amp;url=https:\/\/2024.festivalenescu.ro\/ro\/wp-json\/wp\/v2\/pages\/2776\" title=\"Share this\" aria-label=\"Share this\" onclick=\"window.open(this.href, &quot;linkedin&quot;, &quot;toolbar=no,width=550,height=550&quot;); return false;\"><i class=\"fab fa-linkedin\"><\/i><\/a><a class=\"w-sharing-item whatsapp\" href=\"https:\/\/web.whatsapp.com\/send?text=Adrian Pop https:\/\/2024.festivalenescu.ro\/ro\/wp-json\/wp\/v2\/pages\/2776\" title=\"Share this\" aria-label=\"Share this\" onclick=\"window.open(this.href, &quot;whatsapp&quot;, &quot;toolbar=0,width=900,height=500&quot;); return false;\"><i class=\"fab fa-whatsapp\"><\/i><\/a><a class=\"w-sharing-item reddit\" href=\"https:\/\/www.reddit.com\/submit?url=https:\/\/2024.festivalenescu.ro\/ro\/wp-json\/wp\/v2\/pages\/2776&amp;title=Adrian Pop\" title=\"Share this\" aria-label=\"Share this\" onclick=\"window.open(this.href, &quot;reddit&quot;, &quot;toolbar=no,width=900,height=500&quot;); return false;\"><i class=\"fab fa-reddit\"><\/i><\/a><a class=\"w-sharing-item telegram\" href=\"https:\/\/t.me\/share\/url?url=https:\/\/2024.festivalenescu.ro\/ro\/wp-json\/wp\/v2\/pages\/2776&amp;text=Adrian Pop\" title=\"Share this\" aria-label=\"Share this\" onclick=\"window.open(this.href, &quot;telegram&quot;, &quot;toolbar=no,width=600,height=450&quot;); return false;\"><i class=\"fab fa-telegram\"><\/i><\/a><\/div><\/div><div class=\"w-post-elm post_navigation layout_sided inv_false\"><a class=\"post_navigation-item order_first to_prev\" href=\"https:\/\/2024.festivalenescu.ro\/ro\/home\/george-enescu\/\" title=\"George Enescu\"><div class=\"post_navigation-item-img\"><img decoding=\"async\" src=\"https:\/\/2024.festivalenescu.ro\/wp-content\/uploads\/2024\/07\/George-Enescu-900x704.jpg\" loading=\"lazy\" alt=\"\" width=\"150\" height=\"150\"><\/div><div class=\"post_navigation-item-arrow\"><\/div><div class=\"post_navigation-item-title\"><span>George Enescu<\/span><\/div><\/a><a class=\"post_navigation-item order_second to_next\" href=\"https:\/\/2024.festivalenescu.ro\/ro\/evenimente\/calendarul-concursului\/\" title=\"Calendarul Concursului\"><div class=\"post_navigation-item-img\"><img loading=\"lazy\" decoding=\"async\" width=\"512\" height=\"512\" src=\"https:\/\/2024.festivalenescu.ro\/wp-content\/uploads\/2023\/11\/favicon.png\" class=\"g-placeholder\" alt=\"\" srcset=\"https:\/\/2024.festivalenescu.ro\/wp-content\/uploads\/2023\/11\/favicon.png 512w, https:\/\/2024.festivalenescu.ro\/wp-content\/uploads\/2023\/11\/favicon-200x200.png 200w, https:\/\/2024.festivalenescu.ro\/wp-content\/uploads\/2023\/11\/favicon-150x150.png 150w, https:\/\/2024.festivalenescu.ro\/wp-content\/uploads\/2023\/11\/favicon-400x400.png 400w, https:\/\/2024.festivalenescu.ro\/wp-content\/uploads\/2023\/11\/favicon-300x300.png 300w\" sizes=\"auto, (max-width: 512px) 100vw, 512px\" \/><\/div><div class=\"post_navigation-item-arrow\"><\/div><div class=\"post_navigation-item-title\"><span>Calendarul Concursului<\/span><\/div><\/a><\/div><\/div><\/div><\/div><\/div><\/div><\/section>\n","protected":false},"excerpt":{"rendered":"Adrian Pop (n. Cluj, 10 septembrie 1951) a luat primele lec\u021bii de muzic\u0103 de la tat\u0103l s\u0103u, reputatul dirijor de cor \u0219i profesor Dorin Pop, iar apoi urmat compozi\u021bia la Academia Na\u021bional\u0103 de Muzic\u0103 Gheorghe Dima din Cluj-Napoca (\u00eentre 1971-1976), unde a studiat cu Sigismund Todu\u021b\u0103 \u0219i Cornel \u021a\u0103ranu. Importante \u0219i durabile influen\u021be a primit,...","protected":false},"author":4,"featured_media":2773,"parent":2253,"menu_order":0,"comment_status":"closed","ping_status":"closed","template":"","meta":{"footnotes":""},"class_list":["post-2776","page","type-page","status-publish","has-post-thumbnail","hentry"],"_links":{"self":[{"href":"https:\/\/2024.festivalenescu.ro\/ro\/wp-json\/wp\/v2\/pages\/2776","targetHints":{"allow":["GET"]}}],"collection":[{"href":"https:\/\/2024.festivalenescu.ro\/ro\/wp-json\/wp\/v2\/pages"}],"about":[{"href":"https:\/\/2024.festivalenescu.ro\/ro\/wp-json\/wp\/v2\/types\/page"}],"author":[{"embeddable":true,"href":"https:\/\/2024.festivalenescu.ro\/ro\/wp-json\/wp\/v2\/users\/4"}],"replies":[{"embeddable":true,"href":"https:\/\/2024.festivalenescu.ro\/ro\/wp-json\/wp\/v2\/comments?post=2776"}],"version-history":[{"count":3,"href":"https:\/\/2024.festivalenescu.ro\/ro\/wp-json\/wp\/v2\/pages\/2776\/revisions"}],"predecessor-version":[{"id":2779,"href":"https:\/\/2024.festivalenescu.ro\/ro\/wp-json\/wp\/v2\/pages\/2776\/revisions\/2779"}],"up":[{"embeddable":true,"href":"https:\/\/2024.festivalenescu.ro\/ro\/wp-json\/wp\/v2\/pages\/2253"}],"wp:featuredmedia":[{"embeddable":true,"href":"https:\/\/2024.festivalenescu.ro\/ro\/wp-json\/wp\/v2\/media\/2773"}],"wp:attachment":[{"href":"https:\/\/2024.festivalenescu.ro\/ro\/wp-json\/wp\/v2\/media?parent=2776"}],"curies":[{"name":"wp","href":"https:\/\/api.w.org\/{rel}","templated":true}]}}