{"id":2991,"date":"2024-08-30T10:50:51","date_gmt":"2024-08-30T07:50:51","guid":{"rendered":"https:\/\/concurs.festivalenescu.ro\/?page_id=2991"},"modified":"2024-09-02T15:14:33","modified_gmt":"2024-09-02T12:14:33","slug":"eva-arderius","status":"publish","type":"page","link":"https:\/\/2024.festivalenescu.ro\/ro\/concurenti\/sectiunea-violoncel\/eva-arderius\/","title":{"rendered":"Eva Arderius"},"content":{"rendered":"<section class=\"l-section wpb_row height_medium\"><div class=\"l-section-h i-cf\"><div class=\"g-cols vc_row via_flex valign_top type_default stacking_default\"><div class=\"vc_col-sm-6 wpb_column vc_column_container\"><div class=\"vc_column-inner\"><div class=\"wpb_wrapper\"><div class=\"w-hwrapper valign_top align_none\" style=\"--hwrapper-gap:0.2rem\"><\/div><div class=\"wpb_text_column\"><div class=\"wpb_wrapper\"><p><strong>SPANIA<\/strong><br \/>\n<strong>19 octombrie 2001<\/strong><\/p>\n<p>Eva Arderius s-a n\u0103scut \u00een San Lorenzo de El Escorial (Spania), \u00een 2001. Din 2018, a studiat la \u0218coala Superioar\u0103 de Muzic\u0103 Reina Sof\u00eda cu profesorul Jens Peter Maintz.<br \/>\nA \u00eenceput s\u0103 studieze violoncelul la v\u00e2rsta de 5 ani \u0219i \u0219i-a continuat studiile la Centrul de Muzic\u0103 Integrat\u0103 Padre Antonio Soler, absolvind cu onoruri \u00een 2018. \u00cen completare, a studiat cu Mar\u00eda de Macedo \u0219i a participat la cursuri de m\u0103iestrie sus\u021binute de Gary Hoffman, Frans Helmerson, Marc Coppey, Torleif Thed\u00e9en, Wolfgang Emanuel Schmidt, printre al\u021bii.<br \/>\nA ob\u021binut premii I la concursurile na\u021bionale Jaime Dobato Benavente (2014) \u0219i Soncello (2015), premiul II la Concursul Interna\u021bional de Violoncel David Popper (Ungaria, 2017), edi\u021bia a VII-a, premiul I la Concursul Jeunesses Musicales Spania (2024), precum \u0219i premiul I la Concursul Interna\u021bional de Violoncel Mar\u00eda Herrero (2024).<br \/>\n\u00cen 2022, a c\u00e2ntat la Auditoriumul Na\u021bional de Muzic\u0103 din Madrid, \u00een cadrul seriei The Rising Generation a \u0218colii Superioare de Muzic\u0103 Reina Sof\u00eda, iar \u00een 2023 a fost solist\u0103 \u00een concert al\u0103turi de Orchestra din Extremadura. A interpretat pe scena Teatrului Regal din Madrid, la Sala de concerte Reduta din Bratislava, la Academia de Muzic\u0103 Liszt Ferenc din Budapesta \u0219i la Musikverein din Viena.<\/p>\n<\/div><\/div><div class=\"w-separator size_small\"><\/div><div class=\"w-separator size_small\"><\/div><div class=\"wpb_text_column\"><div class=\"wpb_wrapper\"><p>Etapa I<br \/>\n<strong>Alfredo Piatti<\/strong> Capriciu op. 25 nr. 6<br \/>\n<strong>Joseph Haydn<\/strong> Concertul nr. 2 \u00een re major pentru violoncel \u0219i orchestr\u0103 Hob. VIIb\/2 (partea I cu caden\u021b\u0103)<br \/>\n<strong>Robert Schumann<\/strong> Adagio \u0219i Allegro \u00een la bemol major pentru violoncel \u0219i pian op. 70<\/p>\n<p>Etapa a II-a<br \/>\n<strong>Sebastian Androne-Nakanishi<\/strong> <em>Syntrimma <\/em>pentru violoncel solo<br \/>\n<strong>Gy\u00f6rgy Ligeti<\/strong> Sonata pentru violoncel solo<br \/>\n<strong>Franz Schubert<\/strong> Sonata Arpeggione \u00een la minor pentru violoncel \u0219i pian D. 821<\/p>\n<p>Semifinala<br \/>\n<strong>George Enescu<\/strong> Sonata nr. 2 \u00een do major pentru violoncel \u0219i pian op. 26<br \/>\n<strong>Claude Debussy<\/strong> Sonata \u00een re minor pentru violoncel \u0219i pian L. 135<br \/>\n<strong>Karl Davydov<\/strong> <em>At the Fountain<\/em> op. 20 nr. 2<\/p>\n<p>Finala<br \/>\n<strong>Dmitri \u0218ostakovici <\/strong>Concertul nr. 1 \u00een mi bemol major pentru violoncel \u0219i orchestr\u0103 op. 107<\/p>\n<\/div><\/div><\/div><\/div><\/div><div class=\"vc_col-sm-6 wpb_column vc_column_container\"><div class=\"vc_column-inner\"><div class=\"wpb_wrapper\"><div class=\"w-ibanner animation_phorcys ratio_1x1 easing_easeInOutCirc\"><div class=\"w-ibanner-h\"><div class=\"w-ibanner-image\" style=\"background-image: url(https:\/\/2024.festivalenescu.ro\/wp-content\/uploads\/2024\/08\/ARDERIUS-Eva.jpg)\"><\/div><div class=\"w-ibanner-content\"><div class=\"w-ibanner-content-h\"><h2 class=\"w-ibanner-title\"><\/h2><div class=\"w-ibanner-desc\"><\/div><\/div><\/div><\/div><\/div><\/div><\/div><\/div><\/div><\/div><\/section><section class=\"l-section wpb_row height_medium\"><div class=\"l-section-h i-cf\"><div class=\"g-cols vc_row via_flex valign_top type_default stacking_default\"><div class=\"vc_col-sm-12 wpb_column vc_column_container\"><div class=\"vc_column-inner\"><div class=\"wpb_wrapper\"><div class=\"wpb_text_column\"><div class=\"wpb_wrapper\"><p>Share:<\/p>\n<\/div><\/div><div class=\"w-sharing type_simple align_none color_default\"><div class=\"w-sharing-list\"><a class=\"w-sharing-item email\" href=\"mailto:?subject=Eva Arderius&amp;body=https:\/\/2024.festivalenescu.ro\/ro\/wp-json\/wp\/v2\/pages\/2991\" title=\"Email this\" aria-label=\"Email this\"><i class=\"fas fa-envelope\"><\/i><\/a><a class=\"w-sharing-item facebook\" href=\"https:\/\/www.facebook.com\/sharer\/sharer.php?u=https:\/\/2024.festivalenescu.ro\/ro\/wp-json\/wp\/v2\/pages\/2991&amp;quote=Eva Arderius\" title=\"Share this\" aria-label=\"Share this\" onclick=\"window.open(this.href, &quot;facebook&quot;, &quot;toolbar=0,width=900,height=500&quot;); return false;\"><i class=\"fab fa-facebook\"><\/i><\/a><a class=\"w-sharing-item twitter\" href=\"https:\/\/twitter.com\/intent\/tweet?text=Eva Arderius&amp;url=https:\/\/2024.festivalenescu.ro\/ro\/wp-json\/wp\/v2\/pages\/2991\" title=\"Tweet this\" aria-label=\"Tweet this\" onclick=\"window.open(this.href, &quot;twitter&quot;, &quot;toolbar=0,width=650,height=360&quot;); return false;\"><i class=\"fab fa-x-twitter\"><svg style=\"width:1em; margin-bottom:-.1em;\" xmlns=\"http:\/\/www.w3.org\/2000\/svg\" viewBox=\"0 0 512 512\"><path fill=\"currentColor\" d=\"M389.2 48h70.6L305.6 224.2 487 464H345L233.7 318.6 106.5 464H35.8L200.7 275.5 26.8 48H172.4L272.9 180.9 389.2 48zM364.4 421.8h39.1L151.1 88h-42L364.4 421.8z\"\/><\/svg><\/i><\/a><a class=\"w-sharing-item linkedin\" href=\"https:\/\/www.linkedin.com\/shareArticle?mini=true&amp;url=https:\/\/2024.festivalenescu.ro\/ro\/wp-json\/wp\/v2\/pages\/2991\" title=\"Share this\" aria-label=\"Share this\" onclick=\"window.open(this.href, &quot;linkedin&quot;, &quot;toolbar=no,width=550,height=550&quot;); return false;\"><i class=\"fab fa-linkedin\"><\/i><\/a><a class=\"w-sharing-item whatsapp\" href=\"https:\/\/web.whatsapp.com\/send?text=Eva Arderius https:\/\/2024.festivalenescu.ro\/ro\/wp-json\/wp\/v2\/pages\/2991\" title=\"Share this\" aria-label=\"Share this\" onclick=\"window.open(this.href, &quot;whatsapp&quot;, &quot;toolbar=0,width=900,height=500&quot;); return false;\"><i class=\"fab fa-whatsapp\"><\/i><\/a><a class=\"w-sharing-item reddit\" href=\"https:\/\/www.reddit.com\/submit?url=https:\/\/2024.festivalenescu.ro\/ro\/wp-json\/wp\/v2\/pages\/2991&amp;title=Eva Arderius\" title=\"Share this\" aria-label=\"Share this\" onclick=\"window.open(this.href, &quot;reddit&quot;, &quot;toolbar=no,width=900,height=500&quot;); return false;\"><i class=\"fab fa-reddit\"><\/i><\/a><a class=\"w-sharing-item telegram\" href=\"https:\/\/t.me\/share\/url?url=https:\/\/2024.festivalenescu.ro\/ro\/wp-json\/wp\/v2\/pages\/2991&amp;text=Eva Arderius\" title=\"Share this\" aria-label=\"Share this\" onclick=\"window.open(this.href, &quot;telegram&quot;, &quot;toolbar=no,width=600,height=450&quot;); return false;\"><i class=\"fab fa-telegram\"><\/i><\/a><\/div><\/div><div class=\"w-post-elm post_navigation layout_sided inv_false\"><a class=\"post_navigation-item order_first to_prev\" href=\"https:\/\/2024.festivalenescu.ro\/ro\/concurenti\/sectiunea-violoncel\/seungyeon-baik\/\" title=\"Seungyeon Baik\"><div class=\"post_navigation-item-img\"><img decoding=\"async\" src=\"https:\/\/2024.festivalenescu.ro\/wp-content\/uploads\/2024\/08\/BAIK-Seungyeon-676x900.jpg\" loading=\"lazy\" alt=\"\" width=\"150\" height=\"150\"><\/div><div class=\"post_navigation-item-arrow\"><\/div><div class=\"post_navigation-item-title\"><span>Seungyeon Baik<\/span><\/div><\/a><a class=\"post_navigation-item order_second to_next\" href=\"https:\/\/2024.festivalenescu.ro\/ro\/concurenti\/sectiunea-violoncel\/hun-choi\/\" title=\"Hun Choi\"><div class=\"post_navigation-item-img\"><img decoding=\"async\" src=\"https:\/\/2024.festivalenescu.ro\/wp-content\/uploads\/2024\/08\/CHOI-Hun-600x900.jpg\" loading=\"lazy\" alt=\"\" width=\"150\" height=\"150\"><\/div><div class=\"post_navigation-item-arrow\"><\/div><div class=\"post_navigation-item-title\"><span>Hun Choi<\/span><\/div><\/a><\/div><\/div><\/div><\/div><\/div><\/div><\/section>\n","protected":false},"excerpt":{"rendered":"SPANIA 19 octombrie 2001 Eva Arderius s-a n\u0103scut \u00een San Lorenzo de El Escorial (Spania), \u00een 2001. Din 2018, a studiat la \u0218coala Superioar\u0103 de Muzic\u0103 Reina Sof\u00eda cu profesorul Jens Peter Maintz. A \u00eenceput s\u0103 studieze violoncelul la v\u00e2rsta de 5 ani \u0219i \u0219i-a continuat studiile la Centrul de Muzic\u0103 Integrat\u0103 Padre Antonio Soler,...","protected":false},"author":4,"featured_media":2850,"parent":2977,"menu_order":0,"comment_status":"closed","ping_status":"closed","template":"","meta":{"footnotes":""},"class_list":["post-2991","page","type-page","status-publish","has-post-thumbnail","hentry"],"_links":{"self":[{"href":"https:\/\/2024.festivalenescu.ro\/ro\/wp-json\/wp\/v2\/pages\/2991","targetHints":{"allow":["GET"]}}],"collection":[{"href":"https:\/\/2024.festivalenescu.ro\/ro\/wp-json\/wp\/v2\/pages"}],"about":[{"href":"https:\/\/2024.festivalenescu.ro\/ro\/wp-json\/wp\/v2\/types\/page"}],"author":[{"embeddable":true,"href":"https:\/\/2024.festivalenescu.ro\/ro\/wp-json\/wp\/v2\/users\/4"}],"replies":[{"embeddable":true,"href":"https:\/\/2024.festivalenescu.ro\/ro\/wp-json\/wp\/v2\/comments?post=2991"}],"version-history":[{"count":5,"href":"https:\/\/2024.festivalenescu.ro\/ro\/wp-json\/wp\/v2\/pages\/2991\/revisions"}],"predecessor-version":[{"id":5495,"href":"https:\/\/2024.festivalenescu.ro\/ro\/wp-json\/wp\/v2\/pages\/2991\/revisions\/5495"}],"up":[{"embeddable":true,"href":"https:\/\/2024.festivalenescu.ro\/ro\/wp-json\/wp\/v2\/pages\/2977"}],"wp:featuredmedia":[{"embeddable":true,"href":"https:\/\/2024.festivalenescu.ro\/ro\/wp-json\/wp\/v2\/media\/2850"}],"wp:attachment":[{"href":"https:\/\/2024.festivalenescu.ro\/ro\/wp-json\/wp\/v2\/media?parent=2991"}],"curies":[{"name":"wp","href":"https:\/\/api.w.org\/{rel}","templated":true}]}}