{"id":3066,"date":"2024-08-29T14:54:59","date_gmt":"2024-08-29T11:54:59","guid":{"rendered":"https:\/\/concurs.festivalenescu.ro\/?page_id=3066"},"modified":"2024-08-29T23:05:22","modified_gmt":"2024-08-29T20:05:22","slug":"serena-fantini","status":"publish","type":"page","link":"https:\/\/2024.festivalenescu.ro\/ro\/concurenti\/sectiunea-violoncel\/serena-fantini\/","title":{"rendered":"Serena Fantini"},"content":{"rendered":"<section class=\"l-section wpb_row height_medium\"><div class=\"l-section-h i-cf\"><div class=\"g-cols vc_row via_flex valign_top type_default stacking_default\"><div class=\"vc_col-sm-6 wpb_column vc_column_container\"><div class=\"vc_column-inner\"><div class=\"wpb_wrapper\"><div class=\"w-hwrapper valign_top align_none\" style=\"--hwrapper-gap:0.2rem\"><\/div><div class=\"wpb_text_column\"><div class=\"wpb_wrapper\"><p><strong>ITALIA<\/strong><br \/>\n<strong>11 februarie 2003<\/strong><\/p>\n<p>Serena Fantini s-a n\u0103scut \u00een Rimini, Italia, \u00een 2003. La v\u00e2rsta de 6 ani a \u00eenceput s\u0103 studieze violoncelul la CMI Suzuki \u0219i a continuat \u00een 2013 la Institutul de Muzic\u0103 Pareggiato Vecchi-Tonelli din Modena, cu profesoara Marianne Chen. Din 2019 p\u00e2n\u0103 \u00een 2021 a urmat cursurile Institutului Julius Stern din cadrul Universit\u0103\u021bii de Arte din Berlin, cu Hannah Eichberg.<br \/>\n\u00cen prezent, urmeaz\u0103 studiile de licen\u021b\u0103 la Academia Barenboim-Said din Berlin, la clasa profesorului Frans Helmerson. Serena Fantini a c\u00e2\u0219tigat premii la numeroase competi\u021bii precum Concursul Interna\u021bional de Muzic\u0103 pentru Tinere Talente din Belgia, Concursul Giovani Talenti Femminili della Musica, Concursul Mazzacurati \u0219i Concursul Interna\u021bional Antonio Janigro Junior. De asemenea, a primit o burs\u0103 Maura Giorgetti de la Filarmonica la Scala \u0219i premiul Na\u021bional al Artelor. A participat, printre altele, la Festivalul Interna\u021bional de Muzic\u0103 de Camer\u0103 Zephyr \u0219i la cursuri de m\u0103iestrie \u0219i concerte ale Academiei Kronberg. A c\u00e2ntat \u00een ansambluri precum Orchestra de Tineret a Uniunii Europene \u0219i Spira Mirabilis.<\/p>\n<\/div><\/div><div class=\"w-separator size_small\"><\/div><div class=\"w-separator size_small\"><\/div><div class=\"wpb_text_column\"><div class=\"wpb_wrapper\"><p>Etapa I<br \/>\n<strong>Alfredo Piatti<\/strong> Capriciu op. 25 nr. 7<br \/>\n<strong>Joseph Haydn<\/strong> Concertul nr. 2 \u00een re major pentru violoncel \u0219i orchestr\u0103 Hob. VIIb\/2 (partea I cu caden\u021b\u0103)<br \/>\n<strong>Robert Schumann<\/strong> Adagio \u0219i Allegro \u00een la bemol major pentru violoncel \u0219i pian op. 70<\/p>\n<p>Etapa a II-a<br \/>\n<strong>Sebastian Androne-Nakanishi<\/strong> <em>Syntrimma<\/em> pentru violoncel solo<br \/>\n<strong>Zolt\u00e1n Kod\u00e1ly<\/strong> Sonata \u00een si minor pentru violoncel solo op. 8 (partea I)<br \/>\n<strong>Johannes Brahms<\/strong> Sonata nr. 2 \u00een fa major pentru violoncel \u0219i pian op. 99<\/p>\n<p>Semifinala<br \/>\n<strong>George Enescu<\/strong> Sonata nr. 2 \u00een do major pentru violoncel \u0219i pian op. 26<br \/>\n<strong>Dmitri \u0218ostakovici<\/strong> Sonata \u00een re minor pentru violoncel \u0219i pian op. 40<br \/>\n<strong>David Popper<\/strong> <em>Spinning Song<\/em> op. 55<\/p>\n<p>Finala<br \/>\n<strong>Dmitri \u0218ostakovici<\/strong> Concertul nr. 1 \u00een mi bemol major pentru violoncel \u0219i orchestr\u0103 op. 107<\/p>\n<\/div><\/div><\/div><\/div><\/div><div class=\"vc_col-sm-6 wpb_column vc_column_container\"><div class=\"vc_column-inner\"><div class=\"wpb_wrapper\"><div class=\"w-ibanner animation_phorcys ratio_1x1 easing_easeInOutCirc\"><div class=\"w-ibanner-h\"><div class=\"w-ibanner-image\" style=\"background-image: url(https:\/\/2024.festivalenescu.ro\/wp-content\/uploads\/2024\/08\/FANTINI-Serena.jpeg)\"><\/div><div class=\"w-ibanner-content\"><div class=\"w-ibanner-content-h\"><h2 class=\"w-ibanner-title\"><\/h2><div class=\"w-ibanner-desc\"><\/div><\/div><\/div><\/div><\/div><\/div><\/div><\/div><\/div><\/div><\/section><section class=\"l-section wpb_row height_medium\"><div class=\"l-section-h i-cf\"><div class=\"g-cols vc_row via_flex valign_top type_default stacking_default\"><div class=\"vc_col-sm-12 wpb_column vc_column_container\"><div class=\"vc_column-inner\"><div class=\"wpb_wrapper\"><div class=\"wpb_text_column\"><div class=\"wpb_wrapper\"><p>Share:<\/p>\n<\/div><\/div><div class=\"w-sharing type_simple align_none color_default\"><div class=\"w-sharing-list\"><a class=\"w-sharing-item email\" href=\"mailto:?subject=Serena Fantini&amp;body=https:\/\/2024.festivalenescu.ro\/ro\/wp-json\/wp\/v2\/pages\/3066\" title=\"Email this\" aria-label=\"Email this\"><i class=\"fas fa-envelope\"><\/i><\/a><a class=\"w-sharing-item facebook\" href=\"https:\/\/www.facebook.com\/sharer\/sharer.php?u=https:\/\/2024.festivalenescu.ro\/ro\/wp-json\/wp\/v2\/pages\/3066&amp;quote=Serena Fantini\" title=\"Share this\" aria-label=\"Share this\" onclick=\"window.open(this.href, &quot;facebook&quot;, &quot;toolbar=0,width=900,height=500&quot;); return false;\"><i class=\"fab fa-facebook\"><\/i><\/a><a class=\"w-sharing-item twitter\" href=\"https:\/\/twitter.com\/intent\/tweet?text=Serena Fantini&amp;url=https:\/\/2024.festivalenescu.ro\/ro\/wp-json\/wp\/v2\/pages\/3066\" title=\"Tweet this\" aria-label=\"Tweet this\" onclick=\"window.open(this.href, &quot;twitter&quot;, &quot;toolbar=0,width=650,height=360&quot;); return false;\"><i class=\"fab fa-x-twitter\"><svg style=\"width:1em; margin-bottom:-.1em;\" xmlns=\"http:\/\/www.w3.org\/2000\/svg\" viewBox=\"0 0 512 512\"><path fill=\"currentColor\" d=\"M389.2 48h70.6L305.6 224.2 487 464H345L233.7 318.6 106.5 464H35.8L200.7 275.5 26.8 48H172.4L272.9 180.9 389.2 48zM364.4 421.8h39.1L151.1 88h-42L364.4 421.8z\"\/><\/svg><\/i><\/a><a class=\"w-sharing-item linkedin\" href=\"https:\/\/www.linkedin.com\/shareArticle?mini=true&amp;url=https:\/\/2024.festivalenescu.ro\/ro\/wp-json\/wp\/v2\/pages\/3066\" title=\"Share this\" aria-label=\"Share this\" onclick=\"window.open(this.href, &quot;linkedin&quot;, &quot;toolbar=no,width=550,height=550&quot;); return false;\"><i class=\"fab fa-linkedin\"><\/i><\/a><a class=\"w-sharing-item whatsapp\" href=\"https:\/\/web.whatsapp.com\/send?text=Serena Fantini https:\/\/2024.festivalenescu.ro\/ro\/wp-json\/wp\/v2\/pages\/3066\" title=\"Share this\" aria-label=\"Share this\" onclick=\"window.open(this.href, &quot;whatsapp&quot;, &quot;toolbar=0,width=900,height=500&quot;); return false;\"><i class=\"fab fa-whatsapp\"><\/i><\/a><a class=\"w-sharing-item reddit\" href=\"https:\/\/www.reddit.com\/submit?url=https:\/\/2024.festivalenescu.ro\/ro\/wp-json\/wp\/v2\/pages\/3066&amp;title=Serena Fantini\" title=\"Share this\" aria-label=\"Share this\" onclick=\"window.open(this.href, &quot;reddit&quot;, &quot;toolbar=no,width=900,height=500&quot;); return false;\"><i class=\"fab fa-reddit\"><\/i><\/a><a class=\"w-sharing-item telegram\" href=\"https:\/\/t.me\/share\/url?url=https:\/\/2024.festivalenescu.ro\/ro\/wp-json\/wp\/v2\/pages\/3066&amp;text=Serena Fantini\" title=\"Share this\" aria-label=\"Share this\" onclick=\"window.open(this.href, &quot;telegram&quot;, &quot;toolbar=no,width=600,height=450&quot;); return false;\"><i class=\"fab fa-telegram\"><\/i><\/a><\/div><\/div><div class=\"w-post-elm post_navigation layout_sided inv_false\"><a class=\"post_navigation-item order_first to_prev\" href=\"https:\/\/2024.festivalenescu.ro\/ro\/concurenti\/sectiunea-violoncel\/seohyun-kang\/\" title=\"Seohyun Kang\"><div class=\"post_navigation-item-img\"><img decoding=\"async\" src=\"https:\/\/2024.festivalenescu.ro\/wp-content\/uploads\/2024\/08\/KANG-Seohyun-2-600x900.jpg\" loading=\"lazy\" alt=\"\" width=\"150\" height=\"150\"><\/div><div class=\"post_navigation-item-arrow\"><\/div><div class=\"post_navigation-item-title\"><span>Seohyun Kang<\/span><\/div><\/a><a class=\"post_navigation-item order_second to_next\" href=\"https:\/\/2024.festivalenescu.ro\/ro\/concurenti\/sectiunea-violoncel\/seyeon-jung\/\" title=\"Seyeon Jung\"><div class=\"post_navigation-item-img\"><img decoding=\"async\" src=\"https:\/\/2024.festivalenescu.ro\/wp-content\/uploads\/2024\/08\/JUNG-Seyeon-600x900.jpg\" loading=\"lazy\" alt=\"\" width=\"150\" height=\"150\"><\/div><div class=\"post_navigation-item-arrow\"><\/div><div class=\"post_navigation-item-title\"><span>Seyeon Jung<\/span><\/div><\/a><\/div><\/div><\/div><\/div><\/div><\/div><\/section>\n","protected":false},"excerpt":{"rendered":"ITALIA 11 februarie 2003 Serena Fantini s-a n\u0103scut \u00een Rimini, Italia, \u00een 2003. La v\u00e2rsta de 6 ani a \u00eenceput s\u0103 studieze violoncelul la CMI Suzuki \u0219i a continuat \u00een 2013 la Institutul de Muzic\u0103 Pareggiato Vecchi-Tonelli din Modena, cu profesoara Marianne Chen. Din 2019 p\u00e2n\u0103 \u00een 2021 a urmat cursurile Institutului Julius Stern din...","protected":false},"author":4,"featured_media":3063,"parent":2977,"menu_order":0,"comment_status":"closed","ping_status":"closed","template":"","meta":{"footnotes":""},"class_list":["post-3066","page","type-page","status-publish","has-post-thumbnail","hentry"],"_links":{"self":[{"href":"https:\/\/2024.festivalenescu.ro\/ro\/wp-json\/wp\/v2\/pages\/3066","targetHints":{"allow":["GET"]}}],"collection":[{"href":"https:\/\/2024.festivalenescu.ro\/ro\/wp-json\/wp\/v2\/pages"}],"about":[{"href":"https:\/\/2024.festivalenescu.ro\/ro\/wp-json\/wp\/v2\/types\/page"}],"author":[{"embeddable":true,"href":"https:\/\/2024.festivalenescu.ro\/ro\/wp-json\/wp\/v2\/users\/4"}],"replies":[{"embeddable":true,"href":"https:\/\/2024.festivalenescu.ro\/ro\/wp-json\/wp\/v2\/comments?post=3066"}],"version-history":[{"count":3,"href":"https:\/\/2024.festivalenescu.ro\/ro\/wp-json\/wp\/v2\/pages\/3066\/revisions"}],"predecessor-version":[{"id":5313,"href":"https:\/\/2024.festivalenescu.ro\/ro\/wp-json\/wp\/v2\/pages\/3066\/revisions\/5313"}],"up":[{"embeddable":true,"href":"https:\/\/2024.festivalenescu.ro\/ro\/wp-json\/wp\/v2\/pages\/2977"}],"wp:featuredmedia":[{"embeddable":true,"href":"https:\/\/2024.festivalenescu.ro\/ro\/wp-json\/wp\/v2\/media\/3063"}],"wp:attachment":[{"href":"https:\/\/2024.festivalenescu.ro\/ro\/wp-json\/wp\/v2\/media?parent=3066"}],"curies":[{"name":"wp","href":"https:\/\/api.w.org\/{rel}","templated":true}]}}