{"id":3195,"date":"2024-08-29T14:44:22","date_gmt":"2024-08-29T11:44:22","guid":{"rendered":"https:\/\/concurs.festivalenescu.ro\/?page_id=3195"},"modified":"2024-08-29T23:12:26","modified_gmt":"2024-08-29T20:12:26","slug":"jeri-lee","status":"publish","type":"page","link":"https:\/\/2024.festivalenescu.ro\/ro\/concurenti\/sectiunea-violoncel\/jeri-lee\/","title":{"rendered":"Jeri Lee"},"content":{"rendered":"<section class=\"l-section wpb_row height_medium\"><div class=\"l-section-h i-cf\"><div class=\"g-cols vc_row via_flex valign_top type_default stacking_default\"><div class=\"vc_col-sm-6 wpb_column vc_column_container\"><div class=\"vc_column-inner\"><div class=\"wpb_wrapper\"><div class=\"w-hwrapper valign_top align_none\" style=\"--hwrapper-gap:0.2rem\"><\/div><div class=\"wpb_text_column\"><div class=\"wpb_wrapper\"><p><strong>COREEA DE SUD<\/strong><br \/>\n<strong>6 octombrie 2009<\/strong><\/p>\n<p>N\u0103scut\u0103 \u00een 2009, violoncelista sud-coreean\u0103 Jeri Lee studiaz\u0103 cu Kangho Lee la Institutul Na\u021bional Coreean pentru Arti\u0219ti Talenta\u021bi. A c\u00e2\u0219tigat premii I la numeroase concursuri interna\u021bionale, inclusiv \u00een 2022 la Concursul Interna\u021bional YSAYE Junior \u0219i la Concursul de Concerte din Londra, \u00een 2021 la Concursul de Violoncel Gustav Mahler \u0219i la Concursul Interna\u021bional pentru Instrumente cu coarde Ise-Shima, \u00een 2020 la Concursul de Muzic\u0103 din Fran\u021ba, \u00een 2019 la Concursul Interna\u021bional de Violoncel David Popper. Recent, a ob\u021binut premiul III la Concursul de Muzic\u0103 Chieti Classica din 2023, Italia, la categoria de v\u00e2rst\u0103 sub 35 de ani.<br \/>\n\u0218i-a f\u0103cut debutul la Centrul de Arte din Seul cu Orchestra de Camer\u0103 Coreean\u0103 \u0219i de atunci a c\u00e2ntat \u00een s\u0103li prestigioase precum Steinway Hall, Carnegie Hall din New York \u0219i Suntory Hall din Tokyo. A primit premiul Ministrului Culturii din Coreea pentru activitatea sa de voluntariat \u00een spitale, centre de pompieri \u0219i \u00een alte locuri \u00een care muzica clasic\u0103 este mai pu\u021bin accesibil\u0103. De asemenea, a c\u00e2ntat cu Orchestra Filarmonicii din Londra, Kyiv Virtuosi, Seoul Virtuosi, Orchestra de Camer\u0103 Yewon \u0219i Orchestra Filarmonicii Choongchung.<\/p>\n<\/div><\/div><div class=\"w-separator size_small\"><\/div><div class=\"w-separator size_small\"><\/div><div class=\"wpb_text_column\"><div class=\"wpb_wrapper\"><p>Etapa I<br \/>\n<strong>David Popper<\/strong> Studiu op. 73 nr. 20<br \/>\n<strong>Joseph Haydn<\/strong> Concertul nr. 1 \u00een do major pentru violoncel \u0219i orchestr\u0103 Hob. VIIb\/1 (partea I cu caden\u021b\u0103)<br \/>\n<strong>Robert Schumann<\/strong> Adagio \u0219i Allegro \u00een la bemol major pentru violoncel \u0219i pian op. 70<\/p>\n<p>Etapa a II-a<br \/>\n<strong>Sebastian Androne-Nakanishi<\/strong> <em>Syntrimma<\/em> pentru violoncel solo<br \/>\n<strong>Krzysztof Penderecki<\/strong> <em>Divertimento<\/em> pentru violoncel solo<br \/>\n<strong>Franz Schubert<\/strong> Sonata Arpeggione \u00een la minor pentru violoncel \u0219i pian D. 821<\/p>\n<p>Semifinala<br \/>\n<strong>George Enescu<\/strong> Sonata nr. 2 \u00een do major pentru violoncel \u0219i pian op. 26<br \/>\n<strong>Dmitri \u0218ostakovici<\/strong> Sonata \u00een re minor pentru violoncel \u0219i pian op. 40<br \/>\n<strong>Mstislav Rostropovich<\/strong> <em>Humoresque<\/em> op. 5<\/p>\n<p>Finala<br \/>\n<strong>Anton\u00edn Dvo\u0159\u00e1k<\/strong> Concertul \u00een si minor pentru violoncel \u0219i orchestr\u0103 op. 104<\/p>\n<\/div><\/div><\/div><\/div><\/div><div class=\"vc_col-sm-6 wpb_column vc_column_container\"><div class=\"vc_column-inner\"><div class=\"wpb_wrapper\"><div class=\"w-ibanner animation_phorcys ratio_1x1 easing_easeInOutCirc\"><div class=\"w-ibanner-h\"><div class=\"w-ibanner-image\" style=\"background-image: url(https:\/\/2024.festivalenescu.ro\/wp-content\/uploads\/2024\/08\/LEE-Jeri-2-scaled.jpg)\"><\/div><div class=\"w-ibanner-content\"><div class=\"w-ibanner-content-h\"><h2 class=\"w-ibanner-title\"><\/h2><div class=\"w-ibanner-desc\"><\/div><\/div><\/div><\/div><\/div><\/div><\/div><\/div><\/div><\/div><\/section><section class=\"l-section wpb_row height_medium\"><div class=\"l-section-h i-cf\"><div class=\"g-cols vc_row via_flex valign_top type_default stacking_default\"><div class=\"vc_col-sm-12 wpb_column vc_column_container\"><div class=\"vc_column-inner\"><div class=\"wpb_wrapper\"><div class=\"wpb_text_column\"><div class=\"wpb_wrapper\"><p>Share:<\/p>\n<\/div><\/div><div class=\"w-sharing type_simple align_none color_default\"><div class=\"w-sharing-list\"><a class=\"w-sharing-item email\" href=\"mailto:?subject=Jeri Lee&amp;body=https:\/\/2024.festivalenescu.ro\/ro\/wp-json\/wp\/v2\/pages\/3195\" title=\"Email this\" aria-label=\"Email this\"><i class=\"fas fa-envelope\"><\/i><\/a><a class=\"w-sharing-item facebook\" href=\"https:\/\/www.facebook.com\/sharer\/sharer.php?u=https:\/\/2024.festivalenescu.ro\/ro\/wp-json\/wp\/v2\/pages\/3195&amp;quote=Jeri Lee\" title=\"Share this\" aria-label=\"Share this\" onclick=\"window.open(this.href, &quot;facebook&quot;, &quot;toolbar=0,width=900,height=500&quot;); return false;\"><i class=\"fab fa-facebook\"><\/i><\/a><a class=\"w-sharing-item twitter\" href=\"https:\/\/twitter.com\/intent\/tweet?text=Jeri Lee&amp;url=https:\/\/2024.festivalenescu.ro\/ro\/wp-json\/wp\/v2\/pages\/3195\" title=\"Tweet this\" aria-label=\"Tweet this\" onclick=\"window.open(this.href, &quot;twitter&quot;, &quot;toolbar=0,width=650,height=360&quot;); return false;\"><i class=\"fab fa-x-twitter\"><svg style=\"width:1em; margin-bottom:-.1em;\" xmlns=\"http:\/\/www.w3.org\/2000\/svg\" viewBox=\"0 0 512 512\"><path fill=\"currentColor\" d=\"M389.2 48h70.6L305.6 224.2 487 464H345L233.7 318.6 106.5 464H35.8L200.7 275.5 26.8 48H172.4L272.9 180.9 389.2 48zM364.4 421.8h39.1L151.1 88h-42L364.4 421.8z\"\/><\/svg><\/i><\/a><a class=\"w-sharing-item linkedin\" href=\"https:\/\/www.linkedin.com\/shareArticle?mini=true&amp;url=https:\/\/2024.festivalenescu.ro\/ro\/wp-json\/wp\/v2\/pages\/3195\" title=\"Share this\" aria-label=\"Share this\" onclick=\"window.open(this.href, &quot;linkedin&quot;, &quot;toolbar=no,width=550,height=550&quot;); return false;\"><i class=\"fab fa-linkedin\"><\/i><\/a><a class=\"w-sharing-item whatsapp\" href=\"https:\/\/web.whatsapp.com\/send?text=Jeri Lee https:\/\/2024.festivalenescu.ro\/ro\/wp-json\/wp\/v2\/pages\/3195\" title=\"Share this\" aria-label=\"Share this\" onclick=\"window.open(this.href, &quot;whatsapp&quot;, &quot;toolbar=0,width=900,height=500&quot;); return false;\"><i class=\"fab fa-whatsapp\"><\/i><\/a><a class=\"w-sharing-item reddit\" href=\"https:\/\/www.reddit.com\/submit?url=https:\/\/2024.festivalenescu.ro\/ro\/wp-json\/wp\/v2\/pages\/3195&amp;title=Jeri Lee\" title=\"Share this\" aria-label=\"Share this\" onclick=\"window.open(this.href, &quot;reddit&quot;, &quot;toolbar=no,width=900,height=500&quot;); return false;\"><i class=\"fab fa-reddit\"><\/i><\/a><a class=\"w-sharing-item telegram\" href=\"https:\/\/t.me\/share\/url?url=https:\/\/2024.festivalenescu.ro\/ro\/wp-json\/wp\/v2\/pages\/3195&amp;text=Jeri Lee\" title=\"Share this\" aria-label=\"Share this\" onclick=\"window.open(this.href, &quot;telegram&quot;, &quot;toolbar=no,width=600,height=450&quot;); return false;\"><i class=\"fab fa-telegram\"><\/i><\/a><\/div><\/div><div class=\"w-post-elm post_navigation layout_sided inv_false\"><a class=\"post_navigation-item order_first to_prev\" href=\"https:\/\/2024.festivalenescu.ro\/ro\/concurenti\/sectiunea-violoncel\/jean-baptiste-maizieres\/\" title=\"Jean-Baptiste Maizi\u00e8res\"><div class=\"post_navigation-item-img\"><img decoding=\"async\" src=\"https:\/\/2024.festivalenescu.ro\/wp-content\/uploads\/2024\/08\/MAIZIA\u0088RES-Jean-Baptiste-2-1.jpg\" loading=\"lazy\" alt=\"\" width=\"150\" height=\"150\"><\/div><div class=\"post_navigation-item-arrow\"><\/div><div class=\"post_navigation-item-title\"><span>Jean-Baptiste Maizi\u00e8res<\/span><\/div><\/a><a class=\"post_navigation-item order_second to_next\" href=\"https:\/\/2024.festivalenescu.ro\/ro\/concurenti\/sectiunea-violoncel\/jiayi-liu\/\" title=\"Jiayi Liu\"><div class=\"post_navigation-item-img\"><img decoding=\"async\" src=\"https:\/\/2024.festivalenescu.ro\/wp-content\/uploads\/2024\/08\/LIU-Jiayi-686x900.jpg\" loading=\"lazy\" alt=\"\" width=\"150\" height=\"150\"><\/div><div class=\"post_navigation-item-arrow\"><\/div><div class=\"post_navigation-item-title\"><span>Jiayi Liu<\/span><\/div><\/a><\/div><\/div><\/div><\/div><\/div><\/div><\/section>\n","protected":false},"excerpt":{"rendered":"COREEA DE SUD 6 octombrie 2009 N\u0103scut\u0103 \u00een 2009, violoncelista sud-coreean\u0103 Jeri Lee studiaz\u0103 cu Kangho Lee la Institutul Na\u021bional Coreean pentru Arti\u0219ti Talenta\u021bi. A c\u00e2\u0219tigat premii I la numeroase concursuri interna\u021bionale, inclusiv \u00een 2022 la Concursul Interna\u021bional YSAYE Junior \u0219i la Concursul de Concerte din Londra, \u00een 2021 la Concursul de Violoncel Gustav Mahler...","protected":false},"author":4,"featured_media":3192,"parent":2977,"menu_order":0,"comment_status":"closed","ping_status":"closed","template":"","meta":{"footnotes":""},"class_list":["post-3195","page","type-page","status-publish","has-post-thumbnail","hentry"],"_links":{"self":[{"href":"https:\/\/2024.festivalenescu.ro\/ro\/wp-json\/wp\/v2\/pages\/3195","targetHints":{"allow":["GET"]}}],"collection":[{"href":"https:\/\/2024.festivalenescu.ro\/ro\/wp-json\/wp\/v2\/pages"}],"about":[{"href":"https:\/\/2024.festivalenescu.ro\/ro\/wp-json\/wp\/v2\/types\/page"}],"author":[{"embeddable":true,"href":"https:\/\/2024.festivalenescu.ro\/ro\/wp-json\/wp\/v2\/users\/4"}],"replies":[{"embeddable":true,"href":"https:\/\/2024.festivalenescu.ro\/ro\/wp-json\/wp\/v2\/comments?post=3195"}],"version-history":[{"count":3,"href":"https:\/\/2024.festivalenescu.ro\/ro\/wp-json\/wp\/v2\/pages\/3195\/revisions"}],"predecessor-version":[{"id":5327,"href":"https:\/\/2024.festivalenescu.ro\/ro\/wp-json\/wp\/v2\/pages\/3195\/revisions\/5327"}],"up":[{"embeddable":true,"href":"https:\/\/2024.festivalenescu.ro\/ro\/wp-json\/wp\/v2\/pages\/2977"}],"wp:featuredmedia":[{"embeddable":true,"href":"https:\/\/2024.festivalenescu.ro\/ro\/wp-json\/wp\/v2\/media\/3192"}],"wp:attachment":[{"href":"https:\/\/2024.festivalenescu.ro\/ro\/wp-json\/wp\/v2\/media?parent=3195"}],"curies":[{"name":"wp","href":"https:\/\/api.w.org\/{rel}","templated":true}]}}