{"id":3247,"date":"2024-08-29T14:54:17","date_gmt":"2024-08-29T11:54:17","guid":{"rendered":"https:\/\/concurs.festivalenescu.ro\/?page_id=3247"},"modified":"2024-08-29T23:14:53","modified_gmt":"2024-08-29T20:14:53","slug":"sarah-moser","status":"publish","type":"page","link":"https:\/\/2024.festivalenescu.ro\/ro\/concurenti\/sectiunea-violoncel\/sarah-moser\/","title":{"rendered":"Sarah Moser"},"content":{"rendered":"<section class=\"l-section wpb_row height_medium\"><div class=\"l-section-h i-cf\"><div class=\"g-cols vc_row via_flex valign_top type_default stacking_default\"><div class=\"vc_col-sm-6 wpb_column vc_column_container\"><div class=\"vc_column-inner\"><div class=\"wpb_wrapper\"><div class=\"w-hwrapper valign_top align_none\" style=\"--hwrapper-gap:0.2rem\"><\/div><div class=\"wpb_text_column\"><div class=\"wpb_wrapper\"><p><strong>AUSTRIA<\/strong><br \/>\n<strong>14 februarie 2000<\/strong><\/p>\n<p>Sarah Moser s-a n\u0103scut \u00een 2000, la Salzburg. A \u00eenceput s\u0103 c\u00e2nte la violoncel la v\u00e2rsta de 7 ani. Primul ei profesor a fost Barbara L\u00fcbke-Herzl la Salzburg. La v\u00e2rsta de 15 ani, a fost acceptat\u0103 la clasa profesorului Wen-Sinn Yang din M\u00fcnchen unde a studiat p\u00e2n\u0103 \u00een 2022. Din 2022 p\u00e2n\u0103 \u00een 2023 a studiat \u00een L\u00fcbeck cu Troels Svane. Din octombrie 2023, studiaz\u0103 cu Julian Steckel la M\u00fcnchen.<br \/>\nA c\u00e2ntat \u00een repetate r\u00e2nduri ca solist\u0103 cu Orchestra Filarmonicii din Salzburg \u0219i cu Orchestra Filarmonicii din Bad Reichenhaller. A sus\u021binut concerte la Gro\u00dfes Festspielhaus Salzburg, Felsenreitschule Salzburg \u0219i Bruckner Haus Linz.<br \/>\n\u00cen perioada 2022-2024 a fost membr\u0103 a Academiei Hermann Levi a Operei Bavareze de Stat din M\u00fcnchen. De asemenea, a sus\u021binut concerte, ca \u00eenlocuitoare, cu Orchestra de Camer\u0103 a Filarmonicii din Bavaria. Cu trio-ul s\u0103u de pian Mosertrio a participat la numeroase festivaluri din Austria, Germania \u0219i Elve\u021bia.<br \/>\nA luat lec\u021bii de muzic\u0103 de camer\u0103 cu Hatto Beyerle, Biliana Tzinlikova, Werner B\u00e4rtschi \u0219i M\u00e0rta Gul\u00e0s.<\/p>\n<\/div><\/div><div class=\"w-separator size_small\"><\/div><div class=\"w-separator size_small\"><\/div><div class=\"wpb_text_column\"><div class=\"wpb_wrapper\"><p>Etapa I<br \/>\n<strong>Alfredo Piatti<\/strong> Capriciu op. 25 nr. 2<br \/>\n<strong>Joseph Haydn<\/strong> Concertul nr. 1 \u00een do major pentru violoncel \u0219i orchestr\u0103 Hob. VIIb\/1 (partea I cu caden\u021b\u0103)<br \/>\n<strong>Robert Schumann<\/strong> <em>Fantasiest\u00fccke<\/em> op. 73<\/p>\n<p>Etapa a II-a<br \/>\n<strong>Sebastian Androne-Nakanishi<\/strong> <em>Syntrimma<\/em> pentru violoncel solo<br \/>\n<strong>Gy\u00f6rgy Ligeti<\/strong> Sonata pentru violoncel solo<br \/>\n<strong>Johannes Brahms<\/strong> Sonata nr. 1 \u00een mi minor pentru violoncel \u0219i pian op. 38<\/p>\n<p>Semifinala<br \/>\n<strong>George Enescu<\/strong> Sonata nr. 2 \u00een do major pentru violoncel \u0219i pian op. 26<br \/>\n<strong>Claude Debussy<\/strong> Sonata \u00een re minor pentru violoncel \u0219i pian L. 135<br \/>\n<strong>Mstislav Rostropovich<\/strong> <em>Humoresque<\/em> op. 5<\/p>\n<p>Finala<br \/>\n<strong>Edward Elgar<\/strong> Concertul \u00een mi minor pentru violoncel \u0219i orchestr\u0103 op. 85<\/p>\n<\/div><\/div><\/div><\/div><\/div><div class=\"vc_col-sm-6 wpb_column vc_column_container\"><div class=\"vc_column-inner\"><div class=\"wpb_wrapper\"><div class=\"w-ibanner animation_phorcys ratio_1x1 easing_easeInOutCirc\"><div class=\"w-ibanner-h\"><div class=\"w-ibanner-image\" style=\"background-image: url(https:\/\/2024.festivalenescu.ro\/wp-content\/uploads\/2024\/08\/MOSER-Sarah.jpg)\"><\/div><div class=\"w-ibanner-content\"><div class=\"w-ibanner-content-h\"><h2 class=\"w-ibanner-title\"><\/h2><div class=\"w-ibanner-desc\"><\/div><\/div><\/div><\/div><\/div><\/div><\/div><\/div><\/div><\/div><\/section><section class=\"l-section wpb_row height_medium\"><div class=\"l-section-h i-cf\"><div class=\"g-cols vc_row via_flex valign_top type_default stacking_default\"><div class=\"vc_col-sm-12 wpb_column vc_column_container\"><div class=\"vc_column-inner\"><div class=\"wpb_wrapper\"><div class=\"wpb_text_column\"><div class=\"wpb_wrapper\"><p>Share:<\/p>\n<\/div><\/div><div class=\"w-sharing type_simple align_none color_default\"><div class=\"w-sharing-list\"><a class=\"w-sharing-item email\" href=\"mailto:?subject=Sarah Moser&amp;body=https:\/\/2024.festivalenescu.ro\/ro\/wp-json\/wp\/v2\/pages\/3247\" title=\"Email this\" aria-label=\"Email this\"><i class=\"fas fa-envelope\"><\/i><\/a><a class=\"w-sharing-item facebook\" href=\"https:\/\/www.facebook.com\/sharer\/sharer.php?u=https:\/\/2024.festivalenescu.ro\/ro\/wp-json\/wp\/v2\/pages\/3247&amp;quote=Sarah Moser\" title=\"Share this\" aria-label=\"Share this\" onclick=\"window.open(this.href, &quot;facebook&quot;, &quot;toolbar=0,width=900,height=500&quot;); return false;\"><i class=\"fab fa-facebook\"><\/i><\/a><a class=\"w-sharing-item twitter\" href=\"https:\/\/twitter.com\/intent\/tweet?text=Sarah Moser&amp;url=https:\/\/2024.festivalenescu.ro\/ro\/wp-json\/wp\/v2\/pages\/3247\" title=\"Tweet this\" aria-label=\"Tweet this\" onclick=\"window.open(this.href, &quot;twitter&quot;, &quot;toolbar=0,width=650,height=360&quot;); return false;\"><i class=\"fab fa-x-twitter\"><svg style=\"width:1em; margin-bottom:-.1em;\" xmlns=\"http:\/\/www.w3.org\/2000\/svg\" viewBox=\"0 0 512 512\"><path fill=\"currentColor\" d=\"M389.2 48h70.6L305.6 224.2 487 464H345L233.7 318.6 106.5 464H35.8L200.7 275.5 26.8 48H172.4L272.9 180.9 389.2 48zM364.4 421.8h39.1L151.1 88h-42L364.4 421.8z\"\/><\/svg><\/i><\/a><a class=\"w-sharing-item linkedin\" href=\"https:\/\/www.linkedin.com\/shareArticle?mini=true&amp;url=https:\/\/2024.festivalenescu.ro\/ro\/wp-json\/wp\/v2\/pages\/3247\" title=\"Share this\" aria-label=\"Share this\" onclick=\"window.open(this.href, &quot;linkedin&quot;, &quot;toolbar=no,width=550,height=550&quot;); return false;\"><i class=\"fab fa-linkedin\"><\/i><\/a><a class=\"w-sharing-item whatsapp\" href=\"https:\/\/web.whatsapp.com\/send?text=Sarah Moser https:\/\/2024.festivalenescu.ro\/ro\/wp-json\/wp\/v2\/pages\/3247\" title=\"Share this\" aria-label=\"Share this\" onclick=\"window.open(this.href, &quot;whatsapp&quot;, &quot;toolbar=0,width=900,height=500&quot;); return false;\"><i class=\"fab fa-whatsapp\"><\/i><\/a><a class=\"w-sharing-item reddit\" href=\"https:\/\/www.reddit.com\/submit?url=https:\/\/2024.festivalenescu.ro\/ro\/wp-json\/wp\/v2\/pages\/3247&amp;title=Sarah Moser\" title=\"Share this\" aria-label=\"Share this\" onclick=\"window.open(this.href, &quot;reddit&quot;, &quot;toolbar=no,width=900,height=500&quot;); return false;\"><i class=\"fab fa-reddit\"><\/i><\/a><a class=\"w-sharing-item telegram\" href=\"https:\/\/t.me\/share\/url?url=https:\/\/2024.festivalenescu.ro\/ro\/wp-json\/wp\/v2\/pages\/3247&amp;text=Sarah Moser\" title=\"Share this\" aria-label=\"Share this\" onclick=\"window.open(this.href, &quot;telegram&quot;, &quot;toolbar=no,width=600,height=450&quot;); return false;\"><i class=\"fab fa-telegram\"><\/i><\/a><\/div><\/div><div class=\"w-post-elm post_navigation layout_sided inv_false\"><a class=\"post_navigation-item order_first to_prev\" href=\"https:\/\/2024.festivalenescu.ro\/ro\/concurenti\/sectiunea-violoncel\/michael-song\/\" title=\"Michael Song\"><div class=\"post_navigation-item-img\"><img decoding=\"async\" src=\"https:\/\/2024.festivalenescu.ro\/wp-content\/uploads\/2024\/08\/SONG-Michael-1-787x900.jpg\" loading=\"lazy\" alt=\"\" width=\"150\" height=\"150\"><\/div><div class=\"post_navigation-item-arrow\"><\/div><div class=\"post_navigation-item-title\"><span>Michael Song<\/span><\/div><\/a><a class=\"post_navigation-item order_second to_next\" href=\"https:\/\/2024.festivalenescu.ro\/ro\/concurenti\/sectiunea-violoncel\/seohyun-kang\/\" title=\"Seohyun Kang\"><div class=\"post_navigation-item-img\"><img decoding=\"async\" src=\"https:\/\/2024.festivalenescu.ro\/wp-content\/uploads\/2024\/08\/KANG-Seohyun-2-600x900.jpg\" loading=\"lazy\" alt=\"\" width=\"150\" height=\"150\"><\/div><div class=\"post_navigation-item-arrow\"><\/div><div class=\"post_navigation-item-title\"><span>Seohyun Kang<\/span><\/div><\/a><\/div><\/div><\/div><\/div><\/div><\/div><\/section>\n","protected":false},"excerpt":{"rendered":"AUSTRIA 14 februarie 2000 Sarah Moser s-a n\u0103scut \u00een 2000, la Salzburg. A \u00eenceput s\u0103 c\u00e2nte la violoncel la v\u00e2rsta de 7 ani. Primul ei profesor a fost Barbara L\u00fcbke-Herzl la Salzburg. La v\u00e2rsta de 15 ani, a fost acceptat\u0103 la clasa profesorului Wen-Sinn Yang din M\u00fcnchen unde a studiat p\u00e2n\u0103 \u00een 2022. Din 2022...","protected":false},"author":4,"featured_media":3244,"parent":2977,"menu_order":0,"comment_status":"closed","ping_status":"closed","template":"","meta":{"footnotes":""},"class_list":["post-3247","page","type-page","status-publish","has-post-thumbnail","hentry"],"_links":{"self":[{"href":"https:\/\/2024.festivalenescu.ro\/ro\/wp-json\/wp\/v2\/pages\/3247","targetHints":{"allow":["GET"]}}],"collection":[{"href":"https:\/\/2024.festivalenescu.ro\/ro\/wp-json\/wp\/v2\/pages"}],"about":[{"href":"https:\/\/2024.festivalenescu.ro\/ro\/wp-json\/wp\/v2\/types\/page"}],"author":[{"embeddable":true,"href":"https:\/\/2024.festivalenescu.ro\/ro\/wp-json\/wp\/v2\/users\/4"}],"replies":[{"embeddable":true,"href":"https:\/\/2024.festivalenescu.ro\/ro\/wp-json\/wp\/v2\/comments?post=3247"}],"version-history":[{"count":3,"href":"https:\/\/2024.festivalenescu.ro\/ro\/wp-json\/wp\/v2\/pages\/3247\/revisions"}],"predecessor-version":[{"id":5333,"href":"https:\/\/2024.festivalenescu.ro\/ro\/wp-json\/wp\/v2\/pages\/3247\/revisions\/5333"}],"up":[{"embeddable":true,"href":"https:\/\/2024.festivalenescu.ro\/ro\/wp-json\/wp\/v2\/pages\/2977"}],"wp:featuredmedia":[{"embeddable":true,"href":"https:\/\/2024.festivalenescu.ro\/ro\/wp-json\/wp\/v2\/media\/3244"}],"wp:attachment":[{"href":"https:\/\/2024.festivalenescu.ro\/ro\/wp-json\/wp\/v2\/media?parent=3247"}],"curies":[{"name":"wp","href":"https:\/\/api.w.org\/{rel}","templated":true}]}}