{"id":3322,"date":"2024-08-29T14:59:05","date_gmt":"2024-08-29T11:59:05","guid":{"rendered":"https:\/\/concurs.festivalenescu.ro\/?page_id=3322"},"modified":"2024-09-01T15:30:59","modified_gmt":"2024-09-01T12:30:59","slug":"yenah-sung","status":"publish","type":"page","link":"https:\/\/2024.festivalenescu.ro\/ro\/concurenti\/sectiunea-violoncel\/yenah-sung\/","title":{"rendered":"Yenah Sung"},"content":{"rendered":"<section class=\"l-section wpb_row height_medium\"><div class=\"l-section-h i-cf\"><div class=\"g-cols vc_row via_flex valign_top type_default stacking_default\"><div class=\"vc_col-sm-6 wpb_column vc_column_container\"><div class=\"vc_column-inner\"><div class=\"wpb_wrapper\"><div class=\"w-hwrapper valign_top align_none\" style=\"--hwrapper-gap:0.2rem\"><\/div><div class=\"wpb_text_column\"><div class=\"wpb_wrapper\"><p><strong>COREEA DE SUD<\/strong><br \/>\n<strong>30 iulie 2002<\/strong><\/p>\n<p>N\u0103scut\u0103 \u00een Coreea de Sud, Yenah Sung \u0219i-a \u00eenceput studiile la Universitatea Na\u021bional\u0103 din Seul din Coreea \u0219i studiaz\u0103 \u00een prezent cu Min-Ji Kim, din 2021. Pe parcursul anilor de studiu, a concertat la Conservatorul Regal Birmingham din Marea Britanie \u0219i la Conservatorul Sankt Petersburg din Rusia ca membr\u0103 a cvintetului cu pian al \u0219colii (Liceul de Arte Seoul), \u00een 2019. \u00cen 2020, a ob\u021binut premiul I la Concursul Interna\u021bional de Violoncel Antonio Janigro din Croa\u021bia. A c\u00e2\u0219tigat premii I la numeroase concursuri din Coreea, inclusiv la Concursul de Muzic\u0103 JoongAng, \u00een 2023. A sus\u021binut concerte \u00een calitate de solist\u0103 cu Orchestra Filarmonicii Seongnam \u0219i cu Orchestra Simfonic\u0103 New World. \u0218i-a f\u0103cut debutul \u00een concertul Kumho Prodigy din Coreea, \u00een 2017, \u0219i urmeaz\u0103 s\u0103 interpreteze \u00een concertul Kumho Young Artist \u00een iunie anul viitor (2025).<\/p>\n<\/div><\/div><div class=\"w-separator size_small\"><\/div><div class=\"w-separator size_small\"><\/div><div class=\"wpb_text_column\"><div class=\"wpb_wrapper\"><p>Etapa I<br \/>\n<strong>Alfredo Piatti<\/strong> Capriciu op. 25 nr. 7<br \/>\n<strong>Joseph Haydn<\/strong> Concertul nr. 1 \u00een do major pentru violoncel \u0219i orchestr\u0103 Hob. VIIb\/1 (partea I cu caden\u021b\u0103)<br \/>\n<strong>Robert Schumann<\/strong> Adagio \u0219i Allegro \u00een la bemol major pentru violoncel \u0219i pian op. 70<\/p>\n<p>Etapa a II-a<br \/>\n<strong>Sebastian Androne-Nakanishi<\/strong> <em>Syntrimma<\/em> pentru violoncel solo<br \/>\n<strong>Gy\u00f6rgy Ligeti<\/strong> Sonata pentru violoncel solo<br \/>\n<strong>Johannes Brahms<\/strong> Sonata nr. 2 \u00een fa major pentru violoncel \u0219i pian op. 99<\/p>\n<p>Semifinala<br \/>\n<strong>George Enescu<\/strong> Sonata nr. 2 \u00een do major pentru violoncel \u0219i pian op. 26<br \/>\n<strong>Benjamin Britten<\/strong> Sonata \u00een do major pentru violoncel \u0219i pian op. 65<br \/>\n<strong>Karl Davydov<\/strong> <em>At the Fountain<\/em> op. 20 nr. 2<\/p>\n<p>Finala<br \/>\n<strong>Anton\u00edn Dvo\u0159\u00e1k<\/strong> Concertul \u00een si minor pentru violoncel \u0219i orchestr\u0103 op. 104<\/p>\n<\/div><\/div><\/div><\/div><\/div><div class=\"vc_col-sm-6 wpb_column vc_column_container\"><div class=\"vc_column-inner\"><div class=\"wpb_wrapper\"><div class=\"w-ibanner animation_phorcys ratio_1x1 easing_easeInOutCirc\"><div class=\"w-ibanner-h\"><div class=\"w-ibanner-image\" style=\"background-image: url(https:\/\/2024.festivalenescu.ro\/wp-content\/uploads\/2024\/08\/SUNG-Yenah-2-.jpg)\"><\/div><div class=\"w-ibanner-content\"><div class=\"w-ibanner-content-h\"><h2 class=\"w-ibanner-title\"><\/h2><div class=\"w-ibanner-desc\"><\/div><\/div><\/div><\/div><\/div><\/div><\/div><\/div><\/div><\/div><\/section><section class=\"l-section wpb_row height_medium\"><div class=\"l-section-h i-cf\"><div class=\"g-cols vc_row via_flex valign_top type_default stacking_default\"><div class=\"vc_col-sm-12 wpb_column vc_column_container\"><div class=\"vc_column-inner\"><div class=\"wpb_wrapper\"><div class=\"wpb_text_column\"><div class=\"wpb_wrapper\"><p>Share:<\/p>\n<\/div><\/div><div class=\"w-sharing type_simple align_none color_default\"><div class=\"w-sharing-list\"><a class=\"w-sharing-item email\" href=\"mailto:?subject=Yenah Sung&amp;body=https:\/\/2024.festivalenescu.ro\/ro\/wp-json\/wp\/v2\/pages\/3322\" title=\"Email this\" aria-label=\"Email this\"><i class=\"fas fa-envelope\"><\/i><\/a><a class=\"w-sharing-item facebook\" href=\"https:\/\/www.facebook.com\/sharer\/sharer.php?u=https:\/\/2024.festivalenescu.ro\/ro\/wp-json\/wp\/v2\/pages\/3322&amp;quote=Yenah Sung\" title=\"Share this\" aria-label=\"Share this\" onclick=\"window.open(this.href, &quot;facebook&quot;, &quot;toolbar=0,width=900,height=500&quot;); return false;\"><i class=\"fab fa-facebook\"><\/i><\/a><a class=\"w-sharing-item twitter\" href=\"https:\/\/twitter.com\/intent\/tweet?text=Yenah Sung&amp;url=https:\/\/2024.festivalenescu.ro\/ro\/wp-json\/wp\/v2\/pages\/3322\" title=\"Tweet this\" aria-label=\"Tweet this\" onclick=\"window.open(this.href, &quot;twitter&quot;, &quot;toolbar=0,width=650,height=360&quot;); return false;\"><i class=\"fab fa-x-twitter\"><svg style=\"width:1em; margin-bottom:-.1em;\" xmlns=\"http:\/\/www.w3.org\/2000\/svg\" viewBox=\"0 0 512 512\"><path fill=\"currentColor\" d=\"M389.2 48h70.6L305.6 224.2 487 464H345L233.7 318.6 106.5 464H35.8L200.7 275.5 26.8 48H172.4L272.9 180.9 389.2 48zM364.4 421.8h39.1L151.1 88h-42L364.4 421.8z\"\/><\/svg><\/i><\/a><a class=\"w-sharing-item linkedin\" href=\"https:\/\/www.linkedin.com\/shareArticle?mini=true&amp;url=https:\/\/2024.festivalenescu.ro\/ro\/wp-json\/wp\/v2\/pages\/3322\" title=\"Share this\" aria-label=\"Share this\" onclick=\"window.open(this.href, &quot;linkedin&quot;, &quot;toolbar=no,width=550,height=550&quot;); return false;\"><i class=\"fab fa-linkedin\"><\/i><\/a><a class=\"w-sharing-item whatsapp\" href=\"https:\/\/web.whatsapp.com\/send?text=Yenah Sung https:\/\/2024.festivalenescu.ro\/ro\/wp-json\/wp\/v2\/pages\/3322\" title=\"Share this\" aria-label=\"Share this\" onclick=\"window.open(this.href, &quot;whatsapp&quot;, &quot;toolbar=0,width=900,height=500&quot;); return false;\"><i class=\"fab fa-whatsapp\"><\/i><\/a><a class=\"w-sharing-item reddit\" href=\"https:\/\/www.reddit.com\/submit?url=https:\/\/2024.festivalenescu.ro\/ro\/wp-json\/wp\/v2\/pages\/3322&amp;title=Yenah Sung\" title=\"Share this\" aria-label=\"Share this\" onclick=\"window.open(this.href, &quot;reddit&quot;, &quot;toolbar=no,width=900,height=500&quot;); return false;\"><i class=\"fab fa-reddit\"><\/i><\/a><a class=\"w-sharing-item telegram\" href=\"https:\/\/t.me\/share\/url?url=https:\/\/2024.festivalenescu.ro\/ro\/wp-json\/wp\/v2\/pages\/3322&amp;text=Yenah Sung\" title=\"Share this\" aria-label=\"Share this\" onclick=\"window.open(this.href, &quot;telegram&quot;, &quot;toolbar=no,width=600,height=450&quot;); return false;\"><i class=\"fab fa-telegram\"><\/i><\/a><\/div><\/div><div class=\"w-post-elm post_navigation layout_sided inv_false\"><a class=\"post_navigation-item order_first to_prev\" href=\"https:\/\/2024.festivalenescu.ro\/ro\/concurenti\/sectiunea-violoncel\/vasily-stepanov\/\" title=\"Vasily Stepanov\"><div class=\"post_navigation-item-img\"><img decoding=\"async\" src=\"https:\/\/2024.festivalenescu.ro\/wp-content\/uploads\/2024\/08\/STEPANOV-Vasily-1-746x900.jpg\" loading=\"lazy\" alt=\"\" width=\"150\" height=\"150\"><\/div><div class=\"post_navigation-item-arrow\"><\/div><div class=\"post_navigation-item-title\"><span>Vasily Stepanov<\/span><\/div><\/a><a class=\"post_navigation-item order_second to_next\" href=\"https:\/\/2024.festivalenescu.ro\/ro\/concurenti\/sectiunea-violoncel\/yo-kitamura\/\" title=\"Yo Kitamura\"><div class=\"post_navigation-item-img\"><img decoding=\"async\" src=\"https:\/\/2024.festivalenescu.ro\/wp-content\/uploads\/2024\/08\/KITAMURA-Yo-631x900.jpg\" loading=\"lazy\" alt=\"\" width=\"150\" height=\"150\"><\/div><div class=\"post_navigation-item-arrow\"><\/div><div class=\"post_navigation-item-title\"><span>Yo Kitamura<\/span><\/div><\/a><\/div><\/div><\/div><\/div><\/div><\/div><\/section>\n","protected":false},"excerpt":{"rendered":"COREEA DE SUD 30 iulie 2002 N\u0103scut\u0103 \u00een Coreea de Sud, Yenah Sung \u0219i-a \u00eenceput studiile la Universitatea Na\u021bional\u0103 din Seul din Coreea \u0219i studiaz\u0103 \u00een prezent cu Min-Ji Kim, din 2021. Pe parcursul anilor de studiu, a concertat la Conservatorul Regal Birmingham din Marea Britanie \u0219i la Conservatorul Sankt Petersburg din Rusia ca membr\u0103...","protected":false},"author":4,"featured_media":3319,"parent":2977,"menu_order":0,"comment_status":"closed","ping_status":"closed","template":"","meta":{"footnotes":""},"class_list":["post-3322","page","type-page","status-publish","has-post-thumbnail","hentry"],"_links":{"self":[{"href":"https:\/\/2024.festivalenescu.ro\/ro\/wp-json\/wp\/v2\/pages\/3322","targetHints":{"allow":["GET"]}}],"collection":[{"href":"https:\/\/2024.festivalenescu.ro\/ro\/wp-json\/wp\/v2\/pages"}],"about":[{"href":"https:\/\/2024.festivalenescu.ro\/ro\/wp-json\/wp\/v2\/types\/page"}],"author":[{"embeddable":true,"href":"https:\/\/2024.festivalenescu.ro\/ro\/wp-json\/wp\/v2\/users\/4"}],"replies":[{"embeddable":true,"href":"https:\/\/2024.festivalenescu.ro\/ro\/wp-json\/wp\/v2\/comments?post=3322"}],"version-history":[{"count":3,"href":"https:\/\/2024.festivalenescu.ro\/ro\/wp-json\/wp\/v2\/pages\/3322\/revisions"}],"predecessor-version":[{"id":5339,"href":"https:\/\/2024.festivalenescu.ro\/ro\/wp-json\/wp\/v2\/pages\/3322\/revisions\/5339"}],"up":[{"embeddable":true,"href":"https:\/\/2024.festivalenescu.ro\/ro\/wp-json\/wp\/v2\/pages\/2977"}],"wp:featuredmedia":[{"embeddable":true,"href":"https:\/\/2024.festivalenescu.ro\/ro\/wp-json\/wp\/v2\/media\/3319"}],"wp:attachment":[{"href":"https:\/\/2024.festivalenescu.ro\/ro\/wp-json\/wp\/v2\/media?parent=3322"}],"curies":[{"name":"wp","href":"https:\/\/api.w.org\/{rel}","templated":true}]}}