{"id":3406,"date":"2024-08-29T14:09:06","date_gmt":"2024-08-29T11:09:06","guid":{"rendered":"https:\/\/concurs.festivalenescu.ro\/?page_id=3406"},"modified":"2024-08-29T23:20:38","modified_gmt":"2024-08-29T20:20:38","slug":"cornelius-zirbo","status":"publish","type":"page","link":"https:\/\/2024.festivalenescu.ro\/ro\/concurenti\/sectiunea-violoncel\/cornelius-zirbo\/","title":{"rendered":"Cornelius Zirbo"},"content":{"rendered":"<section class=\"l-section wpb_row height_medium\"><div class=\"l-section-h i-cf\"><div class=\"g-cols vc_row via_flex valign_top type_default stacking_default\"><div class=\"vc_col-sm-6 wpb_column vc_column_container\"><div class=\"vc_column-inner\"><div class=\"wpb_wrapper\"><div class=\"w-hwrapper valign_top align_none\" style=\"--hwrapper-gap:0.2rem\"><\/div><div class=\"wpb_text_column\"><div class=\"wpb_wrapper\"><p><strong>ROM\u00c2NIA<\/strong><br \/>\n<strong>25 octombrie 1998<\/strong><\/p>\n<p>Cornelius Zirbo s-a n\u0103scut \u00een Cluj-Napoca, unde \u0219i-a \u00eenceput studiile muzicale, la v\u00e2rsta de 9 ani. \u0218i-a continuat studiile la Bucure\u0219ti, cu profesorii Octavian Lup \u0219i Marin Cazacu, \u0219i la Paris cu Gautier Capu\u00e7on, la Funda\u021bia Louis Vuitton.<br \/>\nEste absolvent al Academiei de Var\u0103 Soloists &amp; Ensembles a Festivalului de la Verbier, al cursurilor de m\u0103iestrie ale Academiei Kronberg, ale Academiei Barenboim-Said, ale Festivalului Interna\u021bional George Enescu (2019) \u0219i ale Festivalului Ver\u00e3o Classico (2021).<br \/>\nCornelius Zirbo a ob\u021binut premii la numeroase concursuri din \u021bar\u0103 \u0219i din str\u0103in\u0103tate, printre care se num\u0103r\u0103 premiul I la Concursul Interna\u021bional pentru Instrumente de coarde StreichWerk din Berlin, Concursul Interna\u021bional Concertino Praga sau Concursul Interna\u021bional de Violoncel ProArt din Ucraina, unde s-a clasat pe locul II \u0219i, de asemenea, premiul III la Concursul Interna\u021bional de Violoncel Antonio Janigro din Croa\u021bia.<br \/>\n\u00cen octombrie 2020, \u00eenregistr\u0103rile sale cu Sonatele pentru violoncel de Claude Debussy \u0219i George Enescu, realizate \u00eempreun\u0103 cu pianistul Gabriel G\u00ee\u021ban, au primit cel mai \u00eenalt calificativ din partea postului Radio Rom\u00e2nia Muzical \u0219i au intrat \u00een Arhiva de Aur a acestuia.<\/p>\n<\/div><\/div><div class=\"w-separator size_small\"><\/div><div class=\"w-separator size_small\"><\/div><div class=\"wpb_text_column\"><div class=\"wpb_wrapper\"><p>Etapa I<br \/>\n<strong>Alfredo Piatti<\/strong> Capriciu op. 25 nr. 7<br \/>\n<strong>Joseph Haydn<\/strong> Concertul nr. 1 \u00een do major pentru violoncel \u0219i orchestr\u0103 Hob. VIIb\/1 (partea I cu caden\u021b\u0103)<br \/>\n<strong>Robert Schumann<\/strong> Adagio \u0219i Allegro \u00een la bemol major pentru violoncel \u0219i pian op. 70<\/p>\n<p>Etapa a II-a<br \/>\n<strong>Sebastian Androne-Nakanishi <\/strong><em>Syntrimma<\/em> pentru violoncel solo<br \/>\n<strong>Krzysztof Penderecki<\/strong> <em>Divertimento<\/em> pentru violoncel solo<br \/>\n<strong>Franz Schubert<\/strong> Sonata Arpeggione \u00een la minor pentru violoncel \u0219i pian D. 821<\/p>\n<p>Semifinala<br \/>\n<strong>George Enescu<\/strong> Sonata nr. 2 \u00een do major pentru violoncel \u0219i pian op. 26<br \/>\n<strong>Claude Debussy<\/strong> Sonata \u00een re minor pentru violoncel \u0219i pian L. 135<br \/>\n<strong>Mstislav Rostropovich<\/strong> <em>Humoresque<\/em> op. 5<\/p>\n<p>Finala<br \/>\n<strong>Anton\u00edn Dvo\u0159\u00e1k<\/strong> Concertul \u00een si minor pentru violoncel \u0219i orchestr\u0103 op. 104<\/p>\n<\/div><\/div><\/div><\/div><\/div><div class=\"vc_col-sm-6 wpb_column vc_column_container\"><div class=\"vc_column-inner\"><div class=\"wpb_wrapper\"><div class=\"w-ibanner animation_phorcys ratio_1x1 easing_easeInOutCirc\"><div class=\"w-ibanner-h\"><div class=\"w-ibanner-image\" style=\"background-image: url(https:\/\/2024.festivalenescu.ro\/wp-content\/uploads\/2024\/08\/ZIRBO-Cornelius-scaled.jpg)\"><\/div><div class=\"w-ibanner-content\"><div class=\"w-ibanner-content-h\"><h2 class=\"w-ibanner-title\"><\/h2><div class=\"w-ibanner-desc\"><\/div><\/div><\/div><\/div><\/div><\/div><\/div><\/div><\/div><\/div><\/section><section class=\"l-section wpb_row height_medium\"><div class=\"l-section-h i-cf\"><div class=\"g-cols vc_row via_flex valign_top type_default stacking_default\"><div class=\"vc_col-sm-12 wpb_column vc_column_container\"><div class=\"vc_column-inner\"><div class=\"wpb_wrapper\"><div class=\"wpb_text_column\"><div class=\"wpb_wrapper\"><p>Share:<\/p>\n<\/div><\/div><div class=\"w-sharing type_simple align_none color_default\"><div class=\"w-sharing-list\"><a class=\"w-sharing-item email\" href=\"mailto:?subject=Cornelius Zirbo&amp;body=https:\/\/2024.festivalenescu.ro\/ro\/wp-json\/wp\/v2\/pages\/3406\" title=\"Email this\" aria-label=\"Email this\"><i class=\"fas fa-envelope\"><\/i><\/a><a class=\"w-sharing-item facebook\" href=\"https:\/\/www.facebook.com\/sharer\/sharer.php?u=https:\/\/2024.festivalenescu.ro\/ro\/wp-json\/wp\/v2\/pages\/3406&amp;quote=Cornelius Zirbo\" title=\"Share this\" aria-label=\"Share this\" onclick=\"window.open(this.href, &quot;facebook&quot;, &quot;toolbar=0,width=900,height=500&quot;); return false;\"><i class=\"fab fa-facebook\"><\/i><\/a><a class=\"w-sharing-item twitter\" href=\"https:\/\/twitter.com\/intent\/tweet?text=Cornelius Zirbo&amp;url=https:\/\/2024.festivalenescu.ro\/ro\/wp-json\/wp\/v2\/pages\/3406\" title=\"Tweet this\" aria-label=\"Tweet this\" onclick=\"window.open(this.href, &quot;twitter&quot;, &quot;toolbar=0,width=650,height=360&quot;); return false;\"><i class=\"fab fa-x-twitter\"><svg style=\"width:1em; margin-bottom:-.1em;\" xmlns=\"http:\/\/www.w3.org\/2000\/svg\" viewBox=\"0 0 512 512\"><path fill=\"currentColor\" d=\"M389.2 48h70.6L305.6 224.2 487 464H345L233.7 318.6 106.5 464H35.8L200.7 275.5 26.8 48H172.4L272.9 180.9 389.2 48zM364.4 421.8h39.1L151.1 88h-42L364.4 421.8z\"\/><\/svg><\/i><\/a><a class=\"w-sharing-item linkedin\" href=\"https:\/\/www.linkedin.com\/shareArticle?mini=true&amp;url=https:\/\/2024.festivalenescu.ro\/ro\/wp-json\/wp\/v2\/pages\/3406\" title=\"Share this\" aria-label=\"Share this\" onclick=\"window.open(this.href, &quot;linkedin&quot;, &quot;toolbar=no,width=550,height=550&quot;); return false;\"><i class=\"fab fa-linkedin\"><\/i><\/a><a class=\"w-sharing-item whatsapp\" href=\"https:\/\/web.whatsapp.com\/send?text=Cornelius Zirbo https:\/\/2024.festivalenescu.ro\/ro\/wp-json\/wp\/v2\/pages\/3406\" title=\"Share this\" aria-label=\"Share this\" onclick=\"window.open(this.href, &quot;whatsapp&quot;, &quot;toolbar=0,width=900,height=500&quot;); return false;\"><i class=\"fab fa-whatsapp\"><\/i><\/a><a class=\"w-sharing-item reddit\" href=\"https:\/\/www.reddit.com\/submit?url=https:\/\/2024.festivalenescu.ro\/ro\/wp-json\/wp\/v2\/pages\/3406&amp;title=Cornelius Zirbo\" title=\"Share this\" aria-label=\"Share this\" onclick=\"window.open(this.href, &quot;reddit&quot;, &quot;toolbar=no,width=900,height=500&quot;); return false;\"><i class=\"fab fa-reddit\"><\/i><\/a><a class=\"w-sharing-item telegram\" href=\"https:\/\/t.me\/share\/url?url=https:\/\/2024.festivalenescu.ro\/ro\/wp-json\/wp\/v2\/pages\/3406&amp;text=Cornelius Zirbo\" title=\"Share this\" aria-label=\"Share this\" onclick=\"window.open(this.href, &quot;telegram&quot;, &quot;toolbar=no,width=600,height=450&quot;); return false;\"><i class=\"fab fa-telegram\"><\/i><\/a><\/div><\/div><div class=\"w-post-elm post_navigation layout_sided inv_false\"><a class=\"post_navigation-item order_first to_prev\" href=\"https:\/\/2024.festivalenescu.ro\/ro\/concurenti\/sectiunea-pian\/jae-hyeong-cho\/\" title=\"Jae Hyeong Cho\"><div class=\"post_navigation-item-img\"><img decoding=\"async\" src=\"https:\/\/2024.festivalenescu.ro\/wp-content\/uploads\/2024\/08\/CHO-Jae-Hyeong_1-900x600.jpg\" loading=\"lazy\" alt=\"\" width=\"150\" height=\"150\"><\/div><div class=\"post_navigation-item-arrow\"><\/div><div class=\"post_navigation-item-title\"><span>Jae Hyeong Cho<\/span><\/div><\/a><a class=\"post_navigation-item order_second to_next\" href=\"https:\/\/2024.festivalenescu.ro\/ro\/concurenti\/sectiunea-violoncel\/ziyang-zhao\/\" title=\"Ziyang Zhao\"><div class=\"post_navigation-item-img\"><img decoding=\"async\" src=\"https:\/\/2024.festivalenescu.ro\/wp-content\/uploads\/2024\/08\/ZHAO-Ziyang--600x900.jpg\" loading=\"lazy\" alt=\"\" width=\"150\" height=\"150\"><\/div><div class=\"post_navigation-item-arrow\"><\/div><div class=\"post_navigation-item-title\"><span>Ziyang Zhao<\/span><\/div><\/a><\/div><\/div><\/div><\/div><\/div><\/div><\/section>\n","protected":false},"excerpt":{"rendered":"ROM\u00c2NIA 25 octombrie 1998 Cornelius Zirbo s-a n\u0103scut \u00een Cluj-Napoca, unde \u0219i-a \u00eenceput studiile muzicale, la v\u00e2rsta de 9 ani. \u0218i-a continuat studiile la Bucure\u0219ti, cu profesorii Octavian Lup \u0219i Marin Cazacu, \u0219i la Paris cu Gautier Capu\u00e7on, la Funda\u021bia Louis Vuitton. Este absolvent al Academiei de Var\u0103 Soloists &amp; Ensembles a Festivalului de la...","protected":false},"author":4,"featured_media":3403,"parent":2977,"menu_order":0,"comment_status":"closed","ping_status":"closed","template":"","meta":{"footnotes":""},"class_list":["post-3406","page","type-page","status-publish","has-post-thumbnail","hentry"],"_links":{"self":[{"href":"https:\/\/2024.festivalenescu.ro\/ro\/wp-json\/wp\/v2\/pages\/3406","targetHints":{"allow":["GET"]}}],"collection":[{"href":"https:\/\/2024.festivalenescu.ro\/ro\/wp-json\/wp\/v2\/pages"}],"about":[{"href":"https:\/\/2024.festivalenescu.ro\/ro\/wp-json\/wp\/v2\/types\/page"}],"author":[{"embeddable":true,"href":"https:\/\/2024.festivalenescu.ro\/ro\/wp-json\/wp\/v2\/users\/4"}],"replies":[{"embeddable":true,"href":"https:\/\/2024.festivalenescu.ro\/ro\/wp-json\/wp\/v2\/comments?post=3406"}],"version-history":[{"count":3,"href":"https:\/\/2024.festivalenescu.ro\/ro\/wp-json\/wp\/v2\/pages\/3406\/revisions"}],"predecessor-version":[{"id":5347,"href":"https:\/\/2024.festivalenescu.ro\/ro\/wp-json\/wp\/v2\/pages\/3406\/revisions\/5347"}],"up":[{"embeddable":true,"href":"https:\/\/2024.festivalenescu.ro\/ro\/wp-json\/wp\/v2\/pages\/2977"}],"wp:featuredmedia":[{"embeddable":true,"href":"https:\/\/2024.festivalenescu.ro\/ro\/wp-json\/wp\/v2\/media\/3403"}],"wp:attachment":[{"href":"https:\/\/2024.festivalenescu.ro\/ro\/wp-json\/wp\/v2\/media?parent=3406"}],"curies":[{"name":"wp","href":"https:\/\/api.w.org\/{rel}","templated":true}]}}