{"id":3472,"date":"2024-08-19T15:44:16","date_gmt":"2024-08-19T12:44:16","guid":{"rendered":"https:\/\/concurs.festivalenescu.ro\/?page_id=3472"},"modified":"2024-08-26T10:38:50","modified_gmt":"2024-08-26T07:38:50","slug":"concerte-in-alte-orase","status":"publish","type":"page","link":"https:\/\/2024.festivalenescu.ro\/ro\/evenimente\/concerte-in-alte-orase\/","title":{"rendered":"Concerte \u00een alte ora\u0219e"},"content":{"rendered":"<section class=\"l-section wpb_row height_medium\"><div class=\"l-section-h i-cf\"><div class=\"g-cols vc_row via_flex valign_top type_default stacking_default\"><div class=\"vc_col-sm-12 wpb_column vc_column_container\"><div class=\"vc_column-inner\"><div class=\"wpb_wrapper\"><div class=\"wpb_text_column\"><div class=\"wpb_wrapper\"><h3>Concerte \u00een Cluj-Napoca<\/h3>\n<\/div><\/div><div class=\"w-separator size_small\"><\/div><div class=\"w-grid type_grid layout_3651\" id=\"us_grid_1\" style=\"--gap:1rem;\"><style>.layout_3651 .w-grid-item-h{box-shadow:0 0rem 0rem rgba(0,0,0,0.1),0 0rem 0rem rgba(0,0,0,0.1);transition-duration:0.3s}.no-touch .layout_3651 .w-grid-item-h:hover{box-shadow:0 0.1rem 0.2rem rgba(0,0,0,0.1),0 0.33rem 1rem rgba(0,0,0,0.15);z-index:4}.layout_3651 .usg_hwrapper_1{border-color:var(--color-content-border)!important;padding:1.5rem!important;border-style:solid!important;border-width:0 1px 1px 1px!important}.layout_3651 .usg_vwrapper_1{width:80%!important;padding-left:3%!important;padding-right:3%!important}.layout_3651 .usg_post_title_1{font-size:1.5rem!important;line-height:1.2!important}@media (min-width:1025px) and (max-width:1380px){.layout_3651 .usg_vwrapper_1{width:55%!important;padding-left:3%!important;padding-right:3%!important}}@media (min-width:601px) and (max-width:1024px){.layout_3651 .usg_vwrapper_1{width:55%!important;padding-left:3%!important;padding-right:3%!important}}@media (max-width:600px){.layout_3651 .usg_vwrapper_1{width:100%!important;padding:1rem 0 1rem 0!important}}<\/style><div class=\"w-grid-list\">\t<article class=\"w-grid-item size_1x1 post-3481 page type-page status-publish hentry\" data-id=\"3481\">\r\n\t\t<div class=\"w-grid-item-h\">\r\n\t\t\t\t\t\t\t<a href=\"https:\/\/2024.festivalenescu.ro\/ro\/evenimente\/concerte-in-alte-orase\/2-09-recital-maria-marica-benjamin-kruithof-and-alexandra-segal\/\" class=\"w-grid-item-anchor\" aria-label=\"2.09 &#8211; Recital MARIA MARICA, BENJAMIN KRUITHOF \u0219i ALEXANDRA SEGAL\"><\/a>\r\n\t\t\t\t\t\t<div class=\"w-hwrapper usg_hwrapper_1 align_none valign_top wrap\" style=\"--hwrapper-gap:0rem\"><div class=\"w-vwrapper usg_vwrapper_1 align_none valign_top\"><h1 class=\"w-post-elm post_title usg_post_title_1 entry-title color_link_inherit\"><a href=\"https:\/\/2024.festivalenescu.ro\/ro\/evenimente\/concerte-in-alte-orase\/2-09-recital-maria-marica-benjamin-kruithof-and-alexandra-segal\/\">2.09 &#8211; Recital MARIA MARICA, BENJAMIN KRUITHOF \u0219i ALEXANDRA SEGAL<\/a><\/h1><div class=\"w-post-elm post_content usg_post_content_1\">MARIA MARICA vioar\u0103 (c\u00e2\u0219tig\u0103toarea Concursului Interna\u021bional George Enescu 2022) BENJAMIN KRUITHOF violoncel (c\u00e2\u0219tig\u0103torul Concursului Interna\u021bional George Enescu 2022) ALEXANDRA SEGAL pian (c\u00e2\u0219tig\u0103toarea Concursului Interna\u021bional George Enescu 2022) Joseph Haydn Trio&hellip;<\/div><\/div><\/div>\t\t<\/div>\r\n\t<\/article>\r\n\t<article class=\"w-grid-item size_1x1 post-3490 page type-page status-publish hentry\" data-id=\"3490\">\r\n\t\t<div class=\"w-grid-item-h\">\r\n\t\t\t\t\t\t\t<a href=\"https:\/\/2024.festivalenescu.ro\/ro\/evenimente\/concerte-in-alte-orase\/5-09-recital-shlomo-mintz\/\" class=\"w-grid-item-anchor\" aria-label=\"5.09 &#8211; Recital SHLOMO MINTZ\"><\/a>\r\n\t\t\t\t\t\t<div class=\"w-hwrapper usg_hwrapper_1 align_none valign_top wrap\" style=\"--hwrapper-gap:0rem\"><div class=\"w-vwrapper usg_vwrapper_1 align_none valign_top\"><h1 class=\"w-post-elm post_title usg_post_title_1 entry-title color_link_inherit\"><a href=\"https:\/\/2024.festivalenescu.ro\/ro\/evenimente\/concerte-in-alte-orase\/5-09-recital-shlomo-mintz\/\">5.09 &#8211; Recital SHLOMO MINTZ<\/a><\/h1><div class=\"w-post-elm post_content usg_post_content_1\">SHLOMO MINTZ vioar\u0103 (membru \u00een juriul Concursului Interna\u021bional George Enescu 2024) Niccol\u00f2 Paganini Capriciile nr. 13-24 pentru vioar\u0103 solo op. 1 Heinrich Wilhelm Ernst 6 studii polifonice pentru vioar\u0103 solo&hellip;<\/div><\/div><\/div>\t\t<\/div>\r\n\t<\/article>\r\n\t<article class=\"w-grid-item size_1x1 post-3497 page type-page status-publish hentry\" data-id=\"3497\">\r\n\t\t<div class=\"w-grid-item-h\">\r\n\t\t\t\t\t\t\t<a href=\"https:\/\/2024.festivalenescu.ro\/ro\/evenimente\/concerte-in-alte-orase\/11-09-recital-lilya-zilberstein\/\" class=\"w-grid-item-anchor\" aria-label=\"11.09 &#8211; Recital LILYA ZILBERSTEIN\"><\/a>\r\n\t\t\t\t\t\t<div class=\"w-hwrapper usg_hwrapper_1 align_none valign_top wrap\" style=\"--hwrapper-gap:0rem\"><div class=\"w-vwrapper usg_vwrapper_1 align_none valign_top\"><h1 class=\"w-post-elm post_title usg_post_title_1 entry-title color_link_inherit\"><a href=\"https:\/\/2024.festivalenescu.ro\/ro\/evenimente\/concerte-in-alte-orase\/11-09-recital-lilya-zilberstein\/\">11.09 &#8211; Recital LILYA ZILBERSTEIN<\/a><\/h1><div class=\"w-post-elm post_content usg_post_content_1\">LILYA ZILBERSTEIN pian (pre\u0219edintele juriului la Concursul Interna\u021bional George Enescu 2024, Sec\u021biunea Pian) Maurice Ravel Valses nobles et sentimentales Ernest Chausson Quelques danses op. 26 Carl Czerny Introduction, variations brillantes&hellip;<\/div><\/div><\/div>\t\t<\/div>\r\n\t<\/article>\r\n<\/div><div class=\"w-grid-preloader\">\t<div class=\"g-preloader type_1\">\r\n\t\t<div><\/div>\r\n\t<\/div>\r\n\t<\/div>\t<div class=\"w-grid-json hidden\" onclick='return {&quot;action&quot;:&quot;us_ajax_grid&quot;,&quot;ajax_url&quot;:&quot;https:\\\/\\\/2024.festivalenescu.ro\\\/wp-admin\\\/admin-ajax.php&quot;,&quot;infinite_scroll&quot;:0,&quot;max_num_pages&quot;:1,&quot;pagination&quot;:&quot;none&quot;,&quot;template_vars&quot;:{&quot;columns&quot;:&quot;1&quot;,&quot;exclude_items&quot;:&quot;none&quot;,&quot;img_size&quot;:&quot;default&quot;,&quot;ignore_items_size&quot;:0,&quot;items_layout&quot;:&quot;3651&quot;,&quot;items_offset&quot;:&quot;1&quot;,&quot;load_animation&quot;:&quot;none&quot;,&quot;overriding_link&quot;:&quot;%7B%22type%22%3A%22post%22%7D&quot;,&quot;post_id&quot;:0,&quot;query_args&quot;:{&quot;ignore_sticky_posts&quot;:1,&quot;post_type&quot;:&quot;any&quot;,&quot;post__in&quot;:[&quot;3478&quot;,&quot;3487&quot;,&quot;3494&quot;,&quot;3481&quot;,&quot;3490&quot;,&quot;3497&quot;],&quot;posts_per_page&quot;:&quot;50&quot;},&quot;orderby_query_args&quot;:{&quot;orderby&quot;:{&quot;post__in&quot;:&quot;ASC&quot;},&quot;order&quot;:&quot;ASC&quot;},&quot;type&quot;:&quot;grid&quot;,&quot;us_grid_ajax_index&quot;:1,&quot;us_grid_filter_params&quot;:[],&quot;us_grid_index&quot;:1,&quot;_us_grid_post_type&quot;:&quot;ids&quot;,&quot;page_args&quot;:[],&quot;lang&quot;:&quot;ro&quot;}}'><\/div>\r\n\t<\/div><div class=\"w-separator size_medium with_line width_default thick_1 style_solid color_border align_center\"><div class=\"w-separator-h\"><\/div><\/div><div class=\"wpb_text_column\"><div class=\"wpb_wrapper\"><h3>Concerte \u00een Sibiu<\/h3>\n<\/div><\/div><div class=\"w-separator size_small\"><\/div><div class=\"w-grid type_grid layout_3651\" id=\"us_grid_2\" style=\"--gap:1rem;\"><div class=\"w-grid-list\">\t<article class=\"w-grid-item size_1x1 post-3504 page type-page status-publish hentry\" data-id=\"3504\">\r\n\t\t<div class=\"w-grid-item-h\">\r\n\t\t\t\t\t\t\t<a href=\"https:\/\/2024.festivalenescu.ro\/ro\/evenimente\/concerte-in-alte-orase\/1-09-recital-maria-marica-benjamin-kruithof-and-alexandra-segal\/\" class=\"w-grid-item-anchor\" aria-label=\"1.09 &#8211; Recital MARIA MARICA, BENJAMIN KRUITHOF \u0219i ALEXANDRA SEGAL\"><\/a>\r\n\t\t\t\t\t\t<div class=\"w-hwrapper usg_hwrapper_1 align_none valign_top wrap\" style=\"--hwrapper-gap:0rem\"><div class=\"w-vwrapper usg_vwrapper_1 align_none valign_top\"><h1 class=\"w-post-elm post_title usg_post_title_1 entry-title color_link_inherit\"><a href=\"https:\/\/2024.festivalenescu.ro\/ro\/evenimente\/concerte-in-alte-orase\/1-09-recital-maria-marica-benjamin-kruithof-and-alexandra-segal\/\">1.09 &#8211; Recital MARIA MARICA, BENJAMIN KRUITHOF \u0219i ALEXANDRA SEGAL<\/a><\/h1><div class=\"w-post-elm post_content usg_post_content_1\">MARIA MARICA vioar\u0103 (c\u00e2\u0219tig\u0103toarea Concursului Interna\u021bional George Enescu 2022) BENJAMIN KRUITHOF violoncel (c\u00e2\u0219tig\u0103torul Concursului Interna\u021bional George Enescu 2022) ALEXANDRA SEGAL pian (c\u00e2\u0219tig\u0103toarea Concursului Interna\u021bional George Enescu 2022) Joseph Haydn Trio&hellip;<\/div><\/div><\/div>\t\t<\/div>\r\n\t<\/article>\r\n\t<article class=\"w-grid-item size_1x1 post-3512 page type-page status-publish hentry\" data-id=\"3512\">\r\n\t\t<div class=\"w-grid-item-h\">\r\n\t\t\t\t\t\t\t<a href=\"https:\/\/2024.festivalenescu.ro\/ro\/evenimente\/concerte-in-alte-orase\/15-09-recital-constantin-borodin-and-george-todica\/\" class=\"w-grid-item-anchor\" aria-label=\"15.09 &#8211; Recital Constantin Borodin \u0219i George Todic\u0103\"><\/a>\r\n\t\t\t\t\t\t<div class=\"w-hwrapper usg_hwrapper_1 align_none valign_top wrap\" style=\"--hwrapper-gap:0rem\"><div class=\"w-vwrapper usg_vwrapper_1 align_none valign_top\"><h1 class=\"w-post-elm post_title usg_post_title_1 entry-title color_link_inherit\"><a href=\"https:\/\/2024.festivalenescu.ro\/ro\/evenimente\/concerte-in-alte-orase\/15-09-recital-constantin-borodin-and-george-todica\/\">15.09 &#8211; Recital Constantin Borodin \u0219i George Todic\u0103<\/a><\/h1><div class=\"w-post-elm post_content usg_post_content_1\">Constantin Borodin violoncel (laureat la Concursul Interna\u021bional George Enescu 2022) George Todic\u0103 pian (laureat la Concursul Interna\u021bional George Enescu 2022) Ludwig van Beethoven Sonata nr. 4 in do major pentru&hellip;<\/div><\/div><\/div>\t\t<\/div>\r\n\t<\/article>\r\n\t<article class=\"w-grid-item size_1x1 post-3738 page type-page status-publish hentry\" data-id=\"3738\">\r\n\t\t<div class=\"w-grid-item-h\">\r\n\t\t\t\t\t\t\t<a href=\"https:\/\/2024.festivalenescu.ro\/ro\/evenimente\/concerte-in-alte-orase\/21-09-recital-daria-parkhomenko\/\" class=\"w-grid-item-anchor\" aria-label=\"21.09 &#8211; Recital Daria Parkhomenko\"><\/a>\r\n\t\t\t\t\t\t<div class=\"w-hwrapper usg_hwrapper_1 align_none valign_top wrap\" style=\"--hwrapper-gap:0rem\"><div class=\"w-vwrapper usg_vwrapper_1 align_none valign_top\"><h1 class=\"w-post-elm post_title usg_post_title_1 entry-title color_link_inherit\"><a href=\"https:\/\/2024.festivalenescu.ro\/ro\/evenimente\/concerte-in-alte-orase\/21-09-recital-daria-parkhomenko\/\">21.09 &#8211; Recital Daria Parkhomenko<\/a><\/h1><div class=\"w-post-elm post_content usg_post_content_1\">Recital Daria Parkhomenko pian (c\u00e2\u0219tig\u0103toarea Concursului Interna\u021bional George Enescu 2018) Gabriel Faur\u00e9 3 nocturne op. 3 George Enescu Suita pentru pian op. 10 nr. 2 Serghei Rahmaninov 9 studii-tablouri op.&hellip;<\/div><\/div><\/div>\t\t<\/div>\r\n\t<\/article>\r\n<\/div><div class=\"w-grid-preloader\">\t<div class=\"g-preloader type_1\">\r\n\t\t<div><\/div>\r\n\t<\/div>\r\n\t<\/div>\t<div class=\"w-grid-json hidden\" onclick='return {&quot;action&quot;:&quot;us_ajax_grid&quot;,&quot;ajax_url&quot;:&quot;https:\\\/\\\/2024.festivalenescu.ro\\\/wp-admin\\\/admin-ajax.php&quot;,&quot;infinite_scroll&quot;:0,&quot;max_num_pages&quot;:1,&quot;pagination&quot;:&quot;none&quot;,&quot;template_vars&quot;:{&quot;columns&quot;:&quot;1&quot;,&quot;exclude_items&quot;:&quot;none&quot;,&quot;img_size&quot;:&quot;default&quot;,&quot;ignore_items_size&quot;:0,&quot;items_layout&quot;:&quot;3651&quot;,&quot;items_offset&quot;:&quot;1&quot;,&quot;load_animation&quot;:&quot;none&quot;,&quot;overriding_link&quot;:&quot;%7B%22type%22%3A%22post%22%7D&quot;,&quot;post_id&quot;:0,&quot;query_args&quot;:{&quot;ignore_sticky_posts&quot;:1,&quot;post_type&quot;:&quot;any&quot;,&quot;post__in&quot;:[&quot;3501&quot;,&quot;3508&quot;,&quot;3504&quot;,&quot;3512&quot;,&quot;3738&quot;,&quot;3842&quot;],&quot;posts_per_page&quot;:&quot;50&quot;},&quot;orderby_query_args&quot;:{&quot;orderby&quot;:{&quot;title&quot;:&quot;ASC&quot;},&quot;order&quot;:&quot;ASC&quot;},&quot;type&quot;:&quot;grid&quot;,&quot;us_grid_ajax_index&quot;:2,&quot;us_grid_filter_params&quot;:[],&quot;us_grid_index&quot;:2,&quot;_us_grid_post_type&quot;:&quot;ids&quot;,&quot;page_args&quot;:[],&quot;lang&quot;:&quot;ro&quot;}}'><\/div>\r\n\t<\/div><\/div><\/div><\/div><\/div><\/div><\/section><section class=\"l-section wpb_row height_medium\"><div class=\"l-section-h i-cf\"><div class=\"g-cols vc_row via_flex valign_top type_default stacking_default\"><div class=\"vc_col-sm-12 wpb_column vc_column_container\"><div class=\"vc_column-inner\"><div class=\"wpb_wrapper\"><div class=\"wpb_text_column\"><div class=\"wpb_wrapper\"><p>Share:<\/p>\n<\/div><\/div><div class=\"w-sharing type_simple align_none color_default\"><div class=\"w-sharing-list\" data-content-image=\"true\"><a class=\"w-sharing-item email\" href=\"mailto:?subject=21.09 &#8211; Recital Daria Parkhomenko&amp;body=https:\/\/2024.festivalenescu.ro\/ro\/wp-json\/wp\/v2\/pages\/3472\" title=\"Email this\" aria-label=\"Email this\"><i class=\"fas fa-envelope\"><\/i><\/a><a class=\"w-sharing-item facebook\" href=\"https:\/\/www.facebook.com\/sharer\/sharer.php?u=https:\/\/2024.festivalenescu.ro\/ro\/wp-json\/wp\/v2\/pages\/3472&amp;quote=21.09 &#8211; Recital Daria Parkhomenko\" title=\"Share this\" aria-label=\"Share this\" onclick=\"window.open(this.href, &quot;facebook&quot;, &quot;toolbar=0,width=900,height=500&quot;); return false;\"><i class=\"fab fa-facebook\"><\/i><\/a><a class=\"w-sharing-item twitter\" href=\"https:\/\/twitter.com\/intent\/tweet?text=21.09 &#8211; Recital Daria Parkhomenko&amp;url=https:\/\/2024.festivalenescu.ro\/ro\/wp-json\/wp\/v2\/pages\/3472\" title=\"Tweet this\" aria-label=\"Tweet this\" onclick=\"window.open(this.href, &quot;twitter&quot;, &quot;toolbar=0,width=650,height=360&quot;); return false;\"><i class=\"fab fa-x-twitter\"><svg style=\"width:1em; margin-bottom:-.1em;\" xmlns=\"http:\/\/www.w3.org\/2000\/svg\" viewBox=\"0 0 512 512\"><path fill=\"currentColor\" d=\"M389.2 48h70.6L305.6 224.2 487 464H345L233.7 318.6 106.5 464H35.8L200.7 275.5 26.8 48H172.4L272.9 180.9 389.2 48zM364.4 421.8h39.1L151.1 88h-42L364.4 421.8z\"\/><\/svg><\/i><\/a><a class=\"w-sharing-item linkedin\" href=\"https:\/\/www.linkedin.com\/shareArticle?mini=true&amp;url=https:\/\/2024.festivalenescu.ro\/ro\/wp-json\/wp\/v2\/pages\/3472\" title=\"Share this\" aria-label=\"Share this\" onclick=\"window.open(this.href, &quot;linkedin&quot;, &quot;toolbar=no,width=550,height=550&quot;); return false;\"><i class=\"fab fa-linkedin\"><\/i><\/a><a class=\"w-sharing-item whatsapp\" href=\"https:\/\/web.whatsapp.com\/send?text=21.09 &#8211; Recital Daria Parkhomenko https:\/\/2024.festivalenescu.ro\/ro\/wp-json\/wp\/v2\/pages\/3472\" title=\"Share this\" aria-label=\"Share this\" onclick=\"window.open(this.href, &quot;whatsapp&quot;, &quot;toolbar=0,width=900,height=500&quot;); return false;\"><i class=\"fab fa-whatsapp\"><\/i><\/a><a class=\"w-sharing-item reddit\" href=\"https:\/\/www.reddit.com\/submit?url=https:\/\/2024.festivalenescu.ro\/ro\/wp-json\/wp\/v2\/pages\/3472&amp;title=21.09 &#8211; Recital Daria Parkhomenko\" title=\"Share this\" aria-label=\"Share this\" onclick=\"window.open(this.href, &quot;reddit&quot;, &quot;toolbar=no,width=900,height=500&quot;); return false;\"><i class=\"fab fa-reddit\"><\/i><\/a><a class=\"w-sharing-item telegram\" href=\"https:\/\/t.me\/share\/url?url=https:\/\/2024.festivalenescu.ro\/ro\/wp-json\/wp\/v2\/pages\/3472&amp;text=21.09 &#8211; Recital Daria Parkhomenko\" title=\"Share this\" aria-label=\"Share this\" onclick=\"window.open(this.href, &quot;telegram&quot;, &quot;toolbar=no,width=600,height=450&quot;); return false;\"><i class=\"fab fa-telegram\"><\/i><\/a><\/div><\/div><div class=\"w-post-elm post_navigation layout_sided inv_false\"><a class=\"post_navigation-item order_first to_prev\" href=\"https:\/\/2024.festivalenescu.ro\/ro\/26-09-rehearsal-conducting-masterclass-by-cristian-macelaru\/\" title=\"26.09 &#8211; Masterclass de interpretare dirijoral\u0103 \u0219i instrumental\u0103 sus\u021binut de Cristian M\u0103celaru\"><div class=\"post_navigation-item-img\"><img loading=\"lazy\" decoding=\"async\" width=\"512\" height=\"512\" src=\"https:\/\/2024.festivalenescu.ro\/wp-content\/uploads\/2023\/11\/favicon.png\" class=\"g-placeholder\" alt=\"\" srcset=\"https:\/\/2024.festivalenescu.ro\/wp-content\/uploads\/2023\/11\/favicon.png 512w, https:\/\/2024.festivalenescu.ro\/wp-content\/uploads\/2023\/11\/favicon-200x200.png 200w, https:\/\/2024.festivalenescu.ro\/wp-content\/uploads\/2023\/11\/favicon-150x150.png 150w, https:\/\/2024.festivalenescu.ro\/wp-content\/uploads\/2023\/11\/favicon-400x400.png 400w, https:\/\/2024.festivalenescu.ro\/wp-content\/uploads\/2023\/11\/favicon-300x300.png 300w\" sizes=\"auto, (max-width: 512px) 100vw, 512px\" \/><\/div><div class=\"post_navigation-item-arrow\"><\/div><div class=\"post_navigation-item-title\"><span>26.09 &#8211; Masterclass de interpretare dirijoral\u0103 \u0219i instrumental\u0103 sus\u021binut de Cristian M\u0103celaru<\/span><\/div><\/a><a class=\"post_navigation-item order_second to_next\" href=\"https:\/\/2024.festivalenescu.ro\/ro\/evenimente\/concerte-in-alte-orase\/6-09-recital-sectia-dumitru-si-alice-rosetti-tescanu-george-enescu\/\" title=\"6.09 \u2013 Recital Sec\u021bia \u201dDumitru \u0219i Alice Rosetti \u2013 Tescanu &#8211; George Enescu\u201d\"><div class=\"post_navigation-item-img\"><img loading=\"lazy\" decoding=\"async\" width=\"512\" height=\"512\" src=\"https:\/\/2024.festivalenescu.ro\/wp-content\/uploads\/2023\/11\/favicon.png\" class=\"g-placeholder\" alt=\"\" srcset=\"https:\/\/2024.festivalenescu.ro\/wp-content\/uploads\/2023\/11\/favicon.png 512w, https:\/\/2024.festivalenescu.ro\/wp-content\/uploads\/2023\/11\/favicon-200x200.png 200w, https:\/\/2024.festivalenescu.ro\/wp-content\/uploads\/2023\/11\/favicon-150x150.png 150w, https:\/\/2024.festivalenescu.ro\/wp-content\/uploads\/2023\/11\/favicon-400x400.png 400w, https:\/\/2024.festivalenescu.ro\/wp-content\/uploads\/2023\/11\/favicon-300x300.png 300w\" sizes=\"auto, (max-width: 512px) 100vw, 512px\" \/><\/div><div class=\"post_navigation-item-arrow\"><\/div><div class=\"post_navigation-item-title\"><span>6.09 \u2013 Recital Sec\u021bia \u201dDumitru \u0219i Alice Rosetti \u2013 Tescanu &#8211; George Enescu\u201d<\/span><\/div><\/a><\/div><\/div><\/div><\/div><\/div><\/div><\/section>\n","protected":false},"excerpt":{"rendered":"Recital Daria Parkhomenko pian (c\u00e2\u0219tig\u0103toarea Concursului Interna\u021bional George Enescu 2018) Gabriel Faur\u00e9 3 nocturne op. 3 George Enescu Suita pentru pian op. 10 nr. 2 Serghei Rahmaninov 9 studii-tablouri op. 39 Data: S\u00e2mb\u0103t\u0103, 21 septembrie 2024 Ora: 19:00 Locul: Sala Thalia, Sibiu Share: 26.09 &#8211; Masterclass de interpretare dirijoral\u0103 \u0219i instrumental\u0103 sus\u021binut de Cristian M\u0103celaru6.09...","protected":false},"author":3,"featured_media":0,"parent":1730,"menu_order":0,"comment_status":"closed","ping_status":"closed","template":"","meta":{"footnotes":""},"class_list":["post-3472","page","type-page","status-publish","hentry"],"_links":{"self":[{"href":"https:\/\/2024.festivalenescu.ro\/ro\/wp-json\/wp\/v2\/pages\/3472","targetHints":{"allow":["GET"]}}],"collection":[{"href":"https:\/\/2024.festivalenescu.ro\/ro\/wp-json\/wp\/v2\/pages"}],"about":[{"href":"https:\/\/2024.festivalenescu.ro\/ro\/wp-json\/wp\/v2\/types\/page"}],"author":[{"embeddable":true,"href":"https:\/\/2024.festivalenescu.ro\/ro\/wp-json\/wp\/v2\/users\/3"}],"replies":[{"embeddable":true,"href":"https:\/\/2024.festivalenescu.ro\/ro\/wp-json\/wp\/v2\/comments?post=3472"}],"version-history":[{"count":11,"href":"https:\/\/2024.festivalenescu.ro\/ro\/wp-json\/wp\/v2\/pages\/3472\/revisions"}],"predecessor-version":[{"id":3866,"href":"https:\/\/2024.festivalenescu.ro\/ro\/wp-json\/wp\/v2\/pages\/3472\/revisions\/3866"}],"up":[{"embeddable":true,"href":"https:\/\/2024.festivalenescu.ro\/ro\/wp-json\/wp\/v2\/pages\/1730"}],"wp:attachment":[{"href":"https:\/\/2024.festivalenescu.ro\/ro\/wp-json\/wp\/v2\/media?parent=3472"}],"curies":[{"name":"wp","href":"https:\/\/api.w.org\/{rel}","templated":true}]}}